{"id":1271,"date":"2025-07-23T19:45:03","date_gmt":"2025-07-24T01:45:03","guid":{"rendered":"https:\/\/www.ssaver.gob.mx\/saluddigital\/?page_id=1271"},"modified":"2026-02-10T12:11:53","modified_gmt":"2026-02-10T18:11:53","slug":"salud-digital","status":"publish","type":"page","link":"https:\/\/www.ssaver.gob.mx\/saluddigital\/","title":{"rendered":""},"content":{"rendered":"\n<div class=\"wp-block-columns is-layout-flex wp-container-core-columns-is-layout-28f84493 wp-block-columns-is-layout-flex\">\n<div class=\"wp-block-column is-layout-flow wp-block-column-is-layout-flow\" style=\"flex-basis:20%\"><\/div>\n\n\n\n<div class=\"wp-block-column is-layout-flow wp-block-column-is-layout-flow\" style=\"flex-basis:60%\">\n<div class=\"wp-block-buttons is-layout-flex wp-block-buttons-is-layout-flex\">\n<div class=\"wp-block-button has-custom-width wp-block-button__width-100 is-style-outline is-style-outline--1\"><a class=\"wp-block-button__link has-text-color has-background has-link-color has-large-font-size has-custom-font-size wp-element-button\" href=\"https:\/\/www.ssaver.gob.mx\/directorio-sesver\/\" style=\"border-radius:100px;color:#7a1737;background-color:#eae7e2;padding-top:0;padding-bottom:0\" target=\"_blank\" rel=\"noreferrer noopener\"><strong>DIRECTORIO DE UNIDADES M\u00c9DICAS<\/strong><\/a><\/div>\n<\/div>\n\n\n\n<div class=\"wp-block-columns is-layout-flex wp-container-core-columns-is-layout-28f84493 wp-block-columns-is-layout-flex\">\n<div class=\"wp-block-column is-vertically-aligned-center has-background is-layout-flow wp-block-column-is-layout-flow\" style=\"border-top-left-radius:16px;border-top-right-radius:16px;border-bottom-left-radius:16px;border-bottom-right-radius:16px;background-color:#eae7e2\">\n<p class=\"has-text-color\" style=\"color:#7a1737;padding-top:var(--wp--preset--spacing--70);padding-right:var(--wp--preset--spacing--70);padding-bottom:0;padding-left:var(--wp--preset--spacing--70);font-size:22px\">La <strong>Telesalud <\/strong>es \u00abLa <strong>entrega de servicios de salud usando las tecnolog\u00edas de informaci\u00f3n y comunicaci\u00f3n<\/strong> (TIC&#8217;s) espec\u00edficamente cuando la distancia es un obst\u00e1culo para los servicios de la salud\u00bb.<\/p>\n\n\n\n<p style=\"padding-top:0;padding-right:var(--wp--preset--spacing--80);padding-bottom:var(--wp--preset--spacing--60);padding-left:var(--wp--preset--spacing--60)\"><strong>OMS 2005<\/strong><\/p>\n<\/div>\n\n\n\n<div class=\"wp-block-column is-layout-flow wp-block-column-is-layout-flow\">\n<figure class=\"wp-block-image size-full\"><img loading=\"lazy\" decoding=\"async\" width=\"2560\" height=\"1144\" src=\"https:\/\/www.ssaver.gob.mx\/saluddigital\/wp-content\/uploads\/sites\/34\/2025\/08\/Captura-de-pantalla-2025-08-04-a-las-1.20.23-p.-m-scaled.png\" alt=\"\" class=\"wp-image-1316\" srcset=\"https:\/\/www.ssaver.gob.mx\/saluddigital\/wp-content\/uploads\/sites\/34\/2025\/08\/Captura-de-pantalla-2025-08-04-a-las-1.20.23-p.-m-scaled.png 2560w, https:\/\/www.ssaver.gob.mx\/saluddigital\/wp-content\/uploads\/sites\/34\/2025\/08\/Captura-de-pantalla-2025-08-04-a-las-1.20.23-p.-m-300x134.png 300w, https:\/\/www.ssaver.gob.mx\/saluddigital\/wp-content\/uploads\/sites\/34\/2025\/08\/Captura-de-pantalla-2025-08-04-a-las-1.20.23-p.-m-1024x458.png 1024w, https:\/\/www.ssaver.gob.mx\/saluddigital\/wp-content\/uploads\/sites\/34\/2025\/08\/Captura-de-pantalla-2025-08-04-a-las-1.20.23-p.-m-768x343.png 768w, https:\/\/www.ssaver.gob.mx\/saluddigital\/wp-content\/uploads\/sites\/34\/2025\/08\/Captura-de-pantalla-2025-08-04-a-las-1.20.23-p.-m-1536x687.png 1536w, https:\/\/www.ssaver.gob.mx\/saluddigital\/wp-content\/uploads\/sites\/34\/2025\/08\/Captura-de-pantalla-2025-08-04-a-las-1.20.23-p.-m-2048x915.png 2048w\" sizes=\"auto, (max-width: 2560px) 100vw, 2560px\" \/><\/figure>\n<\/div>\n<\/div>\n\n\n\n<figure class=\"wp-block-image size-large\"><img loading=\"lazy\" decoding=\"async\" width=\"1024\" height=\"406\" src=\"https:\/\/www.ssaver.gob.mx\/saluddigital\/wp-content\/uploads\/sites\/34\/2025\/08\/LOGO-TM-GUINDA-PONCHADO-1-1024x406.png\" alt=\"\" class=\"wp-image-1314\" srcset=\"https:\/\/www.ssaver.gob.mx\/saluddigital\/wp-content\/uploads\/sites\/34\/2025\/08\/LOGO-TM-GUINDA-PONCHADO-1-1024x406.png 1024w, https:\/\/www.ssaver.gob.mx\/saluddigital\/wp-content\/uploads\/sites\/34\/2025\/08\/LOGO-TM-GUINDA-PONCHADO-1-300x119.png 300w, https:\/\/www.ssaver.gob.mx\/saluddigital\/wp-content\/uploads\/sites\/34\/2025\/08\/LOGO-TM-GUINDA-PONCHADO-1-768x304.png 768w, https:\/\/www.ssaver.gob.mx\/saluddigital\/wp-content\/uploads\/sites\/34\/2025\/08\/LOGO-TM-GUINDA-PONCHADO-1-1536x609.png 1536w, https:\/\/www.ssaver.gob.mx\/saluddigital\/wp-content\/uploads\/sites\/34\/2025\/08\/LOGO-TM-GUINDA-PONCHADO-1.png 1671w\" sizes=\"auto, (max-width: 1024px) 100vw, 1024px\" \/><\/figure>\n\n\n\n<div class=\"wp-block-columns is-layout-flex wp-container-core-columns-is-layout-28f84493 wp-block-columns-is-layout-flex\">\n<div class=\"wp-block-column is-layout-flow wp-block-column-is-layout-flow\">\n<div class=\"wp-block-buttons is-layout-flex wp-block-buttons-is-layout-flex\">\n<div class=\"wp-block-button has-custom-width wp-block-button__width-100\"><a class=\"wp-block-button__link has-background has-custom-font-size wp-element-button\" href=\"https:\/\/www.ssaver.gob.mx\/saluddigital\/contacto\/\" style=\"background-color:#727271;font-size:22px\" target=\"_blank\" rel=\"noreferrer noopener\"><strong>Contacto<\/strong><\/a><\/div>\n<\/div>\n<\/div>\n<\/div>\n\n\n\n<div style=\"height:20px\" aria-hidden=\"true\" class=\"wp-block-spacer\"><\/div>\n<\/div>\n\n\n\n<div class=\"wp-block-column is-layout-flow wp-block-column-is-layout-flow\" style=\"flex-basis:20%\"><\/div>\n<\/div>\n\n\n\n<div class=\"wp-block-cover is-light\"><img loading=\"lazy\" decoding=\"async\" width=\"1024\" height=\"663\" class=\"wp-block-cover__image-background wp-image-1276 size-large\" alt=\"\" src=\"https:\/\/www.ssaver.gob.mx\/saluddigital\/wp-content\/uploads\/sites\/34\/2025\/07\/Textura-varias_page-0003-1024x663.jpg\" data-object-fit=\"cover\" srcset=\"https:\/\/www.ssaver.gob.mx\/saluddigital\/wp-content\/uploads\/sites\/34\/2025\/07\/Textura-varias_page-0003-1024x663.jpg 1024w, https:\/\/www.ssaver.gob.mx\/saluddigital\/wp-content\/uploads\/sites\/34\/2025\/07\/Textura-varias_page-0003-300x194.jpg 300w, https:\/\/www.ssaver.gob.mx\/saluddigital\/wp-content\/uploads\/sites\/34\/2025\/07\/Textura-varias_page-0003-768x497.jpg 768w, https:\/\/www.ssaver.gob.mx\/saluddigital\/wp-content\/uploads\/sites\/34\/2025\/07\/Textura-varias_page-0003-1536x994.jpg 1536w, https:\/\/www.ssaver.gob.mx\/saluddigital\/wp-content\/uploads\/sites\/34\/2025\/07\/Textura-varias_page-0003-2048x1325.jpg 2048w\" sizes=\"auto, (max-width: 1024px) 100vw, 1024px\" \/><span aria-hidden=\"true\" class=\"wp-block-cover__background has-white-background-color has-background-dim-20 has-background-dim\"><\/span><div class=\"wp-block-cover__inner-container is-layout-flow wp-block-cover-is-layout-flow\">\n<div class=\"wp-block-columns is-layout-flex wp-container-core-columns-is-layout-28f84493 wp-block-columns-is-layout-flex\" style=\"border-radius:16px\">\n<div class=\"wp-block-column is-layout-flow wp-block-column-is-layout-flow\" style=\"flex-basis:20%\"><\/div>\n\n\n\n<div class=\"wp-block-column is-layout-flow wp-block-column-is-layout-flow\" style=\"border-radius:16px;padding-top:0;padding-right:0;padding-bottom:0;padding-left:0;flex-basis:60%\">\n<hr class=\"wp-block-separator aligncenter has-text-color has-alpha-channel-opacity has-background is-style-wide\" style=\"margin-top:0;margin-bottom:0;background-color:#dac195;color:#dac195\"\/>\n\n\n\n<h1 class=\"wp-block-heading has-text-align-center has-text-color has-large-font-size\" style=\"color:#7a1737;margin-top:0;margin-bottom:0;padding-top:0;padding-bottom:0;font-style:normal;font-weight:500\">SECCIONES<\/h1>\n\n\n\n<hr class=\"wp-block-separator aligncenter has-text-color has-alpha-channel-opacity has-background is-style-wide\" style=\"margin-top:var(--wp--preset--spacing--40);margin-bottom:var(--wp--preset--spacing--40);background-color:#dac195;color:#dac195\"\/>\n\n\n\n<div class=\"wp-block-columns is-layout-flex wp-container-core-columns-is-layout-28f84493 wp-block-columns-is-layout-flex\">\n<div class=\"wp-block-column is-layout-flow wp-block-column-is-layout-flow\">\n<a href=\"https:\/\/www.ssaver.gob.mx\/saluddigital\/implementacion-de-telesalud-por-riss\/\" target=\"_blank\" rel=\"noopener noreferrer\" class=\"banner-container\">\n  <div class=\"banner-left\">\n    <img decoding=\"async\" src=\"https:\/\/www.ssaver.gob.mx\/saluddigital\/wp-content\/uploads\/sites\/34\/2025\/07\/SDIGITAL_ITelesalud1.png\" class=\"base\" alt=\"Bot\u00f3n para abrir sitio Implementaci\u00f3n de Telesalud\">\n    <img decoding=\"async\" src=\"https:\/\/www.ssaver.gob.mx\/saluddigital\/wp-content\/uploads\/sites\/34\/2025\/07\/SDIGITAL_ITelesalud2.png\" class=\"hover\" alt=\"\">\n  <\/div>\n  <div class=\"banner-right\">\n    <span style=\"font-size: 13px;font-weight: bold\">IMPLEMENTACI\u00d3N DE TELESALUD POR RISS<\/span>\n  <\/div>\n<\/a>\n<\/div>\n\n\n\n<div class=\"wp-block-column is-layout-flow wp-block-column-is-layout-flow\">\n<a href=\"https:\/\/www.ssaver.gob.mx\/saluddigital\/cartera-de-servicios-a-distancia\/\" target=\"_blank\" rel=\"noopener noreferrer\" class=\"banner-container\">\n  <div class=\"banner-left\">\n    <img decoding=\"async\" src=\"https:\/\/www.ssaver.gob.mx\/saluddigital\/wp-content\/uploads\/sites\/34\/2025\/07\/SDIGITAL_Cartera1.png\" class=\"base\" alt=\"Bot\u00f3n para abrir sitio Carteras de Servicios\">\n    <img decoding=\"async\" src=\"https:\/\/www.ssaver.gob.mx\/saluddigital\/wp-content\/uploads\/sites\/34\/2025\/07\/SDIGITAL_Cartera2.png\" class=\"hover\" alt=\"\">\n  <\/div>\n  <div class=\"banner-right\">\n    <span style=\"font-size: 13px;font-weight: bold\">CARTERAS DE SERVICIOS<\/span>\n  <\/div>\n<\/a>\n<\/div>\n\n\n\n<div class=\"wp-block-column is-layout-flow wp-block-column-is-layout-flow\">\n<a href=\"https:\/\/www.ssaver.gob.mx\/saluddigital\/proceso-de-atencion\/\" target=\"_blank\" rel=\"noopener noreferrer\" class=\"banner-container\">\n  <div class=\"banner-left\">\n    <img decoding=\"async\" src=\"https:\/\/www.ssaver.gob.mx\/saluddigital\/wp-content\/uploads\/sites\/34\/2025\/07\/SDIGITAL_Patencion1.png\" class=\"base\" alt=\"Bot\u00f3n para abrir sitio Proceso de Atenci\u00f3n por Telemedicina\">\n    <img decoding=\"async\" src=\"https:\/\/www.ssaver.gob.mx\/saluddigital\/wp-content\/uploads\/sites\/34\/2025\/07\/SDIGITAL_Patencion2.png\" class=\"hover\" alt=\"\">\n  <\/div>\n  <div class=\"banner-right\">\n    <span style=\"font-size: 13px;font-weight: bold\">PROCESO DE ATENCI\u00d3N<\/span>\n  <\/div>\n<\/a>\n<\/div>\n<\/div>\n\n\n\n<div class=\"wp-block-columns is-layout-flex wp-container-core-columns-is-layout-28f84493 wp-block-columns-is-layout-flex\">\n<div class=\"wp-block-column is-layout-flow wp-block-column-is-layout-flow\">\n<a href=\"https:\/\/www.ssaver.gob.mx\/saluddigital\/proceso-de-solicitud\/\" target=\"_blank\" rel=\"noopener noreferrer\" class=\"banner-container\">\n  <div class=\"banner-left\">\n    <img decoding=\"async\" src=\"https:\/\/www.ssaver.gob.mx\/saluddigital\/wp-content\/uploads\/sites\/34\/2025\/07\/SDIGITAL_Psolicitud1.png\" class=\"base\" alt=\"Bot\u00f3n para abrir sitio Proceso de Solicitud\">\n    <img decoding=\"async\" src=\"https:\/\/www.ssaver.gob.mx\/saluddigital\/wp-content\/uploads\/sites\/34\/2025\/07\/SDIGITAL_Psolicitud2.png\" class=\"hover\" alt=\"\">\n  <\/div>\n  <div class=\"banner-right\">\n    <span style=\"font-size: 13px;font-weight: bold\">PROCESO DE SOLICITUD<\/span>\n  <\/div>\n<\/a>\n<\/div>\n\n\n\n<div class=\"wp-block-column is-layout-flow wp-block-column-is-layout-flow\">\n<a href=\"https:\/\/www.ssaver.gob.mx\/saluddigital\/unidades-de-contacto-para-la-atencion-a-distancia-en-salud\/\" target=\"_blank\" rel=\"noopener noreferrer\" class=\"banner-container\">\n  <div class=\"banner-left\">\n    <img decoding=\"async\" src=\"https:\/\/www.ssaver.gob.mx\/saluddigital\/wp-content\/uploads\/sites\/34\/2025\/07\/SDIGITAL_Ucontacto1.png\" class=\"base\" alt=\"Bot\u00f3n para abrir sitio Unidades de Contacto\">\n    <img decoding=\"async\" src=\"https:\/\/www.ssaver.gob.mx\/saluddigital\/wp-content\/uploads\/sites\/34\/2025\/07\/SDIGITAL_Ucontacto2.png\" class=\"hover\" alt=\"\">\n  <\/div>\n  <div class=\"banner-right\">\n    <span style=\"font-size: 13px;font-weight: bold\">UNIDADES DE CONTACTO PARA LA ATENCI\u00d3N A DISTANCIA <\/span>\n  <\/div>\n<\/a>\n<\/div>\n\n\n\n<div class=\"wp-block-column is-layout-flow wp-block-column-is-layout-flow\">\n<a href=\"https:\/\/www.ssaver.gob.mx\/saluddigital\/cartel-de-telemedicina\/\" target=\"_blank\" rel=\"noopener noreferrer\" class=\"banner-container\">\n  <div class=\"banner-left\">\n    <img decoding=\"async\" src=\"https:\/\/www.ssaver.gob.mx\/saluddigital\/wp-content\/uploads\/sites\/34\/2025\/07\/SDIGITAL_CartelTele1.png\" class=\"base\" alt=\"Bot\u00f3n para abrir sitio Cartel Telemedicina\">\n    <img decoding=\"async\" src=\"https:\/\/www.ssaver.gob.mx\/saluddigital\/wp-content\/uploads\/sites\/34\/2025\/07\/SDIGITAL_CartelTele2.png\" class=\"hover\" alt=\"\">\n  <\/div>\n  <div class=\"banner-right\">\n    <span style=\"font-size: 13px;font-weight: bold\">CARTEL TELEMEDICINA<\/span>\n  <\/div>\n<\/a>\n<\/div>\n<\/div>\n\n\n\n<div class=\"wp-block-columns is-layout-flex wp-container-core-columns-is-layout-28f84493 wp-block-columns-is-layout-flex\">\n<div class=\"wp-block-column is-layout-flow wp-block-column-is-layout-flow\"><\/div>\n<\/div>\n\n\n\n<div class=\"wp-block-columns is-layout-flex wp-container-core-columns-is-layout-28f84493 wp-block-columns-is-layout-flex\">\n<div class=\"wp-block-column has-black-color has-text-color has-background has-large-font-size is-layout-flow wp-block-column-is-layout-flow\" style=\"background-color:#eae7e2\">\n<h3 class=\"wp-block-heading has-text-align-center has-text-color has-background\" style=\"border-radius:0px;color:#7a1737;background-color:#eae7e2;font-size:24px\"><strong><a href=\"https:\/\/www.ssaver.gob.mx\/saluddigital\/formatos-telesalud-2023\/\">FORMATOS REGISTRO DE PRODUCTIVIDAD <\/a><\/strong><\/h3>\n<\/div>\n<\/div>\n\n\n\n<div style=\"height:10px\" aria-hidden=\"true\" class=\"wp-block-spacer\"><\/div>\n<\/div>\n\n\n\n<div class=\"wp-block-column is-layout-flow wp-block-column-is-layout-flow\" style=\"flex-basis:20%\"><\/div>\n<\/div>\n<\/div><\/div>\n","protected":false},"excerpt":{"rendered":"<p>La Telesalud es \u00abLa entrega de servicios de salud usando las tecnolog\u00edas de informaci\u00f3n y comunicaci\u00f3n (TIC&#8217;s) espec\u00edficamente cuando la<\/p>\n","protected":false},"author":2,"featured_media":0,"parent":0,"menu_order":0,"comment_status":"closed","ping_status":"closed","template":"","meta":{"colormag_page_container_layout":"default_layout","colormag_page_sidebar_layout":"default_layout","footnotes":""},"class_list":["post-1271","page","type-page","status-publish","hentry"],"_links":{"self":[{"href":"https:\/\/www.ssaver.gob.mx\/saluddigital\/wp-json\/wp\/v2\/pages\/1271","targetHints":{"allow":["GET"]}}],"collection":[{"href":"https:\/\/www.ssaver.gob.mx\/saluddigital\/wp-json\/wp\/v2\/pages"}],"about":[{"href":"https:\/\/www.ssaver.gob.mx\/saluddigital\/wp-json\/wp\/v2\/types\/page"}],"author":[{"embeddable":true,"href":"https:\/\/www.ssaver.gob.mx\/saluddigital\/wp-json\/wp\/v2\/users\/2"}],"replies":[{"embeddable":true,"href":"https:\/\/www.ssaver.gob.mx\/saluddigital\/wp-json\/wp\/v2\/comments?post=1271"}],"version-history":[{"count":50,"href":"https:\/\/www.ssaver.gob.mx\/saluddigital\/wp-json\/wp\/v2\/pages\/1271\/revisions"}],"predecessor-version":[{"id":1440,"href":"https:\/\/www.ssaver.gob.mx\/saluddigital\/wp-json\/wp\/v2\/pages\/1271\/revisions\/1440"}],"wp:attachment":[{"href":"https:\/\/www.ssaver.gob.mx\/saluddigital\/wp-json\/wp\/v2\/media?parent=1271"}],"curies":[{"name":"wp","href":"https:\/\/api.w.org\/{rel}","templated":true}]}}