{"id":536,"date":"2022-10-10T18:22:03","date_gmt":"2022-10-10T23:22:03","guid":{"rendered":"https:\/\/www.ssaver.gob.mx\/saluddigital\/?page_id=536"},"modified":"2026-04-06T10:43:03","modified_gmt":"2026-04-06T16:43:03","slug":"proceso-de-solicitud","status":"publish","type":"page","link":"https:\/\/www.ssaver.gob.mx\/saluddigital\/proceso-de-solicitud\/","title":{"rendered":"Proceso de Solicitud"},"content":{"rendered":"\n<div class=\"wp-block-group is-layout-constrained wp-container-core-group-is-layout-9517baca wp-block-group-is-layout-constrained\">\n<div class=\"wp-block-columns is-layout-flex wp-container-core-columns-is-layout-28f84493 wp-block-columns-is-layout-flex\">\n<div class=\"wp-block-column is-layout-flow wp-block-column-is-layout-flow\" style=\"flex-basis:100%\">\n<hr class=\"wp-block-separator aligncenter has-text-color has-alpha-channel-opacity has-background is-style-wide\" style=\"background-color:#d8bf31;color:#d8bf31\" \/>\n\n\n\n<h2 class=\"wp-block-heading has-text-align-center has-text-color\" style=\"color:#5b4c0d;font-style:normal;font-weight:500\"><strong>Proceso de solicitud<\/strong><\/h2>\n\n\n\n<ul class=\"wp-block-list\">\n<li><strong>Enviar por correo la solicitud de tele-orientaci\u00f3n a la UCADS <\/strong>(<a href=\"https:\/\/www.ssaver.gob.mx\/saluddigital\/cartera-de-servicios-a-distancia\/\" data-type=\"URL\" data-id=\"https:\/\/www.ssaver.gob.mx\/saluddigital\/cartera-de-servicios-a-distancia\/\">Unidades de Contacto para la Atenci\u00f3n a Distancia en Salud<\/a>) correspondiente con los requisitos de acuerdo a la especialidad solicitada. <\/li>\n\n\n\n<li><strong>Recibir por correo electr\u00f3nico la fecha y hora de Teleorientaci\u00f3n.<\/strong><\/li>\n\n\n\n<li><strong>Informar y citar al paciente <\/strong>en la fecha y hora indicados por la UCADS.<\/li>\n\n\n\n<li>Durante la tele-orientaci\u00f3n, <strong>el paciente deber\u00e1 ser acompa\u00f1ado por el enlace de telemedicina y\/o por personal m\u00e9dico de su unidad.<\/strong><\/li>\n\n\n\n<li><strong>El personal m\u00e9dico de su unidad deber\u00e1 presentar el paciente al m\u00e9dico especialista de la UCADS, <\/strong>quien posteriormente guiar\u00e1 la exploraci\u00f3n f\u00edsica y har\u00e1 un interrogatorio al paciente.<\/li>\n\n\n\n<li><strong>Elaborar nota m\u00e9dica con el plan y tratamiento que haya indicado el m\u00e9dico especialista de la UCADS.<\/strong><\/li>\n<\/ul>\n\n\n\n<figure class=\"wp-block-image size-large\"><img loading=\"lazy\" decoding=\"async\" width=\"1024\" height=\"576\" src=\"https:\/\/www.ssaver.gob.mx\/saluddigital\/wp-content\/uploads\/sites\/34\/2025\/08\/Captura-de-pantalla-2025-08-04-a-las-1.11.58-p.-m-1024x576.png\" alt=\"\" class=\"wp-image-1312\" srcset=\"https:\/\/www.ssaver.gob.mx\/saluddigital\/wp-content\/uploads\/sites\/34\/2025\/08\/Captura-de-pantalla-2025-08-04-a-las-1.11.58-p.-m-1024x576.png 1024w, https:\/\/www.ssaver.gob.mx\/saluddigital\/wp-content\/uploads\/sites\/34\/2025\/08\/Captura-de-pantalla-2025-08-04-a-las-1.11.58-p.-m-300x169.png 300w, https:\/\/www.ssaver.gob.mx\/saluddigital\/wp-content\/uploads\/sites\/34\/2025\/08\/Captura-de-pantalla-2025-08-04-a-las-1.11.58-p.-m-768x432.png 768w, https:\/\/www.ssaver.gob.mx\/saluddigital\/wp-content\/uploads\/sites\/34\/2025\/08\/Captura-de-pantalla-2025-08-04-a-las-1.11.58-p.-m-1536x864.png 1536w, https:\/\/www.ssaver.gob.mx\/saluddigital\/wp-content\/uploads\/sites\/34\/2025\/08\/Captura-de-pantalla-2025-08-04-a-las-1.11.58-p.-m-2048x1151.png 2048w\" sizes=\"auto, (max-width: 1024px) 100vw, 1024px\" \/><\/figure>\n\n\n\n<hr class=\"wp-block-separator has-text-color has-alpha-channel-opacity has-background is-style-wide\" style=\"background-color:#d8bf31;color:#d8bf31\" \/>\n\n\n\n<hr class=\"wp-block-separator has-text-color has-alpha-channel-opacity has-background is-style-wide\" style=\"background-color:#d8bf31;color:#d8bf31\" \/>\n<\/div>\n<\/div>\n<\/div>\n","protected":false},"excerpt":{"rendered":"<p>Proceso de solicitud<\/p>\n","protected":false},"author":3,"featured_media":0,"parent":0,"menu_order":0,"comment_status":"closed","ping_status":"closed","template":"","meta":{"colormag_page_container_layout":"default_layout","colormag_page_sidebar_layout":"default_layout","footnotes":""},"class_list":["post-536","page","type-page","status-publish","hentry"],"_links":{"self":[{"href":"https:\/\/www.ssaver.gob.mx\/saluddigital\/wp-json\/wp\/v2\/pages\/536","targetHints":{"allow":["GET"]}}],"collection":[{"href":"https:\/\/www.ssaver.gob.mx\/saluddigital\/wp-json\/wp\/v2\/pages"}],"about":[{"href":"https:\/\/www.ssaver.gob.mx\/saluddigital\/wp-json\/wp\/v2\/types\/page"}],"author":[{"embeddable":true,"href":"https:\/\/www.ssaver.gob.mx\/saluddigital\/wp-json\/wp\/v2\/users\/3"}],"replies":[{"embeddable":true,"href":"https:\/\/www.ssaver.gob.mx\/saluddigital\/wp-json\/wp\/v2\/comments?post=536"}],"version-history":[{"count":10,"href":"https:\/\/www.ssaver.gob.mx\/saluddigital\/wp-json\/wp\/v2\/pages\/536\/revisions"}],"predecessor-version":[{"id":1489,"href":"https:\/\/www.ssaver.gob.mx\/saluddigital\/wp-json\/wp\/v2\/pages\/536\/revisions\/1489"}],"wp:attachment":[{"href":"https:\/\/www.ssaver.gob.mx\/saluddigital\/wp-json\/wp\/v2\/media?parent=536"}],"curies":[{"name":"wp","href":"https:\/\/api.w.org\/{rel}","templated":true}]}}