{"id":607,"date":"2022-10-11T13:23:17","date_gmt":"2022-10-11T18:23:17","guid":{"rendered":"https:\/\/www.ssaver.gob.mx\/saluddigital\/?page_id=607"},"modified":"2026-04-06T10:29:38","modified_gmt":"2026-04-06T16:29:38","slug":"unidades-de-contacto-para-la-atencion-a-distancia-en-salud","status":"publish","type":"page","link":"https:\/\/www.ssaver.gob.mx\/saluddigital\/unidades-de-contacto-para-la-atencion-a-distancia-en-salud\/","title":{"rendered":"Unidades de Contacto para la Atenci\u00f3n a Distancia en Salud"},"content":{"rendered":"\n<div class=\"wp-block-group is-layout-constrained wp-container-core-group-is-layout-9517baca wp-block-group-is-layout-constrained\">\n<div class=\"wp-block-columns is-layout-flex wp-container-core-columns-is-layout-28f84493 wp-block-columns-is-layout-flex\">\n<div class=\"wp-block-column is-layout-flow wp-block-column-is-layout-flow\" style=\"flex-basis:100%\">\n<hr class=\"wp-block-separator aligncenter has-text-color has-alpha-channel-opacity has-background is-style-wide\" style=\"background-color:#d8bf31;color:#d8bf31\" \/>\n\n\n\n<h2 class=\"wp-block-heading has-text-align-center has-text-color\" style=\"color:#5b4c0d;font-style:normal;font-weight:500\">Las UCADS apoyan <strong>principalmente a las unidades m\u00e9dicas de primer y segundo nivel<\/strong>, con la finalidad de brindar <strong>atenci\u00f3n oportuna <\/strong>a pacientes, dar <strong>continuidad a los servicios de salud<\/strong>, buscar el reforzamiento de acciones de <strong>promoci\u00f3n y prevenci\u00f3n<\/strong> de la salud y <strong>aumentar su capacidad de resoluci\u00f3n<\/strong> con apoyo de unidades m\u00e9dicas de mayor resoluci\u00f3n, <strong>a trav\u00e9s del usos de componentes tecnol\u00f3gicos y colaborativos digitales<\/strong><\/h2>\n\n\n\n<p class=\"has-text-align-center has-black-color has-white-background-color has-text-color has-background\" style=\"font-size:22px\"><strong>HOSPITALES CON CARTERAS DE SERVICIOS A DISTANCIA<\/strong><\/p>\n\n\n\n<figure class=\"wp-block-image size-large\"><a href=\"https:\/\/www.ssaver.gob.mx\/saluddigital\/cartera-de-servicios-a-distancia\/\"><img loading=\"lazy\" decoding=\"async\" width=\"1024\" height=\"575\" src=\"https:\/\/www.ssaver.gob.mx\/saluddigital\/wp-content\/uploads\/sites\/34\/2025\/08\/Captura-de-pantalla-2025-08-04-a-las-1.56.08-p.-m-2-1024x575.png\" alt=\"\" class=\"wp-image-1323\" srcset=\"https:\/\/www.ssaver.gob.mx\/saluddigital\/wp-content\/uploads\/sites\/34\/2025\/08\/Captura-de-pantalla-2025-08-04-a-las-1.56.08-p.-m-2-1024x575.png 1024w, https:\/\/www.ssaver.gob.mx\/saluddigital\/wp-content\/uploads\/sites\/34\/2025\/08\/Captura-de-pantalla-2025-08-04-a-las-1.56.08-p.-m-2-300x168.png 300w, https:\/\/www.ssaver.gob.mx\/saluddigital\/wp-content\/uploads\/sites\/34\/2025\/08\/Captura-de-pantalla-2025-08-04-a-las-1.56.08-p.-m-2-768x431.png 768w, https:\/\/www.ssaver.gob.mx\/saluddigital\/wp-content\/uploads\/sites\/34\/2025\/08\/Captura-de-pantalla-2025-08-04-a-las-1.56.08-p.-m-2-1536x863.png 1536w, https:\/\/www.ssaver.gob.mx\/saluddigital\/wp-content\/uploads\/sites\/34\/2025\/08\/Captura-de-pantalla-2025-08-04-a-las-1.56.08-p.-m-2-2048x1150.png 2048w\" sizes=\"auto, (max-width: 1024px) 100vw, 1024px\" \/><\/a><\/figure>\n<\/div>\n<\/div>\n\n\n\n<p><\/p>\n<\/div>\n","protected":false},"excerpt":{"rendered":"<p>Las UCADS apoyan principalmente a las unidades m\u00e9dicas de primer y segundo nivel, con la finalidad de brindar atenci\u00f3n oportuna<\/p>\n","protected":false},"author":2,"featured_media":0,"parent":0,"menu_order":1,"comment_status":"closed","ping_status":"closed","template":"","meta":{"colormag_page_container_layout":"default_layout","colormag_page_sidebar_layout":"default_layout","footnotes":""},"class_list":["post-607","page","type-page","status-publish","hentry"],"_links":{"self":[{"href":"https:\/\/www.ssaver.gob.mx\/saluddigital\/wp-json\/wp\/v2\/pages\/607","targetHints":{"allow":["GET"]}}],"collection":[{"href":"https:\/\/www.ssaver.gob.mx\/saluddigital\/wp-json\/wp\/v2\/pages"}],"about":[{"href":"https:\/\/www.ssaver.gob.mx\/saluddigital\/wp-json\/wp\/v2\/types\/page"}],"author":[{"embeddable":true,"href":"https:\/\/www.ssaver.gob.mx\/saluddigital\/wp-json\/wp\/v2\/users\/2"}],"replies":[{"embeddable":true,"href":"https:\/\/www.ssaver.gob.mx\/saluddigital\/wp-json\/wp\/v2\/comments?post=607"}],"version-history":[{"count":13,"href":"https:\/\/www.ssaver.gob.mx\/saluddigital\/wp-json\/wp\/v2\/pages\/607\/revisions"}],"predecessor-version":[{"id":1478,"href":"https:\/\/www.ssaver.gob.mx\/saluddigital\/wp-json\/wp\/v2\/pages\/607\/revisions\/1478"}],"wp:attachment":[{"href":"https:\/\/www.ssaver.gob.mx\/saluddigital\/wp-json\/wp\/v2\/media?parent=607"}],"curies":[{"name":"wp","href":"https:\/\/api.w.org\/{rel}","templated":true}]}}