{"id":770,"date":"2022-11-04T11:02:52","date_gmt":"2022-11-04T17:02:52","guid":{"rendered":"https:\/\/www.ssaver.gob.mx\/saluddigital\/?page_id=770"},"modified":"2026-01-23T13:59:22","modified_gmt":"2026-01-23T19:59:22","slug":"hospital-de-alta-especialidad-de-veracruz","status":"publish","type":"page","link":"https:\/\/www.ssaver.gob.mx\/saluddigital\/cartera-de-servicios-a-distancia\/hospital-de-alta-especialidad-de-veracruz\/","title":{"rendered":"HOSPITAL DE ALTA ESPECIALIDAD DE VERACRUZ"},"content":{"rendered":"\n<hr class=\"wp-block-separator has-text-color has-alpha-channel-opacity has-background is-style-wide\" style=\"background-color:#d8bf31;color:#d8bf31\" \/>\n\n\n\n<div class=\"wp-block-columns is-layout-flex wp-container-core-columns-is-layout-28f84493 wp-block-columns-is-layout-flex\">\n<div class=\"wp-block-column has-background is-layout-flow wp-block-column-is-layout-flow\" style=\"background-color:#fdf5d0;flex-basis:100%\">\n<p class=\"has-text-align-center has-text-color\" style=\"color:#916904;font-size:24px\">CARTERA A DISTANCIA DISPONIBLE<\/p>\n\n\n\n<hr class=\"wp-block-separator has-text-color has-alpha-channel-opacity has-background is-style-wide\" style=\"background-color:#d8bf31;color:#d8bf31\" \/>\n\n\n\n<p class=\"has-text-align-center has-text-color\" style=\"color:#916904;font-size:24px\"><strong>MEDICINA INTERNA<\/strong><\/p>\n\n\n\n<hr class=\"wp-block-separator has-text-color has-alpha-channel-opacity has-background is-style-wide\" style=\"background-color:#d8bf31;color:#d8bf31\" \/>\n\n\n\n<div class=\"wp-block-columns has-background is-layout-flex wp-container-core-columns-is-layout-28f84493 wp-block-columns-is-layout-flex\" style=\"background-color:#fdf5d0\">\n<div class=\"wp-block-column is-vertically-aligned-center is-layout-flow wp-block-column-is-layout-flow\">\n<p class=\"has-text-align-center has-medium-font-size\"><a href=\"https:\/\/www.ssaver.gob.mx\/saluddigital\/wp-content\/uploads\/sites\/34\/2022\/12\/1MIMedicina_Interna_formato_telemed_HAEV.pdf\" target=\"_blank\" rel=\"noreferrer noopener\">Medicina Interna<\/a><\/p>\n\n\n\n<p class=\"has-text-align-center has-medium-font-size\"><a href=\"https:\/\/www.ssaver.gob.mx\/saluddigital\/wp-content\/uploads\/sites\/34\/2022\/12\/6MIHematologia_formato_telemed_HAEV.pdf\" target=\"_blank\" rel=\"noreferrer noopener\">Hematolog\u00eda<\/a><\/p>\n\n\n\n<p class=\"has-text-align-center has-medium-font-size\">Dermatolog\u00eda<\/p>\n<\/div>\n\n\n\n<div class=\"wp-block-column is-vertically-aligned-center is-layout-flow wp-block-column-is-layout-flow\">\n<p class=\"has-text-align-center has-medium-font-size\">Audiolog\u00eda y Foniatr\u00eda<\/p>\n\n\n\n<p class=\"has-text-align-center has-medium-font-size\"><a href=\"https:\/\/www.ssaver.gob.mx\/saluddigital\/wp-content\/uploads\/sites\/34\/2022\/12\/7MINeurologia_formato_telemed_HAEV.pdf\" target=\"_blank\" rel=\"noreferrer noopener\">Neurolog\u00eda<\/a><\/p>\n\n\n\n<p class=\"has-text-align-center has-medium-font-size\"><\/p>\n<\/div>\n\n\n\n<div class=\"wp-block-column is-vertically-aligned-center is-layout-flow wp-block-column-is-layout-flow\">\n<p class=\"has-text-align-center has-medium-font-size\"><a href=\"https:\/\/www.ssaver.gob.mx\/saluddigital\/wp-content\/uploads\/sites\/34\/2022\/12\/3MINeumologia_formato_telemed_HAEV.pdf\" target=\"_blank\" rel=\"noreferrer noopener\">Neumolog\u00eda<\/a><\/p>\n\n\n\n<p class=\"has-text-align-center has-medium-font-size\"><a href=\"https:\/\/www.ssaver.gob.mx\/saluddigital\/wp-content\/uploads\/sites\/34\/2022\/12\/8MIOncologia_formato_telemed_HAEV.pdf\" target=\"_blank\" rel=\"noreferrer noopener\">Oncolog\u00eda<\/a><\/p>\n\n\n\n<p class=\"has-text-align-center has-medium-font-size\">Algolog\u00eda<\/p>\n\n\n\n<p class=\"has-text-align-center has-medium-font-size\"><\/p>\n<\/div>\n\n\n\n<div class=\"wp-block-column is-vertically-aligned-center is-layout-flow wp-block-column-is-layout-flow\">\n<p class=\"has-text-align-center has-medium-font-size\"><a href=\"https:\/\/www.ssaver.gob.mx\/saluddigital\/wp-content\/uploads\/sites\/34\/2022\/12\/4MIGenetica_formato_telemed_HAEV.pdf\" target=\"_blank\" rel=\"noreferrer noopener\">Gen\u00e9tica<\/a><\/p>\n\n\n\n<p class=\"has-text-align-center has-medium-font-size\">Cardiolog\u00eda<\/p>\n\n\n\n<p class=\"has-text-align-center has-medium-font-size\"><\/p>\n<\/div>\n\n\n\n<div class=\"wp-block-column is-vertically-aligned-center is-layout-flow wp-block-column-is-layout-flow\">\n<p class=\"has-text-align-center has-medium-font-size\"><a href=\"https:\/\/www.ssaver.gob.mx\/saluddigital\/wp-content\/uploads\/sites\/34\/2022\/12\/5MINefrologia_formato_telemed_HAEV.pdf\" target=\"_blank\" rel=\"noreferrer noopener\">Nefrolog\u00eda<\/a><\/p>\n\n\n\n<p class=\"has-text-align-center has-medium-font-size\"><a href=\"https:\/\/www.ssaver.gob.mx\/saluddigital\/wp-content\/uploads\/sites\/34\/2022\/12\/10MIInfectologia_formato_telemed_HAEV.pdf\" target=\"_blank\" rel=\"noreferrer noopener\">Infectolog\u00eda<\/a><\/p>\n\n\n\n<p class=\"has-text-align-center has-medium-font-size\"><a href=\"https:\/\/www.ssaver.gob.mx\/saluddigital\/wp-content\/uploads\/sites\/34\/2022\/12\/10MIInfectologia_formato_telemed_HAEV.pdf\" target=\"_blank\" rel=\"noreferrer noopener\">Reumatolog\u00eda<\/a><\/p>\n<\/div>\n<\/div>\n\n\n\n<p><\/p>\n\n\n\n<hr class=\"wp-block-separator has-text-color has-alpha-channel-opacity has-background is-style-wide\" style=\"background-color:#d8bf31;color:#d8bf31\" \/>\n\n\n\n<p class=\"has-text-align-center has-text-color\" style=\"color:#916904;font-size:24px\"><strong>PEDIATR\u00cdA<\/strong><\/p>\n\n\n\n<hr class=\"wp-block-separator has-text-color has-alpha-channel-opacity has-background is-style-wide\" style=\"background-color:#d8bf31;color:#d8bf31\" \/>\n\n\n\n<div class=\"wp-block-columns has-background is-layout-flex wp-container-core-columns-is-layout-28f84493 wp-block-columns-is-layout-flex\" style=\"background-color:#fdf5d0\">\n<div class=\"wp-block-column is-vertically-aligned-center is-layout-flow wp-block-column-is-layout-flow\">\n<p class=\"has-text-align-center has-medium-font-size\"><a href=\"https:\/\/www.ssaver.gob.mx\/saluddigital\/wp-content\/uploads\/sites\/34\/2022\/12\/11PEMBARAZADAS_CON_PRODUCTOS_CON_GASTROSQUISIS_U_ONFALOCELE_formato_telemed_HAEV.pdf\" target=\"_blank\" rel=\"noreferrer noopener\">Cirug\u00eda<\/a> <\/p>\n<\/div>\n\n\n\n<div class=\"wp-block-column is-vertically-aligned-center is-layout-flow wp-block-column-is-layout-flow\">\n<p class=\"has-text-align-center has-medium-font-size\"><a href=\"https:\/\/www.ssaver.gob.mx\/saluddigital\/wp-content\/uploads\/sites\/34\/2022\/12\/22PNeurologia_pediatrica_formato_telemed_HAEV.pdf\" target=\"_blank\" rel=\"noreferrer noopener\">Neurolog\u00eda<\/a><\/p>\n<\/div>\n\n\n\n<div class=\"wp-block-column is-vertically-aligned-center is-layout-flow wp-block-column-is-layout-flow\">\n<p class=\"has-text-align-center has-medium-font-size\"><a href=\"https:\/\/www.ssaver.gob.mx\/saluddigital\/wp-content\/uploads\/sites\/34\/2022\/12\/33PTRIAGE_CARDIOLOGICO_PEDIATRICO_FORMATO_TELEMED_HAEV.pdf\" target=\"_blank\" rel=\"noreferrer noopener\">Cardiolog\u00eda<\/a><\/p>\n<\/div>\n\n\n\n<div class=\"wp-block-column is-vertically-aligned-center is-layout-flow wp-block-column-is-layout-flow\">\n<p class=\"has-text-align-center has-medium-font-size\"><\/p>\n<\/div>\n<\/div>\n\n\n\n<div class=\"wp-block-columns is-layout-flex wp-container-core-columns-is-layout-28f84493 wp-block-columns-is-layout-flex\">\n<div class=\"wp-block-column is-layout-flow wp-block-column-is-layout-flow\">\n<p class=\"has-text-align-center has-medium-font-size\"><a href=\"https:\/\/www.ssaver.gob.mx\/saluddigital\/wp-content\/uploads\/sites\/34\/2022\/12\/55PNefrologia_pediatrica_formato_telemed_HAEV.pdf\" target=\"_blank\" rel=\"noreferrer noopener\">Nefrolog\u00eda<\/a><\/p>\n\n\n\n<p class=\"has-text-align-center has-medium-font-size\">Hematolog\u00eda <\/p>\n\n\n\n<p class=\"has-text-align-center has-medium-font-size\">Neumol\u00f3gia <\/p>\n<\/div>\n\n\n\n<div class=\"wp-block-column is-layout-flow wp-block-column-is-layout-flow\">\n<p class=\"has-text-align-center has-medium-font-size\"><\/p>\n\n\n\n<p class=\"has-text-align-center has-medium-font-size\">Otorrinolaringologia<\/p>\n\n\n\n<p class=\"has-text-align-center has-medium-font-size\">Pediatria<\/p>\n\n\n\n<p class=\"has-text-align-center has-medium-font-size\">Oncolog\u00eda<\/p>\n<\/div>\n\n\n\n<div class=\"wp-block-column is-layout-flow wp-block-column-is-layout-flow\">\n<p class=\"has-text-align-center has-medium-font-size\"><a href=\"https:\/\/www.ssaver.gob.mx\/saluddigital\/wp-content\/uploads\/sites\/34\/2022\/12\/66PInfectologia_pediatrica_formato_telemed_HAEV.pdf\" target=\"_blank\" rel=\"noreferrer noopener\">Infectolog\u00eda<\/a><\/p>\n\n\n\n<p class=\"has-text-align-center has-medium-font-size\">Gastroenterolog\u00eda<\/p>\n\n\n\n<p class=\"has-text-align-center has-medium-font-size\">Neurocirug\u00eda<\/p>\n<\/div>\n<\/div>\n\n\n\n<hr class=\"wp-block-separator has-text-color has-alpha-channel-opacity has-background is-style-wide\" style=\"background-color:#d8bf31;color:#d8bf31\" \/>\n\n\n\n<p class=\"has-text-align-center has-text-color\" style=\"color:#916904;font-size:24px\"><strong>TRAUMATOLOG\u00cdA<\/strong> <strong>Y ORTOPEDIA<\/strong><\/p>\n\n\n\n<hr class=\"wp-block-separator has-text-color has-alpha-channel-opacity has-background is-style-wide\" style=\"background-color:#d8bf31;color:#d8bf31\" \/>\n\n\n\n<div class=\"wp-block-columns is-layout-flex wp-container-core-columns-is-layout-28f84493 wp-block-columns-is-layout-flex\">\n<div class=\"wp-block-column is-layout-flow wp-block-column-is-layout-flow\">\n<p class=\"has-text-align-center has-medium-font-size\">Cirug\u00eda Articular<\/p>\n<\/div>\n\n\n\n<div class=\"wp-block-column is-layout-flow wp-block-column-is-layout-flow\">\n<p class=\"has-text-align-center has-medium-font-size\">Cirug\u00eda de Columna<\/p>\n<\/div>\n<\/div>\n\n\n\n<hr class=\"wp-block-separator has-text-color has-alpha-channel-opacity has-background is-style-wide\" style=\"background-color:#d8bf31;color:#d8bf31\" \/>\n\n\n\n<p class=\"has-text-align-center has-text-color\" style=\"color:#916904;font-size:24px\"><strong>CIRUG\u00cdA<\/strong><\/p>\n\n\n\n<hr class=\"wp-block-separator has-text-color has-alpha-channel-opacity has-background is-style-wide\" style=\"background-color:#d8bf31;color:#d8bf31\" \/>\n\n\n\n<div class=\"wp-block-columns has-background is-layout-flex wp-container-core-columns-is-layout-28f84493 wp-block-columns-is-layout-flex\" style=\"background-color:#fdf5d0\">\n<div class=\"wp-block-column is-vertically-aligned-center is-layout-flow wp-block-column-is-layout-flow\">\n<p class=\"has-text-align-center has-medium-font-size\">Cirug\u00eda General<\/p>\n\n\n\n<p class=\"has-text-align-center has-medium-font-size\">Urolog\u00eda<\/p>\n\n\n\n<p class=\"has-text-align-center has-medium-font-size\"><\/p>\n<\/div>\n\n\n\n<div class=\"wp-block-column is-vertically-aligned-center is-layout-flow wp-block-column-is-layout-flow\">\n<p class=\"has-text-align-center has-medium-font-size\"><\/p>\n\n\n\n<p class=\"has-text-align-center has-medium-font-size\">Neurolog\u00eda<\/p>\n<\/div>\n\n\n\n<div class=\"wp-block-column is-vertically-aligned-center is-layout-flow wp-block-column-is-layout-flow\">\n<p class=\"has-text-align-center has-medium-font-size\">Maxilofacial<\/p>\n\n\n\n<p class=\"has-text-align-center has-medium-font-size\">Cardiot\u00f3rax<\/p>\n<\/div>\n\n\n\n<div class=\"wp-block-column is-vertically-aligned-center is-layout-flow wp-block-column-is-layout-flow\">\n<p class=\"has-text-align-center has-medium-font-size\">Cirug\u00eda Oncol\u00f3gica<\/p>\n\n\n\n<p class=\"has-text-align-center has-medium-font-size\"><a href=\"https:\/\/www.ssaver.gob.mx\/saluddigital\/wp-content\/uploads\/sites\/34\/2022\/12\/9999CGastroenterologia_HAEV.pdf\" target=\"_blank\" rel=\"noreferrer noopener\">Gastroenterolog\u00eda<\/a><\/p>\n<\/div>\n\n\n\n<div class=\"wp-block-column is-vertically-aligned-center is-layout-flow wp-block-column-is-layout-flow\">\n<p class=\"has-text-align-center has-medium-font-size\">Oftalmolog\u00eda<\/p>\n\n\n\n<p class=\"has-text-align-center has-medium-font-size\">Otorrinolaringologia<\/p>\n<\/div>\n<\/div>\n\n\n\n<hr class=\"wp-block-separator has-text-color has-alpha-channel-opacity has-background is-style-wide\" style=\"background-color:#d8bf31;color:#d8bf31\" \/>\n\n\n\n<p class=\"has-text-align-center has-text-color\" style=\"color:#916904;font-size:24px\"><strong>GINECOLOG\u00cdA<\/strong><\/p>\n\n\n\n<hr class=\"wp-block-separator has-text-color has-alpha-channel-opacity has-background is-style-wide\" style=\"background-color:#d8bf31;color:#d8bf31\" \/>\n\n\n\n<div class=\"wp-block-columns has-background is-layout-flex wp-container-core-columns-is-layout-28f84493 wp-block-columns-is-layout-flex\" style=\"background-color:#fdf5d0\">\n<div class=\"wp-block-column is-vertically-aligned-center is-layout-flow wp-block-column-is-layout-flow\">\n<p class=\"has-text-align-center has-medium-font-size\"><a href=\"https:\/\/www.ssaver.gob.mx\/saluddigital\/wp-content\/uploads\/sites\/34\/2022\/12\/11111GGINECOLOGIA_TUMORACION_PELVICA_GINECOLOGICA_formato_telemed_HAEV.pdf\" target=\"_blank\" rel=\"noreferrer noopener\">Ginecolog\u00eda<\/a><\/p>\n<\/div>\n\n\n\n<div class=\"wp-block-column is-vertically-aligned-center is-layout-flow wp-block-column-is-layout-flow\">\n<p class=\"has-text-align-center has-medium-font-size\">Materno Fetal<\/p>\n<\/div>\n\n\n\n<div class=\"wp-block-column is-vertically-aligned-center is-layout-flow wp-block-column-is-layout-flow\">\n<p class=\"has-text-align-center has-medium-font-size\">Cl\u00ednica de mama<\/p>\n<\/div>\n\n\n\n<div class=\"wp-block-column is-vertically-aligned-center is-layout-flow wp-block-column-is-layout-flow\">\n<p class=\"has-text-align-center has-medium-font-size\">Cl\u00ednica de colposcop\u00eda<\/p>\n<\/div>\n<\/div>\n\n\n\n<hr class=\"wp-block-separator has-text-color has-alpha-channel-opacity has-background is-style-wide\" style=\"background-color:#d8bf31;color:#d8bf31\" \/>\n\n\n\n<p class=\"has-text-align-center has-text-color\" style=\"color:#916904;font-size:24px\"><\/p>\n\n\n\n<div class=\"wp-block-columns is-layout-flex wp-container-core-columns-is-layout-28f84493 wp-block-columns-is-layout-flex\">\n<div class=\"wp-block-column is-layout-flow wp-block-column-is-layout-flow\">\n<p class=\"has-text-align-center has-medium-font-size\"><\/p>\n<\/div>\n<\/div>\n<\/div>\n<\/div>\n","protected":false},"excerpt":{"rendered":"<p>CARTERA A DISTANCIA DISPONIBLE MEDICINA INTERNA Medicina Interna Hematolog\u00eda Dermatolog\u00eda Audiolog\u00eda y Foniatr\u00eda Neurolog\u00eda Neumolog\u00eda Oncolog\u00eda Algolog\u00eda Gen\u00e9tica Cardiolog\u00eda Nefrolog\u00eda<\/p>\n","protected":false},"author":2,"featured_media":0,"parent":546,"menu_order":2,"comment_status":"closed","ping_status":"closed","template":"","meta":{"colormag_page_container_layout":"default_layout","colormag_page_sidebar_layout":"default_layout","footnotes":""},"class_list":["post-770","page","type-page","status-publish","hentry"],"_links":{"self":[{"href":"https:\/\/www.ssaver.gob.mx\/saluddigital\/wp-json\/wp\/v2\/pages\/770","targetHints":{"allow":["GET"]}}],"collection":[{"href":"https:\/\/www.ssaver.gob.mx\/saluddigital\/wp-json\/wp\/v2\/pages"}],"about":[{"href":"https:\/\/www.ssaver.gob.mx\/saluddigital\/wp-json\/wp\/v2\/types\/page"}],"author":[{"embeddable":true,"href":"https:\/\/www.ssaver.gob.mx\/saluddigital\/wp-json\/wp\/v2\/users\/2"}],"replies":[{"embeddable":true,"href":"https:\/\/www.ssaver.gob.mx\/saluddigital\/wp-json\/wp\/v2\/comments?post=770"}],"version-history":[{"count":10,"href":"https:\/\/www.ssaver.gob.mx\/saluddigital\/wp-json\/wp\/v2\/pages\/770\/revisions"}],"predecessor-version":[{"id":1430,"href":"https:\/\/www.ssaver.gob.mx\/saluddigital\/wp-json\/wp\/v2\/pages\/770\/revisions\/1430"}],"up":[{"embeddable":true,"href":"https:\/\/www.ssaver.gob.mx\/saluddigital\/wp-json\/wp\/v2\/pages\/546"}],"wp:attachment":[{"href":"https:\/\/www.ssaver.gob.mx\/saluddigital\/wp-json\/wp\/v2\/media?parent=770"}],"curies":[{"name":"wp","href":"https:\/\/api.w.org\/{rel}","templated":true}]}}