{"id":1145,"date":"2023-01-12T14:08:06","date_gmt":"2023-01-12T20:08:06","guid":{"rendered":"https:\/\/www.ssaver.gob.mx\/seic\/?page_id=1145"},"modified":"2023-01-13T08:58:45","modified_gmt":"2023-01-13T14:58:45","slug":"directoriodph","status":"publish","type":"page","link":"https:\/\/www.ssaver.gob.mx\/seic\/directoriodph\/","title":{"rendered":"Directorio Jefatura D.P.H."},"content":{"rendered":"\n<div class=\"wp-block-group is-layout-constrained wp-block-group-is-layout-constrained\">\n<div class=\"wp-block-columns is-layout-flex wp-container-core-columns-is-layout-28f84493 wp-block-columns-is-layout-flex\">\n<div class=\"wp-block-column has-text-color has-medium-font-size is-layout-flow wp-block-column-is-layout-flow\" style=\"color:#5b4c0d\">\n<p class=\"has-text-align-center\"><strong>Mtro. Victor Hugo Silva Morales<br>Jefe del Departamento <br>de Desarrollo del Potencial Humano<br>Ext. 3217<\/strong><\/p>\n<\/div>\n<\/div>\n<\/div>\n\n\n\n<div class=\"wp-block-columns has-text-color has-background has-medium-font-size is-layout-flex wp-container-core-columns-is-layout-28f84493 wp-block-columns-is-layout-flex\" style=\"color:#5b4c0d;background-color:#fff4e0\">\n<div class=\"wp-block-column is-layout-flow wp-block-column-is-layout-flow\">\n<p class=\"has-text-align-center\"><strong>Ing. Margarita Acosta German<br>Gesti\u00f3n documental<br>Ext. 3217<\/strong><\/p>\n<\/div>\n\n\n\n<div class=\"wp-block-column is-layout-flow wp-block-column-is-layout-flow\">\n<p class=\"has-text-align-center\"><strong>Psic. Irving Gonz\u00e1lez Ruiz<br>Estrategia de Desarrollo Humano<br>Ext. 3211<\/strong><\/p>\n<\/div>\n\n\n\n<div class=\"wp-block-column is-layout-flow wp-block-column-is-layout-flow\">\n<p class=\"has-text-align-center\"><strong>Psic. Mar\u00eda Evelyn Mar\u00edn Mej\u00eda<br>Estrategia de Desarrollo Humano<br>Ext. 3211<\/strong><\/p>\n<\/div>\n<\/div>\n\n\n\n<div class=\"wp-block-columns has-text-color has-medium-font-size is-layout-flex wp-container-core-columns-is-layout-28f84493 wp-block-columns-is-layout-flex\" style=\"color:#5b4c0d\">\n<div class=\"wp-block-column is-layout-flow wp-block-column-is-layout-flow\">\n<p class=\"has-text-align-center\"><strong>Mtra. Diana Castillo P\u00e9rez<br>Estrategia de Derechos Humanos <br>en Salud y Trato Adecuado<br>Ext. 3211<\/strong><\/p>\n<\/div>\n\n\n\n<div class=\"wp-block-column is-layout-flow wp-block-column-is-layout-flow\">\n<p class=\"has-text-align-center\"><strong>Psic. Daniela Elizabeth Ram\u00edrez Mitchellt<br>Estrategia de Derechos Humanos <br>en Salud y Trato Adecuado<br>Ext. 3211<\/strong><\/p>\n<\/div>\n\n\n\n<div class=\"wp-block-column is-layout-flow wp-block-column-is-layout-flow\">\n<p class=\"has-text-align-center\"><strong>L.C. Frida Narayana Cort\u00e9s Mill\u00e1n<br>Administraci\u00f3n de recursos financieros SEIC<br>Ext. 3219<\/strong><\/p>\n<\/div>\n<\/div>\n\n\n\n<div class=\"wp-block-columns has-text-color has-background has-medium-font-size is-layout-flex wp-container-core-columns-is-layout-28f84493 wp-block-columns-is-layout-flex\" style=\"color:#5b4c0d;background-color:#fff4e0\">\n<div class=\"wp-block-column is-layout-flow wp-block-column-is-layout-flow\">\n<p class=\"has-text-align-center\"><strong>L.A.S.I. Marco Antonio Cornelio Olivares<br>Administraci\u00f3n de recursos financieros<br>\/materiales SEIC<br>Ext. 3219<\/strong><\/p>\n<\/div>\n\n\n\n<div class=\"wp-block-column is-layout-flow wp-block-column-is-layout-flow\">\n<p class=\"has-text-align-center\"><strong>C.P. V\u00edctor Jes\u00fas M\u00e9ndez Romero<br>Administraci\u00f3n de recursos materiales SEIC<br>Ext. 3211<\/strong><\/p>\n<\/div>\n\n\n\n<div class=\"wp-block-column is-layout-flow wp-block-column-is-layout-flow\">\n<p class=\"has-text-align-center\"><strong>Lic. Daniel Montoya Le\u00f3n<br>Administraci\u00f3n de recursos materiales SEIC<br>Ext. 3211<\/strong><\/p>\n<\/div>\n<\/div>\n","protected":false},"excerpt":{"rendered":"<p>Mtro. Victor Hugo Silva MoralesJefe del Departamento de Desarrollo del Potencial HumanoExt. 3217 Ing. Margarita Acosta GermanGesti\u00f3n documentalExt. 3217 Psic.<\/p>\n","protected":false},"author":31,"featured_media":0,"parent":0,"menu_order":0,"comment_status":"closed","ping_status":"closed","template":"","meta":{"colormag_page_container_layout":"default_layout","colormag_page_sidebar_layout":"default_layout","footnotes":""},"class_list":["post-1145","page","type-page","status-publish","hentry"],"_links":{"self":[{"href":"https:\/\/www.ssaver.gob.mx\/seic\/wp-json\/wp\/v2\/pages\/1145","targetHints":{"allow":["GET"]}}],"collection":[{"href":"https:\/\/www.ssaver.gob.mx\/seic\/wp-json\/wp\/v2\/pages"}],"about":[{"href":"https:\/\/www.ssaver.gob.mx\/seic\/wp-json\/wp\/v2\/types\/page"}],"author":[{"embeddable":true,"href":"https:\/\/www.ssaver.gob.mx\/seic\/wp-json\/wp\/v2\/users\/31"}],"replies":[{"embeddable":true,"href":"https:\/\/www.ssaver.gob.mx\/seic\/wp-json\/wp\/v2\/comments?post=1145"}],"version-history":[{"count":4,"href":"https:\/\/www.ssaver.gob.mx\/seic\/wp-json\/wp\/v2\/pages\/1145\/revisions"}],"predecessor-version":[{"id":1153,"href":"https:\/\/www.ssaver.gob.mx\/seic\/wp-json\/wp\/v2\/pages\/1145\/revisions\/1153"}],"wp:attachment":[{"href":"https:\/\/www.ssaver.gob.mx\/seic\/wp-json\/wp\/v2\/media?parent=1145"}],"curies":[{"name":"wp","href":"https:\/\/api.w.org\/{rel}","templated":true}]}}