{"id":1917,"date":"2024-09-09T14:10:33","date_gmt":"2024-09-09T19:10:33","guid":{"rendered":"https:\/\/www.ssaver.gob.mx\/seic\/?page_id=1917"},"modified":"2025-12-09T10:10:50","modified_gmt":"2025-12-09T16:10:50","slug":"normatividad-del-programa-estatal-de-becas","status":"publish","type":"page","link":"https:\/\/www.ssaver.gob.mx\/seic\/normatividad-del-programa-estatal-de-becas\/","title":{"rendered":"Normatividad del Programa Estatal de Becas"},"content":{"rendered":"\n<figure class=\"wp-block-image aligncenter size-large\"><img loading=\"lazy\" decoding=\"async\" width=\"1024\" height=\"278\" src=\"https:\/\/www.ssaver.gob.mx\/seic\/wp-content\/uploads\/sites\/22\/2024\/09\/imagen1-1-1024x278.png\" alt=\"\" class=\"wp-image-1936\" srcset=\"https:\/\/www.ssaver.gob.mx\/seic\/wp-content\/uploads\/sites\/22\/2024\/09\/imagen1-1-1024x278.png 1024w, https:\/\/www.ssaver.gob.mx\/seic\/wp-content\/uploads\/sites\/22\/2024\/09\/imagen1-1-300x81.png 300w, https:\/\/www.ssaver.gob.mx\/seic\/wp-content\/uploads\/sites\/22\/2024\/09\/imagen1-1-768x208.png 768w, https:\/\/www.ssaver.gob.mx\/seic\/wp-content\/uploads\/sites\/22\/2024\/09\/imagen1-1.png 1304w\" sizes=\"auto, (max-width: 1024px) 100vw, 1024px\" \/><\/figure>\n\n\n\n<p class=\"has-black-color has-text-color has-link-color has-medium-font-size wp-elements-e5a25552f1af601cadcdf8778da8fa34\">En esta secci\u00f3n, encontrar\u00e1s el marco normativo que rige el Programa Estatal de Becas, proporcionando un marco legal y \u00e9tico para su correcto funcionamiento. Estas normativas son esenciales para garantizar la transparencia, equidad y eficacia en la gesti\u00f3n y otorgamiento de las becas destinadas a la capacitaci\u00f3n y desarrollo de los trabajadores de la Secretar\u00eda de Salud y Servicios de Salud de Veracruz (SESVER). A continuaci\u00f3n, se listan los documentos clave que sustentan las pol\u00edticas y procedimientos del programa:<\/p>\n\n\n\n<ul class=\"wp-block-list has-colormag-color-7-color has-colormag-color-5-background-color has-text-color has-background has-link-color wp-elements-2e56a5b1f8ebb323b0270c7a03552470\">\n<li class=\"has-colormag-color-2-color has-text-color has-link-color has-medium-font-size wp-elements-c0f22d8ba2c4a5ad8b1c4e1b2d11aeac\"><a href=\"https:\/\/www.ssaver.gob.mx\/seic\/wp-content\/uploads\/sites\/22\/2024\/09\/1.-Constitucion-Politica-de-los-Estados-Unidos-Mexicanos.pdf\"><strong>Constituci\u00f3n Politica de los Estados Unidos M\u00e9xicanos<\/strong><\/a><\/li>\n\n\n\n<li class=\"has-colormag-color-2-color has-text-color has-link-color has-medium-font-size wp-elements-f93ac5575a87ce4b93c4e459488fc75e\"><a href=\"https:\/\/www.ssaver.gob.mx\/seic\/wp-content\/uploads\/sites\/22\/2024\/09\/2.-Ley-Federal-del-Trabajo.pdf\"><strong>Ley Federal del Trabajo<\/strong><\/a><\/li>\n\n\n\n<li class=\"has-colormag-color-2-color has-text-color has-link-color has-medium-font-size wp-elements-55240963361bec4c85b94f5362d084b1\"><a href=\"https:\/\/www.ssaver.gob.mx\/seic\/wp-content\/uploads\/sites\/22\/2024\/09\/3.-Condiciones-Generales-de-Trabajo-de-la-Secretaria-de-Salud.pdf\"><strong>Condiciones Generales de Trabajo de la Secretar\u00eda de Salud<\/strong><\/a><\/li>\n\n\n\n<li class=\"has-colormag-color-2-color has-text-color has-link-color has-medium-font-size wp-elements-e37d8316a5a250d02c4b957539d8d8c7\"><a href=\"https:\/\/www.ssaver.gob.mx\/seic\/wp-content\/uploads\/sites\/22\/2024\/09\/4.-Reglamento-de-Capacitacion-de-la-Secretaria-de-Salud.-Vigente.pdf\"><strong>Reglamento de Capacitaci\u00f3n de la Secretar\u00eda de Salud<\/strong><\/a><\/li>\n\n\n\n<li class=\"has-colormag-color-2-color has-text-color has-link-color has-medium-font-size wp-elements-293904a037c9d63d5032fc2ae4c2e1c8\"><a href=\"https:\/\/www.ssaver.gob.mx\/seic\/wp-content\/uploads\/sites\/22\/2024\/09\/5.-Codigo-de-Conducta-de-la-Secretaria-de-Salud-y-el-Organismo-Publico-Descentralizado-SESVER.pdf\"><strong>C\u00f3digo de Conducta de la Secretar\u00eda de Salud y el Organismo P\u00fablico Descentralizado SESVER<\/strong><\/a><\/li>\n\n\n\n<li class=\"has-colormag-color-2-color has-text-color has-link-color has-medium-font-size wp-elements-716e41b68c3bdf77863d7fd70d0b02ba\"><a href=\"https:\/\/www.ssaver.gob.mx\/seic\/wp-content\/uploads\/sites\/22\/2024\/09\/6.-Reglamento-Interior-de-SESVER.pdf\"><strong>Reglamento Interior de SESVER<\/strong><\/a><\/li>\n\n\n\n<li class=\"has-colormag-color-2-color has-text-color has-link-color has-medium-font-size wp-elements-57a8c3c6f7abaa34006103c1d6d0a149\"><a href=\"https:\/\/www.ssaver.gob.mx\/seic\/wp-content\/uploads\/sites\/22\/2024\/09\/7.-Codigo-de-Etica-de-los-Servidores-Publicos-del-Poder-Ejecutivo-del-Estado-de-Veracruz-de-Ignacio-de-la-Llave.pdf\"><strong>C\u00f3digo de \u00c9tica de los Servidores P\u00fablicos del Poder Ejecutivo del Estado de Veracruz de Ignacio de la Llave<\/strong><\/a><\/li>\n<\/ul>\n\n\n\n<p class=\"has-medium-font-size\">Cada uno de estos documentos es fundamental para comprender los derechos, obligaciones y procesos relacionados con la solicitud y gesti\u00f3n de becas, as\u00ed como para asegurar el cumplimiento de los principios \u00e9ticos y legales aplicables a todos los participantes en el programa.<\/p>\n\n\n\n<p class=\"has-medium-font-size\">Te invitamos a revisar detenidamente cada uno de ellos para familiarizarte con las reglas y directrices que orientan el desarrollo de este importante programa.<\/p>\n","protected":false},"excerpt":{"rendered":"<p>En esta secci\u00f3n, encontrar\u00e1s el marco normativo que rige el Programa Estatal de Becas, proporcionando un marco legal y \u00e9tico<\/p>\n","protected":false},"author":31,"featured_media":0,"parent":0,"menu_order":0,"comment_status":"closed","ping_status":"closed","template":"","meta":{"colormag_page_container_layout":"default_layout","colormag_page_sidebar_layout":"default_layout","footnotes":""},"class_list":["post-1917","page","type-page","status-publish","hentry"],"_links":{"self":[{"href":"https:\/\/www.ssaver.gob.mx\/seic\/wp-json\/wp\/v2\/pages\/1917","targetHints":{"allow":["GET"]}}],"collection":[{"href":"https:\/\/www.ssaver.gob.mx\/seic\/wp-json\/wp\/v2\/pages"}],"about":[{"href":"https:\/\/www.ssaver.gob.mx\/seic\/wp-json\/wp\/v2\/types\/page"}],"author":[{"embeddable":true,"href":"https:\/\/www.ssaver.gob.mx\/seic\/wp-json\/wp\/v2\/users\/31"}],"replies":[{"embeddable":true,"href":"https:\/\/www.ssaver.gob.mx\/seic\/wp-json\/wp\/v2\/comments?post=1917"}],"version-history":[{"count":14,"href":"https:\/\/www.ssaver.gob.mx\/seic\/wp-json\/wp\/v2\/pages\/1917\/revisions"}],"predecessor-version":[{"id":4018,"href":"https:\/\/www.ssaver.gob.mx\/seic\/wp-json\/wp\/v2\/pages\/1917\/revisions\/4018"}],"wp:attachment":[{"href":"https:\/\/www.ssaver.gob.mx\/seic\/wp-json\/wp\/v2\/media?parent=1917"}],"curies":[{"name":"wp","href":"https:\/\/api.w.org\/{rel}","templated":true}]}}