{"id":1935,"date":"2024-09-10T09:52:49","date_gmt":"2024-09-10T14:52:49","guid":{"rendered":"https:\/\/www.ssaver.gob.mx\/seic\/?page_id=1935"},"modified":"2024-09-13T16:19:53","modified_gmt":"2024-09-13T21:19:53","slug":"induccion-al-programa-estatal-de-becas","status":"publish","type":"page","link":"https:\/\/www.ssaver.gob.mx\/seic\/induccion-al-programa-estatal-de-becas\/","title":{"rendered":"Inducci\u00f3n al programa Estatal de Becas"},"content":{"rendered":"\n<figure class=\"wp-block-image aligncenter size-large\"><img loading=\"lazy\" decoding=\"async\" width=\"1024\" height=\"574\" src=\"https:\/\/www.ssaver.gob.mx\/seic\/wp-content\/uploads\/sites\/22\/2024\/09\/a-photo-of-a-workshop-setting-with-multiple-people-0jahEMAsSMuRCOR5nUy-yA-jrFkazPETnGhqh.jpeg-1024x574.jpg\" alt=\"\" class=\"wp-image-2041\" srcset=\"https:\/\/www.ssaver.gob.mx\/seic\/wp-content\/uploads\/sites\/22\/2024\/09\/a-photo-of-a-workshop-setting-with-multiple-people-0jahEMAsSMuRCOR5nUy-yA-jrFkazPETnGhqh.jpeg-1024x574.jpg 1024w, https:\/\/www.ssaver.gob.mx\/seic\/wp-content\/uploads\/sites\/22\/2024\/09\/a-photo-of-a-workshop-setting-with-multiple-people-0jahEMAsSMuRCOR5nUy-yA-jrFkazPETnGhqh.jpeg-300x168.jpg 300w, https:\/\/www.ssaver.gob.mx\/seic\/wp-content\/uploads\/sites\/22\/2024\/09\/a-photo-of-a-workshop-setting-with-multiple-people-0jahEMAsSMuRCOR5nUy-yA-jrFkazPETnGhqh.jpeg-768x431.jpg 768w, https:\/\/www.ssaver.gob.mx\/seic\/wp-content\/uploads\/sites\/22\/2024\/09\/a-photo-of-a-workshop-setting-with-multiple-people-0jahEMAsSMuRCOR5nUy-yA-jrFkazPETnGhqh.jpeg-715x400.jpg 715w, https:\/\/www.ssaver.gob.mx\/seic\/wp-content\/uploads\/sites\/22\/2024\/09\/a-photo-of-a-workshop-setting-with-multiple-people-0jahEMAsSMuRCOR5nUy-yA-jrFkazPETnGhqh.jpeg.jpg 1312w\" sizes=\"auto, (max-width: 1024px) 100vw, 1024px\" \/><\/figure>\n\n\n\n<p class=\"has-medium-font-size\">En esta secci\u00f3n, el Secretario T\u00e9cnico de la Comisi\u00f3n Auxiliar Mixta de Capacitaci\u00f3n podr\u00e1 encontrar una gu\u00eda completa sobre los aspectos fundamentales del Programa Estatal de Becas. Aqu\u00ed se abordan temas clave que le permitir\u00e1n comprender el contexto normativo y el marco jur\u00eddico que rige la capacitaci\u00f3n en la Secretar\u00eda de Salud de Veracruz.<br><br>Esta informaci\u00f3n es esencial para asegurar el correcto funcionamiento de las comisiones y el adecuado manejo de las becas de tiempo, contribuyendo al desarrollo profesional de las y los trabajadores de los Servicios de Salud de Veracruz.<\/p>\n","protected":false},"excerpt":{"rendered":"<p>En esta secci\u00f3n, el Secretario T\u00e9cnico de la Comisi\u00f3n Auxiliar Mixta de Capacitaci\u00f3n podr\u00e1 encontrar una gu\u00eda completa sobre los<\/p>\n","protected":false},"author":31,"featured_media":0,"parent":0,"menu_order":0,"comment_status":"closed","ping_status":"closed","template":"","meta":{"colormag_page_container_layout":"default_layout","colormag_page_sidebar_layout":"default_layout","footnotes":""},"class_list":["post-1935","page","type-page","status-publish","hentry"],"_links":{"self":[{"href":"https:\/\/www.ssaver.gob.mx\/seic\/wp-json\/wp\/v2\/pages\/1935","targetHints":{"allow":["GET"]}}],"collection":[{"href":"https:\/\/www.ssaver.gob.mx\/seic\/wp-json\/wp\/v2\/pages"}],"about":[{"href":"https:\/\/www.ssaver.gob.mx\/seic\/wp-json\/wp\/v2\/types\/page"}],"author":[{"embeddable":true,"href":"https:\/\/www.ssaver.gob.mx\/seic\/wp-json\/wp\/v2\/users\/31"}],"replies":[{"embeddable":true,"href":"https:\/\/www.ssaver.gob.mx\/seic\/wp-json\/wp\/v2\/comments?post=1935"}],"version-history":[{"count":6,"href":"https:\/\/www.ssaver.gob.mx\/seic\/wp-json\/wp\/v2\/pages\/1935\/revisions"}],"predecessor-version":[{"id":2046,"href":"https:\/\/www.ssaver.gob.mx\/seic\/wp-json\/wp\/v2\/pages\/1935\/revisions\/2046"}],"wp:attachment":[{"href":"https:\/\/www.ssaver.gob.mx\/seic\/wp-json\/wp\/v2\/media?parent=1935"}],"curies":[{"name":"wp","href":"https:\/\/api.w.org\/{rel}","templated":true}]}}