{"id":1942,"date":"2024-09-10T10:37:09","date_gmt":"2024-09-10T15:37:09","guid":{"rendered":"https:\/\/www.ssaver.gob.mx\/seic\/?page_id=1942"},"modified":"2025-12-09T10:13:14","modified_gmt":"2025-12-09T16:13:14","slug":"tipos-de-becas-y-requisitos","status":"publish","type":"page","link":"https:\/\/www.ssaver.gob.mx\/seic\/tipos-de-becas-y-requisitos\/","title":{"rendered":"Tipos de becas y requisitos"},"content":{"rendered":"\n<figure class=\"wp-block-image aligncenter size-full\"><img loading=\"lazy\" decoding=\"async\" width=\"1024\" height=\"278\" src=\"https:\/\/www.ssaver.gob.mx\/seic\/wp-content\/uploads\/sites\/22\/2024\/09\/imgti-1024x278-1.jpg\" alt=\"\" class=\"wp-image-2067\" srcset=\"https:\/\/www.ssaver.gob.mx\/seic\/wp-content\/uploads\/sites\/22\/2024\/09\/imgti-1024x278-1.jpg 1024w, https:\/\/www.ssaver.gob.mx\/seic\/wp-content\/uploads\/sites\/22\/2024\/09\/imgti-1024x278-1-300x81.jpg 300w, https:\/\/www.ssaver.gob.mx\/seic\/wp-content\/uploads\/sites\/22\/2024\/09\/imgti-1024x278-1-768x209.jpg 768w\" sizes=\"auto, (max-width: 1024px) 100vw, 1024px\" \/><\/figure>\n\n\n\n<p class=\"has-medium-font-size\">Si eres personal de base de la Secretar\u00eda de Salud y de Servicios de Salud de Veracruz y est\u00e1s interesado en solicitar una beca tiempo, en esta secci\u00f3n encontraras los diferentes tipos de becas que existen, qui\u00e9n las autoriza y los requisitos que debes cumplir para cada una de ellas.<\/p>\n\n\n\n<p class=\"has-medium-font-size\"><strong><br>Beca Tiempo de 1 a 30 d\u00edas:<br><\/strong>Esta beca es autorizada por el Titular de tu Unidad Aplicativa.<\/p>\n\n\n\n<div class=\"wp-block-group has-white-color has-colormag-color-4-background-color has-text-color has-background has-link-color wp-elements-82566308e5759d0ef1064a273ae0ae6f is-layout-constrained wp-block-group-is-layout-constrained\">\n<p class=\"has-colormag-color-7-color has-text-color has-link-color has-medium-font-size wp-elements-7751c5e9d8c2e88321fd1524f9fb795d\"><strong>Requisitos:<\/strong><\/p>\n\n\n\n<ul class=\"wp-block-list has-medium-font-size\">\n<li class=\"has-colormag-color-7-color has-text-color has-link-color wp-elements-f618b89234872bb5be51c9c3802664d0\">Formato de Autorizaci\u00f3n de Permisos y Justificaci\u00f3n de Incidencias <a href=\"https:\/\/www.ssaver.gob.mx\/seic\/wp-content\/uploads\/sites\/22\/2024\/09\/2.-Formato-de-Autorizacion-de-Permisos-y-Justificacion-de-Incidencias.docx\"><strong>(Descarga aqu\u00ed)<\/strong><\/a><\/li>\n\n\n\n<li class=\"has-colormag-color-7-color has-text-color has-link-color wp-elements-a88c7c1f07346b7e75e50861d63bbebb\">Tr\u00edptico o convocatoria del evento<\/li>\n\n\n\n<li class=\"has-colormag-color-7-color has-text-color has-link-color wp-elements-2bf6147baea8b4f0c9a45235412aadef\">Constancias de t\u00e9rmino (Constancia que recibes al concluir el evento)<\/li>\n<\/ul>\n<\/div>\n\n\n\n<p class=\"has-medium-font-size\"><strong>Beca Tiempo de 31 d\u00edas hasta 6 meses<\/strong><br>Esta beca es autorizada por la Comisi\u00f3n Auxiliar Mixta de Capacitaci\u00f3n de tu Unidad Aplicativa.<\/p>\n\n\n\n<div class=\"wp-block-group has-white-color has-colormag-color-4-background-color has-text-color has-background has-link-color wp-elements-1b27bc34739068cd759ca555986c5458 is-layout-constrained wp-block-group-is-layout-constrained\">\n<p class=\"has-colormag-color-7-color has-text-color has-link-color has-medium-font-size wp-elements-7751c5e9d8c2e88321fd1524f9fb795d\"><strong>Requisitos:<\/strong><\/p>\n\n\n\n<ul class=\"wp-block-list has-colormag-color-7-color has-text-color has-link-color has-medium-font-size wp-elements-a5f900483444bae9f38bd217009f6fdf\">\n<li class=\"has-medium-font-size\">Formato de asesor\u00eda o reuni\u00f3n (Para el llenado del Secretario T\u00e9cnico de la Comisi\u00f3n Auxiliar Mixta de Capacitaci\u00f3n) <strong><a href=\"https:\/\/www.ssaver.gob.mx\/seic\/wp-content\/uploads\/sites\/22\/2024\/09\/1.-Formato-de-asesoria-o-reunion.doc\">(Descargue aqu\u00ed)<\/a><\/strong><\/li>\n\n\n\n<li class=\"has-medium-font-size\">Solicitud de beca en formato oficial <strong><a href=\"https:\/\/www.ssaver.gob.mx\/seic\/wp-content\/uploads\/sites\/22\/2024\/09\/4.-Formato-de-solicitud-de-beca-mayor-a-31-dias.pdf\">(Descargue aqu\u00ed)<\/a><\/strong><\/li>\n\n\n\n<li class=\"has-medium-font-size\">Tr\u00edptico, convocatoria del evento o constancia de aceptaci\u00f3n u otro documento expedido por la instituci\u00f3n educativa que indique fecha de inicio, t\u00e9rmino y horario<\/li>\n\n\n\n<li class=\"has-medium-font-size\">Opini\u00f3n t\u00e9cnica justificada del evento, por escrito del jefe inmediato<a href=\"https:\/\/www.ssaver.gob.mx\/seic\/wp-content\/uploads\/sites\/22\/2025\/02\/5._Formato_Opinion_Tecnica_Justificada_-1.docx\" data-type=\"link\" data-id=\"https:\/\/www.ssaver.gob.mx\/seic\/wp-content\/uploads\/sites\/22\/2025\/02\/5._Formato_Opinion_Tecnica_Justificada_-1.docx\" target=\"_blank\" rel=\"noreferrer noopener\"> <strong>(Descargue aqu\u00ed)<\/strong><\/a><\/li>\n\n\n\n<li class=\"has-medium-font-size\">Carta compromiso &#8211; Original en formato oficial <strong><a href=\"https:\/\/www.ssaver.gob.mx\/seic\/wp-content\/uploads\/sites\/22\/2024\/09\/6.-Formato-carta-compromiso.pdf\">(Descargue aqu\u00ed)<\/a><\/strong><\/li>\n\n\n\n<li class=\"has-medium-font-size\">Carta compromiso para la entrega de documentos <br>(\u00danicamente para el caso de documentos pendientes) <a href=\"https:\/\/www.ssaver.gob.mx\/seic\/wp-content\/uploads\/sites\/22\/2024\/09\/7.-Formato-carta-compromiso-para-la-entrega-de-documentos.pdf\"><strong>(Descargue aqu\u00ed)<\/strong><\/a><\/li>\n\n\n\n<li class=\"has-medium-font-size\">Constancia de t\u00e9rmino al concluir el evento<\/li>\n<\/ul>\n<\/div>\n\n\n\n<hr class=\"wp-block-separator has-alpha-channel-opacity\" style=\"margin-top:var(--wp--preset--spacing--50);margin-bottom:var(--wp--preset--spacing--50)\" \/>\n\n\n\n<p class=\"has-medium-font-size\"><strong>Beca Tiempo de m\u00e1s de 180 d\u00edas:<\/strong><\/p>\n\n\n\n<p class=\"has-medium-font-size\">Esta beca es autorizada por la Comisi\u00f3n Central Mixta de Capacitaci\u00f3n de la Secretar\u00eda de Salud.<\/p>\n\n\n\n<p class=\"has-black-color has-text-color has-link-color has-medium-font-size wp-elements-6b210aa553a8ed9b5d347401f73d5300\">Con el fin de garantizar el acceso oportuno de los trabajadores de base de la Secretar\u00eda de Salud y de Servicios de Salud de Veracruz al Sistema de Becas, hemos implementado el registro en l\u00ednea. Este nuevo sistema tiene como objetivo agilizar el procesamiento de solicitudes iniciales de beca y de pr\u00f3rroga de beca, facilitando el acceso desde cualquier&nbsp;lugar.<\/p>\n\n\n\n<p><\/p>\n\n\n\n<div class=\"wp-block-buttons is-content-justification-center is-layout-flex wp-container-core-buttons-is-layout-a89b3969 wp-block-buttons-is-layout-flex\">\n<div class=\"wp-block-button\"><a class=\"wp-block-button__link has-background wp-element-button\" href=\"https:\/\/dnc.ssaver.gob.mx\/becas180\" style=\"background-color:#a91f1f\">Becas m\u00e1s de 180 d\u00edas<\/a><\/div>\n<\/div>\n\n\n\n<p><\/p>\n\n\n\n<p class=\"has-black-color has-text-color has-link-color has-medium-font-size wp-elements-664deb5068e9961a0a858016ca98b908\">Cada una de estas becas tiene requisitos espec\u00edficos que deber\u00e1s cumplir para presentar tu solicitud correctamente. Aqu\u00ed encontraras toda la informaci\u00f3n necesaria para que puedas gestionar tu beca y aprovechar las oportunidades de desarrollo profesional que ofrece este programa.<\/p>\n\n\n\n<p><\/p>\n","protected":false},"excerpt":{"rendered":"<p>Si eres personal de base de la Secretar\u00eda de Salud y de Servicios de Salud de Veracruz y est\u00e1s interesado<\/p>\n","protected":false},"author":31,"featured_media":0,"parent":0,"menu_order":0,"comment_status":"closed","ping_status":"closed","template":"","meta":{"colormag_page_container_layout":"default_layout","colormag_page_sidebar_layout":"default_layout","footnotes":""},"class_list":["post-1942","page","type-page","status-publish","hentry"],"_links":{"self":[{"href":"https:\/\/www.ssaver.gob.mx\/seic\/wp-json\/wp\/v2\/pages\/1942","targetHints":{"allow":["GET"]}}],"collection":[{"href":"https:\/\/www.ssaver.gob.mx\/seic\/wp-json\/wp\/v2\/pages"}],"about":[{"href":"https:\/\/www.ssaver.gob.mx\/seic\/wp-json\/wp\/v2\/types\/page"}],"author":[{"embeddable":true,"href":"https:\/\/www.ssaver.gob.mx\/seic\/wp-json\/wp\/v2\/users\/31"}],"replies":[{"embeddable":true,"href":"https:\/\/www.ssaver.gob.mx\/seic\/wp-json\/wp\/v2\/comments?post=1942"}],"version-history":[{"count":23,"href":"https:\/\/www.ssaver.gob.mx\/seic\/wp-json\/wp\/v2\/pages\/1942\/revisions"}],"predecessor-version":[{"id":4022,"href":"https:\/\/www.ssaver.gob.mx\/seic\/wp-json\/wp\/v2\/pages\/1942\/revisions\/4022"}],"wp:attachment":[{"href":"https:\/\/www.ssaver.gob.mx\/seic\/wp-json\/wp\/v2\/media?parent=1942"}],"curies":[{"name":"wp","href":"https:\/\/api.w.org\/{rel}","templated":true}]}}