{"id":1955,"date":"2024-09-11T09:52:18","date_gmt":"2024-09-11T14:52:18","guid":{"rendered":"https:\/\/www.ssaver.gob.mx\/seic\/?page_id=1955"},"modified":"2026-03-25T12:27:45","modified_gmt":"2026-03-25T18:27:45","slug":"programa-de-cap-y-ec","status":"publish","type":"page","link":"https:\/\/www.ssaver.gob.mx\/seic\/programa-de-cap-y-ec\/","title":{"rendered":"Programa Estatal de Capacitaci\u00f3n y Educaci\u00f3n Continua"},"content":{"rendered":"\n<div style=\"height:24px\" aria-hidden=\"true\" class=\"wp-block-spacer\"><\/div>\n\n\n\n<hr class=\"wp-block-separator has-text-color has-luminous-vivid-amber-color has-alpha-channel-opacity has-luminous-vivid-amber-background-color has-background is-style-wide\" \/>\n\n\n\n<p class=\"has-medium-font-size\"><strong>En este servicio se asesora en la planeaci\u00f3n, dise\u00f1o, desarrollo y evaluaci\u00f3n de las actividades de capacitaci\u00f3n y educativas de formaci\u00f3n y actualizaci\u00f3n dirigida al personal de Salud de las unidades aplicativas de esta dependencia, partiendo para ello de una Identificaci\u00f3n de Necesidades de Capacitaci\u00f3n (DNC), hasta la integraci\u00f3n del Programa Espec\u00edfico de Capacitaci\u00f3n (PEC) de cada unidad aplicativa.<\/strong><\/p>\n\n\n\n<hr class=\"wp-block-separator has-text-color has-luminous-vivid-amber-color has-alpha-channel-opacity has-luminous-vivid-amber-background-color has-background is-style-wide\" \/>\n\n\n\n<div class=\"wp-block-group is-layout-grid wp-container-core-group-is-layout-acc8bb78 wp-block-group-is-layout-grid\">\n<figure class=\"wp-block-image size-full is-style-default\"><a href=\"https:\/\/www.ssaver.gob.mx\/seic\/eventos-de-capacitacion\/\" target=\"_blank\" rel=\" noreferrer noopener\"><img loading=\"lazy\" decoding=\"async\" width=\"1632\" height=\"1056\" src=\"https:\/\/www.ssaver.gob.mx\/seic\/wp-content\/uploads\/sites\/22\/2026\/03\/icon_cap.png\" alt=\"\" class=\"wp-image-4233\" srcset=\"https:\/\/www.ssaver.gob.mx\/seic\/wp-content\/uploads\/sites\/22\/2026\/03\/icon_cap.png 1632w, https:\/\/www.ssaver.gob.mx\/seic\/wp-content\/uploads\/sites\/22\/2026\/03\/icon_cap-300x194.png 300w, https:\/\/www.ssaver.gob.mx\/seic\/wp-content\/uploads\/sites\/22\/2026\/03\/icon_cap-1024x663.png 1024w, https:\/\/www.ssaver.gob.mx\/seic\/wp-content\/uploads\/sites\/22\/2026\/03\/icon_cap-768x497.png 768w, https:\/\/www.ssaver.gob.mx\/seic\/wp-content\/uploads\/sites\/22\/2026\/03\/icon_cap-1536x994.png 1536w\" sizes=\"auto, (max-width: 1632px) 100vw, 1632px\" \/><\/a><\/figure>\n\n\n\n<figure class=\"wp-block-image size-full is-style-default\"><a href=\"https:\/\/www.ssaver.gob.mx\/seic\/econtinua\/\" target=\"_blank\" rel=\" noreferrer noopener\"><img loading=\"lazy\" decoding=\"async\" width=\"1632\" height=\"1056\" src=\"https:\/\/www.ssaver.gob.mx\/seic\/wp-content\/uploads\/sites\/22\/2026\/03\/icon_ec.png\" alt=\"\" class=\"wp-image-4235\" srcset=\"https:\/\/www.ssaver.gob.mx\/seic\/wp-content\/uploads\/sites\/22\/2026\/03\/icon_ec.png 1632w, https:\/\/www.ssaver.gob.mx\/seic\/wp-content\/uploads\/sites\/22\/2026\/03\/icon_ec-300x194.png 300w, https:\/\/www.ssaver.gob.mx\/seic\/wp-content\/uploads\/sites\/22\/2026\/03\/icon_ec-1024x663.png 1024w, https:\/\/www.ssaver.gob.mx\/seic\/wp-content\/uploads\/sites\/22\/2026\/03\/icon_ec-768x497.png 768w, https:\/\/www.ssaver.gob.mx\/seic\/wp-content\/uploads\/sites\/22\/2026\/03\/icon_ec-1536x994.png 1536w\" sizes=\"auto, (max-width: 1632px) 100vw, 1632px\" \/><\/a><\/figure>\n\n\n\n<figure class=\"wp-block-image size-full\"><a href=\"https:\/\/www.ssaver.gob.mx\/seic\/creditos-y-constancias\/\" target=\"_blank\" rel=\" noreferrer noopener\"><img loading=\"lazy\" decoding=\"async\" width=\"1632\" height=\"1056\" src=\"https:\/\/www.ssaver.gob.mx\/seic\/wp-content\/uploads\/sites\/22\/2026\/03\/icon_cre-cons.png\" alt=\"\" class=\"wp-image-4217\" srcset=\"https:\/\/www.ssaver.gob.mx\/seic\/wp-content\/uploads\/sites\/22\/2026\/03\/icon_cre-cons.png 1632w, https:\/\/www.ssaver.gob.mx\/seic\/wp-content\/uploads\/sites\/22\/2026\/03\/icon_cre-cons-300x194.png 300w, https:\/\/www.ssaver.gob.mx\/seic\/wp-content\/uploads\/sites\/22\/2026\/03\/icon_cre-cons-1024x663.png 1024w, https:\/\/www.ssaver.gob.mx\/seic\/wp-content\/uploads\/sites\/22\/2026\/03\/icon_cre-cons-768x497.png 768w, https:\/\/www.ssaver.gob.mx\/seic\/wp-content\/uploads\/sites\/22\/2026\/03\/icon_cre-cons-1536x994.png 1536w\" sizes=\"auto, (max-width: 1632px) 100vw, 1632px\" \/><\/a><\/figure>\n\n\n\n<figure class=\"wp-block-image size-full\"><a href=\"https:\/\/www.ssaver.gob.mx\/seic\/normatividad-del-programa-estatal-de-capacitacion-y-educacion-continua\/\" target=\"_blank\" rel=\" noreferrer noopener\"><img loading=\"lazy\" decoding=\"async\" width=\"1632\" height=\"1056\" src=\"https:\/\/www.ssaver.gob.mx\/seic\/wp-content\/uploads\/sites\/22\/2026\/03\/icon_normat.png\" alt=\"\" class=\"wp-image-4220\" srcset=\"https:\/\/www.ssaver.gob.mx\/seic\/wp-content\/uploads\/sites\/22\/2026\/03\/icon_normat.png 1632w, https:\/\/www.ssaver.gob.mx\/seic\/wp-content\/uploads\/sites\/22\/2026\/03\/icon_normat-300x194.png 300w, https:\/\/www.ssaver.gob.mx\/seic\/wp-content\/uploads\/sites\/22\/2026\/03\/icon_normat-1024x663.png 1024w, https:\/\/www.ssaver.gob.mx\/seic\/wp-content\/uploads\/sites\/22\/2026\/03\/icon_normat-768x497.png 768w, https:\/\/www.ssaver.gob.mx\/seic\/wp-content\/uploads\/sites\/22\/2026\/03\/icon_normat-1536x994.png 1536w\" sizes=\"auto, (max-width: 1632px) 100vw, 1632px\" \/><\/a><\/figure>\n<\/div>\n\n\n\n<div style=\"height:30px\" aria-hidden=\"true\" class=\"wp-block-spacer\"><\/div>\n\n\n\n<div class=\"wp-block-group is-layout-grid wp-container-core-group-is-layout-988b637e wp-block-group-is-layout-grid\">\n<figure class=\"wp-block-image size-full wp-container-content-2155ee95\"><a href=\"https:\/\/www.ssaver.gob.mx\/seic\/manuales\/\" target=\"_blank\" rel=\" noreferrer noopener\"><img loading=\"lazy\" decoding=\"async\" width=\"1632\" height=\"1056\" src=\"https:\/\/www.ssaver.gob.mx\/seic\/wp-content\/uploads\/sites\/22\/2026\/03\/icon_manuales.png\" alt=\"\" class=\"wp-image-4224\" srcset=\"https:\/\/www.ssaver.gob.mx\/seic\/wp-content\/uploads\/sites\/22\/2026\/03\/icon_manuales.png 1632w, https:\/\/www.ssaver.gob.mx\/seic\/wp-content\/uploads\/sites\/22\/2026\/03\/icon_manuales-300x194.png 300w, https:\/\/www.ssaver.gob.mx\/seic\/wp-content\/uploads\/sites\/22\/2026\/03\/icon_manuales-1024x663.png 1024w, https:\/\/www.ssaver.gob.mx\/seic\/wp-content\/uploads\/sites\/22\/2026\/03\/icon_manuales-768x497.png 768w, https:\/\/www.ssaver.gob.mx\/seic\/wp-content\/uploads\/sites\/22\/2026\/03\/icon_manuales-1536x994.png 1536w\" sizes=\"auto, (max-width: 1632px) 100vw, 1632px\" \/><\/a><\/figure>\n\n\n\n<figure class=\"wp-block-image size-full\"><a href=\"https:\/\/www.ssaver.gob.mx\/seic\/circulares-del-programa-de-capacitacion-y-educacion-continua\/\" target=\"_blank\" rel=\" noreferrer noopener\"><img loading=\"lazy\" decoding=\"async\" width=\"1632\" height=\"1056\" src=\"https:\/\/www.ssaver.gob.mx\/seic\/wp-content\/uploads\/sites\/22\/2026\/03\/icon_circ.png\" alt=\"\" class=\"wp-image-4222\" srcset=\"https:\/\/www.ssaver.gob.mx\/seic\/wp-content\/uploads\/sites\/22\/2026\/03\/icon_circ.png 1632w, https:\/\/www.ssaver.gob.mx\/seic\/wp-content\/uploads\/sites\/22\/2026\/03\/icon_circ-300x194.png 300w, https:\/\/www.ssaver.gob.mx\/seic\/wp-content\/uploads\/sites\/22\/2026\/03\/icon_circ-1024x663.png 1024w, https:\/\/www.ssaver.gob.mx\/seic\/wp-content\/uploads\/sites\/22\/2026\/03\/icon_circ-768x497.png 768w, https:\/\/www.ssaver.gob.mx\/seic\/wp-content\/uploads\/sites\/22\/2026\/03\/icon_circ-1536x994.png 1536w\" sizes=\"auto, (max-width: 1632px) 100vw, 1632px\" \/><\/a><\/figure>\n\n\n\n<figure class=\"wp-block-image size-full\"><a href=\"https:\/\/www.ssaver.gob.mx\/seic\/actualizacion-y-revision-de-metas\/\" target=\"_blank\" rel=\" noreferrer noopener\"><img loading=\"lazy\" decoding=\"async\" width=\"1632\" height=\"1056\" src=\"https:\/\/www.ssaver.gob.mx\/seic\/wp-content\/uploads\/sites\/22\/2026\/03\/icon_revision-1.png\" alt=\"\" class=\"wp-image-4227\" srcset=\"https:\/\/www.ssaver.gob.mx\/seic\/wp-content\/uploads\/sites\/22\/2026\/03\/icon_revision-1.png 1632w, https:\/\/www.ssaver.gob.mx\/seic\/wp-content\/uploads\/sites\/22\/2026\/03\/icon_revision-1-300x194.png 300w, https:\/\/www.ssaver.gob.mx\/seic\/wp-content\/uploads\/sites\/22\/2026\/03\/icon_revision-1-1024x663.png 1024w, https:\/\/www.ssaver.gob.mx\/seic\/wp-content\/uploads\/sites\/22\/2026\/03\/icon_revision-1-768x497.png 768w, https:\/\/www.ssaver.gob.mx\/seic\/wp-content\/uploads\/sites\/22\/2026\/03\/icon_revision-1-1536x994.png 1536w\" sizes=\"auto, (max-width: 1632px) 100vw, 1632px\" \/><\/a><\/figure>\n<\/div>\n\n\n\n<div style=\"height:24px\" aria-hidden=\"true\" class=\"wp-block-spacer\"><\/div>\n\n\n\n<hr class=\"wp-block-separator has-text-color has-luminous-vivid-amber-color has-alpha-channel-opacity has-luminous-vivid-amber-background-color has-background is-style-wide\" \/>\n\n\n\n<h2 class=\"wp-block-heading has-text-align-center has-large-font-size\"><strong>Plataformas para el registro de la Capacitaci\u00f3n <\/strong><\/h2>\n\n\n\n<div class=\"wp-block-group is-layout-grid wp-container-core-group-is-layout-acc8bb78 wp-block-group-is-layout-grid\">\n<figure class=\"wp-block-image size-large\"><img loading=\"lazy\" decoding=\"async\" width=\"1024\" height=\"832\" src=\"https:\/\/www.ssaver.gob.mx\/seic\/wp-content\/uploads\/sites\/22\/2024\/09\/blanco-1024x832.png\" alt=\"\" class=\"wp-image-1984\" srcset=\"https:\/\/www.ssaver.gob.mx\/seic\/wp-content\/uploads\/sites\/22\/2024\/09\/blanco-1024x832.png 1024w, https:\/\/www.ssaver.gob.mx\/seic\/wp-content\/uploads\/sites\/22\/2024\/09\/blanco-300x244.png 300w, https:\/\/www.ssaver.gob.mx\/seic\/wp-content\/uploads\/sites\/22\/2024\/09\/blanco-768x624.png 768w, https:\/\/www.ssaver.gob.mx\/seic\/wp-content\/uploads\/sites\/22\/2024\/09\/blanco.png 1250w\" sizes=\"auto, (max-width: 1024px) 100vw, 1024px\" \/><\/figure>\n\n\n\n<figure class=\"wp-block-image size-large\"><a href=\"https:\/\/siraec.ssaver.gob.mx\/\" target=\"_blank\" rel=\" noreferrer noopener\"><img loading=\"lazy\" decoding=\"async\" width=\"1024\" height=\"663\" src=\"https:\/\/www.ssaver.gob.mx\/seic\/wp-content\/uploads\/sites\/22\/2026\/03\/icon_siraec-1024x663.png\" alt=\"\" class=\"wp-image-4229\" srcset=\"https:\/\/www.ssaver.gob.mx\/seic\/wp-content\/uploads\/sites\/22\/2026\/03\/icon_siraec-1024x663.png 1024w, https:\/\/www.ssaver.gob.mx\/seic\/wp-content\/uploads\/sites\/22\/2026\/03\/icon_siraec-300x194.png 300w, https:\/\/www.ssaver.gob.mx\/seic\/wp-content\/uploads\/sites\/22\/2026\/03\/icon_siraec-768x497.png 768w, https:\/\/www.ssaver.gob.mx\/seic\/wp-content\/uploads\/sites\/22\/2026\/03\/icon_siraec-1536x994.png 1536w, https:\/\/www.ssaver.gob.mx\/seic\/wp-content\/uploads\/sites\/22\/2026\/03\/icon_siraec.png 1632w\" sizes=\"auto, (max-width: 1024px) 100vw, 1024px\" \/><\/a><\/figure>\n\n\n\n<figure class=\"wp-block-image size-large\"><a href=\"https:\/\/dgces.salud.gob.mx\/snac\/index.php\" target=\"_blank\" rel=\" noreferrer noopener\"><img loading=\"lazy\" decoding=\"async\" width=\"1024\" height=\"663\" src=\"https:\/\/www.ssaver.gob.mx\/seic\/wp-content\/uploads\/sites\/22\/2026\/03\/icon_sinac-1024x663.png\" alt=\"\" class=\"wp-image-4231\" srcset=\"https:\/\/www.ssaver.gob.mx\/seic\/wp-content\/uploads\/sites\/22\/2026\/03\/icon_sinac-1024x663.png 1024w, https:\/\/www.ssaver.gob.mx\/seic\/wp-content\/uploads\/sites\/22\/2026\/03\/icon_sinac-300x194.png 300w, https:\/\/www.ssaver.gob.mx\/seic\/wp-content\/uploads\/sites\/22\/2026\/03\/icon_sinac-768x497.png 768w, https:\/\/www.ssaver.gob.mx\/seic\/wp-content\/uploads\/sites\/22\/2026\/03\/icon_sinac-1536x994.png 1536w, https:\/\/www.ssaver.gob.mx\/seic\/wp-content\/uploads\/sites\/22\/2026\/03\/icon_sinac.png 1632w\" sizes=\"auto, (max-width: 1024px) 100vw, 1024px\" \/><\/a><\/figure>\n<\/div>\n\n\n\n<div style=\"height:24px\" aria-hidden=\"true\" class=\"wp-block-spacer\"><\/div>\n\n\n\n<hr class=\"wp-block-separator has-text-color has-luminous-vivid-amber-color has-alpha-channel-opacity has-luminous-vivid-amber-background-color has-background is-style-wide\" \/>\n\n\n\n<div style=\"height:30px\" aria-hidden=\"true\" class=\"wp-block-spacer\"><\/div>\n\n\n\n<h2 class=\"wp-block-heading has-text-align-center has-large-font-size\"><strong>Campus Virtual de Servicios de Salud de Veracruz<\/strong><\/h2>\n\n\n\n<p class=\"has-medium-font-size\"><strong>Para acceder al Campus Virtual, haga clic en la imagen<\/strong><\/p>\n\n\n\n<figure class=\"wp-block-image size-large is-resized\"><a href=\"https:\/\/siraec.ssaver.gob.mx\/campusvirtual\" target=\"_blank\" rel=\" noreferrer noopener\"><img loading=\"lazy\" decoding=\"async\" width=\"1024\" height=\"177\" src=\"https:\/\/www.ssaver.gob.mx\/seic\/wp-content\/uploads\/sites\/22\/2025\/03\/sliderCVSS-1024x177.png\" alt=\"\" class=\"wp-image-3307\" style=\"width:1100px;height:auto\" srcset=\"https:\/\/www.ssaver.gob.mx\/seic\/wp-content\/uploads\/sites\/22\/2025\/03\/sliderCVSS-1024x177.png 1024w, https:\/\/www.ssaver.gob.mx\/seic\/wp-content\/uploads\/sites\/22\/2025\/03\/sliderCVSS-300x52.png 300w, https:\/\/www.ssaver.gob.mx\/seic\/wp-content\/uploads\/sites\/22\/2025\/03\/sliderCVSS-768x132.png 768w, https:\/\/www.ssaver.gob.mx\/seic\/wp-content\/uploads\/sites\/22\/2025\/03\/sliderCVSS-1536x265.png 1536w, https:\/\/www.ssaver.gob.mx\/seic\/wp-content\/uploads\/sites\/22\/2025\/03\/sliderCVSS-2048x353.png 2048w\" sizes=\"auto, (max-width: 1024px) 100vw, 1024px\" \/><\/a><\/figure>\n\n\n\n<div style=\"height:30px\" aria-hidden=\"true\" class=\"wp-block-spacer\"><\/div>\n\n\n\n<hr class=\"wp-block-separator has-text-color has-luminous-vivid-amber-color has-alpha-channel-opacity has-luminous-vivid-amber-background-color has-background is-style-wide\" \/>\n\n\n\n<figure class=\"wp-block-image aligncenter size-large is-resized\"><a href=\"https:\/\/educads.dgces.salud.gob.mx\/\" target=\"_blank\" rel=\" noreferrer noopener\"><img loading=\"lazy\" decoding=\"async\" width=\"1024\" height=\"1024\" src=\"https:\/\/www.ssaver.gob.mx\/seic\/wp-content\/uploads\/sites\/22\/2025\/05\/VANER-CURSO-DENGUE-1024x1024.jpg\" alt=\"\" class=\"wp-image-3613\" style=\"width:588px;height:auto\" srcset=\"https:\/\/www.ssaver.gob.mx\/seic\/wp-content\/uploads\/sites\/22\/2025\/05\/VANER-CURSO-DENGUE-1024x1024.jpg 1024w, https:\/\/www.ssaver.gob.mx\/seic\/wp-content\/uploads\/sites\/22\/2025\/05\/VANER-CURSO-DENGUE-300x300.jpg 300w, https:\/\/www.ssaver.gob.mx\/seic\/wp-content\/uploads\/sites\/22\/2025\/05\/VANER-CURSO-DENGUE-150x150.jpg 150w, https:\/\/www.ssaver.gob.mx\/seic\/wp-content\/uploads\/sites\/22\/2025\/05\/VANER-CURSO-DENGUE-768x768.jpg 768w, https:\/\/www.ssaver.gob.mx\/seic\/wp-content\/uploads\/sites\/22\/2025\/05\/VANER-CURSO-DENGUE-215x215.jpg 215w, https:\/\/www.ssaver.gob.mx\/seic\/wp-content\/uploads\/sites\/22\/2025\/05\/VANER-CURSO-DENGUE.jpg 1250w\" sizes=\"auto, (max-width: 1024px) 100vw, 1024px\" \/><\/a><\/figure>\n\n\n\n<p class=\"has-text-align-center has-black-color has-text-color has-link-color wp-elements-40dbec43a27fdb8e434bbaa04d5670c2\" style=\"font-size:30px\"><strong><a href=\"https:\/\/www.ssaver.gob.mx\/seic\/wp-content\/uploads\/sites\/22\/2025\/05\/GUIA-DE-USUARIO.pdf\" rel=\"nofollow\">Descargar Manual de usuario EDUC@DS-AVGA<\/a><\/strong><\/p>\n\n\n\n<div style=\"height:20px\" aria-hidden=\"true\" class=\"wp-block-spacer\"><\/div>\n\n\n\n<hr class=\"wp-block-separator has-text-color has-luminous-vivid-amber-color has-alpha-channel-opacity has-luminous-vivid-amber-background-color has-background is-style-wide\" \/>\n\n\n\n<div style=\"height:30px\" aria-hidden=\"true\" class=\"wp-block-spacer\"><\/div>\n\n\n\n<h2 class=\"wp-block-heading has-text-align-center has-large-font-size\"><strong>Plataformas de capacitaci\u00f3n externas<\/strong><\/h2>\n\n\n\n<div style=\"height:20px\" aria-hidden=\"true\" class=\"wp-block-spacer\"><\/div>\n\n\n\n<div class=\"wp-block-group is-layout-grid wp-container-core-group-is-layout-1a149459 wp-block-group-is-layout-grid\">\n<figure class=\"wp-block-image size-large\"><img loading=\"lazy\" decoding=\"async\" width=\"1024\" height=\"832\" src=\"https:\/\/www.ssaver.gob.mx\/seic\/wp-content\/uploads\/sites\/22\/2024\/09\/blanco-1024x832.png\" alt=\"\" class=\"wp-image-1984\" srcset=\"https:\/\/www.ssaver.gob.mx\/seic\/wp-content\/uploads\/sites\/22\/2024\/09\/blanco-1024x832.png 1024w, https:\/\/www.ssaver.gob.mx\/seic\/wp-content\/uploads\/sites\/22\/2024\/09\/blanco-300x244.png 300w, https:\/\/www.ssaver.gob.mx\/seic\/wp-content\/uploads\/sites\/22\/2024\/09\/blanco-768x624.png 768w, https:\/\/www.ssaver.gob.mx\/seic\/wp-content\/uploads\/sites\/22\/2024\/09\/blanco.png 1250w\" sizes=\"auto, (max-width: 1024px) 100vw, 1024px\" \/><\/figure>\n\n\n\n<figure class=\"wp-block-image size-full\"><a href=\"http:\/\/moodle.dgces.salud.gob.mx\/moodle\/index.php?ext=sitio\/vRes\/index.php\"><img loading=\"lazy\" decoding=\"async\" width=\"512\" height=\"512\" src=\"https:\/\/www.ssaver.gob.mx\/seic\/wp-content\/uploads\/sites\/22\/2024\/12\/educads.png\" alt=\"\" class=\"wp-image-2697\" srcset=\"https:\/\/www.ssaver.gob.mx\/seic\/wp-content\/uploads\/sites\/22\/2024\/12\/educads.png 512w, https:\/\/www.ssaver.gob.mx\/seic\/wp-content\/uploads\/sites\/22\/2024\/12\/educads-300x300.png 300w, https:\/\/www.ssaver.gob.mx\/seic\/wp-content\/uploads\/sites\/22\/2024\/12\/educads-150x150.png 150w, https:\/\/www.ssaver.gob.mx\/seic\/wp-content\/uploads\/sites\/22\/2024\/12\/educads-215x215.png 215w\" sizes=\"auto, (max-width: 512px) 100vw, 512px\" \/><\/a><\/figure>\n\n\n\n<figure class=\"wp-block-image size-large\"><img loading=\"lazy\" decoding=\"async\" width=\"1024\" height=\"832\" src=\"https:\/\/www.ssaver.gob.mx\/seic\/wp-content\/uploads\/sites\/22\/2024\/09\/blanco-1024x832.png\" alt=\"\" class=\"wp-image-1984\" srcset=\"https:\/\/www.ssaver.gob.mx\/seic\/wp-content\/uploads\/sites\/22\/2024\/09\/blanco-1024x832.png 1024w, https:\/\/www.ssaver.gob.mx\/seic\/wp-content\/uploads\/sites\/22\/2024\/09\/blanco-300x244.png 300w, https:\/\/www.ssaver.gob.mx\/seic\/wp-content\/uploads\/sites\/22\/2024\/09\/blanco-768x624.png 768w, https:\/\/www.ssaver.gob.mx\/seic\/wp-content\/uploads\/sites\/22\/2024\/09\/blanco.png 1250w\" sizes=\"auto, (max-width: 1024px) 100vw, 1024px\" \/><\/figure>\n\n\n\n<figure class=\"wp-block-image size-full\"><a href=\"https:\/\/www.ssaver.gob.mx\/seic\/wp-content\/uploads\/sites\/22\/2024\/12\/Calendario-Educads-2024.pdf\" target=\"_blank\" rel=\" noreferrer noopener\"><img loading=\"lazy\" decoding=\"async\" width=\"512\" height=\"512\" src=\"https:\/\/www.ssaver.gob.mx\/seic\/wp-content\/uploads\/sites\/22\/2024\/12\/catalogo.png\" alt=\"\" class=\"wp-image-2701\" srcset=\"https:\/\/www.ssaver.gob.mx\/seic\/wp-content\/uploads\/sites\/22\/2024\/12\/catalogo.png 512w, https:\/\/www.ssaver.gob.mx\/seic\/wp-content\/uploads\/sites\/22\/2024\/12\/catalogo-300x300.png 300w, https:\/\/www.ssaver.gob.mx\/seic\/wp-content\/uploads\/sites\/22\/2024\/12\/catalogo-150x150.png 150w, https:\/\/www.ssaver.gob.mx\/seic\/wp-content\/uploads\/sites\/22\/2024\/12\/catalogo-215x215.png 215w\" sizes=\"auto, (max-width: 512px) 100vw, 512px\" \/><\/a><\/figure>\n<\/div>\n\n\n\n<div style=\"height:20px\" aria-hidden=\"true\" class=\"wp-block-spacer\"><\/div>\n\n\n\n<div class=\"wp-block-group is-layout-grid wp-container-core-group-is-layout-1a149459 wp-block-group-is-layout-grid\">\n<figure class=\"wp-block-image size-large\"><img loading=\"lazy\" decoding=\"async\" width=\"1024\" height=\"832\" src=\"https:\/\/www.ssaver.gob.mx\/seic\/wp-content\/uploads\/sites\/22\/2024\/09\/blanco-3-1024x832.png\" alt=\"\" class=\"wp-image-2001\" srcset=\"https:\/\/www.ssaver.gob.mx\/seic\/wp-content\/uploads\/sites\/22\/2024\/09\/blanco-3-1024x832.png 1024w, https:\/\/www.ssaver.gob.mx\/seic\/wp-content\/uploads\/sites\/22\/2024\/09\/blanco-3-300x244.png 300w, https:\/\/www.ssaver.gob.mx\/seic\/wp-content\/uploads\/sites\/22\/2024\/09\/blanco-3-768x624.png 768w, https:\/\/www.ssaver.gob.mx\/seic\/wp-content\/uploads\/sites\/22\/2024\/09\/blanco-3.png 1250w\" sizes=\"auto, (max-width: 1024px) 100vw, 1024px\" \/><\/figure>\n\n\n\n<figure class=\"wp-block-image size-full\"><a href=\"https:\/\/educacion.imssbienestar.gob.mx\/\"><img loading=\"lazy\" decoding=\"async\" width=\"512\" height=\"512\" src=\"https:\/\/www.ssaver.gob.mx\/seic\/wp-content\/uploads\/sites\/22\/2024\/12\/siesabi.png\" alt=\"\" class=\"wp-image-2702\" srcset=\"https:\/\/www.ssaver.gob.mx\/seic\/wp-content\/uploads\/sites\/22\/2024\/12\/siesabi.png 512w, https:\/\/www.ssaver.gob.mx\/seic\/wp-content\/uploads\/sites\/22\/2024\/12\/siesabi-300x300.png 300w, https:\/\/www.ssaver.gob.mx\/seic\/wp-content\/uploads\/sites\/22\/2024\/12\/siesabi-150x150.png 150w, https:\/\/www.ssaver.gob.mx\/seic\/wp-content\/uploads\/sites\/22\/2024\/12\/siesabi-215x215.png 215w\" sizes=\"auto, (max-width: 512px) 100vw, 512px\" \/><\/a><\/figure>\n\n\n\n<figure class=\"wp-block-image size-large\"><img loading=\"lazy\" decoding=\"async\" width=\"1024\" height=\"832\" src=\"https:\/\/www.ssaver.gob.mx\/seic\/wp-content\/uploads\/sites\/22\/2024\/09\/blanco-3-1024x832.png\" alt=\"\" class=\"wp-image-2001\" srcset=\"https:\/\/www.ssaver.gob.mx\/seic\/wp-content\/uploads\/sites\/22\/2024\/09\/blanco-3-1024x832.png 1024w, https:\/\/www.ssaver.gob.mx\/seic\/wp-content\/uploads\/sites\/22\/2024\/09\/blanco-3-300x244.png 300w, https:\/\/www.ssaver.gob.mx\/seic\/wp-content\/uploads\/sites\/22\/2024\/09\/blanco-3-768x624.png 768w, https:\/\/www.ssaver.gob.mx\/seic\/wp-content\/uploads\/sites\/22\/2024\/09\/blanco-3.png 1250w\" sizes=\"auto, (max-width: 1024px) 100vw, 1024px\" \/><\/figure>\n\n\n\n<figure class=\"wp-block-image size-full\"><a href=\"https:\/\/www.ssaver.gob.mx\/seic\/wp-content\/uploads\/sites\/22\/2024\/12\/siesabi.pdf\" target=\"_blank\" rel=\" noreferrer noopener\"><img loading=\"lazy\" decoding=\"async\" width=\"512\" height=\"512\" src=\"https:\/\/www.ssaver.gob.mx\/seic\/wp-content\/uploads\/sites\/22\/2024\/12\/catalogo.png\" alt=\"\" class=\"wp-image-2701\" srcset=\"https:\/\/www.ssaver.gob.mx\/seic\/wp-content\/uploads\/sites\/22\/2024\/12\/catalogo.png 512w, https:\/\/www.ssaver.gob.mx\/seic\/wp-content\/uploads\/sites\/22\/2024\/12\/catalogo-300x300.png 300w, https:\/\/www.ssaver.gob.mx\/seic\/wp-content\/uploads\/sites\/22\/2024\/12\/catalogo-150x150.png 150w, https:\/\/www.ssaver.gob.mx\/seic\/wp-content\/uploads\/sites\/22\/2024\/12\/catalogo-215x215.png 215w\" sizes=\"auto, (max-width: 512px) 100vw, 512px\" \/><\/a><\/figure>\n<\/div>\n\n\n\n<div style=\"height:20px\" aria-hidden=\"true\" class=\"wp-block-spacer\"><\/div>\n\n\n\n<div class=\"wp-block-group is-layout-grid wp-container-core-group-is-layout-1a149459 wp-block-group-is-layout-grid\">\n<figure class=\"wp-block-image size-large\"><img loading=\"lazy\" decoding=\"async\" width=\"1024\" height=\"832\" src=\"https:\/\/www.ssaver.gob.mx\/seic\/wp-content\/uploads\/sites\/22\/2024\/09\/blanco-3-1024x832.png\" alt=\"\" class=\"wp-image-2001\" srcset=\"https:\/\/www.ssaver.gob.mx\/seic\/wp-content\/uploads\/sites\/22\/2024\/09\/blanco-3-1024x832.png 1024w, https:\/\/www.ssaver.gob.mx\/seic\/wp-content\/uploads\/sites\/22\/2024\/09\/blanco-3-300x244.png 300w, https:\/\/www.ssaver.gob.mx\/seic\/wp-content\/uploads\/sites\/22\/2024\/09\/blanco-3-768x624.png 768w, https:\/\/www.ssaver.gob.mx\/seic\/wp-content\/uploads\/sites\/22\/2024\/09\/blanco-3.png 1250w\" sizes=\"auto, (max-width: 1024px) 100vw, 1024px\" \/><\/figure>\n\n\n\n<figure class=\"wp-block-image size-full\"><a href=\"https:\/\/campus.paho.org\/\"><img loading=\"lazy\" decoding=\"async\" width=\"512\" height=\"512\" src=\"https:\/\/www.ssaver.gob.mx\/seic\/wp-content\/uploads\/sites\/22\/2024\/12\/OPS.png\" alt=\"\" class=\"wp-image-2705\" srcset=\"https:\/\/www.ssaver.gob.mx\/seic\/wp-content\/uploads\/sites\/22\/2024\/12\/OPS.png 512w, https:\/\/www.ssaver.gob.mx\/seic\/wp-content\/uploads\/sites\/22\/2024\/12\/OPS-300x300.png 300w, https:\/\/www.ssaver.gob.mx\/seic\/wp-content\/uploads\/sites\/22\/2024\/12\/OPS-150x150.png 150w, https:\/\/www.ssaver.gob.mx\/seic\/wp-content\/uploads\/sites\/22\/2024\/12\/OPS-215x215.png 215w\" sizes=\"auto, (max-width: 512px) 100vw, 512px\" \/><\/a><\/figure>\n\n\n\n<figure class=\"wp-block-image size-large\"><img loading=\"lazy\" decoding=\"async\" width=\"1024\" height=\"832\" src=\"https:\/\/www.ssaver.gob.mx\/seic\/wp-content\/uploads\/sites\/22\/2024\/09\/blanco-1024x832.png\" alt=\"\" class=\"wp-image-1984\" srcset=\"https:\/\/www.ssaver.gob.mx\/seic\/wp-content\/uploads\/sites\/22\/2024\/09\/blanco-1024x832.png 1024w, https:\/\/www.ssaver.gob.mx\/seic\/wp-content\/uploads\/sites\/22\/2024\/09\/blanco-300x244.png 300w, https:\/\/www.ssaver.gob.mx\/seic\/wp-content\/uploads\/sites\/22\/2024\/09\/blanco-768x624.png 768w, https:\/\/www.ssaver.gob.mx\/seic\/wp-content\/uploads\/sites\/22\/2024\/09\/blanco.png 1250w\" sizes=\"auto, (max-width: 1024px) 100vw, 1024px\" \/><\/figure>\n\n\n\n<figure class=\"wp-block-image size-full\"><a href=\"https:\/\/www.ssaver.gob.mx\/seic\/wp-content\/uploads\/sites\/22\/2024\/12\/OPS.pdf\" target=\"_blank\" rel=\" noreferrer noopener\"><img loading=\"lazy\" decoding=\"async\" width=\"512\" height=\"512\" src=\"https:\/\/www.ssaver.gob.mx\/seic\/wp-content\/uploads\/sites\/22\/2024\/12\/catalogo.png\" alt=\"\" class=\"wp-image-2701\" srcset=\"https:\/\/www.ssaver.gob.mx\/seic\/wp-content\/uploads\/sites\/22\/2024\/12\/catalogo.png 512w, https:\/\/www.ssaver.gob.mx\/seic\/wp-content\/uploads\/sites\/22\/2024\/12\/catalogo-300x300.png 300w, https:\/\/www.ssaver.gob.mx\/seic\/wp-content\/uploads\/sites\/22\/2024\/12\/catalogo-150x150.png 150w, https:\/\/www.ssaver.gob.mx\/seic\/wp-content\/uploads\/sites\/22\/2024\/12\/catalogo-215x215.png 215w\" sizes=\"auto, (max-width: 512px) 100vw, 512px\" \/><\/a><\/figure>\n<\/div>\n\n\n\n<p><\/p>\n","protected":false},"excerpt":{"rendered":"<p>En este servicio se asesora en la planeaci\u00f3n, dise\u00f1o, desarrollo y evaluaci\u00f3n de las actividades de capacitaci\u00f3n y educativas de<\/p>\n","protected":false},"author":31,"featured_media":0,"parent":0,"menu_order":0,"comment_status":"closed","ping_status":"closed","template":"","meta":{"colormag_page_container_layout":"default_layout","colormag_page_sidebar_layout":"default_layout","footnotes":""},"class_list":["post-1955","page","type-page","status-publish","hentry"],"_links":{"self":[{"href":"https:\/\/www.ssaver.gob.mx\/seic\/wp-json\/wp\/v2\/pages\/1955","targetHints":{"allow":["GET"]}}],"collection":[{"href":"https:\/\/www.ssaver.gob.mx\/seic\/wp-json\/wp\/v2\/pages"}],"about":[{"href":"https:\/\/www.ssaver.gob.mx\/seic\/wp-json\/wp\/v2\/types\/page"}],"author":[{"embeddable":true,"href":"https:\/\/www.ssaver.gob.mx\/seic\/wp-json\/wp\/v2\/users\/31"}],"replies":[{"embeddable":true,"href":"https:\/\/www.ssaver.gob.mx\/seic\/wp-json\/wp\/v2\/comments?post=1955"}],"version-history":[{"count":91,"href":"https:\/\/www.ssaver.gob.mx\/seic\/wp-json\/wp\/v2\/pages\/1955\/revisions"}],"predecessor-version":[{"id":4248,"href":"https:\/\/www.ssaver.gob.mx\/seic\/wp-json\/wp\/v2\/pages\/1955\/revisions\/4248"}],"wp:attachment":[{"href":"https:\/\/www.ssaver.gob.mx\/seic\/wp-json\/wp\/v2\/media?parent=1955"}],"curies":[{"name":"wp","href":"https:\/\/api.w.org\/{rel}","templated":true}]}}