{"id":2086,"date":"2024-09-20T10:15:20","date_gmt":"2024-09-20T15:15:20","guid":{"rendered":"https:\/\/www.ssaver.gob.mx\/seic\/?page_id=2086"},"modified":"2025-02-14T12:38:57","modified_gmt":"2025-02-14T18:38:57","slug":"eventos-de-capacitacion","status":"publish","type":"page","link":"https:\/\/www.ssaver.gob.mx\/seic\/eventos-de-capacitacion\/","title":{"rendered":"Eventos de Capacitaci\u00f3n"},"content":{"rendered":"\n<figure class=\"wp-block-image size-large\"><img loading=\"lazy\" decoding=\"async\" width=\"1024\" height=\"278\" src=\"https:\/\/www.ssaver.gob.mx\/seic\/wp-content\/uploads\/sites\/22\/2024\/09\/a-photo-of-a-training-program-with-various-materia-zoyzdT0uQ4W8QiTka7aVSA-acUraSh3SiSa0LzbCIOLdQ-1024x278.jpeg\" alt=\"\" class=\"wp-image-1957\" srcset=\"https:\/\/www.ssaver.gob.mx\/seic\/wp-content\/uploads\/sites\/22\/2024\/09\/a-photo-of-a-training-program-with-various-materia-zoyzdT0uQ4W8QiTka7aVSA-acUraSh3SiSa0LzbCIOLdQ-1024x278.jpeg 1024w, https:\/\/www.ssaver.gob.mx\/seic\/wp-content\/uploads\/sites\/22\/2024\/09\/a-photo-of-a-training-program-with-various-materia-zoyzdT0uQ4W8QiTka7aVSA-acUraSh3SiSa0LzbCIOLdQ-300x81.jpeg 300w, https:\/\/www.ssaver.gob.mx\/seic\/wp-content\/uploads\/sites\/22\/2024\/09\/a-photo-of-a-training-program-with-various-materia-zoyzdT0uQ4W8QiTka7aVSA-acUraSh3SiSa0LzbCIOLdQ-768x208.jpeg 768w, https:\/\/www.ssaver.gob.mx\/seic\/wp-content\/uploads\/sites\/22\/2024\/09\/a-photo-of-a-training-program-with-various-materia-zoyzdT0uQ4W8QiTka7aVSA-acUraSh3SiSa0LzbCIOLdQ.jpeg 1305w\" sizes=\"auto, (max-width: 1024px) 100vw, 1024px\" \/><\/figure>\n\n\n\n<hr class=\"wp-block-separator has-text-color has-alpha-channel-opacity has-background is-style-wide\" style=\"background-color:#b28854;color:#b28854\" \/>\n\n\n\n<p class=\"has-text-color has-link-color has-medium-font-size wp-elements-986355b17a0fcb662fe20a9729e2dfc2\" style=\"color:#7a1737\"><strong>Capacitaci\u00f3n para el Desempe\u00f1o<\/strong>, es toda aquella acci\u00f3n tendiente a incrementar la capacidad de los servidores p\u00fablicos para la realizaci\u00f3n de las actividades y funciones que desempe\u00f1an en su \u00e1mbito de trabajo.<\/p>\n\n\n\n<hr class=\"wp-block-separator has-text-color has-alpha-channel-opacity has-background is-style-wide\" style=\"background-color:#b28854;color:#b28854\" \/>\n\n\n\n<figure class=\"wp-block-image size-full is-style-default wp-container-content-5f80b302\"><img loading=\"lazy\" decoding=\"async\" width=\"1000\" height=\"800\" src=\"https:\/\/www.ssaver.gob.mx\/seic\/wp-content\/uploads\/sites\/22\/2024\/12\/Estrategias-de-CAP.png\" alt=\"\" class=\"wp-image-2786\" style=\"aspect-ratio:3\/2;object-fit:contain\" srcset=\"https:\/\/www.ssaver.gob.mx\/seic\/wp-content\/uploads\/sites\/22\/2024\/12\/Estrategias-de-CAP.png 1000w, https:\/\/www.ssaver.gob.mx\/seic\/wp-content\/uploads\/sites\/22\/2024\/12\/Estrategias-de-CAP-300x240.png 300w, https:\/\/www.ssaver.gob.mx\/seic\/wp-content\/uploads\/sites\/22\/2024\/12\/Estrategias-de-CAP-768x614.png 768w\" sizes=\"auto, (max-width: 1000px) 100vw, 1000px\" \/><\/figure>\n\n\n\n<hr class=\"wp-block-separator has-text-color has-alpha-channel-opacity has-background is-style-wide\" style=\"background-color:#b28854;color:#b28854\" \/>\n\n\n\n<p class=\"has-text-align-center has-large-font-size\"><strong>Registro de evento de Capacitaci\u00f3n<\/strong><\/p>\n\n\n\n<hr class=\"wp-block-separator has-text-color has-alpha-channel-opacity has-background is-style-wide\" style=\"background-color:#b28854;color:#b28854\" \/>\n\n\n\n<div class=\"wp-block-group is-layout-grid wp-container-core-group-is-layout-478b6e6b wp-block-group-is-layout-grid\">\n<figure class=\"wp-block-image size-thumbnail wp-container-content-69bc4bdf\"><img loading=\"lazy\" decoding=\"async\" width=\"150\" height=\"150\" src=\"https:\/\/www.ssaver.gob.mx\/seic\/wp-content\/uploads\/sites\/22\/2024\/12\/registro-150x150.png\" alt=\"\" class=\"wp-image-2760\" srcset=\"https:\/\/www.ssaver.gob.mx\/seic\/wp-content\/uploads\/sites\/22\/2024\/12\/registro-150x150.png 150w, https:\/\/www.ssaver.gob.mx\/seic\/wp-content\/uploads\/sites\/22\/2024\/12\/registro-300x300.png 300w, https:\/\/www.ssaver.gob.mx\/seic\/wp-content\/uploads\/sites\/22\/2024\/12\/registro-215x215.png 215w, https:\/\/www.ssaver.gob.mx\/seic\/wp-content\/uploads\/sites\/22\/2024\/12\/registro.png 512w\" sizes=\"auto, (max-width: 150px) 100vw, 150px\" \/><\/figure>\n\n\n\n<figure class=\"wp-block-image size-thumbnail wp-container-content-83148919\"><img loading=\"lazy\" decoding=\"async\" width=\"150\" height=\"150\" src=\"https:\/\/www.ssaver.gob.mx\/seic\/wp-content\/uploads\/sites\/22\/2024\/11\/blanco-2-edited-150x150.png\" alt=\"\" class=\"wp-image-2511\" srcset=\"https:\/\/www.ssaver.gob.mx\/seic\/wp-content\/uploads\/sites\/22\/2024\/11\/blanco-2-edited-150x150.png 150w, https:\/\/www.ssaver.gob.mx\/seic\/wp-content\/uploads\/sites\/22\/2024\/11\/blanco-2-edited-300x300.png 300w, https:\/\/www.ssaver.gob.mx\/seic\/wp-content\/uploads\/sites\/22\/2024\/11\/blanco-2-edited-768x768.png 768w, https:\/\/www.ssaver.gob.mx\/seic\/wp-content\/uploads\/sites\/22\/2024\/11\/blanco-2-edited-215x215.png 215w, https:\/\/www.ssaver.gob.mx\/seic\/wp-content\/uploads\/sites\/22\/2024\/11\/blanco-2-edited.png 1016w\" sizes=\"auto, (max-width: 150px) 100vw, 150px\" \/><\/figure>\n\n\n\n<ul class=\"wp-block-list wp-container-content-516f2167\">\n<li class=\"has-text-color has-link-color has-medium-font-size wp-elements-f3afe076d9e860348ff1fe00f06c019d\" style=\"color:#7a1737\">Para garantizar el <strong>registro oportuno del evento de capacitaci\u00f3n<\/strong>, el <strong>coordinador del evento o jefe de programa debe dirigirse al \u00e1rea de Ense\u00f1anza de la unidad y entregar el formato de registro de evento<\/strong>, debidamente requisitado. Esto permitir\u00e1 llevar a cabo el<strong> registro en el Sistema para el Registro y Administraci\u00f3n de Eventos de Capacitaci\u00f3n (SIRAEC)<\/strong>.<\/li>\n\n\n\n<li class=\"has-text-color has-link-color has-medium-font-size wp-elements-4940d113845ebcffae393e9f7bfeda72\" style=\"color:#7a1737\">En el caso de <strong>evento sea de \u00e1rea m\u00e9dica<\/strong>, ser\u00e1 necesario realizar el registro adicional en el <strong>Sistema Nacional de Administraci\u00f3n de Capacitaci\u00f3n en Salud (SNAC)<\/strong>.<\/li>\n\n\n\n<li class=\"has-text-color has-link-color has-medium-font-size wp-elements-9b2d9d1519cf07acd8dfebf337efd74d\" style=\"color:#7a1737\">Es importante que el formato se entregue al menos con <strong>2 d\u00edas de anticipaci\u00f3n a la fecha programada del evento<\/strong> para asegurar su correcto registro en las plataformas.<\/li>\n<\/ul>\n<\/div>\n\n\n\n<div style=\"height:100px\" aria-hidden=\"true\" class=\"wp-block-spacer\"><\/div>\n\n\n\n<hr class=\"wp-block-separator has-text-color has-alpha-channel-opacity has-background is-style-wide\" style=\"background-color:#b28854;color:#b28854\" \/>\n\n\n\n<p class=\"has-text-align-center has-large-font-size\"><strong><strong>Formatos de Eventos de Capacitaci\u00f3n<\/strong><\/strong><\/p>\n\n\n\n<hr class=\"wp-block-separator has-text-color has-alpha-channel-opacity has-background is-style-wide\" style=\"background-color:#b28854;color:#b28854\" \/>\n\n\n\n<div class=\"wp-block-group is-layout-grid wp-container-core-group-is-layout-478b6e6b wp-block-group-is-layout-grid\">\n<figure class=\"wp-block-image size-thumbnail wp-container-content-69bc4bdf\"><img loading=\"lazy\" decoding=\"async\" width=\"150\" height=\"150\" src=\"https:\/\/www.ssaver.gob.mx\/seic\/wp-content\/uploads\/sites\/22\/2024\/12\/documento-de-word-150x150.png\" alt=\"\" class=\"wp-image-2713\" srcset=\"https:\/\/www.ssaver.gob.mx\/seic\/wp-content\/uploads\/sites\/22\/2024\/12\/documento-de-word-150x150.png 150w, https:\/\/www.ssaver.gob.mx\/seic\/wp-content\/uploads\/sites\/22\/2024\/12\/documento-de-word-300x300.png 300w, https:\/\/www.ssaver.gob.mx\/seic\/wp-content\/uploads\/sites\/22\/2024\/12\/documento-de-word-215x215.png 215w, https:\/\/www.ssaver.gob.mx\/seic\/wp-content\/uploads\/sites\/22\/2024\/12\/documento-de-word.png 512w\" sizes=\"auto, (max-width: 150px) 100vw, 150px\" \/><\/figure>\n\n\n\n<figure class=\"wp-block-image size-thumbnail wp-container-content-69bc4bdf\"><img loading=\"lazy\" decoding=\"async\" width=\"150\" height=\"150\" src=\"https:\/\/www.ssaver.gob.mx\/seic\/wp-content\/uploads\/sites\/22\/2024\/11\/blanco-2-edited-150x150.png\" alt=\"\" class=\"wp-image-2511\" srcset=\"https:\/\/www.ssaver.gob.mx\/seic\/wp-content\/uploads\/sites\/22\/2024\/11\/blanco-2-edited-150x150.png 150w, https:\/\/www.ssaver.gob.mx\/seic\/wp-content\/uploads\/sites\/22\/2024\/11\/blanco-2-edited-300x300.png 300w, https:\/\/www.ssaver.gob.mx\/seic\/wp-content\/uploads\/sites\/22\/2024\/11\/blanco-2-edited-768x768.png 768w, https:\/\/www.ssaver.gob.mx\/seic\/wp-content\/uploads\/sites\/22\/2024\/11\/blanco-2-edited-215x215.png 215w, https:\/\/www.ssaver.gob.mx\/seic\/wp-content\/uploads\/sites\/22\/2024\/11\/blanco-2-edited.png 1016w\" sizes=\"auto, (max-width: 150px) 100vw, 150px\" \/><\/figure>\n\n\n\n<ul class=\"wp-block-list wp-container-content-516f2167\">\n<li class=\"has-text-color has-link-color has-medium-font-size wp-elements-c9925517624bb60259ca5153c2b17640\" style=\"color:#7a1737\"><strong><a href=\"https:\/\/www.ssaver.gob.mx\/seic\/wp-content\/uploads\/sites\/22\/2024\/12\/Formato-para-registrar-eventos-2025.docx\" data-type=\"link\" data-id=\"https:\/\/www.ssaver.gob.mx\/seic\/wp-content\/uploads\/sites\/22\/2024\/12\/Formato-para-registrar-eventos-2025.docx\" target=\"_blank\" rel=\"noreferrer noopener\">Formato para registro de eventos (en plataforma de capacitaci\u00f3n, entregar  <strong>2 d\u00edas de anticipaci\u00f3n a la fecha programada del evento<\/strong>)<\/a><\/strong><\/li>\n\n\n\n<li class=\"has-text-color has-link-color has-medium-font-size wp-elements-1da4930a2187a671f3860d0e3d8fda75\" style=\"color:#7a1737\"><a href=\"https:\/\/www.ssaver.gob.mx\/seic\/wp-content\/uploads\/sites\/22\/2024\/12\/Carta-descriptiva-2025.docx\" target=\"_blank\" rel=\"noreferrer noopener\"><strong>Formato de carta descriptiva<\/strong> (para el dise\u00f1o del evento)<\/a><\/li>\n\n\n\n<li class=\"has-text-color has-link-color has-medium-font-size wp-elements-4c8669bd7abea67fd162eb2c5be35397\" style=\"color:#7a1737\"><strong><a href=\"https:\/\/www.ssaver.gob.mx\/seic\/wp-content\/uploads\/sites\/22\/2024\/12\/Lista-de-asistencia-2025.docx\" target=\"_blank\" rel=\"noreferrer noopener\">Formato Lista de asistencia de 1 d\u00eda<\/a><\/strong><\/li>\n\n\n\n<li class=\"has-text-color has-link-color has-medium-font-size wp-elements-8910f3e8bddf28875122c459b4d93da2\" style=\"color:#7a1737\"><strong><a href=\"https:\/\/www.ssaver.gob.mx\/seic\/wp-content\/uploads\/sites\/22\/2024\/12\/Lista-de-asistencia-2025-varios-dias.docx\" data-type=\"link\" data-id=\"https:\/\/www.ssaver.gob.mx\/seic\/wp-content\/uploads\/sites\/22\/2024\/12\/Lista-de-asistencia-2025-varios-dias.docx\" target=\"_blank\" rel=\"noreferrer noopener\">Formato Lista de asistencia para varios d\u00edas<\/a><\/strong><\/li>\n\n\n\n<li class=\"has-text-color has-link-color has-medium-font-size wp-elements-c2c371eae5f5480bb350be865038c02c\" style=\"color:#7a1737\"><a href=\"https:\/\/www.ssaver.gob.mx\/seic\/wp-content\/uploads\/sites\/22\/2024\/12\/Registro-de-calificaciones-creditos-2025.docx\" target=\"_blank\" rel=\"noreferrer noopener\">Formato <strong>Lista de calificaciones<\/strong><\/a><\/li>\n\n\n\n<li class=\"has-text-color has-link-color has-medium-font-size wp-elements-934f737e07b638374076a9ca5a421dc2\" style=\"color:#7a1737\"><a href=\"https:\/\/www.ssaver.gob.mx\/seic\/wp-content\/uploads\/sites\/22\/2024\/12\/Formato-satisfaccion-Instructor-2025.docx\" data-type=\"link\" data-id=\"https:\/\/www.ssaver.gob.mx\/seic\/wp-content\/uploads\/sites\/22\/2024\/12\/Formato-satisfaccion-Instructor-2025.docx\">Formato para <strong>evaluaci\u00f3n <\/strong> (formato de satisfacci\u00f3n)<\/a><\/li>\n<\/ul>\n<\/div>\n\n\n\n<div style=\"height:100px\" aria-hidden=\"true\" class=\"wp-block-spacer\"><\/div>\n\n\n\n<hr class=\"wp-block-separator has-text-color has-alpha-channel-opacity has-background is-style-wide\" style=\"background-color:#b28854;color:#b28854\" \/>\n\n\n\n<p class=\"has-text-align-center has-large-font-size\"><strong>Procedimiento para solicitar firma en constancias <\/strong><\/p>\n\n\n\n<hr class=\"wp-block-separator has-text-color has-alpha-channel-opacity has-background is-style-wide\" style=\"background-color:#b28854;color:#b28854\" \/>\n\n\n\n<div class=\"wp-block-group is-layout-grid wp-container-core-group-is-layout-478b6e6b wp-block-group-is-layout-grid\">\n<figure class=\"wp-block-image size-thumbnail wp-container-content-69bc4bdf\"><img loading=\"lazy\" decoding=\"async\" width=\"150\" height=\"150\" src=\"https:\/\/www.ssaver.gob.mx\/seic\/wp-content\/uploads\/sites\/22\/2024\/12\/firma-150x150.png\" alt=\"\" class=\"wp-image-2931\" srcset=\"https:\/\/www.ssaver.gob.mx\/seic\/wp-content\/uploads\/sites\/22\/2024\/12\/firma-150x150.png 150w, https:\/\/www.ssaver.gob.mx\/seic\/wp-content\/uploads\/sites\/22\/2024\/12\/firma-300x300.png 300w, https:\/\/www.ssaver.gob.mx\/seic\/wp-content\/uploads\/sites\/22\/2024\/12\/firma-215x215.png 215w, https:\/\/www.ssaver.gob.mx\/seic\/wp-content\/uploads\/sites\/22\/2024\/12\/firma.png 512w\" sizes=\"auto, (max-width: 150px) 100vw, 150px\" \/><\/figure>\n\n\n\n<figure class=\"wp-block-image size-thumbnail wp-container-content-69bc4bdf\"><img loading=\"lazy\" decoding=\"async\" width=\"150\" height=\"150\" src=\"https:\/\/www.ssaver.gob.mx\/seic\/wp-content\/uploads\/sites\/22\/2024\/11\/blanco-2-edited-150x150.png\" alt=\"\" class=\"wp-image-2511\" srcset=\"https:\/\/www.ssaver.gob.mx\/seic\/wp-content\/uploads\/sites\/22\/2024\/11\/blanco-2-edited-150x150.png 150w, https:\/\/www.ssaver.gob.mx\/seic\/wp-content\/uploads\/sites\/22\/2024\/11\/blanco-2-edited-300x300.png 300w, https:\/\/www.ssaver.gob.mx\/seic\/wp-content\/uploads\/sites\/22\/2024\/11\/blanco-2-edited-768x768.png 768w, https:\/\/www.ssaver.gob.mx\/seic\/wp-content\/uploads\/sites\/22\/2024\/11\/blanco-2-edited-215x215.png 215w, https:\/\/www.ssaver.gob.mx\/seic\/wp-content\/uploads\/sites\/22\/2024\/11\/blanco-2-edited.png 1016w\" sizes=\"auto, (max-width: 150px) 100vw, 150px\" \/><\/figure>\n\n\n\n<ul class=\"wp-block-list wp-container-content-516f2167\">\n<li class=\"has-text-color has-link-color has-medium-font-size wp-elements-0b497ad87f747f86c8eedd75454c1c56\" style=\"color:#7a1737\"><a href=\"https:\/\/www.ssaver.gob.mx\/seic\/wp-content\/uploads\/sites\/22\/2024\/12\/Formato-de-registro-de-educacion-continua-2025.docx\" data-type=\"link\" data-id=\"https:\/\/www.ssaver.gob.mx\/seic\/wp-content\/uploads\/sites\/22\/2024\/12\/Formato-de-registro-de-educacion-continua-2025.docx\" target=\"_blank\" rel=\"noreferrer noopener\">Revisa detenidamente la<\/a><a href=\"https:\/\/www.ssaver.gob.mx\/seic\/wp-content\/uploads\/sites\/22\/2025\/02\/Cir0032_of0043_2025.pdf\" data-type=\"link\" data-id=\"https:\/\/www.ssaver.gob.mx\/seic\/wp-content\/uploads\/sites\/22\/2024\/12\/Formato-de-registro-de-educacion-continua-2025.docx\" target=\"_blank\" rel=\"noreferrer noopener\"> <strong>Circular No. SESVER\/DAM\/SEIC\/DCEC\/0032\/2025<\/strong><\/a><\/li>\n\n\n\n<li class=\"has-text-color has-link-color has-medium-font-size wp-elements-1edd3c2a1d32dfa7df001195627d140f\" style=\"color:#7a1737\">Descarga el formato de<a href=\"https:\/\/www.ssaver.gob.mx\/seic\/wp-content\/uploads\/sites\/22\/2024\/12\/Lista-de-asistencia-2025.docx\" target=\"_blank\" rel=\"noreferrer noopener\"><strong> <\/strong><\/a><strong><a href=\"https:\/\/www.ssaver.gob.mx\/seic\/wp-content\/uploads\/sites\/22\/2024\/12\/Requerimientos-para-la-firma-autografa-digitalizada-2024.docx\" data-type=\"link\" data-id=\"https:\/\/www.ssaver.gob.mx\/seic\/wp-content\/uploads\/sites\/22\/2024\/12\/Requerimientos-para-la-firma-autografa-digitalizada-2024.docx\" target=\"_blank\" rel=\"noreferrer noopener\">\u00abRequerimientos para la firma aut\u00f3grafa digitalizada\u00bb<\/a><\/strong><\/li>\n\n\n\n<li class=\"has-text-color has-link-color has-medium-font-size wp-elements-93a2a197c4855e7d96b037f9f0b407a0\" style=\"color:#7a1737\"><strong>Env\u00eda el oficio junto con el formato de requerimientos, debidamente firmado<\/strong>, por valija a la Subdirecci\u00f3n de Ense\u00f1anza, Investigaci\u00f3n y Capacitaci\u00f3n<\/li>\n\n\n\n<li class=\"has-text-color has-link-color has-medium-font-size wp-elements-2f665f54c2af573f504ceba353e59e50\" style=\"color:#7a1737\"><strong>Para agilizar el proceso de agregar la firma al sistema<\/strong>, por favor env\u00eda el <strong>oficio y el formato de requerimientos al correo electr\u00f3nico <a>programa.capacitacion.sesver@gmail.com<\/a><\/strong><\/li>\n<\/ul>\n<\/div>\n\n\n\n<div style=\"height:100px\" aria-hidden=\"true\" class=\"wp-block-spacer\"><\/div>\n\n\n\n<hr class=\"wp-block-separator has-text-color has-alpha-channel-opacity has-background is-style-wide\" style=\"background-color:#b28854;color:#b28854\" \/>\n\n\n\n<p class=\"has-text-align-center has-large-font-size\"><strong>Validaci\u00f3n del evento de Capacitaci\u00f3n<\/strong><\/p>\n\n\n\n<hr class=\"wp-block-separator has-text-color has-alpha-channel-opacity has-background is-style-wide\" style=\"background-color:#b28854;color:#b28854\" \/>\n\n\n\n<div class=\"wp-block-group is-layout-grid wp-container-core-group-is-layout-478b6e6b wp-block-group-is-layout-grid\">\n<figure class=\"wp-block-image size-thumbnail wp-container-content-69bc4bdf\"><img loading=\"lazy\" decoding=\"async\" width=\"150\" height=\"150\" src=\"https:\/\/www.ssaver.gob.mx\/seic\/wp-content\/uploads\/sites\/22\/2024\/12\/validacion-1-150x150.png\" alt=\"\" class=\"wp-image-2744\" srcset=\"https:\/\/www.ssaver.gob.mx\/seic\/wp-content\/uploads\/sites\/22\/2024\/12\/validacion-1-150x150.png 150w, https:\/\/www.ssaver.gob.mx\/seic\/wp-content\/uploads\/sites\/22\/2024\/12\/validacion-1-300x300.png 300w, https:\/\/www.ssaver.gob.mx\/seic\/wp-content\/uploads\/sites\/22\/2024\/12\/validacion-1-215x215.png 215w, https:\/\/www.ssaver.gob.mx\/seic\/wp-content\/uploads\/sites\/22\/2024\/12\/validacion-1.png 512w\" sizes=\"auto, (max-width: 150px) 100vw, 150px\" \/><\/figure>\n\n\n\n<figure class=\"wp-block-image size-thumbnail wp-container-content-69bc4bdf\"><img loading=\"lazy\" decoding=\"async\" width=\"150\" height=\"150\" src=\"https:\/\/www.ssaver.gob.mx\/seic\/wp-content\/uploads\/sites\/22\/2024\/11\/blanco-2-edited-150x150.png\" alt=\"\" class=\"wp-image-2511\" srcset=\"https:\/\/www.ssaver.gob.mx\/seic\/wp-content\/uploads\/sites\/22\/2024\/11\/blanco-2-edited-150x150.png 150w, https:\/\/www.ssaver.gob.mx\/seic\/wp-content\/uploads\/sites\/22\/2024\/11\/blanco-2-edited-300x300.png 300w, https:\/\/www.ssaver.gob.mx\/seic\/wp-content\/uploads\/sites\/22\/2024\/11\/blanco-2-edited-768x768.png 768w, https:\/\/www.ssaver.gob.mx\/seic\/wp-content\/uploads\/sites\/22\/2024\/11\/blanco-2-edited-215x215.png 215w, https:\/\/www.ssaver.gob.mx\/seic\/wp-content\/uploads\/sites\/22\/2024\/11\/blanco-2-edited.png 1016w\" sizes=\"auto, (max-width: 150px) 100vw, 150px\" \/><\/figure>\n\n\n\n<ul class=\"wp-block-list wp-container-content-516f2167\">\n<li class=\"has-text-color has-link-color has-medium-font-size wp-elements-81c2518fe42997cc85acda4457bcee3b\" style=\"color:#7a1737\">La validaci\u00f3n del evento debe realizarse <strong>dentro de un plazo m\u00e1ximo de 5 d\u00edas posteriores a su realizaci\u00f3n<\/strong>. <\/li>\n\n\n\n<li class=\"has-text-color has-link-color has-medium-font-size wp-elements-dc62167219954c412883c4b5ece364db\" style=\"color:#7a1737\">Para llevar a cabo este proceso, <strong>es necesario proporcionar la siguiente informaci\u00f3n: el n\u00famero de participantes que asistieron a la capacitaci\u00f3n, las fechas en las que se llev\u00f3 a cabo y la sede donde se realiz\u00f3.<\/strong> Estos datos son indispensables para completar el registro en las plataformas correspondientes.<\/li>\n<\/ul>\n<\/div>\n\n\n\n<div style=\"height:100px\" aria-hidden=\"true\" class=\"wp-block-spacer\"><\/div>\n\n\n\n<hr class=\"wp-block-separator has-text-color has-alpha-channel-opacity has-background is-style-wide\" style=\"background-color:#b28854;color:#b28854\" \/>\n\n\n\n<p class=\"has-text-align-center has-large-font-size\"><strong>Generaci\u00f3n de Constancias<\/strong><\/p>\n\n\n\n<hr class=\"wp-block-separator has-text-color has-alpha-channel-opacity has-background is-style-wide\" style=\"background-color:#b28854;color:#b28854\" \/>\n\n\n\n<div class=\"wp-block-group is-layout-grid wp-container-core-group-is-layout-478b6e6b wp-block-group-is-layout-grid\">\n<figure class=\"wp-block-image size-thumbnail wp-container-content-69bc4bdf\"><img loading=\"lazy\" decoding=\"async\" width=\"150\" height=\"150\" src=\"https:\/\/www.ssaver.gob.mx\/seic\/wp-content\/uploads\/sites\/22\/2024\/12\/merito-150x150.png\" alt=\"\" class=\"wp-image-2745\" srcset=\"https:\/\/www.ssaver.gob.mx\/seic\/wp-content\/uploads\/sites\/22\/2024\/12\/merito-150x150.png 150w, https:\/\/www.ssaver.gob.mx\/seic\/wp-content\/uploads\/sites\/22\/2024\/12\/merito-300x300.png 300w, https:\/\/www.ssaver.gob.mx\/seic\/wp-content\/uploads\/sites\/22\/2024\/12\/merito-215x215.png 215w, https:\/\/www.ssaver.gob.mx\/seic\/wp-content\/uploads\/sites\/22\/2024\/12\/merito.png 512w\" sizes=\"auto, (max-width: 150px) 100vw, 150px\" \/><\/figure>\n\n\n\n<figure class=\"wp-block-image size-thumbnail wp-container-content-69bc4bdf\"><img loading=\"lazy\" decoding=\"async\" width=\"150\" height=\"150\" src=\"https:\/\/www.ssaver.gob.mx\/seic\/wp-content\/uploads\/sites\/22\/2024\/11\/blanco-2-edited-150x150.png\" alt=\"\" class=\"wp-image-2511\" srcset=\"https:\/\/www.ssaver.gob.mx\/seic\/wp-content\/uploads\/sites\/22\/2024\/11\/blanco-2-edited-150x150.png 150w, https:\/\/www.ssaver.gob.mx\/seic\/wp-content\/uploads\/sites\/22\/2024\/11\/blanco-2-edited-300x300.png 300w, https:\/\/www.ssaver.gob.mx\/seic\/wp-content\/uploads\/sites\/22\/2024\/11\/blanco-2-edited-768x768.png 768w, https:\/\/www.ssaver.gob.mx\/seic\/wp-content\/uploads\/sites\/22\/2024\/11\/blanco-2-edited-215x215.png 215w, https:\/\/www.ssaver.gob.mx\/seic\/wp-content\/uploads\/sites\/22\/2024\/11\/blanco-2-edited.png 1016w\" sizes=\"auto, (max-width: 150px) 100vw, 150px\" \/><\/figure>\n\n\n\n<ul class=\"wp-block-list wp-container-content-516f2167\">\n<li class=\"has-text-color has-link-color has-medium-font-size wp-elements-114d01d21036853a7c852ed989dd094f\" style=\"color:#7a1737\">Para la elaboraci\u00f3n de las constancias, es importante que el <strong>coordinador del evento o jefe de programa proporcione al \u00e1rea de Ense\u00f1anza la siguiente informaci\u00f3n:<\/strong><\/li>\n\n\n\n<li class=\"has-text-color has-link-color has-medium-font-size wp-elements-5cc25313afd62eb59c9b8d27c1f00736\" style=\"color:#7a1737\"><strong>Carta descriptiva del evento<\/strong><\/li>\n\n\n\n<li class=\"has-text-color has-link-color has-medium-font-size wp-elements-a674c243f273c6707c3c0f6fdc543985\" style=\"color:#7a1737\"><strong>Lista de asistencia<\/strong><\/li>\n\n\n\n<li class=\"has-text-color has-link-color has-medium-font-size wp-elements-bcaab46f96fc2182c949838dde9fd133\" style=\"color:#7a1737\"><strong>Lista de calificaciones (si aplica)<\/strong><\/li>\n\n\n\n<li class=\"has-text-color has-link-color has-medium-font-size wp-elements-3ca5870c2b4c5d8a285a772517d843f2\" style=\"color:#7a1737\">El plazo para generar las constancias es de <strong>45 d\u00edas h\u00e1biles a partir de la fecha de realizaci\u00f3n del evento<\/strong>. <\/li>\n<\/ul>\n<\/div>\n\n\n\n<div style=\"height:100px\" aria-hidden=\"true\" class=\"wp-block-spacer\"><\/div>\n","protected":false},"excerpt":{"rendered":"<p>Capacitaci\u00f3n para el Desempe\u00f1o, es toda aquella acci\u00f3n tendiente a incrementar la capacidad de los servidores p\u00fablicos para la realizaci\u00f3n<\/p>\n","protected":false},"author":31,"featured_media":0,"parent":0,"menu_order":0,"comment_status":"closed","ping_status":"closed","template":"","meta":{"colormag_page_container_layout":"default_layout","colormag_page_sidebar_layout":"default_layout","footnotes":""},"class_list":["post-2086","page","type-page","status-publish","hentry"],"_links":{"self":[{"href":"https:\/\/www.ssaver.gob.mx\/seic\/wp-json\/wp\/v2\/pages\/2086","targetHints":{"allow":["GET"]}}],"collection":[{"href":"https:\/\/www.ssaver.gob.mx\/seic\/wp-json\/wp\/v2\/pages"}],"about":[{"href":"https:\/\/www.ssaver.gob.mx\/seic\/wp-json\/wp\/v2\/types\/page"}],"author":[{"embeddable":true,"href":"https:\/\/www.ssaver.gob.mx\/seic\/wp-json\/wp\/v2\/users\/31"}],"replies":[{"embeddable":true,"href":"https:\/\/www.ssaver.gob.mx\/seic\/wp-json\/wp\/v2\/comments?post=2086"}],"version-history":[{"count":59,"href":"https:\/\/www.ssaver.gob.mx\/seic\/wp-json\/wp\/v2\/pages\/2086\/revisions"}],"predecessor-version":[{"id":3273,"href":"https:\/\/www.ssaver.gob.mx\/seic\/wp-json\/wp\/v2\/pages\/2086\/revisions\/3273"}],"wp:attachment":[{"href":"https:\/\/www.ssaver.gob.mx\/seic\/wp-json\/wp\/v2\/media?parent=2086"}],"curies":[{"name":"wp","href":"https:\/\/api.w.org\/{rel}","templated":true}]}}