{"id":2127,"date":"2024-09-23T09:49:24","date_gmt":"2024-09-23T14:49:24","guid":{"rendered":"https:\/\/www.ssaver.gob.mx\/seic\/?page_id=2127"},"modified":"2026-03-09T13:25:46","modified_gmt":"2026-03-09T19:25:46","slug":"actas-de-sesion-ccmc","status":"publish","type":"page","link":"https:\/\/www.ssaver.gob.mx\/seic\/actas-de-sesion-ccmc\/","title":{"rendered":"Actas de Sesi\u00f3n CCMC"},"content":{"rendered":"\n<hr class=\"wp-block-separator has-text-color has-luminous-vivid-amber-color has-alpha-channel-opacity has-luminous-vivid-amber-background-color has-background is-style-wide\" \/>\n\n\n\n<p class=\"has-medium-font-size\">Bienvenido al apartado de Actas de Sesi\u00f3n de la Comisi\u00f3n Central Mixta de Capacitaci\u00f3n. Aqu\u00ed podr\u00e1s consultar las Actas de las Sesiones Ordinarias y Extraordinarias, ya seas Representante Institucional o Sindical ante la Comisi\u00f3n Central.<br><br>Este espacio est\u00e1 dise\u00f1ado para facilitar el acceso a los acuerdos y resoluciones que impulsan los procesos de capacitaci\u00f3n en la Secretar\u00eda de Salud y en Servicios de Salud de Veracruz. Te invito a revisar y dar seguimiento a la informaci\u00f3n relevante para garantizar una participaci\u00f3n informada y activa en la Comisi\u00f3n. <\/p>\n\n\n\n<hr class=\"wp-block-separator has-text-color has-luminous-vivid-amber-color has-alpha-channel-opacity has-luminous-vivid-amber-background-color has-background is-style-wide\" \/>\n\n\n\n<div style=\"height:48px\" aria-hidden=\"true\" class=\"wp-block-spacer\"><\/div>\n\n\n\n<div class=\"wp-block-group is-layout-grid wp-container-core-group-is-layout-1a149459 wp-block-group-is-layout-grid\">\n<figure class=\"wp-block-image size-full wp-container-content-ec55e6f3\"><a href=\"https:\/\/www.ssaver.gob.mx\/seic\/actas-de-sesion-ccmc-y-cemc-2024\/\"><img loading=\"lazy\" decoding=\"async\" width=\"512\" height=\"512\" src=\"https:\/\/www.ssaver.gob.mx\/seic\/wp-content\/uploads\/sites\/22\/2024\/12\/2024.png\" alt=\"\" class=\"wp-image-2845\" srcset=\"https:\/\/www.ssaver.gob.mx\/seic\/wp-content\/uploads\/sites\/22\/2024\/12\/2024.png 512w, https:\/\/www.ssaver.gob.mx\/seic\/wp-content\/uploads\/sites\/22\/2024\/12\/2024-300x300.png 300w, https:\/\/www.ssaver.gob.mx\/seic\/wp-content\/uploads\/sites\/22\/2024\/12\/2024-150x150.png 150w, https:\/\/www.ssaver.gob.mx\/seic\/wp-content\/uploads\/sites\/22\/2024\/12\/2024-215x215.png 215w\" sizes=\"auto, (max-width: 512px) 100vw, 512px\" \/><\/a><\/figure>\n\n\n\n<figure class=\"wp-block-image size-full wp-container-content-507449bd\"><img loading=\"lazy\" decoding=\"async\" width=\"1250\" height=\"1016\" src=\"https:\/\/www.ssaver.gob.mx\/seic\/wp-content\/uploads\/sites\/22\/2024\/09\/blanco-3.png\" alt=\"\" class=\"wp-image-2001\" srcset=\"https:\/\/www.ssaver.gob.mx\/seic\/wp-content\/uploads\/sites\/22\/2024\/09\/blanco-3.png 1250w, https:\/\/www.ssaver.gob.mx\/seic\/wp-content\/uploads\/sites\/22\/2024\/09\/blanco-3-300x244.png 300w, https:\/\/www.ssaver.gob.mx\/seic\/wp-content\/uploads\/sites\/22\/2024\/09\/blanco-3-1024x832.png 1024w, https:\/\/www.ssaver.gob.mx\/seic\/wp-content\/uploads\/sites\/22\/2024\/09\/blanco-3-768x624.png 768w\" sizes=\"auto, (max-width: 1250px) 100vw, 1250px\" \/><\/figure>\n\n\n\n<figure class=\"wp-block-image size-full\"><a href=\"https:\/\/www.ssaver.gob.mx\/seic\/actas-de-sesion-ccmc-2025\/\" target=\"_blank\" rel=\" noreferrer noopener\"><img loading=\"lazy\" decoding=\"async\" width=\"512\" height=\"512\" src=\"https:\/\/www.ssaver.gob.mx\/seic\/wp-content\/uploads\/sites\/22\/2025\/01\/calendario2025-2.jpg\" alt=\"\" class=\"wp-image-2963\" srcset=\"https:\/\/www.ssaver.gob.mx\/seic\/wp-content\/uploads\/sites\/22\/2025\/01\/calendario2025-2.jpg 512w, https:\/\/www.ssaver.gob.mx\/seic\/wp-content\/uploads\/sites\/22\/2025\/01\/calendario2025-2-300x300.jpg 300w, https:\/\/www.ssaver.gob.mx\/seic\/wp-content\/uploads\/sites\/22\/2025\/01\/calendario2025-2-150x150.jpg 150w, https:\/\/www.ssaver.gob.mx\/seic\/wp-content\/uploads\/sites\/22\/2025\/01\/calendario2025-2-215x215.jpg 215w\" sizes=\"auto, (max-width: 512px) 100vw, 512px\" \/><\/a><\/figure>\n\n\n\n<figure class=\"wp-block-image size-full wp-container-content-ec55e6f3\"><img loading=\"lazy\" decoding=\"async\" width=\"1250\" height=\"1016\" src=\"https:\/\/www.ssaver.gob.mx\/seic\/wp-content\/uploads\/sites\/22\/2024\/09\/blanco-3.png\" alt=\"\" class=\"wp-image-2001\" srcset=\"https:\/\/www.ssaver.gob.mx\/seic\/wp-content\/uploads\/sites\/22\/2024\/09\/blanco-3.png 1250w, https:\/\/www.ssaver.gob.mx\/seic\/wp-content\/uploads\/sites\/22\/2024\/09\/blanco-3-300x244.png 300w, https:\/\/www.ssaver.gob.mx\/seic\/wp-content\/uploads\/sites\/22\/2024\/09\/blanco-3-1024x832.png 1024w, https:\/\/www.ssaver.gob.mx\/seic\/wp-content\/uploads\/sites\/22\/2024\/09\/blanco-3-768x624.png 768w\" sizes=\"auto, (max-width: 1250px) 100vw, 1250px\" \/><\/figure>\n\n\n\n<figure class=\"wp-block-image size-full\"><a href=\"https:\/\/www.ssaver.gob.mx\/seic\/actas-de-sesion-ccmc-2026\/\"><img loading=\"lazy\" decoding=\"async\" width=\"512\" height=\"512\" src=\"https:\/\/www.ssaver.gob.mx\/seic\/wp-content\/uploads\/sites\/22\/2026\/03\/2026.png\" alt=\"\" class=\"wp-image-4172\" srcset=\"https:\/\/www.ssaver.gob.mx\/seic\/wp-content\/uploads\/sites\/22\/2026\/03\/2026.png 512w, https:\/\/www.ssaver.gob.mx\/seic\/wp-content\/uploads\/sites\/22\/2026\/03\/2026-300x300.png 300w, https:\/\/www.ssaver.gob.mx\/seic\/wp-content\/uploads\/sites\/22\/2026\/03\/2026-150x150.png 150w\" sizes=\"auto, (max-width: 512px) 100vw, 512px\" \/><\/a><\/figure>\n<\/div>\n","protected":false},"excerpt":{"rendered":"<p>Bienvenido al apartado de Actas de Sesi\u00f3n de la Comisi\u00f3n Central Mixta de Capacitaci\u00f3n. Aqu\u00ed podr\u00e1s consultar las Actas de<\/p>\n","protected":false},"author":31,"featured_media":0,"parent":0,"menu_order":0,"comment_status":"closed","ping_status":"closed","template":"","meta":{"colormag_page_container_layout":"default_layout","colormag_page_sidebar_layout":"default_layout","footnotes":""},"class_list":["post-2127","page","type-page","status-publish","hentry"],"_links":{"self":[{"href":"https:\/\/www.ssaver.gob.mx\/seic\/wp-json\/wp\/v2\/pages\/2127","targetHints":{"allow":["GET"]}}],"collection":[{"href":"https:\/\/www.ssaver.gob.mx\/seic\/wp-json\/wp\/v2\/pages"}],"about":[{"href":"https:\/\/www.ssaver.gob.mx\/seic\/wp-json\/wp\/v2\/types\/page"}],"author":[{"embeddable":true,"href":"https:\/\/www.ssaver.gob.mx\/seic\/wp-json\/wp\/v2\/users\/31"}],"replies":[{"embeddable":true,"href":"https:\/\/www.ssaver.gob.mx\/seic\/wp-json\/wp\/v2\/comments?post=2127"}],"version-history":[{"count":43,"href":"https:\/\/www.ssaver.gob.mx\/seic\/wp-json\/wp\/v2\/pages\/2127\/revisions"}],"predecessor-version":[{"id":4200,"href":"https:\/\/www.ssaver.gob.mx\/seic\/wp-json\/wp\/v2\/pages\/2127\/revisions\/4200"}],"wp:attachment":[{"href":"https:\/\/www.ssaver.gob.mx\/seic\/wp-json\/wp\/v2\/media?parent=2127"}],"curies":[{"name":"wp","href":"https:\/\/api.w.org\/{rel}","templated":true}]}}