{"id":2186,"date":"2024-09-24T11:02:17","date_gmt":"2024-09-24T16:02:17","guid":{"rendered":"https:\/\/www.ssaver.gob.mx\/seic\/?page_id=2186"},"modified":"2025-11-06T14:02:07","modified_gmt":"2025-11-06T20:02:07","slug":"creditos-y-constancias","status":"publish","type":"page","link":"https:\/\/www.ssaver.gob.mx\/seic\/creditos-y-constancias\/","title":{"rendered":"Cr\u00e9ditos y Constancias"},"content":{"rendered":"\n<figure class=\"wp-block-image size-large\"><img loading=\"lazy\" decoding=\"async\" width=\"1024\" height=\"278\" src=\"https:\/\/www.ssaver.gob.mx\/seic\/wp-content\/uploads\/sites\/22\/2024\/09\/a-photo-of-a-training-program-with-various-materia-zoyzdT0uQ4W8QiTka7aVSA-acUraSh3SiSa0LzbCIOLdQ-1024x278.jpeg\" alt=\"\" class=\"wp-image-1957\" srcset=\"https:\/\/www.ssaver.gob.mx\/seic\/wp-content\/uploads\/sites\/22\/2024\/09\/a-photo-of-a-training-program-with-various-materia-zoyzdT0uQ4W8QiTka7aVSA-acUraSh3SiSa0LzbCIOLdQ-1024x278.jpeg 1024w, https:\/\/www.ssaver.gob.mx\/seic\/wp-content\/uploads\/sites\/22\/2024\/09\/a-photo-of-a-training-program-with-various-materia-zoyzdT0uQ4W8QiTka7aVSA-acUraSh3SiSa0LzbCIOLdQ-300x81.jpeg 300w, https:\/\/www.ssaver.gob.mx\/seic\/wp-content\/uploads\/sites\/22\/2024\/09\/a-photo-of-a-training-program-with-various-materia-zoyzdT0uQ4W8QiTka7aVSA-acUraSh3SiSa0LzbCIOLdQ-768x208.jpeg 768w, https:\/\/www.ssaver.gob.mx\/seic\/wp-content\/uploads\/sites\/22\/2024\/09\/a-photo-of-a-training-program-with-various-materia-zoyzdT0uQ4W8QiTka7aVSA-acUraSh3SiSa0LzbCIOLdQ.jpeg 1305w\" sizes=\"auto, (max-width: 1024px) 100vw, 1024px\" \/><\/figure>\n\n\n\n<hr class=\"wp-block-separator has-text-color has-luminous-vivid-amber-color has-alpha-channel-opacity has-luminous-vivid-amber-background-color has-background is-style-wide\" \/>\n\n\n\n<p class=\"has-text-align-center has-text-color has-link-color has-large-font-size wp-elements-23b856833f4e4f58140c28f47e2f61d7\" style=\"color:#7a1737\"><strong>Para otorgar cr\u00e9ditos institucionales en las constancias deber\u00e1 atender los siguientes requisitos:<\/strong><\/p>\n\n\n\n<hr class=\"wp-block-separator has-text-color has-luminous-vivid-amber-color has-alpha-channel-opacity has-luminous-vivid-amber-background-color has-background is-style-wide\" \/>\n\n\n\n<ul style=\"color:#5b4c0d\" class=\"wp-block-list has-text-color has-link-color wp-elements-972c0f9a8a32c9bb6d0325c4eca84490\">\n<li class=\"has-text-color has-link-color has-medium-font-size wp-elements-d7cd26ef5972178451fd18e81314a71c\" style=\"color:#7a1737\">El dise\u00f1o del evento deber\u00e1 contemplar una duraci\u00f3n m\u00ednima de <strong>ocho (8) horas te\u00f3ricas<\/strong> o <strong>diecis\u00e9is (16) horas pr\u00e1cticas<\/strong>.<\/li>\n\n\n\n<li class=\"has-text-color has-link-color has-medium-font-size wp-elements-ac4be2e95f74b7ab7593181772f3e56f\" style=\"color:#7a1737\">El evento deber\u00e1 <strong>incluir un proceso de evaluaci\u00f3n<\/strong> que permita valorar el aprovechamiento acad\u00e9mico de los participantes.<\/li>\n\n\n\n<li class=\"has-text-color has-link-color has-medium-font-size wp-elements-f9d3445e85fc27571147561f14d99d77\" style=\"color:#7a1737\">El participante deber\u00e1 <strong>obtener una calificaci\u00f3n m\u00ednima aprobatoria de ochenta (80)<\/strong>, expresada en n\u00famero entero sin decimales, dentro de una escala del 1 al 100. Asimismo, deber\u00e1 presentarse la <strong>evidencia de evaluaci\u00f3n<\/strong> mediante el <strong>formato institucional de calificaciones<\/strong>, debidamente <strong>firmado por el ponente, instructor o facilitador<\/strong>, que respalde el proceso de evaluaci\u00f3n y la calificaci\u00f3n obtenida.<\/li>\n\n\n\n<li class=\"has-text-color has-link-color has-medium-font-size wp-elements-1bd7dbe775d0b8d7cca388d87b1141e1\" style=\"color:#7a1737\">La <strong>tramitaci\u00f3n de las constancias<\/strong> deber\u00e1 realizarse a trav\u00e9s del <strong>Enlace de Capacitaci\u00f3n y\/o Enlace de Ense\u00f1anza<\/strong> de la unidad aplicativa correspondiente.<\/li>\n\n\n\n<li class=\"has-text-color has-link-color has-medium-font-size wp-elements-2f4fcaf53d787f6f94f94a1d7a63da38\" style=\"color:#7a1737\">En el caso del <strong>ponente, instructor o facilitador<\/strong>, se otorgar\u00e1 <strong>un cr\u00e9dito por cada cuatro (4) horas te\u00f3ricas o cada ocho (8) horas pr\u00e1cticas<\/strong>, siempre y cuando el evento cumpla con los requisitos establecidos para la asignaci\u00f3n de cr\u00e9ditos institucionales.<\/li>\n<\/ul>\n\n\n\n<div class=\"wp-block-group is-layout-grid wp-container-core-group-is-layout-478b6e6b wp-block-group-is-layout-grid\">\n<figure class=\"wp-block-image size-full\"><img loading=\"lazy\" decoding=\"async\" width=\"1024\" height=\"1016\" src=\"https:\/\/www.ssaver.gob.mx\/seic\/wp-content\/uploads\/sites\/22\/2024\/09\/espacio.png\" alt=\"\" class=\"wp-image-2101\" srcset=\"https:\/\/www.ssaver.gob.mx\/seic\/wp-content\/uploads\/sites\/22\/2024\/09\/espacio.png 1024w, https:\/\/www.ssaver.gob.mx\/seic\/wp-content\/uploads\/sites\/22\/2024\/09\/espacio-300x298.png 300w, https:\/\/www.ssaver.gob.mx\/seic\/wp-content\/uploads\/sites\/22\/2024\/09\/espacio-150x150.png 150w, https:\/\/www.ssaver.gob.mx\/seic\/wp-content\/uploads\/sites\/22\/2024\/09\/espacio-768x762.png 768w\" sizes=\"auto, (max-width: 1024px) 100vw, 1024px\" \/><\/figure>\n\n\n\n<figure class=\"wp-block-image size-full\"><img loading=\"lazy\" decoding=\"async\" width=\"1024\" height=\"1016\" src=\"https:\/\/www.ssaver.gob.mx\/seic\/wp-content\/uploads\/sites\/22\/2024\/09\/espacio.png\" alt=\"\" class=\"wp-image-2101\" srcset=\"https:\/\/www.ssaver.gob.mx\/seic\/wp-content\/uploads\/sites\/22\/2024\/09\/espacio.png 1024w, https:\/\/www.ssaver.gob.mx\/seic\/wp-content\/uploads\/sites\/22\/2024\/09\/espacio-300x298.png 300w, https:\/\/www.ssaver.gob.mx\/seic\/wp-content\/uploads\/sites\/22\/2024\/09\/espacio-150x150.png 150w, https:\/\/www.ssaver.gob.mx\/seic\/wp-content\/uploads\/sites\/22\/2024\/09\/espacio-768x762.png 768w\" sizes=\"auto, (max-width: 1024px) 100vw, 1024px\" \/><\/figure>\n\n\n\n<figure class=\"wp-block-image size-full is-resized is-style-rounded wp-container-content-72558541\"><a href=\"http:\/\/siraec.ssaver.gob.mx\/constancias\/individual\" target=\"_blank\" rel=\"noreferrer noopener\"><img loading=\"lazy\" decoding=\"async\" width=\"1021\" height=\"243\" src=\"https:\/\/www.ssaver.gob.mx\/seic\/wp-content\/uploads\/sites\/22\/2024\/10\/boton.png\" alt=\"\" class=\"wp-image-2470\" style=\"width:395px;height:auto\" srcset=\"https:\/\/www.ssaver.gob.mx\/seic\/wp-content\/uploads\/sites\/22\/2024\/10\/boton.png 1021w, https:\/\/www.ssaver.gob.mx\/seic\/wp-content\/uploads\/sites\/22\/2024\/10\/boton-300x71.png 300w, https:\/\/www.ssaver.gob.mx\/seic\/wp-content\/uploads\/sites\/22\/2024\/10\/boton-768x183.png 768w\" sizes=\"auto, (max-width: 1021px) 100vw, 1021px\" \/><\/a><\/figure>\n<\/div>\n\n\n\n<p><\/p>\n","protected":false},"excerpt":{"rendered":"<p>Para otorgar cr\u00e9ditos institucionales en las constancias deber\u00e1 atender los siguientes requisitos:<\/p>\n","protected":false},"author":31,"featured_media":0,"parent":0,"menu_order":0,"comment_status":"closed","ping_status":"closed","template":"","meta":{"colormag_page_container_layout":"default_layout","colormag_page_sidebar_layout":"default_layout","footnotes":""},"class_list":["post-2186","page","type-page","status-publish","hentry"],"_links":{"self":[{"href":"https:\/\/www.ssaver.gob.mx\/seic\/wp-json\/wp\/v2\/pages\/2186","targetHints":{"allow":["GET"]}}],"collection":[{"href":"https:\/\/www.ssaver.gob.mx\/seic\/wp-json\/wp\/v2\/pages"}],"about":[{"href":"https:\/\/www.ssaver.gob.mx\/seic\/wp-json\/wp\/v2\/types\/page"}],"author":[{"embeddable":true,"href":"https:\/\/www.ssaver.gob.mx\/seic\/wp-json\/wp\/v2\/users\/31"}],"replies":[{"embeddable":true,"href":"https:\/\/www.ssaver.gob.mx\/seic\/wp-json\/wp\/v2\/comments?post=2186"}],"version-history":[{"count":18,"href":"https:\/\/www.ssaver.gob.mx\/seic\/wp-json\/wp\/v2\/pages\/2186\/revisions"}],"predecessor-version":[{"id":3925,"href":"https:\/\/www.ssaver.gob.mx\/seic\/wp-json\/wp\/v2\/pages\/2186\/revisions\/3925"}],"wp:attachment":[{"href":"https:\/\/www.ssaver.gob.mx\/seic\/wp-json\/wp\/v2\/media?parent=2186"}],"curies":[{"name":"wp","href":"https:\/\/api.w.org\/{rel}","templated":true}]}}