{"id":2820,"date":"2024-12-10T14:41:31","date_gmt":"2024-12-10T20:41:31","guid":{"rendered":"https:\/\/www.ssaver.gob.mx\/seic\/?page_id=2820"},"modified":"2026-03-02T09:26:02","modified_gmt":"2026-03-02T15:26:02","slug":"circulares-del-programa-de-capacitacion-y-educacion-continua","status":"publish","type":"page","link":"https:\/\/www.ssaver.gob.mx\/seic\/circulares-del-programa-de-capacitacion-y-educacion-continua\/","title":{"rendered":"Circulares del Programa de Capacitaci\u00f3n y Educaci\u00f3n Continua"},"content":{"rendered":"\n<figure class=\"wp-block-image aligncenter size-full is-resized\"><img loading=\"lazy\" decoding=\"async\" width=\"327\" height=\"88\" src=\"https:\/\/www.ssaver.gob.mx\/seic\/wp-content\/uploads\/sites\/22\/2024\/12\/circular.png\" alt=\"\" class=\"wp-image-2825\" style=\"width:935px;height:auto\" srcset=\"https:\/\/www.ssaver.gob.mx\/seic\/wp-content\/uploads\/sites\/22\/2024\/12\/circular.png 327w, https:\/\/www.ssaver.gob.mx\/seic\/wp-content\/uploads\/sites\/22\/2024\/12\/circular-300x81.png 300w\" sizes=\"auto, (max-width: 327px) 100vw, 327px\" \/><\/figure>\n\n\n\n<div style=\"height:50px\" aria-hidden=\"true\" class=\"wp-block-spacer\"><\/div>\n\n\n\n<p class=\"has-text-color has-link-color has-medium-font-size wp-elements-fec779cd2657c0024274682cd78a7c81\" style=\"color:#7a1737\"><strong>\u00a1Bienvenido al apartado de Circulares del Programa de Capacitaci\u00f3n y Educaci\u00f3n Continua!<\/strong><\/p>\n\n\n\n<p class=\"has-text-color has-link-color has-medium-font-size wp-elements-63826cf4e3dae8c5d211ea7e75ae1edc\" style=\"color:#7a1737\"><strong>En este espacio, encontrar\u00e1s las circulares elaboradas por el programa, con el prop\u00f3sito de facilitar el acceso a informaci\u00f3n clave que fortalece los procesos de capacitaci\u00f3n en la Secretar\u00eda de Salud y los Servicios de Salud de Veracruz.<\/strong><\/p>\n\n\n\n<p class=\"has-text-color has-link-color has-medium-font-size wp-elements-b135c2f8889f57ad77d16d6f3a8b92ef\" style=\"color:#7a1737\"><strong>Te invitamos a consultar y dar seguimiento a las circulares disponibles, asegurando as\u00ed una participaci\u00f3n informada y alineada con los objetivos de capacitaci\u00f3n.<\/strong><\/p>\n\n\n\n<div style=\"height:30px\" aria-hidden=\"true\" class=\"wp-block-spacer\"><\/div>\n\n\n\n<div class=\"wp-block-group is-layout-grid wp-container-core-group-is-layout-478b6e6b wp-block-group-is-layout-grid\">\n<figure class=\"wp-block-image size-full\"><img loading=\"lazy\" decoding=\"async\" width=\"512\" height=\"512\" src=\"https:\/\/www.ssaver.gob.mx\/seic\/wp-content\/uploads\/sites\/22\/2025\/06\/enero-25.png\" alt=\"\" class=\"wp-image-3764\" srcset=\"https:\/\/www.ssaver.gob.mx\/seic\/wp-content\/uploads\/sites\/22\/2025\/06\/enero-25.png 512w, https:\/\/www.ssaver.gob.mx\/seic\/wp-content\/uploads\/sites\/22\/2025\/06\/enero-25-300x300.png 300w, https:\/\/www.ssaver.gob.mx\/seic\/wp-content\/uploads\/sites\/22\/2025\/06\/enero-25-150x150.png 150w\" sizes=\"auto, (max-width: 512px) 100vw, 512px\" \/><\/figure>\n\n\n\n<figure class=\"wp-block-image size-full\"><img loading=\"lazy\" decoding=\"async\" width=\"1016\" height=\"1016\" src=\"https:\/\/www.ssaver.gob.mx\/seic\/wp-content\/uploads\/sites\/22\/2024\/11\/blanco-2-edited.png\" alt=\"\" class=\"wp-image-2511\" srcset=\"https:\/\/www.ssaver.gob.mx\/seic\/wp-content\/uploads\/sites\/22\/2024\/11\/blanco-2-edited.png 1016w, https:\/\/www.ssaver.gob.mx\/seic\/wp-content\/uploads\/sites\/22\/2024\/11\/blanco-2-edited-300x300.png 300w, https:\/\/www.ssaver.gob.mx\/seic\/wp-content\/uploads\/sites\/22\/2024\/11\/blanco-2-edited-150x150.png 150w, https:\/\/www.ssaver.gob.mx\/seic\/wp-content\/uploads\/sites\/22\/2024\/11\/blanco-2-edited-768x768.png 768w, https:\/\/www.ssaver.gob.mx\/seic\/wp-content\/uploads\/sites\/22\/2024\/11\/blanco-2-edited-215x215.png 215w\" sizes=\"auto, (max-width: 1016px) 100vw, 1016px\" \/><\/figure>\n\n\n\n<ul class=\"wp-block-list wp-container-content-72558541\">\n<li class=\"has-text-color has-link-color has-medium-font-size wp-elements-c2d807b54cb044b53b2d31266ce59762\" style=\"color:#7a1737\"><a href=\"https:\/\/www.ssaver.gob.mx\/seic\/wp-content\/uploads\/sites\/22\/2023\/05\/Circ.-732-Registro-y-validac.pdf\" data-type=\"link\" data-id=\"https:\/\/www.ssaver.gob.mx\/seic\/wp-content\/uploads\/sites\/22\/2023\/05\/Circ.-732-Registro-y-validac.pdf\" target=\"_blank\" rel=\"noreferrer noopener\"><\/a><strong><strong><strong><a href=\"https:\/\/www.ssaver.gob.mx\/seic\/wp-content\/uploads\/sites\/22\/2026\/03\/Circular-No.-030-Relacion-con-cursos-SIESABI.pdf\" data-type=\"link\" data-id=\"https:\/\/www.ssaver.gob.mx\/seic\/wp-content\/uploads\/sites\/22\/2026\/03\/Circular-No.-030-Relacion-con-cursos-SIESABI.pdf\">Circular No. 030 &#8211; Relaci\u00f3n con cursos SIESABI<\/a><\/strong><\/strong><\/strong><\/li>\n\n\n\n<li class=\"has-text-color has-link-color has-medium-font-size wp-elements-0619d74e31a0b05dd5cc8cfaf233d55c\" style=\"color:#7a1737\"><a href=\"https:\/\/www.ssaver.gob.mx\/seic\/wp-content\/uploads\/sites\/22\/2023\/05\/Circ.-732-Registro-y-validac.pdf\" data-type=\"link\" data-id=\"https:\/\/www.ssaver.gob.mx\/seic\/wp-content\/uploads\/sites\/22\/2023\/05\/Circ.-732-Registro-y-validac.pdf\" target=\"_blank\" rel=\"noreferrer noopener\"><\/a><strong><strong><strong><a href=\"https:\/\/www.ssaver.gob.mx\/seic\/wp-content\/uploads\/sites\/22\/2026\/03\/Circular-No.-069-Actualizacion-de-firma-digital.pdf\" data-type=\"link\" data-id=\"https:\/\/www.ssaver.gob.mx\/seic\/wp-content\/uploads\/sites\/22\/2026\/03\/Circular-No.-069-Actualizacion-de-firma-digital.pdf\">Circular No. 069 &#8211; Actualizaci\u00f3n de firma digital<\/a><\/strong><\/strong><\/strong><\/li>\n<\/ul>\n<\/div>\n\n\n\n<div style=\"height:10px\" aria-hidden=\"true\" class=\"wp-block-spacer\"><\/div>\n\n\n\n<div class=\"wp-block-group is-layout-grid wp-container-core-group-is-layout-478b6e6b wp-block-group-is-layout-grid\">\n<figure class=\"wp-block-image size-full\"><img loading=\"lazy\" decoding=\"async\" width=\"512\" height=\"512\" src=\"https:\/\/www.ssaver.gob.mx\/seic\/wp-content\/uploads\/sites\/22\/2025\/06\/febrero-25.png\" alt=\"\" class=\"wp-image-3768\" srcset=\"https:\/\/www.ssaver.gob.mx\/seic\/wp-content\/uploads\/sites\/22\/2025\/06\/febrero-25.png 512w, https:\/\/www.ssaver.gob.mx\/seic\/wp-content\/uploads\/sites\/22\/2025\/06\/febrero-25-300x300.png 300w, https:\/\/www.ssaver.gob.mx\/seic\/wp-content\/uploads\/sites\/22\/2025\/06\/febrero-25-150x150.png 150w\" sizes=\"auto, (max-width: 512px) 100vw, 512px\" \/><\/figure>\n\n\n\n<figure class=\"wp-block-image size-full\"><img loading=\"lazy\" decoding=\"async\" width=\"1016\" height=\"1016\" src=\"https:\/\/www.ssaver.gob.mx\/seic\/wp-content\/uploads\/sites\/22\/2024\/11\/blanco-2-edited.png\" alt=\"\" class=\"wp-image-2511\" srcset=\"https:\/\/www.ssaver.gob.mx\/seic\/wp-content\/uploads\/sites\/22\/2024\/11\/blanco-2-edited.png 1016w, https:\/\/www.ssaver.gob.mx\/seic\/wp-content\/uploads\/sites\/22\/2024\/11\/blanco-2-edited-300x300.png 300w, https:\/\/www.ssaver.gob.mx\/seic\/wp-content\/uploads\/sites\/22\/2024\/11\/blanco-2-edited-150x150.png 150w, https:\/\/www.ssaver.gob.mx\/seic\/wp-content\/uploads\/sites\/22\/2024\/11\/blanco-2-edited-768x768.png 768w, https:\/\/www.ssaver.gob.mx\/seic\/wp-content\/uploads\/sites\/22\/2024\/11\/blanco-2-edited-215x215.png 215w\" sizes=\"auto, (max-width: 1016px) 100vw, 1016px\" \/><\/figure>\n\n\n\n<ul class=\"wp-block-list wp-container-content-72558541\">\n<li class=\"has-text-color has-link-color has-medium-font-size wp-elements-86ab8bb494f97e449628aba914002015\" style=\"color:#7a1737\"><strong><a href=\"https:\/\/www.ssaver.gob.mx\/seic\/wp-content\/uploads\/sites\/22\/2023\/05\/Circ.-1806_Asignacion-ctas-SNAC.pdf\" data-type=\"link\" data-id=\"https:\/\/www.ssaver.gob.mx\/seic\/wp-content\/uploads\/sites\/22\/2023\/05\/Circ.-1806_Asignacion-ctas-SNAC.pdf\" target=\"_blank\" rel=\"noreferrer noopener\"><\/a><a href=\"https:\/\/www.ssaver.gob.mx\/seic\/wp-content\/uploads\/sites\/22\/2026\/03\/Circular-No.-145-Calendario-de-reuniones.pdf\" data-type=\"link\" data-id=\"https:\/\/www.ssaver.gob.mx\/seic\/wp-content\/uploads\/sites\/22\/2026\/03\/Circular-No.-145-Calendario-de-reuniones.pdf\">Circular No. 145 &#8211; Calendario de reuniones<\/a><\/strong><\/li>\n\n\n\n<li class=\"has-text-color has-link-color has-medium-font-size wp-elements-a467d741f0e6ef69b0a904503931cb1c\" style=\"color:#7a1737\"><strong><a href=\"https:\/\/www.ssaver.gob.mx\/seic\/wp-content\/uploads\/sites\/22\/2023\/05\/Circ.-1806_Asignacion-ctas-SNAC.pdf\" data-type=\"link\" data-id=\"https:\/\/www.ssaver.gob.mx\/seic\/wp-content\/uploads\/sites\/22\/2023\/05\/Circ.-1806_Asignacion-ctas-SNAC.pdf\" target=\"_blank\" rel=\"noreferrer noopener\"><\/a><a href=\"https:\/\/www.ssaver.gob.mx\/seic\/wp-content\/uploads\/sites\/22\/2026\/03\/Circular-No.-242-Curso-virtual-Diagnostico-y-manejo-clinico-de-dengue.pdf\" data-type=\"link\" data-id=\"https:\/\/www.ssaver.gob.mx\/seic\/wp-content\/uploads\/sites\/22\/2026\/03\/Circular-No.-242-Curso-virtual-Diagnostico-y-manejo-clinico-de-dengue.pdf\">Circular No. 242 &#8211; Curso virtual Diagnostico y manejo cl\u00ednico de dengue<\/a><\/strong><\/li>\n<\/ul>\n<\/div>\n","protected":false},"excerpt":{"rendered":"<p>\u00a1Bienvenido al apartado de Circulares del Programa de Capacitaci\u00f3n y Educaci\u00f3n Continua! En este espacio, encontrar\u00e1s las circulares elaboradas por<\/p>\n","protected":false},"author":31,"featured_media":0,"parent":0,"menu_order":0,"comment_status":"closed","ping_status":"closed","template":"","meta":{"colormag_page_container_layout":"default_layout","colormag_page_sidebar_layout":"default_layout","footnotes":""},"class_list":["post-2820","page","type-page","status-publish","hentry"],"_links":{"self":[{"href":"https:\/\/www.ssaver.gob.mx\/seic\/wp-json\/wp\/v2\/pages\/2820","targetHints":{"allow":["GET"]}}],"collection":[{"href":"https:\/\/www.ssaver.gob.mx\/seic\/wp-json\/wp\/v2\/pages"}],"about":[{"href":"https:\/\/www.ssaver.gob.mx\/seic\/wp-json\/wp\/v2\/types\/page"}],"author":[{"embeddable":true,"href":"https:\/\/www.ssaver.gob.mx\/seic\/wp-json\/wp\/v2\/users\/31"}],"replies":[{"embeddable":true,"href":"https:\/\/www.ssaver.gob.mx\/seic\/wp-json\/wp\/v2\/comments?post=2820"}],"version-history":[{"count":85,"href":"https:\/\/www.ssaver.gob.mx\/seic\/wp-json\/wp\/v2\/pages\/2820\/revisions"}],"predecessor-version":[{"id":4154,"href":"https:\/\/www.ssaver.gob.mx\/seic\/wp-json\/wp\/v2\/pages\/2820\/revisions\/4154"}],"wp:attachment":[{"href":"https:\/\/www.ssaver.gob.mx\/seic\/wp-json\/wp\/v2\/media?parent=2820"}],"curies":[{"name":"wp","href":"https:\/\/api.w.org\/{rel}","templated":true}]}}