{"id":2863,"date":"2024-12-11T11:04:44","date_gmt":"2024-12-11T17:04:44","guid":{"rendered":"https:\/\/www.ssaver.gob.mx\/seic\/?page_id=2863"},"modified":"2025-02-13T12:37:54","modified_gmt":"2025-02-13T18:37:54","slug":"manuales","status":"publish","type":"page","link":"https:\/\/www.ssaver.gob.mx\/seic\/manuales\/","title":{"rendered":"Manuales"},"content":{"rendered":"\n<figure class=\"wp-block-image aligncenter size-full is-resized\"><img loading=\"lazy\" decoding=\"async\" width=\"830\" height=\"223\" src=\"https:\/\/www.ssaver.gob.mx\/seic\/wp-content\/uploads\/sites\/22\/2024\/12\/baner-manual.png\" alt=\"\" class=\"wp-image-2864\" style=\"width:1100px;height:auto\" srcset=\"https:\/\/www.ssaver.gob.mx\/seic\/wp-content\/uploads\/sites\/22\/2024\/12\/baner-manual.png 830w, https:\/\/www.ssaver.gob.mx\/seic\/wp-content\/uploads\/sites\/22\/2024\/12\/baner-manual-300x81.png 300w, https:\/\/www.ssaver.gob.mx\/seic\/wp-content\/uploads\/sites\/22\/2024\/12\/baner-manual-768x206.png 768w\" sizes=\"auto, (max-width: 830px) 100vw, 830px\" \/><\/figure>\n\n\n\n<p class=\"has-text-color has-link-color has-medium-font-size wp-elements-ff99e13b37f656f26038fbc460718752\" style=\"color:#7a1737\"><strong>\u00a1Te damos la bienvenida al apartado de manuales utilizados en los procesos de capacitaci\u00f3n!<\/strong><\/p>\n\n\n\n<p class=\"has-text-color has-link-color has-medium-font-size wp-elements-3b5a8feb2136b36c6c2344d7b80c4c11\" style=\"color:#7a1737\"><strong>En este espacio, encontrar\u00e1s manuales desarrollados tanto por el programa como por plataformas externas a los Servicios de Salud de Veracruz. Su objetivo es facilitar el acceso a informaci\u00f3n clave que refuerza la capacitaci\u00f3n del personal.<\/strong><\/p>\n\n\n\n<p class=\"has-text-color has-link-color has-medium-font-size wp-elements-c519716651b12b58890dbb61dba4955c\" style=\"color:#7a1737\"><strong>Te invitamos a explorar y dar seguimiento a los manuales disponibles, para asegurar una participaci\u00f3n informada y alineada con los objetivos establecidos.<\/strong><\/p>\n\n\n\n<div style=\"height:100px\" aria-hidden=\"true\" class=\"wp-block-spacer\"><\/div>\n\n\n\n<hr class=\"wp-block-separator has-text-color has-alpha-channel-opacity has-background is-style-wide\" style=\"background-color:#b28854;color:#b28854\" \/>\n\n\n\n<p class=\"has-text-align-center has-large-font-size\"><strong>Plataformas<\/strong><\/p>\n\n\n\n<hr class=\"wp-block-separator has-text-color has-alpha-channel-opacity has-background is-style-wide\" style=\"background-color:#b28854;color:#b28854\" \/>\n\n\n\n<div style=\"height:100px\" aria-hidden=\"true\" class=\"wp-block-spacer\"><\/div>\n\n\n\n<div class=\"wp-block-group is-layout-grid wp-container-core-group-is-layout-478b6e6b wp-block-group-is-layout-grid\">\n<figure class=\"wp-block-image size-full\"><a href=\"https:\/\/siraec.ssaver.gob.mx\/\" target=\"_blank\" rel=\" noreferrer noopener\"><img loading=\"lazy\" decoding=\"async\" width=\"512\" height=\"512\" src=\"https:\/\/www.ssaver.gob.mx\/seic\/wp-content\/uploads\/sites\/22\/2024\/12\/siraec-n.png\" alt=\"\" class=\"wp-image-2892\" srcset=\"https:\/\/www.ssaver.gob.mx\/seic\/wp-content\/uploads\/sites\/22\/2024\/12\/siraec-n.png 512w, https:\/\/www.ssaver.gob.mx\/seic\/wp-content\/uploads\/sites\/22\/2024\/12\/siraec-n-300x300.png 300w, https:\/\/www.ssaver.gob.mx\/seic\/wp-content\/uploads\/sites\/22\/2024\/12\/siraec-n-150x150.png 150w, https:\/\/www.ssaver.gob.mx\/seic\/wp-content\/uploads\/sites\/22\/2024\/12\/siraec-n-215x215.png 215w\" sizes=\"auto, (max-width: 512px) 100vw, 512px\" \/><\/a><\/figure>\n\n\n\n<figure class=\"wp-block-image size-full\"><img loading=\"lazy\" decoding=\"async\" width=\"1016\" height=\"1016\" src=\"https:\/\/www.ssaver.gob.mx\/seic\/wp-content\/uploads\/sites\/22\/2024\/11\/blanco-2-edited.png\" alt=\"\" class=\"wp-image-2511\" srcset=\"https:\/\/www.ssaver.gob.mx\/seic\/wp-content\/uploads\/sites\/22\/2024\/11\/blanco-2-edited.png 1016w, https:\/\/www.ssaver.gob.mx\/seic\/wp-content\/uploads\/sites\/22\/2024\/11\/blanco-2-edited-300x300.png 300w, https:\/\/www.ssaver.gob.mx\/seic\/wp-content\/uploads\/sites\/22\/2024\/11\/blanco-2-edited-150x150.png 150w, https:\/\/www.ssaver.gob.mx\/seic\/wp-content\/uploads\/sites\/22\/2024\/11\/blanco-2-edited-768x768.png 768w, https:\/\/www.ssaver.gob.mx\/seic\/wp-content\/uploads\/sites\/22\/2024\/11\/blanco-2-edited-215x215.png 215w\" sizes=\"auto, (max-width: 1016px) 100vw, 1016px\" \/><\/figure>\n\n\n\n<ul class=\"wp-block-list wp-container-content-72558541\">\n<li class=\"has-text-color has-link-color has-medium-font-size wp-elements-a2cb836cf1ceb45834cd4611752a59f5\" style=\"color:#7a1737\"><strong><a href=\"https:\/\/www.ssaver.gob.mx\/seic\/wp-content\/uploads\/sites\/22\/2024\/12\/Captura-de-INC.pdf\" data-type=\"link\" data-id=\"https:\/\/www.ssaver.gob.mx\/seic\/wp-content\/uploads\/sites\/22\/2024\/12\/Captura-de-INC.pdf\" target=\"_blank\" rel=\"noreferrer noopener\">Registro de la INC<\/a><\/strong><\/li>\n\n\n\n<li class=\"has-text-color has-link-color has-medium-font-size wp-elements-004c92761875c8f1776fe20110591609\" style=\"color:#7a1737\"><strong>Manual de operaci\u00f3n del sistema<\/strong><\/li>\n\n\n\n<li class=\"has-text-color has-link-color has-medium-font-size wp-elements-056b4d6a2a32140751f503ac17457ce8\" style=\"color:#7a1737\"><strong><a href=\"https:\/\/www.ssaver.gob.mx\/seic\/wp-content\/uploads\/sites\/22\/2024\/12\/Descargar-su-PEC-2025.pdf\" data-type=\"link\" data-id=\"https:\/\/www.ssaver.gob.mx\/seic\/wp-content\/uploads\/sites\/22\/2024\/12\/Descargar-su-PEC-2025.pdf\" target=\"_blank\" rel=\"noreferrer noopener\">Gu\u00eda para descargar el PEC 2025<\/a><\/strong><\/li>\n\n\n\n<li class=\"has-text-color has-link-color has-medium-font-size wp-elements-8419bf94c293f1648053a073626da1fe\" style=\"color:#7a1737\"><strong><a href=\"https:\/\/www.ssaver.gob.mx\/seic\/wp-content\/uploads\/sites\/22\/2025\/02\/Guia-para-la-validacion-de-un-evento-y-o-sesion.pdf\" data-type=\"link\" data-id=\"https:\/\/www.ssaver.gob.mx\/seic\/wp-content\/uploads\/sites\/22\/2025\/02\/Guia-para-la-validacion-de-un-evento-y-o-sesion.pdf\" target=\"_blank\" rel=\"noreferrer noopener\">Gu\u00eda para la validaci\u00f3n de un Eventos y\/o Sesiones<\/a><\/strong><\/li>\n\n\n\n<li class=\"has-text-color has-link-color has-medium-font-size wp-elements-4ce50caa1c1b070f20957a7dc8506b27\" style=\"color:#7a1737\"><strong><a href=\"https:\/\/www.ssaver.gob.mx\/seic\/wp-content\/uploads\/sites\/22\/2025\/02\/Guia-para-la-generacion-de-constancias-y-o-reconocimientos.pdf\" data-type=\"link\" data-id=\"https:\/\/www.ssaver.gob.mx\/seic\/wp-content\/uploads\/sites\/22\/2025\/02\/Guia-para-la-generacion-de-constancias-y-o-reconocimientos.pdf\" target=\"_blank\" rel=\"noreferrer noopener\">Gu\u00eda para la Generaci\u00f3n de Constancias y\/o Reconocimientos<\/a><\/strong><\/li>\n<\/ul>\n<\/div>\n\n\n\n<div style=\"height:100px\" aria-hidden=\"true\" class=\"wp-block-spacer\"><\/div>\n\n\n\n<div class=\"wp-block-group is-layout-grid wp-container-core-group-is-layout-478b6e6b wp-block-group-is-layout-grid\">\n<figure class=\"wp-block-image size-full\"><a href=\"https:\/\/dgces.salud.gob.mx\/snac\/index.php\" target=\"_blank\" rel=\" noreferrer noopener\"><img loading=\"lazy\" decoding=\"async\" width=\"512\" height=\"512\" src=\"https:\/\/www.ssaver.gob.mx\/seic\/wp-content\/uploads\/sites\/22\/2024\/12\/snac-n.png\" alt=\"\" class=\"wp-image-2894\" srcset=\"https:\/\/www.ssaver.gob.mx\/seic\/wp-content\/uploads\/sites\/22\/2024\/12\/snac-n.png 512w, https:\/\/www.ssaver.gob.mx\/seic\/wp-content\/uploads\/sites\/22\/2024\/12\/snac-n-300x300.png 300w, https:\/\/www.ssaver.gob.mx\/seic\/wp-content\/uploads\/sites\/22\/2024\/12\/snac-n-150x150.png 150w, https:\/\/www.ssaver.gob.mx\/seic\/wp-content\/uploads\/sites\/22\/2024\/12\/snac-n-215x215.png 215w\" sizes=\"auto, (max-width: 512px) 100vw, 512px\" \/><\/a><\/figure>\n\n\n\n<figure class=\"wp-block-image size-full\"><img loading=\"lazy\" decoding=\"async\" width=\"1016\" height=\"1016\" src=\"https:\/\/www.ssaver.gob.mx\/seic\/wp-content\/uploads\/sites\/22\/2024\/11\/blanco-2-edited.png\" alt=\"\" class=\"wp-image-2511\" srcset=\"https:\/\/www.ssaver.gob.mx\/seic\/wp-content\/uploads\/sites\/22\/2024\/11\/blanco-2-edited.png 1016w, https:\/\/www.ssaver.gob.mx\/seic\/wp-content\/uploads\/sites\/22\/2024\/11\/blanco-2-edited-300x300.png 300w, https:\/\/www.ssaver.gob.mx\/seic\/wp-content\/uploads\/sites\/22\/2024\/11\/blanco-2-edited-150x150.png 150w, https:\/\/www.ssaver.gob.mx\/seic\/wp-content\/uploads\/sites\/22\/2024\/11\/blanco-2-edited-768x768.png 768w, https:\/\/www.ssaver.gob.mx\/seic\/wp-content\/uploads\/sites\/22\/2024\/11\/blanco-2-edited-215x215.png 215w\" sizes=\"auto, (max-width: 1016px) 100vw, 1016px\" \/><\/figure>\n\n\n\n<ul class=\"wp-block-list wp-container-content-72558541\">\n<li class=\"has-text-color has-link-color has-medium-font-size wp-elements-264bcf24fdb54774ea7bbcf15c0a7ca2\" style=\"color:#7a1737\"><strong><a href=\"https:\/\/www.ssaver.gob.mx\/seic\/wp-content\/uploads\/sites\/22\/2024\/12\/Manual_usuario-de-SNAC.pdf\" data-type=\"link\" data-id=\"https:\/\/www.ssaver.gob.mx\/seic\/wp-content\/uploads\/sites\/22\/2024\/12\/Manual_usuario-de-SNAC.pdf\" target=\"_blank\" rel=\"noreferrer noopener\">Manual de usuario de SNAC<\/a><\/strong><\/li>\n\n\n\n<li class=\"has-text-color has-link-color has-medium-font-size wp-elements-692f8307ed5b743fe0e1cb69d7e32d49\" style=\"color:#7a1737\"><strong><a href=\"https:\/\/www.ssaver.gob.mx\/seic\/wp-content\/uploads\/sites\/22\/2025\/01\/Guia_de_captura_de_PEC_en_SIRAEC_a_SNAC.pdf\" target=\"_blank\" rel=\"noreferrer noopener\">Gu\u00eda de captura de PEC en SIRAEC a SNAC<\/a><\/strong><\/li>\n<\/ul>\n<\/div>\n\n\n\n<div style=\"height:100px\" aria-hidden=\"true\" class=\"wp-block-spacer\"><\/div>\n\n\n\n<div class=\"wp-block-group is-layout-grid wp-container-core-group-is-layout-478b6e6b wp-block-group-is-layout-grid\">\n<figure class=\"wp-block-image size-full\"><a href=\"http:\/\/moodle.dgces.salud.gob.mx\/moodle\/\" target=\"_blank\" rel=\" noreferrer noopener\"><img loading=\"lazy\" decoding=\"async\" width=\"512\" height=\"512\" src=\"https:\/\/www.ssaver.gob.mx\/seic\/wp-content\/uploads\/sites\/22\/2024\/12\/educads.png\" alt=\"\" class=\"wp-image-2697\" srcset=\"https:\/\/www.ssaver.gob.mx\/seic\/wp-content\/uploads\/sites\/22\/2024\/12\/educads.png 512w, https:\/\/www.ssaver.gob.mx\/seic\/wp-content\/uploads\/sites\/22\/2024\/12\/educads-300x300.png 300w, https:\/\/www.ssaver.gob.mx\/seic\/wp-content\/uploads\/sites\/22\/2024\/12\/educads-150x150.png 150w, https:\/\/www.ssaver.gob.mx\/seic\/wp-content\/uploads\/sites\/22\/2024\/12\/educads-215x215.png 215w\" sizes=\"auto, (max-width: 512px) 100vw, 512px\" \/><\/a><\/figure>\n\n\n\n<figure class=\"wp-block-image size-full\"><img loading=\"lazy\" decoding=\"async\" width=\"1016\" height=\"1016\" src=\"https:\/\/www.ssaver.gob.mx\/seic\/wp-content\/uploads\/sites\/22\/2024\/11\/blanco-2-edited.png\" alt=\"\" class=\"wp-image-2511\" srcset=\"https:\/\/www.ssaver.gob.mx\/seic\/wp-content\/uploads\/sites\/22\/2024\/11\/blanco-2-edited.png 1016w, https:\/\/www.ssaver.gob.mx\/seic\/wp-content\/uploads\/sites\/22\/2024\/11\/blanco-2-edited-300x300.png 300w, https:\/\/www.ssaver.gob.mx\/seic\/wp-content\/uploads\/sites\/22\/2024\/11\/blanco-2-edited-150x150.png 150w, https:\/\/www.ssaver.gob.mx\/seic\/wp-content\/uploads\/sites\/22\/2024\/11\/blanco-2-edited-768x768.png 768w, https:\/\/www.ssaver.gob.mx\/seic\/wp-content\/uploads\/sites\/22\/2024\/11\/blanco-2-edited-215x215.png 215w\" sizes=\"auto, (max-width: 1016px) 100vw, 1016px\" \/><\/figure>\n\n\n\n<ul class=\"wp-block-list wp-container-content-72558541\">\n<li class=\"has-text-color has-link-color has-medium-font-size wp-elements-133f99c08843e941d4ef571e6cae698f\" style=\"color:#7a1737\"><strong><a href=\"https:\/\/www.ssaver.gob.mx\/seic\/wp-content\/uploads\/sites\/22\/2024\/12\/Actualizacion-de-Datos-en-EDUCADS.pdf\" data-type=\"link\" data-id=\"https:\/\/www.ssaver.gob.mx\/seic\/wp-content\/uploads\/sites\/22\/2024\/12\/Actualizacion-de-Datos-en-EDUCADS.pdf\" target=\"_blank\" rel=\"noreferrer noopener\">Actualizaci\u00f3n de Datos en EDUCADS<\/a><\/strong><\/li>\n\n\n\n<li class=\"has-text-color has-link-color has-medium-font-size wp-elements-1580fff620c5d6d9049ca7f23e725b76\" style=\"color:#7a1737\"><strong><a href=\"https:\/\/www.ssaver.gob.mx\/seic\/wp-content\/uploads\/sites\/22\/2024\/12\/Metodo-de-restauracion-de-contrasena-EDUCADS.pdf\" data-type=\"link\" data-id=\"https:\/\/www.ssaver.gob.mx\/seic\/wp-content\/uploads\/sites\/22\/2024\/12\/Metodo-de-restauracion-de-contrasena-EDUCADS.pdf\" target=\"_blank\" rel=\"noreferrer noopener\">M\u00e9todo de restauraci\u00f3n de contrase\u00f1a EDUCADS<\/a><\/strong><\/li>\n<\/ul>\n<\/div>\n","protected":false},"excerpt":{"rendered":"<p>\u00a1Te damos la bienvenida al apartado de manuales utilizados en los procesos de capacitaci\u00f3n! En este espacio, encontrar\u00e1s manuales desarrollados<\/p>\n","protected":false},"author":31,"featured_media":0,"parent":0,"menu_order":0,"comment_status":"closed","ping_status":"closed","template":"","meta":{"colormag_page_container_layout":"default_layout","colormag_page_sidebar_layout":"default_layout","footnotes":""},"class_list":["post-2863","page","type-page","status-publish","hentry"],"_links":{"self":[{"href":"https:\/\/www.ssaver.gob.mx\/seic\/wp-json\/wp\/v2\/pages\/2863","targetHints":{"allow":["GET"]}}],"collection":[{"href":"https:\/\/www.ssaver.gob.mx\/seic\/wp-json\/wp\/v2\/pages"}],"about":[{"href":"https:\/\/www.ssaver.gob.mx\/seic\/wp-json\/wp\/v2\/types\/page"}],"author":[{"embeddable":true,"href":"https:\/\/www.ssaver.gob.mx\/seic\/wp-json\/wp\/v2\/users\/31"}],"replies":[{"embeddable":true,"href":"https:\/\/www.ssaver.gob.mx\/seic\/wp-json\/wp\/v2\/comments?post=2863"}],"version-history":[{"count":23,"href":"https:\/\/www.ssaver.gob.mx\/seic\/wp-json\/wp\/v2\/pages\/2863\/revisions"}],"predecessor-version":[{"id":3268,"href":"https:\/\/www.ssaver.gob.mx\/seic\/wp-json\/wp\/v2\/pages\/2863\/revisions\/3268"}],"wp:attachment":[{"href":"https:\/\/www.ssaver.gob.mx\/seic\/wp-json\/wp\/v2\/media?parent=2863"}],"curies":[{"name":"wp","href":"https:\/\/api.w.org\/{rel}","templated":true}]}}