{"id":3108,"date":"2025-01-22T15:05:12","date_gmt":"2025-01-22T21:05:12","guid":{"rendered":"https:\/\/www.ssaver.gob.mx\/seic\/?page_id=3108"},"modified":"2025-05-09T11:38:29","modified_gmt":"2025-05-09T16:38:29","slug":"actas-de-sesion-ccmc-y-cemc-2024","status":"publish","type":"page","link":"https:\/\/www.ssaver.gob.mx\/seic\/actas-de-sesion-ccmc-y-cemc-2024\/","title":{"rendered":"Actas de Sesi\u00f3n CCMC y CEMC 2024"},"content":{"rendered":"\n<hr class=\"wp-block-separator has-text-color has-luminous-vivid-amber-color has-alpha-channel-opacity has-luminous-vivid-amber-background-color has-background is-style-wide\" \/>\n\n\n\n<p class=\"has-medium-font-size\">Bienvenido al apartado de Actas de Sesi\u00f3n de la Comisi\u00f3n Central Mixta de Capacitaci\u00f3n. Aqu\u00ed podr\u00e1s consultar las Actas de las Sesiones Ordinarias y Extraordinarias, ya seas Representante Institucional o Sindical ante la Comisi\u00f3n Central.<br><br>Este espacio est\u00e1 dise\u00f1ado para facilitar el acceso a los acuerdos y resoluciones que impulsan los procesos de capacitaci\u00f3n en la Secretar\u00eda de Salud y en Servicios de Salud de Veracruz. Te invito a revisar y dar seguimiento a la informaci\u00f3n relevante para garantizar una participaci\u00f3n informada y activa en la Comisi\u00f3n.<\/p>\n\n\n\n<hr class=\"wp-block-separator has-text-color has-luminous-vivid-amber-color has-alpha-channel-opacity has-luminous-vivid-amber-background-color has-background is-style-wide\" \/>\n\n\n\n<div class=\"wp-block-group is-layout-grid wp-container-core-group-is-layout-acc8bb78 wp-block-group-is-layout-grid\">\n<figure class=\"wp-block-image size-full\"><img loading=\"lazy\" decoding=\"async\" width=\"1024\" height=\"1016\" src=\"https:\/\/www.ssaver.gob.mx\/seic\/wp-content\/uploads\/sites\/22\/2024\/09\/1.enero_.png\" alt=\"\" class=\"wp-image-2142\" srcset=\"https:\/\/www.ssaver.gob.mx\/seic\/wp-content\/uploads\/sites\/22\/2024\/09\/1.enero_.png 1024w, https:\/\/www.ssaver.gob.mx\/seic\/wp-content\/uploads\/sites\/22\/2024\/09\/1.enero_-300x298.png 300w, https:\/\/www.ssaver.gob.mx\/seic\/wp-content\/uploads\/sites\/22\/2024\/09\/1.enero_-150x150.png 150w, https:\/\/www.ssaver.gob.mx\/seic\/wp-content\/uploads\/sites\/22\/2024\/09\/1.enero_-768x762.png 768w\" sizes=\"auto, (max-width: 1024px) 100vw, 1024px\" \/><\/figure>\n\n\n\n<ul class=\"wp-block-list\">\n<li><strong><a href=\"https:\/\/www.ssaver.gob.mx\/seic\/wp-content\/uploads\/sites\/22\/2024\/09\/Primera-Sesion-Ordinaria-CCMC.pdf\" target=\"_blank\" rel=\"noreferrer noopener\">1ra Ordinaria CCMC<\/a><\/strong><\/li>\n\n\n\n<li><a href=\"https:\/\/www.ssaver.gob.mx\/seic\/wp-content\/uploads\/sites\/22\/2024\/09\/Primera-Sesion-Ordinaria-CEMC.pdf\" target=\"_blank\" rel=\"noreferrer noopener\"><strong>1ra Ordinaria CEMC<\/strong><\/a><\/li>\n\n\n\n<li><a href=\"https:\/\/www.ssaver.gob.mx\/seic\/wp-content\/uploads\/sites\/22\/2024\/09\/Primera-Sesion-Extraordinaria-CCMC.pdf\" target=\"_blank\" rel=\"noreferrer noopener\"><strong>1ra Extra CCMC<\/strong><\/a><\/li>\n\n\n\n<li><a href=\"https:\/\/www.ssaver.gob.mx\/seic\/wp-content\/uploads\/sites\/22\/2024\/09\/Segunda-Sesion-Extraordinaria-CCMC.pdf\" target=\"_blank\" rel=\"noreferrer noopener\"><strong>2da Extra CCMC<\/strong><\/a><\/li>\n\n\n\n<li><a href=\"https:\/\/www.ssaver.gob.mx\/seic\/wp-content\/uploads\/sites\/22\/2024\/09\/Segunda-Sesion-Extraordinaria-CEMC.pdf\" target=\"_blank\" rel=\"noreferrer noopener\"><strong>1rea Extra CEMC<\/strong><\/a><\/li>\n\n\n\n<li><a href=\"https:\/\/www.ssaver.gob.mx\/seic\/wp-content\/uploads\/sites\/22\/2024\/09\/Segunda-Sesion-Extraordinaria-CEMC.pdf\" target=\"_blank\" rel=\"noreferrer noopener\"><strong>2da Extra CEMC<\/strong><\/a><\/li>\n<\/ul>\n\n\n\n<figure class=\"wp-block-image size-full\"><img loading=\"lazy\" decoding=\"async\" width=\"1024\" height=\"1016\" src=\"https:\/\/www.ssaver.gob.mx\/seic\/wp-content\/uploads\/sites\/22\/2024\/09\/2.febrero.png\" alt=\"\" class=\"wp-image-2143\" srcset=\"https:\/\/www.ssaver.gob.mx\/seic\/wp-content\/uploads\/sites\/22\/2024\/09\/2.febrero.png 1024w, https:\/\/www.ssaver.gob.mx\/seic\/wp-content\/uploads\/sites\/22\/2024\/09\/2.febrero-300x298.png 300w, https:\/\/www.ssaver.gob.mx\/seic\/wp-content\/uploads\/sites\/22\/2024\/09\/2.febrero-150x150.png 150w, https:\/\/www.ssaver.gob.mx\/seic\/wp-content\/uploads\/sites\/22\/2024\/09\/2.febrero-768x762.png 768w\" sizes=\"auto, (max-width: 1024px) 100vw, 1024px\" \/><\/figure>\n\n\n\n<ul class=\"wp-block-list\">\n<li><a href=\"https:\/\/www.ssaver.gob.mx\/seic\/wp-content\/uploads\/sites\/22\/2024\/09\/Segunda-Sesion-Ordinaria-CCMC.pdf\" target=\"_blank\" rel=\"noreferrer noopener\"><strong>2da Ordinaria CCMC<\/strong><\/a><\/li>\n\n\n\n<li><a href=\"https:\/\/www.ssaver.gob.mx\/seic\/wp-content\/uploads\/sites\/22\/2024\/09\/Segunda-Sesion-Ordinaria-CEMC.pdf\" target=\"_blank\" rel=\"noreferrer noopener\"><strong>2da Ordinaria CEMC<\/strong><\/a><\/li>\n\n\n\n<li><a href=\"https:\/\/www.ssaver.gob.mx\/seic\/wp-content\/uploads\/sites\/22\/2024\/09\/Tercera-Sesion-Extraordinaria-CCMC.pdf\" target=\"_blank\" rel=\"noreferrer noopener\"><strong>3ra Extra CCMC<\/strong><\/a><\/li>\n<\/ul>\n<\/div>\n\n\n\n<div class=\"wp-block-group is-layout-grid wp-container-core-group-is-layout-acc8bb78 wp-block-group-is-layout-grid\">\n<figure class=\"wp-block-image size-full\"><img loading=\"lazy\" decoding=\"async\" width=\"1024\" height=\"1016\" src=\"https:\/\/www.ssaver.gob.mx\/seic\/wp-content\/uploads\/sites\/22\/2024\/09\/3.marzo_.png\" alt=\"\" class=\"wp-image-2144\" srcset=\"https:\/\/www.ssaver.gob.mx\/seic\/wp-content\/uploads\/sites\/22\/2024\/09\/3.marzo_.png 1024w, https:\/\/www.ssaver.gob.mx\/seic\/wp-content\/uploads\/sites\/22\/2024\/09\/3.marzo_-300x298.png 300w, https:\/\/www.ssaver.gob.mx\/seic\/wp-content\/uploads\/sites\/22\/2024\/09\/3.marzo_-150x150.png 150w, https:\/\/www.ssaver.gob.mx\/seic\/wp-content\/uploads\/sites\/22\/2024\/09\/3.marzo_-768x762.png 768w\" sizes=\"auto, (max-width: 1024px) 100vw, 1024px\" \/><\/figure>\n\n\n\n<ul class=\"wp-block-list\">\n<li><strong><a href=\"https:\/\/www.ssaver.gob.mx\/seic\/wp-content\/uploads\/sites\/22\/2024\/09\/Tercera-Sesion-Ordinaria-CCMC.pdf\" target=\"_blank\" rel=\"noreferrer noopener\">3ra Ordinaria CCMC<\/a><\/strong><\/li>\n\n\n\n<li><strong><a href=\"https:\/\/www.ssaver.gob.mx\/seic\/wp-content\/uploads\/sites\/22\/2024\/09\/Tercera-Sesion-Ordinaria-CEMC.pdf\" target=\"_blank\" rel=\"noreferrer noopener\">3ra Ordinaria CEMC<\/a><\/strong><\/li>\n\n\n\n<li><strong><a href=\"https:\/\/www.ssaver.gob.mx\/seic\/wp-content\/uploads\/sites\/22\/2024\/09\/Tercera-Sesion-Extraordinaria-CEMC.pdf\" target=\"_blank\" rel=\"noreferrer noopener\">3ra Extra CEMC<\/a><\/strong><\/li>\n<\/ul>\n\n\n\n<figure class=\"wp-block-image size-full\"><img loading=\"lazy\" decoding=\"async\" width=\"1024\" height=\"1016\" src=\"https:\/\/www.ssaver.gob.mx\/seic\/wp-content\/uploads\/sites\/22\/2024\/09\/4.abril_.png\" alt=\"\" class=\"wp-image-2145\" srcset=\"https:\/\/www.ssaver.gob.mx\/seic\/wp-content\/uploads\/sites\/22\/2024\/09\/4.abril_.png 1024w, https:\/\/www.ssaver.gob.mx\/seic\/wp-content\/uploads\/sites\/22\/2024\/09\/4.abril_-300x298.png 300w, https:\/\/www.ssaver.gob.mx\/seic\/wp-content\/uploads\/sites\/22\/2024\/09\/4.abril_-150x150.png 150w, https:\/\/www.ssaver.gob.mx\/seic\/wp-content\/uploads\/sites\/22\/2024\/09\/4.abril_-768x762.png 768w\" sizes=\"auto, (max-width: 1024px) 100vw, 1024px\" \/><\/figure>\n\n\n\n<ul class=\"wp-block-list\">\n<li><a href=\"https:\/\/www.ssaver.gob.mx\/seic\/wp-content\/uploads\/sites\/22\/2024\/09\/Cuarta-Sesion-Ordinaria-CCMC.pdf\" target=\"_blank\" rel=\"noreferrer noopener\"><strong>4ta Ordinaria CCMC<\/strong><\/a><\/li>\n\n\n\n<li><strong><a href=\"https:\/\/www.ssaver.gob.mx\/seic\/wp-content\/uploads\/sites\/22\/2024\/09\/Cuarta-Sesion-Ordinaria-CEMC.pdf\" target=\"_blank\" rel=\"noreferrer noopener\">4ta Ordinaria CEMC<\/a><\/strong><\/li>\n<\/ul>\n<\/div>\n\n\n\n<div class=\"wp-block-group is-layout-grid wp-container-core-group-is-layout-acc8bb78 wp-block-group-is-layout-grid\">\n<figure class=\"wp-block-image size-full\"><img loading=\"lazy\" decoding=\"async\" width=\"917\" height=\"923\" src=\"https:\/\/www.ssaver.gob.mx\/seic\/wp-content\/uploads\/sites\/22\/2024\/09\/5.mayo_.png\" alt=\"\" class=\"wp-image-2146\" srcset=\"https:\/\/www.ssaver.gob.mx\/seic\/wp-content\/uploads\/sites\/22\/2024\/09\/5.mayo_.png 917w, https:\/\/www.ssaver.gob.mx\/seic\/wp-content\/uploads\/sites\/22\/2024\/09\/5.mayo_-298x300.png 298w, https:\/\/www.ssaver.gob.mx\/seic\/wp-content\/uploads\/sites\/22\/2024\/09\/5.mayo_-150x150.png 150w, https:\/\/www.ssaver.gob.mx\/seic\/wp-content\/uploads\/sites\/22\/2024\/09\/5.mayo_-768x773.png 768w, https:\/\/www.ssaver.gob.mx\/seic\/wp-content\/uploads\/sites\/22\/2024\/09\/5.mayo_-215x215.png 215w\" sizes=\"auto, (max-width: 917px) 100vw, 917px\" \/><\/figure>\n\n\n\n<ul class=\"wp-block-list\">\n<li><strong><a href=\"https:\/\/www.ssaver.gob.mx\/seic\/wp-content\/uploads\/sites\/22\/2024\/09\/Quinta-Sesion-Ordinaria-CCMC.pdf\">5ta Ordinaria CCMC<\/a><\/strong><\/li>\n\n\n\n<li><strong><a href=\"https:\/\/www.ssaver.gob.mx\/seic\/wp-content\/uploads\/sites\/22\/2024\/09\/Quinta-Sesion-Ordinaria-CEMC.pdf\" target=\"_blank\" rel=\"noreferrer noopener\">5ta Ordinaria CEMC<\/a><\/strong><\/li>\n<\/ul>\n\n\n\n<figure class=\"wp-block-image size-full\"><img loading=\"lazy\" decoding=\"async\" width=\"1024\" height=\"1016\" src=\"https:\/\/www.ssaver.gob.mx\/seic\/wp-content\/uploads\/sites\/22\/2024\/09\/6.junio_.png\" alt=\"\" class=\"wp-image-2147\" srcset=\"https:\/\/www.ssaver.gob.mx\/seic\/wp-content\/uploads\/sites\/22\/2024\/09\/6.junio_.png 1024w, https:\/\/www.ssaver.gob.mx\/seic\/wp-content\/uploads\/sites\/22\/2024\/09\/6.junio_-300x298.png 300w, https:\/\/www.ssaver.gob.mx\/seic\/wp-content\/uploads\/sites\/22\/2024\/09\/6.junio_-150x150.png 150w, https:\/\/www.ssaver.gob.mx\/seic\/wp-content\/uploads\/sites\/22\/2024\/09\/6.junio_-768x762.png 768w\" sizes=\"auto, (max-width: 1024px) 100vw, 1024px\" \/><\/figure>\n\n\n\n<ul class=\"wp-block-list\">\n<li><strong><a href=\"https:\/\/www.ssaver.gob.mx\/seic\/wp-content\/uploads\/sites\/22\/2024\/09\/Sexta-Sesion-Ordinaria-CCMC.pdf\" target=\"_blank\" rel=\"noreferrer noopener\">6ta Ordinaria CCMC<\/a><\/strong><\/li>\n\n\n\n<li><strong><a href=\"https:\/\/www.ssaver.gob.mx\/seic\/wp-content\/uploads\/sites\/22\/2024\/09\/Sexta-Sesion-Ordinaria-CEMC.pdf\" target=\"_blank\" rel=\"noreferrer noopener\">6ta Ordinaria CEMC<\/a><\/strong><\/li>\n<\/ul>\n<\/div>\n\n\n\n<div class=\"wp-block-group is-layout-grid wp-container-core-group-is-layout-acc8bb78 wp-block-group-is-layout-grid\">\n<figure class=\"wp-block-image size-full\"><img loading=\"lazy\" decoding=\"async\" width=\"1024\" height=\"1016\" src=\"https:\/\/www.ssaver.gob.mx\/seic\/wp-content\/uploads\/sites\/22\/2024\/09\/7.julio_.png\" alt=\"\" class=\"wp-image-2148\" srcset=\"https:\/\/www.ssaver.gob.mx\/seic\/wp-content\/uploads\/sites\/22\/2024\/09\/7.julio_.png 1024w, https:\/\/www.ssaver.gob.mx\/seic\/wp-content\/uploads\/sites\/22\/2024\/09\/7.julio_-300x298.png 300w, https:\/\/www.ssaver.gob.mx\/seic\/wp-content\/uploads\/sites\/22\/2024\/09\/7.julio_-150x150.png 150w, https:\/\/www.ssaver.gob.mx\/seic\/wp-content\/uploads\/sites\/22\/2024\/09\/7.julio_-768x762.png 768w\" sizes=\"auto, (max-width: 1024px) 100vw, 1024px\" \/><\/figure>\n\n\n\n<ul class=\"wp-block-list\">\n<li><a href=\"https:\/\/www.ssaver.gob.mx\/seic\/wp-content\/uploads\/sites\/22\/2024\/10\/7ma-Ordinaria-CCMC.pdf\" target=\"_blank\" rel=\"noreferrer noopener\"><strong>7ma Ordinaria CCMC<\/strong><\/a><\/li>\n\n\n\n<li><strong><a href=\"https:\/\/www.ssaver.gob.mx\/seic\/wp-content\/uploads\/sites\/22\/2024\/09\/Septima-Sesion-Ordinaria-CEMC.pdf\" target=\"_blank\" rel=\"noreferrer noopener\">7ma Ordinaria CEMC<\/a><\/strong><\/li>\n\n\n\n<li><strong><a href=\"https:\/\/www.ssaver.gob.mx\/seic\/wp-content\/uploads\/sites\/22\/2024\/09\/Cuarta-Sesion-Extraordinaria.-CCMC.pdf\" target=\"_blank\" rel=\"noreferrer noopener\">4ta Extra CCMC<\/a><\/strong><\/li>\n\n\n\n<li><strong><a href=\"https:\/\/www.ssaver.gob.mx\/seic\/wp-content\/uploads\/sites\/22\/2024\/09\/Cuarta-Sesion-Extraordinaria.-CEMC.pdf\" target=\"_blank\" rel=\"noreferrer noopener\">4ta Extra CEMC<\/a><\/strong><\/li>\n\n\n\n<li><a href=\"https:\/\/www.ssaver.gob.mx\/seic\/wp-content\/uploads\/sites\/22\/2024\/09\/Quinta-Sesion-Extraordinaria.-CEMC.pdf\" target=\"_blank\" rel=\"noreferrer noopener\"><strong>5ta Extra CEMC<\/strong><\/a><\/li>\n<\/ul>\n\n\n\n<figure class=\"wp-block-image size-full\"><img loading=\"lazy\" decoding=\"async\" width=\"1024\" height=\"1016\" src=\"https:\/\/www.ssaver.gob.mx\/seic\/wp-content\/uploads\/sites\/22\/2024\/09\/8.agosto.png\" alt=\"\" class=\"wp-image-2149\" srcset=\"https:\/\/www.ssaver.gob.mx\/seic\/wp-content\/uploads\/sites\/22\/2024\/09\/8.agosto.png 1024w, https:\/\/www.ssaver.gob.mx\/seic\/wp-content\/uploads\/sites\/22\/2024\/09\/8.agosto-300x298.png 300w, https:\/\/www.ssaver.gob.mx\/seic\/wp-content\/uploads\/sites\/22\/2024\/09\/8.agosto-150x150.png 150w, https:\/\/www.ssaver.gob.mx\/seic\/wp-content\/uploads\/sites\/22\/2024\/09\/8.agosto-768x762.png 768w\" sizes=\"auto, (max-width: 1024px) 100vw, 1024px\" \/><\/figure>\n\n\n\n<ul class=\"wp-block-list\">\n<li><strong><a href=\"https:\/\/www.ssaver.gob.mx\/seic\/wp-content\/uploads\/sites\/22\/2024\/09\/Octava-Sesion-Ordinaria-CCMC.pdf\" data-type=\"attachment\" data-id=\"2150\" target=\"_blank\" rel=\"noreferrer noopener\">8va Ordinaria CCMC<\/a><\/strong><\/li>\n\n\n\n<li><strong><a href=\"https:\/\/www.ssaver.gob.mx\/seic\/wp-content\/uploads\/sites\/22\/2024\/09\/Octava-Sesion-Ordinaria-CEMC.pdf\" data-type=\"attachment\" data-id=\"2151\" target=\"_blank\" rel=\"noreferrer noopener\">8va Ordinaria CEMC<\/a><\/strong><\/li>\n<\/ul>\n<\/div>\n\n\n\n<div class=\"wp-block-group is-layout-grid wp-container-core-group-is-layout-acc8bb78 wp-block-group-is-layout-grid\">\n<figure class=\"wp-block-image size-full\"><img loading=\"lazy\" decoding=\"async\" width=\"1024\" height=\"1016\" src=\"https:\/\/www.ssaver.gob.mx\/seic\/wp-content\/uploads\/sites\/22\/2024\/09\/9.septiembre.png\" alt=\"\" class=\"wp-image-2230\" srcset=\"https:\/\/www.ssaver.gob.mx\/seic\/wp-content\/uploads\/sites\/22\/2024\/09\/9.septiembre.png 1024w, https:\/\/www.ssaver.gob.mx\/seic\/wp-content\/uploads\/sites\/22\/2024\/09\/9.septiembre-300x298.png 300w, https:\/\/www.ssaver.gob.mx\/seic\/wp-content\/uploads\/sites\/22\/2024\/09\/9.septiembre-150x150.png 150w, https:\/\/www.ssaver.gob.mx\/seic\/wp-content\/uploads\/sites\/22\/2024\/09\/9.septiembre-768x762.png 768w\" sizes=\"auto, (max-width: 1024px) 100vw, 1024px\" \/><\/figure>\n\n\n\n<ul class=\"wp-block-list\">\n<li><strong><a href=\"https:\/\/www.ssaver.gob.mx\/seic\/wp-content\/uploads\/sites\/22\/2024\/09\/Novena-Sesion-Ordinaria-CCMC.pdf\" target=\"_blank\" rel=\"noreferrer noopener\">9na Ordinaria CCMC<\/a><\/strong><\/li>\n\n\n\n<li><strong><a href=\"https:\/\/www.ssaver.gob.mx\/seic\/wp-content\/uploads\/sites\/22\/2024\/09\/Novena-Sesion-Ordinaria-CEMC.pdf\" target=\"_blank\" rel=\"noreferrer noopener\">9na Ordinaria CEMC<\/a><\/strong><\/li>\n\n\n\n<li><a href=\"https:\/\/www.ssaver.gob.mx\/seic\/wp-content\/uploads\/sites\/22\/2024\/10\/5ta.-Extra-CCMC.pdf\" target=\"_blank\" rel=\"noreferrer noopener\"><strong>5ta. Extra CCMC<\/strong><\/a><\/li>\n<\/ul>\n\n\n\n<figure class=\"wp-block-image size-full\"><img loading=\"lazy\" decoding=\"async\" width=\"1024\" height=\"1016\" src=\"https:\/\/www.ssaver.gob.mx\/seic\/wp-content\/uploads\/sites\/22\/2024\/09\/10.octubre.png\" alt=\"\" class=\"wp-image-2231\" srcset=\"https:\/\/www.ssaver.gob.mx\/seic\/wp-content\/uploads\/sites\/22\/2024\/09\/10.octubre.png 1024w, https:\/\/www.ssaver.gob.mx\/seic\/wp-content\/uploads\/sites\/22\/2024\/09\/10.octubre-300x298.png 300w, https:\/\/www.ssaver.gob.mx\/seic\/wp-content\/uploads\/sites\/22\/2024\/09\/10.octubre-150x150.png 150w, https:\/\/www.ssaver.gob.mx\/seic\/wp-content\/uploads\/sites\/22\/2024\/09\/10.octubre-768x762.png 768w\" sizes=\"auto, (max-width: 1024px) 100vw, 1024px\" \/><\/figure>\n\n\n\n<ul class=\"wp-block-list\">\n<li><a href=\"https:\/\/www.ssaver.gob.mx\/seic\/wp-content\/uploads\/sites\/22\/2024\/10\/10ma-Ordinaria-CCMC.pdf\"><strong>10ma Ordinaria CCMC<\/strong><\/a><\/li>\n\n\n\n<li><strong><a href=\"https:\/\/www.ssaver.gob.mx\/seic\/wp-content\/uploads\/sites\/22\/2025\/05\/10ma-Ordinaria-CEMC.pdf.pdf\" data-type=\"link\" data-id=\"https:\/\/www.ssaver.gob.mx\/seic\/wp-content\/uploads\/sites\/22\/2025\/05\/10ma-Ordinaria-CEMC.pdf.pdf\" target=\"_blank\" rel=\"noreferrer noopener\">10ma Ordinaria CEMC<\/a><\/strong><\/li>\n<\/ul>\n<\/div>\n\n\n\n<div class=\"wp-block-group is-layout-grid wp-container-core-group-is-layout-acc8bb78 wp-block-group-is-layout-grid\">\n<figure class=\"wp-block-image size-full\"><img loading=\"lazy\" decoding=\"async\" width=\"1024\" height=\"1016\" src=\"https:\/\/www.ssaver.gob.mx\/seic\/wp-content\/uploads\/sites\/22\/2024\/09\/11.noviembre.png\" alt=\"\" class=\"wp-image-2232\" srcset=\"https:\/\/www.ssaver.gob.mx\/seic\/wp-content\/uploads\/sites\/22\/2024\/09\/11.noviembre.png 1024w, https:\/\/www.ssaver.gob.mx\/seic\/wp-content\/uploads\/sites\/22\/2024\/09\/11.noviembre-300x298.png 300w, https:\/\/www.ssaver.gob.mx\/seic\/wp-content\/uploads\/sites\/22\/2024\/09\/11.noviembre-150x150.png 150w, https:\/\/www.ssaver.gob.mx\/seic\/wp-content\/uploads\/sites\/22\/2024\/09\/11.noviembre-768x762.png 768w\" sizes=\"auto, (max-width: 1024px) 100vw, 1024px\" \/><\/figure>\n\n\n\n<ul class=\"wp-block-list\">\n<li><a href=\"https:\/\/www.ssaver.gob.mx\/seic\/wp-content\/uploads\/sites\/22\/2024\/12\/11va.-Ordinaria-CCMC.pdf\" target=\"_blank\" rel=\"noreferrer noopener\"><strong>11va Ordinaria CCMC<\/strong><\/a><\/li>\n\n\n\n<li><a href=\"https:\/\/www.ssaver.gob.mx\/seic\/wp-content\/uploads\/sites\/22\/2025\/05\/11va-Ordinaria-CEMC.pdf\" data-type=\"link\" data-id=\"https:\/\/www.ssaver.gob.mx\/seic\/wp-content\/uploads\/sites\/22\/2025\/05\/11va-Ordinaria-CEMC.pdf\" target=\"_blank\" rel=\"noreferrer noopener\"><strong>11va Ordinaria CEMC<\/strong><\/a><\/li>\n<\/ul>\n\n\n\n<figure class=\"wp-block-image size-full\"><img loading=\"lazy\" decoding=\"async\" width=\"1024\" height=\"1016\" src=\"https:\/\/www.ssaver.gob.mx\/seic\/wp-content\/uploads\/sites\/22\/2024\/09\/12.diciembre.png\" alt=\"\" class=\"wp-image-2233\" srcset=\"https:\/\/www.ssaver.gob.mx\/seic\/wp-content\/uploads\/sites\/22\/2024\/09\/12.diciembre.png 1024w, https:\/\/www.ssaver.gob.mx\/seic\/wp-content\/uploads\/sites\/22\/2024\/09\/12.diciembre-300x298.png 300w, https:\/\/www.ssaver.gob.mx\/seic\/wp-content\/uploads\/sites\/22\/2024\/09\/12.diciembre-150x150.png 150w, https:\/\/www.ssaver.gob.mx\/seic\/wp-content\/uploads\/sites\/22\/2024\/09\/12.diciembre-768x762.png 768w\" sizes=\"auto, (max-width: 1024px) 100vw, 1024px\" \/><\/figure>\n\n\n\n<ul class=\"wp-block-list\">\n<li><strong><a href=\"https:\/\/www.ssaver.gob.mx\/seic\/wp-content\/uploads\/sites\/22\/2025\/05\/7ma.-Extra-CEMC.pdf\" data-type=\"link\" data-id=\"https:\/\/www.ssaver.gob.mx\/seic\/wp-content\/uploads\/sites\/22\/2025\/05\/7ma.-Extra-CEMC.pdf\" target=\"_blank\" rel=\"noreferrer noopener\">7ma.-Extra-CEMC<\/a><\/strong><\/li>\n<\/ul>\n<\/div>\n","protected":false},"excerpt":{"rendered":"<p>Bienvenido al apartado de Actas de Sesi\u00f3n de la Comisi\u00f3n Central Mixta de Capacitaci\u00f3n. Aqu\u00ed podr\u00e1s consultar las Actas de<\/p>\n","protected":false},"author":31,"featured_media":0,"parent":0,"menu_order":0,"comment_status":"closed","ping_status":"closed","template":"","meta":{"colormag_page_container_layout":"default_layout","colormag_page_sidebar_layout":"default_layout","footnotes":""},"class_list":["post-3108","page","type-page","status-publish","hentry"],"_links":{"self":[{"href":"https:\/\/www.ssaver.gob.mx\/seic\/wp-json\/wp\/v2\/pages\/3108","targetHints":{"allow":["GET"]}}],"collection":[{"href":"https:\/\/www.ssaver.gob.mx\/seic\/wp-json\/wp\/v2\/pages"}],"about":[{"href":"https:\/\/www.ssaver.gob.mx\/seic\/wp-json\/wp\/v2\/types\/page"}],"author":[{"embeddable":true,"href":"https:\/\/www.ssaver.gob.mx\/seic\/wp-json\/wp\/v2\/users\/31"}],"replies":[{"embeddable":true,"href":"https:\/\/www.ssaver.gob.mx\/seic\/wp-json\/wp\/v2\/comments?post=3108"}],"version-history":[{"count":4,"href":"https:\/\/www.ssaver.gob.mx\/seic\/wp-json\/wp\/v2\/pages\/3108\/revisions"}],"predecessor-version":[{"id":3625,"href":"https:\/\/www.ssaver.gob.mx\/seic\/wp-json\/wp\/v2\/pages\/3108\/revisions\/3625"}],"wp:attachment":[{"href":"https:\/\/www.ssaver.gob.mx\/seic\/wp-json\/wp\/v2\/media?parent=3108"}],"curies":[{"name":"wp","href":"https:\/\/api.w.org\/{rel}","templated":true}]}}