{"id":3408,"date":"2025-03-25T12:17:50","date_gmt":"2025-03-25T18:17:50","guid":{"rendered":"https:\/\/www.ssaver.gob.mx\/seic\/?page_id=3408"},"modified":"2025-04-02T09:03:05","modified_gmt":"2025-04-02T15:03:05","slug":"eventos-de-capacitacion-dph","status":"publish","type":"page","link":"https:\/\/www.ssaver.gob.mx\/seic\/eventos-de-capacitacion-dph\/","title":{"rendered":"Eventos de Capacitaci\u00f3n DPH"},"content":{"rendered":"\n<p style=\"font-size:30px\"><strong>Cursos, talleres y conferencias ofertadas<\/strong><\/p>\n\n\n\n<ul style=\"background-color:#d9bf9363\" class=\"wp-block-list has-background\">\n<li class=\"has-text-color has-link-color wp-elements-7ded5504b33a5805149655902f3df907\" style=\"color:#5c3326;font-size:25px\">Curso de Formaci\u00f3n de Facilitadores<\/li>\n\n\n\n<li class=\"has-text-color has-link-color wp-elements-299b997a774a3d207e8acfb2f28b562a\" style=\"color:#5c3326;font-size:25px\">Curso Resiliencia: Como afrontar la adversidad<\/li>\n\n\n\n<li class=\"has-text-color has-link-color wp-elements-82c15f4220681f53710bd0bad8ada84b\" style=\"color:#5c3326;font-size:25px\">Curso \/ Taller \u201cSum\u00e1ndome al Equipo de Trabajo\u201d<\/li>\n\n\n\n<li class=\"has-text-color has-link-color wp-elements-1b9e5996efe50943ba0767b56c7d3038\" style=\"color:#5c3326;font-size:25px\">Taller \u201cEmpat\u00eda: Ver el mundo a trav\u00e9s de los ojos del otro\u201d<\/li>\n\n\n\n<li class=\"has-text-color has-link-color wp-elements-719cd78802776c7e6a9a14f4725f852b\" style=\"color:#5c3326;font-size:25px\">Taller \u201cAutoestima\u201d<\/li>\n\n\n\n<li class=\"has-text-color has-link-color wp-elements-1eeeaffae63549883e23626bde39877c\" style=\"color:#5c3326;font-size:25px\">Conferencia \u201cActitud\u201d<\/li>\n\n\n\n<li class=\"has-text-color has-link-color wp-elements-8a4133a54f73ea69626605687b325f7a\" style=\"color:#5c3326;font-size:25px\">Conferencia \u201cResiliencia\u201d<\/li>\n<\/ul>\n\n\n\n<hr class=\"wp-block-separator has-text-color has-alpha-channel-opacity has-background is-style-wide\" style=\"background-color:#d8bf31;color:#d8bf31\" \/>\n\n\n\n<div style=\"height:25px\" aria-hidden=\"true\" class=\"wp-block-spacer\"><\/div>\n\n\n\n<p class=\"has-text-align-center\" style=\"font-size:30px\"><strong>Taller anual \u201cLa comunicaci\u00f3n efectiva, pilar fundamental en el Sistema de Salud\u201d (2025)<\/strong><\/p>\n\n\n\n<figure class=\"wp-block-image aligncenter size-full is-resized\"><img loading=\"lazy\" decoding=\"async\" width=\"382\" height=\"589\" src=\"https:\/\/www.ssaver.gob.mx\/seic\/wp-content\/uploads\/sites\/22\/2025\/03\/Cartel-1.png\" alt=\"\" class=\"wp-image-3560\" style=\"width:447px;height:auto\" srcset=\"https:\/\/www.ssaver.gob.mx\/seic\/wp-content\/uploads\/sites\/22\/2025\/03\/Cartel-1.png 382w, https:\/\/www.ssaver.gob.mx\/seic\/wp-content\/uploads\/sites\/22\/2025\/03\/Cartel-1-195x300.png 195w\" sizes=\"auto, (max-width: 382px) 100vw, 382px\" \/><\/figure>\n\n\n\n<div style=\"height:25px\" aria-hidden=\"true\" class=\"wp-block-spacer\"><\/div>\n\n\n\n<hr class=\"wp-block-separator has-text-color has-alpha-channel-opacity has-background is-style-wide\" style=\"background-color:#d8bf31;color:#d8bf31\" \/>\n\n\n\n<div class=\"wp-block-group is-nowrap is-layout-flex wp-container-core-group-is-layout-6c531013 wp-block-group-is-layout-flex\">\n<figure class=\"wp-block-image size-full is-resized\"><img loading=\"lazy\" decoding=\"async\" width=\"258\" height=\"240\" src=\"https:\/\/www.ssaver.gob.mx\/seic\/wp-content\/uploads\/sites\/22\/2025\/03\/Captura5-removebg-preview.png\" alt=\"\" class=\"wp-image-3353\" style=\"width:200px\" \/><\/figure>\n\n\n\n<p style=\"font-size:25px\"><strong>Objetivo<\/strong> Proporcionar herramientas y habilidades necesarias para desarrollar una comunicaci\u00f3n clara, efectiva y emp\u00e1tica en el contexto de los servicios de salud<\/p>\n<\/div>\n\n\n\n<div style=\"height:15px\" aria-hidden=\"true\" class=\"wp-block-spacer\"><\/div>\n\n\n\n<hr class=\"wp-block-separator has-text-color has-alpha-channel-opacity has-background is-style-wide\" style=\"background-color:#d8bf31;color:#d8bf31\" \/>\n\n\n\n<p class=\"has-text-align-center\" style=\"font-size:30px\"><strong>Procedimiento para solicitar eventos de capacitaci\u00f3n en Desarrollo del Potencial Humano<\/strong><\/p>\n\n\n\n<div style=\"height:15px\" aria-hidden=\"true\" class=\"wp-block-spacer\"><\/div>\n\n\n\n<figure class=\"wp-block-image aligncenter size-large is-resized\"><img loading=\"lazy\" decoding=\"async\" width=\"1024\" height=\"276\" src=\"https:\/\/www.ssaver.gob.mx\/seic\/wp-content\/uploads\/sites\/22\/2025\/03\/p1-1024x276.png\" alt=\"\" class=\"wp-image-3418\" style=\"width:350px;height:auto\" srcset=\"https:\/\/www.ssaver.gob.mx\/seic\/wp-content\/uploads\/sites\/22\/2025\/03\/p1-1024x276.png 1024w, https:\/\/www.ssaver.gob.mx\/seic\/wp-content\/uploads\/sites\/22\/2025\/03\/p1-300x81.png 300w, https:\/\/www.ssaver.gob.mx\/seic\/wp-content\/uploads\/sites\/22\/2025\/03\/p1-768x207.png 768w, https:\/\/www.ssaver.gob.mx\/seic\/wp-content\/uploads\/sites\/22\/2025\/03\/p1-1536x414.png 1536w, https:\/\/www.ssaver.gob.mx\/seic\/wp-content\/uploads\/sites\/22\/2025\/03\/p1.png 2024w\" sizes=\"auto, (max-width: 1024px) 100vw, 1024px\" \/><\/figure>\n\n\n\n<div class=\"wp-block-group is-content-justification-center is-nowrap is-layout-flex wp-container-core-group-is-layout-23441af8 wp-block-group-is-layout-flex\">\n<p class=\"has-text-align-center has-medium-font-size\"><strong>Identificar las necesidades en relaci\u00f3n a temas sobre Desarrollo Humano<\/strong><\/p>\n\n\n\n<figure class=\"wp-block-image size-full is-resized\"><img loading=\"lazy\" decoding=\"async\" width=\"310\" height=\"293\" src=\"https:\/\/www.ssaver.gob.mx\/seic\/wp-content\/uploads\/sites\/22\/2025\/03\/Captura8-removebg-preview.png\" alt=\"\" class=\"wp-image-3420\" style=\"aspect-ratio:1;object-fit:cover;width:150px\" srcset=\"https:\/\/www.ssaver.gob.mx\/seic\/wp-content\/uploads\/sites\/22\/2025\/03\/Captura8-removebg-preview.png 310w, https:\/\/www.ssaver.gob.mx\/seic\/wp-content\/uploads\/sites\/22\/2025\/03\/Captura8-removebg-preview-300x284.png 300w\" sizes=\"auto, (max-width: 310px) 100vw, 310px\" \/><\/figure>\n<\/div>\n\n\n\n<figure class=\"wp-block-image aligncenter size-large is-resized\"><img loading=\"lazy\" decoding=\"async\" width=\"1024\" height=\"293\" src=\"https:\/\/www.ssaver.gob.mx\/seic\/wp-content\/uploads\/sites\/22\/2025\/03\/p2-1024x293.png\" alt=\"\" class=\"wp-image-3426\" style=\"width:350px;height:auto\" srcset=\"https:\/\/www.ssaver.gob.mx\/seic\/wp-content\/uploads\/sites\/22\/2025\/03\/p2-1024x293.png 1024w, https:\/\/www.ssaver.gob.mx\/seic\/wp-content\/uploads\/sites\/22\/2025\/03\/p2-300x86.png 300w, https:\/\/www.ssaver.gob.mx\/seic\/wp-content\/uploads\/sites\/22\/2025\/03\/p2-768x220.png 768w, https:\/\/www.ssaver.gob.mx\/seic\/wp-content\/uploads\/sites\/22\/2025\/03\/p2-1536x440.png 1536w, https:\/\/www.ssaver.gob.mx\/seic\/wp-content\/uploads\/sites\/22\/2025\/03\/p2.png 1906w\" sizes=\"auto, (max-width: 1024px) 100vw, 1024px\" \/><\/figure>\n\n\n\n<div class=\"wp-block-group is-content-justification-center is-nowrap is-layout-flex wp-container-core-group-is-layout-23441af8 wp-block-group-is-layout-flex\">\n<figure class=\"wp-block-image size-full is-resized\"><img loading=\"lazy\" decoding=\"async\" width=\"341\" height=\"300\" src=\"https:\/\/www.ssaver.gob.mx\/seic\/wp-content\/uploads\/sites\/22\/2025\/03\/Captura9-removebg-preview.png\" alt=\"\" class=\"wp-image-3428\" style=\"aspect-ratio:1;object-fit:cover;width:300px\" srcset=\"https:\/\/www.ssaver.gob.mx\/seic\/wp-content\/uploads\/sites\/22\/2025\/03\/Captura9-removebg-preview.png 341w, https:\/\/www.ssaver.gob.mx\/seic\/wp-content\/uploads\/sites\/22\/2025\/03\/Captura9-removebg-preview-300x264.png 300w\" sizes=\"auto, (max-width: 341px) 100vw, 341px\" \/><\/figure>\n\n\n\n<p class=\"has-text-align-center has-medium-font-size\"><strong>Elaborar un oficio a la Direcci\u00f3n de Atenci\u00f3n Medica con copia a la Subdirecci\u00f3n de Ense\u00f1anza Investigaci\u00f3n y Capacitaci\u00f3n de Servicios de Salud de Veracruz, indicando el tema a solicitar y el n\u00famero de personas a capacitar<\/strong><\/p>\n<\/div>\n\n\n\n<figure class=\"wp-block-image aligncenter size-large is-resized\"><img loading=\"lazy\" decoding=\"async\" width=\"1024\" height=\"293\" src=\"https:\/\/www.ssaver.gob.mx\/seic\/wp-content\/uploads\/sites\/22\/2025\/03\/p3-1024x293.png\" alt=\"\" class=\"wp-image-3432\" style=\"width:350px;height:auto\" srcset=\"https:\/\/www.ssaver.gob.mx\/seic\/wp-content\/uploads\/sites\/22\/2025\/03\/p3-1024x293.png 1024w, https:\/\/www.ssaver.gob.mx\/seic\/wp-content\/uploads\/sites\/22\/2025\/03\/p3-300x86.png 300w, https:\/\/www.ssaver.gob.mx\/seic\/wp-content\/uploads\/sites\/22\/2025\/03\/p3-768x220.png 768w, https:\/\/www.ssaver.gob.mx\/seic\/wp-content\/uploads\/sites\/22\/2025\/03\/p3-1536x440.png 1536w, https:\/\/www.ssaver.gob.mx\/seic\/wp-content\/uploads\/sites\/22\/2025\/03\/p3.png 1906w\" sizes=\"auto, (max-width: 1024px) 100vw, 1024px\" \/><\/figure>\n\n\n\n<div class=\"wp-block-group is-content-justification-center is-nowrap is-layout-flex wp-container-core-group-is-layout-23441af8 wp-block-group-is-layout-flex\">\n<p class=\"has-text-align-center has-medium-font-size\"><strong>Una vez recibido el oficio por parte del Departamento de Desarrollo de Potencial Humano, este se pondr\u00e1 en contacto con la Jefatura de Ense\u00f1anza para verificar las fechas disponibles para la capacitaci\u00f3n, seg\u00fan la agenda<\/strong><\/p>\n\n\n\n<figure class=\"wp-block-image size-full is-resized\"><img loading=\"lazy\" decoding=\"async\" width=\"338\" height=\"303\" src=\"https:\/\/www.ssaver.gob.mx\/seic\/wp-content\/uploads\/sites\/22\/2025\/03\/Captura10-removebg-preview.png\" alt=\"\" class=\"wp-image-3433\" style=\"aspect-ratio:1;object-fit:cover;width:300px\" srcset=\"https:\/\/www.ssaver.gob.mx\/seic\/wp-content\/uploads\/sites\/22\/2025\/03\/Captura10-removebg-preview.png 338w, https:\/\/www.ssaver.gob.mx\/seic\/wp-content\/uploads\/sites\/22\/2025\/03\/Captura10-removebg-preview-300x269.png 300w\" sizes=\"auto, (max-width: 338px) 100vw, 338px\" \/><\/figure>\n<\/div>\n\n\n\n<figure class=\"wp-block-image aligncenter size-large is-resized\"><img loading=\"lazy\" decoding=\"async\" width=\"1024\" height=\"293\" src=\"https:\/\/www.ssaver.gob.mx\/seic\/wp-content\/uploads\/sites\/22\/2025\/03\/p4-1024x293.png\" alt=\"\" class=\"wp-image-3435\" style=\"width:350px;height:auto\" srcset=\"https:\/\/www.ssaver.gob.mx\/seic\/wp-content\/uploads\/sites\/22\/2025\/03\/p4-1024x293.png 1024w, https:\/\/www.ssaver.gob.mx\/seic\/wp-content\/uploads\/sites\/22\/2025\/03\/p4-300x86.png 300w, https:\/\/www.ssaver.gob.mx\/seic\/wp-content\/uploads\/sites\/22\/2025\/03\/p4-768x220.png 768w, https:\/\/www.ssaver.gob.mx\/seic\/wp-content\/uploads\/sites\/22\/2025\/03\/p4-1536x440.png 1536w, https:\/\/www.ssaver.gob.mx\/seic\/wp-content\/uploads\/sites\/22\/2025\/03\/p4.png 1906w\" sizes=\"auto, (max-width: 1024px) 100vw, 1024px\" \/><\/figure>\n\n\n\n<div class=\"wp-block-group is-content-justification-center is-nowrap is-layout-flex wp-container-core-group-is-layout-23441af8 wp-block-group-is-layout-flex\">\n<figure class=\"wp-block-image size-full is-resized\"><img loading=\"lazy\" decoding=\"async\" width=\"348\" height=\"300\" src=\"https:\/\/www.ssaver.gob.mx\/seic\/wp-content\/uploads\/sites\/22\/2025\/03\/Captura11-removebg-preview.png\" alt=\"\" class=\"wp-image-3437\" style=\"aspect-ratio:1;object-fit:cover;width:150px\" srcset=\"https:\/\/www.ssaver.gob.mx\/seic\/wp-content\/uploads\/sites\/22\/2025\/03\/Captura11-removebg-preview.png 348w, https:\/\/www.ssaver.gob.mx\/seic\/wp-content\/uploads\/sites\/22\/2025\/03\/Captura11-removebg-preview-300x259.png 300w\" sizes=\"auto, (max-width: 348px) 100vw, 348px\" \/><\/figure>\n\n\n\n<p class=\"has-text-align-center has-medium-font-size\"><strong>Ubicar un espacio adecuado y equipo necesario para la capacitaci\u00f3n (aula, proyector y computadora)<\/strong><\/p>\n<\/div>\n\n\n\n<figure class=\"wp-block-image aligncenter size-large is-resized\"><img loading=\"lazy\" decoding=\"async\" width=\"1024\" height=\"293\" src=\"https:\/\/www.ssaver.gob.mx\/seic\/wp-content\/uploads\/sites\/22\/2025\/03\/p5-1024x293.png\" alt=\"\" class=\"wp-image-3444\" style=\"width:350px;height:auto\" srcset=\"https:\/\/www.ssaver.gob.mx\/seic\/wp-content\/uploads\/sites\/22\/2025\/03\/p5-1024x293.png 1024w, https:\/\/www.ssaver.gob.mx\/seic\/wp-content\/uploads\/sites\/22\/2025\/03\/p5-300x86.png 300w, https:\/\/www.ssaver.gob.mx\/seic\/wp-content\/uploads\/sites\/22\/2025\/03\/p5-768x220.png 768w, https:\/\/www.ssaver.gob.mx\/seic\/wp-content\/uploads\/sites\/22\/2025\/03\/p5-1536x440.png 1536w, https:\/\/www.ssaver.gob.mx\/seic\/wp-content\/uploads\/sites\/22\/2025\/03\/p5.png 1906w\" sizes=\"auto, (max-width: 1024px) 100vw, 1024px\" \/><\/figure>\n\n\n\n<div class=\"wp-block-group is-content-justification-center is-nowrap is-layout-flex wp-container-core-group-is-layout-23441af8 wp-block-group-is-layout-flex\">\n<p class=\"has-text-align-center has-medium-font-size\"><strong>El Departamento de DPH emitir\u00e1 la respuesta al oficio recibido, confirmando la fecha y hora acordada<\/strong><\/p>\n\n\n\n<figure class=\"wp-block-image size-full is-resized\"><img loading=\"lazy\" decoding=\"async\" width=\"318\" height=\"315\" src=\"https:\/\/www.ssaver.gob.mx\/seic\/wp-content\/uploads\/sites\/22\/2025\/03\/Captura12-removebg-preview.png\" alt=\"\" class=\"wp-image-3446\" style=\"aspect-ratio:1;object-fit:cover;width:150px\" srcset=\"https:\/\/www.ssaver.gob.mx\/seic\/wp-content\/uploads\/sites\/22\/2025\/03\/Captura12-removebg-preview.png 318w, https:\/\/www.ssaver.gob.mx\/seic\/wp-content\/uploads\/sites\/22\/2025\/03\/Captura12-removebg-preview-300x297.png 300w, https:\/\/www.ssaver.gob.mx\/seic\/wp-content\/uploads\/sites\/22\/2025\/03\/Captura12-removebg-preview-150x150.png 150w\" sizes=\"auto, (max-width: 318px) 100vw, 318px\" \/><\/figure>\n<\/div>\n\n\n\n<div style=\"height:50px\" aria-hidden=\"true\" class=\"wp-block-spacer\"><\/div>\n\n\n\n<div class=\"wp-block-group is-content-justification-center is-nowrap is-layout-flex wp-container-core-group-is-layout-23441af8 wp-block-group-is-layout-flex\">\n<figure class=\"wp-block-image size-full is-resized\"><a href=\"https:\/\/www.ssaver.gob.mx\/seic\/deshumano\/\"><img loading=\"lazy\" decoding=\"async\" width=\"512\" height=\"512\" src=\"https:\/\/www.ssaver.gob.mx\/seic\/wp-content\/uploads\/sites\/22\/2025\/03\/regreso.png\" alt=\"\" class=\"wp-image-3513\" style=\"width:150px\" srcset=\"https:\/\/www.ssaver.gob.mx\/seic\/wp-content\/uploads\/sites\/22\/2025\/03\/regreso.png 512w, https:\/\/www.ssaver.gob.mx\/seic\/wp-content\/uploads\/sites\/22\/2025\/03\/regreso-300x300.png 300w, https:\/\/www.ssaver.gob.mx\/seic\/wp-content\/uploads\/sites\/22\/2025\/03\/regreso-150x150.png 150w, https:\/\/www.ssaver.gob.mx\/seic\/wp-content\/uploads\/sites\/22\/2025\/03\/regreso-215x215.png 215w\" sizes=\"auto, (max-width: 512px) 100vw, 512px\" \/><\/a><\/figure>\n\n\n\n<figure class=\"wp-block-image size-full is-resized\"><img loading=\"lazy\" decoding=\"async\" width=\"1250\" height=\"1016\" src=\"https:\/\/www.ssaver.gob.mx\/seic\/wp-content\/uploads\/sites\/22\/2024\/09\/blanco-1.png\" alt=\"\" class=\"wp-image-1996\" style=\"width:200px\" srcset=\"https:\/\/www.ssaver.gob.mx\/seic\/wp-content\/uploads\/sites\/22\/2024\/09\/blanco-1.png 1250w, https:\/\/www.ssaver.gob.mx\/seic\/wp-content\/uploads\/sites\/22\/2024\/09\/blanco-1-300x244.png 300w, https:\/\/www.ssaver.gob.mx\/seic\/wp-content\/uploads\/sites\/22\/2024\/09\/blanco-1-1024x832.png 1024w, https:\/\/www.ssaver.gob.mx\/seic\/wp-content\/uploads\/sites\/22\/2024\/09\/blanco-1-768x624.png 768w\" sizes=\"auto, (max-width: 1250px) 100vw, 1250px\" \/><\/figure>\n\n\n\n<figure class=\"wp-block-image size-full is-resized\"><a href=\"https:\/\/www.ssaver.gob.mx\/seic\/dph\/\"><img loading=\"lazy\" decoding=\"async\" width=\"364\" height=\"304\" src=\"https:\/\/www.ssaver.gob.mx\/seic\/wp-content\/uploads\/sites\/22\/2025\/03\/home-dph.png\" alt=\"\" class=\"wp-image-3495\" style=\"width:150px\" srcset=\"https:\/\/www.ssaver.gob.mx\/seic\/wp-content\/uploads\/sites\/22\/2025\/03\/home-dph.png 364w, https:\/\/www.ssaver.gob.mx\/seic\/wp-content\/uploads\/sites\/22\/2025\/03\/home-dph-300x251.png 300w\" sizes=\"auto, (max-width: 364px) 100vw, 364px\" \/><\/a><\/figure>\n<\/div>\n\n\n\n<p><\/p>\n","protected":false},"excerpt":{"rendered":"<p>Cursos, talleres y conferencias ofertadas Taller anual \u201cLa comunicaci\u00f3n efectiva, pilar fundamental en el Sistema de Salud\u201d (2025) Objetivo Proporcionar<\/p>\n","protected":false},"author":31,"featured_media":0,"parent":0,"menu_order":0,"comment_status":"closed","ping_status":"closed","template":"","meta":{"colormag_page_container_layout":"default_layout","colormag_page_sidebar_layout":"default_layout","footnotes":""},"class_list":["post-3408","page","type-page","status-publish","hentry"],"_links":{"self":[{"href":"https:\/\/www.ssaver.gob.mx\/seic\/wp-json\/wp\/v2\/pages\/3408","targetHints":{"allow":["GET"]}}],"collection":[{"href":"https:\/\/www.ssaver.gob.mx\/seic\/wp-json\/wp\/v2\/pages"}],"about":[{"href":"https:\/\/www.ssaver.gob.mx\/seic\/wp-json\/wp\/v2\/types\/page"}],"author":[{"embeddable":true,"href":"https:\/\/www.ssaver.gob.mx\/seic\/wp-json\/wp\/v2\/users\/31"}],"replies":[{"embeddable":true,"href":"https:\/\/www.ssaver.gob.mx\/seic\/wp-json\/wp\/v2\/comments?post=3408"}],"version-history":[{"count":31,"href":"https:\/\/www.ssaver.gob.mx\/seic\/wp-json\/wp\/v2\/pages\/3408\/revisions"}],"predecessor-version":[{"id":3579,"href":"https:\/\/www.ssaver.gob.mx\/seic\/wp-json\/wp\/v2\/pages\/3408\/revisions\/3579"}],"wp:attachment":[{"href":"https:\/\/www.ssaver.gob.mx\/seic\/wp-json\/wp\/v2\/media?parent=3408"}],"curies":[{"name":"wp","href":"https:\/\/api.w.org\/{rel}","templated":true}]}}