{"id":3754,"date":"2025-06-11T13:39:32","date_gmt":"2025-06-11T19:39:32","guid":{"rendered":"https:\/\/www.ssaver.gob.mx\/seic\/?page_id=3754"},"modified":"2025-06-11T13:39:32","modified_gmt":"2025-06-11T19:39:32","slug":"normatividad-del-programa-estatal-de-capacitacion-y-educacion-continua","status":"publish","type":"page","link":"https:\/\/www.ssaver.gob.mx\/seic\/normatividad-del-programa-estatal-de-capacitacion-y-educacion-continua\/","title":{"rendered":"Normatividad del Programa Estatal de Capacitaci\u00f3n y Educaci\u00f3n Continua"},"content":{"rendered":"\n<figure class=\"wp-block-image aligncenter size-full is-resized\"><img loading=\"lazy\" decoding=\"async\" width=\"328\" height=\"89\" src=\"https:\/\/www.ssaver.gob.mx\/seic\/wp-content\/uploads\/sites\/22\/2025\/06\/norvatividad_cec.png\" alt=\"\" class=\"wp-image-3755\" style=\"width:833px;height:auto\" srcset=\"https:\/\/www.ssaver.gob.mx\/seic\/wp-content\/uploads\/sites\/22\/2025\/06\/norvatividad_cec.png 328w, https:\/\/www.ssaver.gob.mx\/seic\/wp-content\/uploads\/sites\/22\/2025\/06\/norvatividad_cec-300x81.png 300w\" sizes=\"auto, (max-width: 328px) 100vw, 328px\" \/><\/figure>\n\n\n\n<p class=\"has-medium-font-size\">Esta secci\u00f3n expone el marco normativo que respalda el Programa Estatal de Capacitaci\u00f3n, el cual establece las bases legales y \u00e9ticas para su adecuada implementaci\u00f3n. Dichas disposiciones son esenciales para garantizar la transparencia, equidad y eficacia en la gesti\u00f3n, organizaci\u00f3n y otorgamiento de capacitaciones y\/o sesiones dirigidas al personal profesional de la Secretar\u00eda de Salud y los Servicios de Salud de Veracruz (SESVER).<\/p>\n\n\n\n<p class=\"has-medium-font-size\">A continuaci\u00f3n, se enumeran los principales documentos normativos que sustentan las pol\u00edticas, lineamientos y procedimientos del programa:<\/p>\n\n\n\n<hr class=\"wp-block-separator has-alpha-channel-opacity is-style-wide\" \/>\n\n\n\n<ul style=\"color:#7a1737;background-color:#bfbdbd33\" class=\"wp-block-list has-text-color has-background has-link-color has-medium-font-size wp-elements-a46cde5f254a60492e6bc74b98d5bf14\">\n<li class=\"has-medium-font-size\"><a href=\"https:\/\/www.ssaver.gob.mx\/seic\/wp-content\/uploads\/sites\/22\/2024\/09\/1.-Constitucion-Politica-de-los-Estados-Unidos-Mexicanos.pdf\">Constituci\u00f3n Politica de los Estados Unidos M\u00e9xicanos<\/a><\/li>\n\n\n\n<li class=\"has-medium-font-size\"><a href=\"https:\/\/www.ssaver.gob.mx\/seic\/wp-content\/uploads\/sites\/22\/2024\/09\/2.-Ley-Federal-del-Trabajo.pdf\">Ley Federal del Trabajo<\/a><\/li>\n\n\n\n<li class=\"has-medium-font-size\"><a href=\"https:\/\/www.ssaver.gob.mx\/seic\/wp-content\/uploads\/sites\/22\/2024\/09\/3.-Condiciones-Generales-de-Trabajo-de-la-Secretaria-de-Salud.pdf\">Condiciones Generales de Trabajo de la Secretar\u00eda de Salud<\/a><\/li>\n\n\n\n<li class=\"has-medium-font-size\"><a href=\"https:\/\/www.ssaver.gob.mx\/seic\/wp-content\/uploads\/sites\/22\/2024\/09\/4.-Reglamento-de-Capacitacion-de-la-Secretaria-de-Salud.-Vigente.pdf\">Reglamento de Capacitaci\u00f3n de la Secretar\u00eda de Salud<\/a><\/li>\n\n\n\n<li class=\"has-medium-font-size\"><a href=\"https:\/\/www.ssaver.gob.mx\/seic\/wp-content\/uploads\/sites\/22\/2024\/09\/5.-Codigo-de-Conducta-de-la-Secretaria-de-Salud-y-el-Organismo-Publico-Descentralizado-SESVER.pdf\">C\u00f3digo de Conducta de la Secretar\u00eda de Salud y el Organismo P\u00fablico Descentralizado SESVER<\/a><\/li>\n\n\n\n<li class=\"has-medium-font-size\"><a href=\"https:\/\/www.ssaver.gob.mx\/seic\/wp-content\/uploads\/sites\/22\/2024\/09\/6.-Reglamento-Interior-de-SESVER.pdf\">Reglamento Interior de SESVER<\/a><\/li>\n\n\n\n<li class=\"has-medium-font-size\"><a href=\"https:\/\/www.ssaver.gob.mx\/seic\/wp-content\/uploads\/sites\/22\/2024\/09\/7.-Codigo-de-Etica-de-los-Servidores-Publicos-del-Poder-Ejecutivo-del-Estado-de-Veracruz-de-Ignacio-de-la-Llave.pdf\">C\u00f3digo de \u00c9tica de los Servidores P\u00fablicos del Poder Ejecutivo del Estado de Veracruz de Ignacio de la Llave<\/a><\/li>\n<\/ul>\n\n\n\n<hr class=\"wp-block-separator has-alpha-channel-opacity is-style-wide\" \/>\n\n\n\n<p class=\"has-medium-font-size\">Cada uno de estos documentos constituye una herramienta fundamental para comprender los derechos, obligaciones y procedimientos vinculados a la solicitud y gesti\u00f3n de las capacitaciones. Asimismo, garantizan el cumplimiento de los principios \u00e9ticos y legales que rigen la participaci\u00f3n en este programa.<\/p>\n\n\n\n<p class=\"has-medium-font-size\">Se invita a todos los involucrados a revisar cuidadosamente cada documento, a fin de familiarizarse con las normas y directrices que orientan el desarrollo de este importante programa.<\/p>\n","protected":false},"excerpt":{"rendered":"<p>Esta secci\u00f3n expone el marco normativo que respalda el Programa Estatal de Capacitaci\u00f3n, el cual establece las bases legales y<\/p>\n","protected":false},"author":31,"featured_media":0,"parent":0,"menu_order":0,"comment_status":"closed","ping_status":"closed","template":"","meta":{"colormag_page_container_layout":"default_layout","colormag_page_sidebar_layout":"default_layout","footnotes":""},"class_list":["post-3754","page","type-page","status-publish","hentry"],"_links":{"self":[{"href":"https:\/\/www.ssaver.gob.mx\/seic\/wp-json\/wp\/v2\/pages\/3754","targetHints":{"allow":["GET"]}}],"collection":[{"href":"https:\/\/www.ssaver.gob.mx\/seic\/wp-json\/wp\/v2\/pages"}],"about":[{"href":"https:\/\/www.ssaver.gob.mx\/seic\/wp-json\/wp\/v2\/types\/page"}],"author":[{"embeddable":true,"href":"https:\/\/www.ssaver.gob.mx\/seic\/wp-json\/wp\/v2\/users\/31"}],"replies":[{"embeddable":true,"href":"https:\/\/www.ssaver.gob.mx\/seic\/wp-json\/wp\/v2\/comments?post=3754"}],"version-history":[{"count":1,"href":"https:\/\/www.ssaver.gob.mx\/seic\/wp-json\/wp\/v2\/pages\/3754\/revisions"}],"predecessor-version":[{"id":3756,"href":"https:\/\/www.ssaver.gob.mx\/seic\/wp-json\/wp\/v2\/pages\/3754\/revisions\/3756"}],"wp:attachment":[{"href":"https:\/\/www.ssaver.gob.mx\/seic\/wp-json\/wp\/v2\/media?parent=3754"}],"curies":[{"name":"wp","href":"https:\/\/api.w.org\/{rel}","templated":true}]}}