{"id":927,"date":"2022-10-06T13:38:54","date_gmt":"2022-10-06T18:38:54","guid":{"rendered":"https:\/\/www.ssaver.gob.mx\/seic\/?page_id=927"},"modified":"2025-02-10T12:47:55","modified_gmt":"2025-02-10T18:47:55","slug":"econtinua","status":"publish","type":"page","link":"https:\/\/www.ssaver.gob.mx\/seic\/econtinua\/","title":{"rendered":"Sesiones de Educaci\u00f3n Continua"},"content":{"rendered":"\n<hr class=\"wp-block-separator has-text-color has-alpha-channel-opacity has-background is-style-wide\" style=\"background-color:#e6d7a0;color:#e6d7a0\" \/>\n\n\n\n<p class=\"has-text-color has-link-color has-medium-font-size wp-elements-5df26da87391f6380a5d955e76c99177\" style=\"color:#7a1737\">Es una actividad formativa dise\u00f1ada para actualizar, reforzar y perfeccionar los conocimientos, habilidades y actitudes del personal de salud, con el prop\u00f3sito de garantizar la calidad y eficiencia en la atenci\u00f3n a la poblaci\u00f3n.<\/p>\n\n\n\n<p class=\"has-text-color has-link-color has-medium-font-size wp-elements-fe5864240e4fcb639c3ab3e7748dc804\" style=\"color:#7a1737\">Estas sesiones est\u00e1n alineadas con las pol\u00edticas y normativas nacionales, promoviendo la mejora continua de las competencias del personal sanitario en todos los niveles de atenci\u00f3n.<\/p>\n\n\n\n<p class=\"has-text-color has-link-color has-medium-font-size wp-elements-aa02e0f0d9b1f57197dda587069c9e02\" style=\"color:#7a1737\">Las sesiones de educaci\u00f3n continua se distinguen de los eventos de capacitaci\u00f3n por su <strong>duraci\u00f3n, que son de 1 a 3 horas como m\u00e1ximo<\/strong>. Esto las hace <strong>m\u00e1s flexibles y adecuadas para actualizaciones en temas&nbsp;espec\u00edficos<\/strong>.<\/p>\n\n\n\n<div style=\"height:100px\" aria-hidden=\"true\" class=\"wp-block-spacer\"><\/div>\n\n\n\n<figure class=\"wp-block-image aligncenter size-full\"><img loading=\"lazy\" decoding=\"async\" width=\"779\" height=\"200\" src=\"https:\/\/www.ssaver.gob.mx\/seic\/wp-content\/uploads\/sites\/22\/2024\/12\/Tipos-de-sesiones.png\" alt=\"\" class=\"wp-image-2793\" srcset=\"https:\/\/www.ssaver.gob.mx\/seic\/wp-content\/uploads\/sites\/22\/2024\/12\/Tipos-de-sesiones.png 779w, https:\/\/www.ssaver.gob.mx\/seic\/wp-content\/uploads\/sites\/22\/2024\/12\/Tipos-de-sesiones-300x77.png 300w, https:\/\/www.ssaver.gob.mx\/seic\/wp-content\/uploads\/sites\/22\/2024\/12\/Tipos-de-sesiones-768x197.png 768w\" sizes=\"auto, (max-width: 779px) 100vw, 779px\" \/><\/figure>\n\n\n\n<div style=\"height:100px\" aria-hidden=\"true\" class=\"wp-block-spacer\"><\/div>\n\n\n\n<hr class=\"wp-block-separator has-text-color has-alpha-channel-opacity has-background is-style-wide\" style=\"background-color:#b28854;color:#b28854\" \/>\n\n\n\n<div style=\"height:100px\" aria-hidden=\"true\" class=\"wp-block-spacer\"><\/div>\n\n\n\n<figure class=\"wp-block-image aligncenter size-full is-resized\"><img loading=\"lazy\" decoding=\"async\" width=\"1000\" height=\"800\" src=\"https:\/\/www.ssaver.gob.mx\/seic\/wp-content\/uploads\/sites\/22\/2025\/02\/Estrategias-de-EC.png\" alt=\"\" class=\"wp-image-3256\" style=\"width:633px;height:auto\" srcset=\"https:\/\/www.ssaver.gob.mx\/seic\/wp-content\/uploads\/sites\/22\/2025\/02\/Estrategias-de-EC.png 1000w, https:\/\/www.ssaver.gob.mx\/seic\/wp-content\/uploads\/sites\/22\/2025\/02\/Estrategias-de-EC-300x240.png 300w, https:\/\/www.ssaver.gob.mx\/seic\/wp-content\/uploads\/sites\/22\/2025\/02\/Estrategias-de-EC-768x614.png 768w\" sizes=\"auto, (max-width: 1000px) 100vw, 1000px\" \/><\/figure>\n\n\n\n<div style=\"height:100px\" aria-hidden=\"true\" class=\"wp-block-spacer\"><\/div>\n\n\n\n<hr class=\"wp-block-separator has-text-color has-alpha-channel-opacity has-background is-style-wide\" style=\"background-color:#b28854;color:#b28854\" \/>\n\n\n\n<p class=\"has-text-align-center has-large-font-size\"><strong><strong>Registro de la sesi\u00f3n de Educaci\u00f3n Continua<\/strong><\/strong><\/p>\n\n\n\n<hr class=\"wp-block-separator has-text-color has-alpha-channel-opacity has-background is-style-wide\" style=\"background-color:#b28854;color:#b28854\" \/>\n\n\n\n<div class=\"wp-block-group is-layout-grid wp-container-core-group-is-layout-478b6e6b wp-block-group-is-layout-grid\">\n<figure class=\"wp-block-image size-full\"><img loading=\"lazy\" decoding=\"async\" width=\"512\" height=\"512\" src=\"https:\/\/www.ssaver.gob.mx\/seic\/wp-content\/uploads\/sites\/22\/2024\/12\/registro.png\" alt=\"\" class=\"wp-image-2760\" srcset=\"https:\/\/www.ssaver.gob.mx\/seic\/wp-content\/uploads\/sites\/22\/2024\/12\/registro.png 512w, https:\/\/www.ssaver.gob.mx\/seic\/wp-content\/uploads\/sites\/22\/2024\/12\/registro-300x300.png 300w, https:\/\/www.ssaver.gob.mx\/seic\/wp-content\/uploads\/sites\/22\/2024\/12\/registro-150x150.png 150w, https:\/\/www.ssaver.gob.mx\/seic\/wp-content\/uploads\/sites\/22\/2024\/12\/registro-215x215.png 215w\" sizes=\"auto, (max-width: 512px) 100vw, 512px\" \/><\/figure>\n\n\n\n<figure class=\"wp-block-image size-full wp-container-content-69bc4bdf\"><img loading=\"lazy\" decoding=\"async\" width=\"1016\" height=\"1016\" src=\"https:\/\/www.ssaver.gob.mx\/seic\/wp-content\/uploads\/sites\/22\/2024\/11\/blanco-2-edited.png\" alt=\"\" class=\"wp-image-2511\" srcset=\"https:\/\/www.ssaver.gob.mx\/seic\/wp-content\/uploads\/sites\/22\/2024\/11\/blanco-2-edited.png 1016w, https:\/\/www.ssaver.gob.mx\/seic\/wp-content\/uploads\/sites\/22\/2024\/11\/blanco-2-edited-300x300.png 300w, https:\/\/www.ssaver.gob.mx\/seic\/wp-content\/uploads\/sites\/22\/2024\/11\/blanco-2-edited-150x150.png 150w, https:\/\/www.ssaver.gob.mx\/seic\/wp-content\/uploads\/sites\/22\/2024\/11\/blanco-2-edited-768x768.png 768w, https:\/\/www.ssaver.gob.mx\/seic\/wp-content\/uploads\/sites\/22\/2024\/11\/blanco-2-edited-215x215.png 215w\" sizes=\"auto, (max-width: 1016px) 100vw, 1016px\" \/><\/figure>\n\n\n\n<ul class=\"wp-block-list wp-container-content-516f2167\">\n<li class=\"has-text-color has-link-color has-medium-font-size wp-elements-defea748b0e72ed49a9eb2b244bf02af\" style=\"color:#7a1737\">Para garantizar el <strong>registro oportuno de la sesi\u00f3n de capacitaci\u00f3n<\/strong>, el <strong>coordinador de la sesi\u00f3n o jefe de programa debe dirigirse al \u00e1rea de Ense\u00f1anza de la unidad y entregar el formato de registro de la sesi\u00f3n<\/strong>, debidamente requisitado. Esto permitir\u00e1 llevar a cabo el<strong> registro en el Sistema para el Registro y Administraci\u00f3n de Eventos de Capacitaci\u00f3n (SIRAEC)<\/strong>.<\/li>\n\n\n\n<li class=\"has-text-color has-link-color has-medium-font-size wp-elements-23b0d5073880453e494d5f7b5821558b\" style=\"color:#7a1737\">En el caso de <strong>la sesi\u00f3n sea de \u00e1rea m\u00e9dica<\/strong>, ser\u00e1 necesario realizar el registro adicional en el <strong>Sistema Nacional de Administraci\u00f3n de Capacitaci\u00f3n en Salud (SNAC)<\/strong>.<\/li>\n\n\n\n<li class=\"has-text-color has-link-color has-medium-font-size wp-elements-53db1cac4ec01b40bde3d65869616570\" style=\"color:#7a1737\">Es importante que el formato se entregue al menos con <strong>2 d\u00edas de anticipaci\u00f3n a la fecha programada de<\/strong> la sesi\u00f3n para asegurar su correcto registro en las plataformas.<\/li>\n<\/ul>\n<\/div>\n\n\n\n<div style=\"height:100px\" aria-hidden=\"true\" class=\"wp-block-spacer\"><\/div>\n\n\n\n<hr class=\"wp-block-separator has-text-color has-alpha-channel-opacity has-background is-style-wide\" style=\"background-color:#b28854;color:#b28854\" \/>\n\n\n\n<p class=\"has-text-align-center has-large-font-size\"><strong><strong><strong>Formatos de Educaci\u00f3n Continua<\/strong><\/strong><\/strong><\/p>\n\n\n\n<hr class=\"wp-block-separator has-text-color has-alpha-channel-opacity has-background is-style-wide\" style=\"background-color:#b28854;color:#b28854\" \/>\n\n\n\n<div class=\"wp-block-group is-layout-grid wp-container-core-group-is-layout-478b6e6b wp-block-group-is-layout-grid\">\n<figure class=\"wp-block-image size-full\"><img loading=\"lazy\" decoding=\"async\" width=\"512\" height=\"512\" src=\"https:\/\/www.ssaver.gob.mx\/seic\/wp-content\/uploads\/sites\/22\/2024\/12\/documento-de-word.png\" alt=\"\" class=\"wp-image-2713\" srcset=\"https:\/\/www.ssaver.gob.mx\/seic\/wp-content\/uploads\/sites\/22\/2024\/12\/documento-de-word.png 512w, https:\/\/www.ssaver.gob.mx\/seic\/wp-content\/uploads\/sites\/22\/2024\/12\/documento-de-word-300x300.png 300w, https:\/\/www.ssaver.gob.mx\/seic\/wp-content\/uploads\/sites\/22\/2024\/12\/documento-de-word-150x150.png 150w, https:\/\/www.ssaver.gob.mx\/seic\/wp-content\/uploads\/sites\/22\/2024\/12\/documento-de-word-215x215.png 215w\" sizes=\"auto, (max-width: 512px) 100vw, 512px\" \/><\/figure>\n\n\n\n<figure class=\"wp-block-image size-full wp-container-content-69bc4bdf\"><img loading=\"lazy\" decoding=\"async\" width=\"1016\" height=\"1016\" src=\"https:\/\/www.ssaver.gob.mx\/seic\/wp-content\/uploads\/sites\/22\/2024\/11\/blanco-2-edited.png\" alt=\"\" class=\"wp-image-2511\" srcset=\"https:\/\/www.ssaver.gob.mx\/seic\/wp-content\/uploads\/sites\/22\/2024\/11\/blanco-2-edited.png 1016w, https:\/\/www.ssaver.gob.mx\/seic\/wp-content\/uploads\/sites\/22\/2024\/11\/blanco-2-edited-300x300.png 300w, https:\/\/www.ssaver.gob.mx\/seic\/wp-content\/uploads\/sites\/22\/2024\/11\/blanco-2-edited-150x150.png 150w, https:\/\/www.ssaver.gob.mx\/seic\/wp-content\/uploads\/sites\/22\/2024\/11\/blanco-2-edited-768x768.png 768w, https:\/\/www.ssaver.gob.mx\/seic\/wp-content\/uploads\/sites\/22\/2024\/11\/blanco-2-edited-215x215.png 215w\" sizes=\"auto, (max-width: 1016px) 100vw, 1016px\" \/><\/figure>\n\n\n\n<ul class=\"wp-block-list wp-container-content-516f2167\">\n<li class=\"has-text-color has-link-color has-medium-font-size wp-elements-a598c7460ed6b801a20f2be8560cda0a\" style=\"color:#7a1737\"><strong><a href=\"https:\/\/www.ssaver.gob.mx\/seic\/wp-content\/uploads\/sites\/22\/2024\/12\/Formato-de-registro-de-educacion-continua-2025.docx\" data-type=\"link\" data-id=\"https:\/\/www.ssaver.gob.mx\/seic\/wp-content\/uploads\/sites\/22\/2024\/12\/Formato-de-registro-de-educacion-continua-2025.docx\" target=\"_blank\" rel=\"noreferrer noopener\">Formato para registro de sesi\u00f3n (en plataforma de capacitaci\u00f3n, entregar  <strong>2 d\u00edas de anticipaci\u00f3n a la fecha programada del sesi\u00f3n<\/strong>)<\/a><\/strong><\/li>\n\n\n\n<li class=\"has-text-color has-link-color has-medium-font-size wp-elements-69cd83e9e404e2e0fe85650ba341ab98\" style=\"color:#7a1737\"><strong><a href=\"https:\/\/www.ssaver.gob.mx\/seic\/wp-content\/uploads\/sites\/22\/2024\/12\/Lista-de-asistencia-ec-2025.docx\" data-type=\"link\" data-id=\"https:\/\/www.ssaver.gob.mx\/seic\/wp-content\/uploads\/sites\/22\/2024\/12\/Lista-de-asistencia-ec-2025.docx\" target=\"_blank\" rel=\"noreferrer noopener\">Formato Lista de asistencia<\/a><\/strong><\/li>\n\n\n\n<li class=\"has-text-color has-link-color has-medium-font-size wp-elements-93b740ee9a5ed3ba75ee9018cec3adae\" style=\"color:#7a1737\"><a href=\"https:\/\/www.ssaver.gob.mx\/seic\/wp-content\/uploads\/sites\/22\/2024\/12\/Formato-satisfaccion-Instructor-2025.docx\" data-type=\"link\" data-id=\"https:\/\/www.ssaver.gob.mx\/seic\/wp-content\/uploads\/sites\/22\/2024\/12\/Formato-satisfaccion-Instructor-2025.docx\" target=\"_blank\" rel=\"noreferrer noopener\"><\/a><a href=\"https:\/\/www.ssaver.gob.mx\/seic\/wp-content\/uploads\/sites\/22\/2024\/12\/Formato-satisfaccion-Instructor-2025.docx\" data-type=\"link\" data-id=\"https:\/\/www.ssaver.gob.mx\/seic\/wp-content\/uploads\/sites\/22\/2024\/12\/Formato-satisfaccion-Instructor-2025.docx\">Formato para <strong>evaluaci\u00f3n <\/strong> (formato de satisfacci\u00f3n)<\/a><\/li>\n<\/ul>\n<\/div>\n\n\n\n<div style=\"height:100px\" aria-hidden=\"true\" class=\"wp-block-spacer\"><\/div>\n\n\n\n<hr class=\"wp-block-separator has-text-color has-alpha-channel-opacity has-background is-style-wide\" style=\"background-color:#b28854;color:#b28854\" \/>\n\n\n\n<p class=\"has-text-align-center has-large-font-size\"><strong><strong>Procedimiento para solicitar firma en reconocimientos<\/strong><\/strong><\/p>\n\n\n\n<hr class=\"wp-block-separator has-text-color has-alpha-channel-opacity has-background is-style-wide\" style=\"background-color:#b28854;color:#b28854\" \/>\n\n\n\n<div class=\"wp-block-group is-layout-grid wp-container-core-group-is-layout-478b6e6b wp-block-group-is-layout-grid\">\n<figure class=\"wp-block-image size-full\"><img loading=\"lazy\" decoding=\"async\" width=\"512\" height=\"512\" src=\"https:\/\/www.ssaver.gob.mx\/seic\/wp-content\/uploads\/sites\/22\/2024\/12\/firma.png\" alt=\"\" class=\"wp-image-2931\" srcset=\"https:\/\/www.ssaver.gob.mx\/seic\/wp-content\/uploads\/sites\/22\/2024\/12\/firma.png 512w, https:\/\/www.ssaver.gob.mx\/seic\/wp-content\/uploads\/sites\/22\/2024\/12\/firma-300x300.png 300w, https:\/\/www.ssaver.gob.mx\/seic\/wp-content\/uploads\/sites\/22\/2024\/12\/firma-150x150.png 150w, https:\/\/www.ssaver.gob.mx\/seic\/wp-content\/uploads\/sites\/22\/2024\/12\/firma-215x215.png 215w\" sizes=\"auto, (max-width: 512px) 100vw, 512px\" \/><\/figure>\n\n\n\n<figure class=\"wp-block-image size-full wp-container-content-69bc4bdf\"><img loading=\"lazy\" decoding=\"async\" width=\"1016\" height=\"1016\" src=\"https:\/\/www.ssaver.gob.mx\/seic\/wp-content\/uploads\/sites\/22\/2024\/11\/blanco-2-edited.png\" alt=\"\" class=\"wp-image-2511\" srcset=\"https:\/\/www.ssaver.gob.mx\/seic\/wp-content\/uploads\/sites\/22\/2024\/11\/blanco-2-edited.png 1016w, https:\/\/www.ssaver.gob.mx\/seic\/wp-content\/uploads\/sites\/22\/2024\/11\/blanco-2-edited-300x300.png 300w, https:\/\/www.ssaver.gob.mx\/seic\/wp-content\/uploads\/sites\/22\/2024\/11\/blanco-2-edited-150x150.png 150w, https:\/\/www.ssaver.gob.mx\/seic\/wp-content\/uploads\/sites\/22\/2024\/11\/blanco-2-edited-768x768.png 768w, https:\/\/www.ssaver.gob.mx\/seic\/wp-content\/uploads\/sites\/22\/2024\/11\/blanco-2-edited-215x215.png 215w\" sizes=\"auto, (max-width: 1016px) 100vw, 1016px\" \/><\/figure>\n\n\n\n<ul class=\"wp-block-list wp-container-content-516f2167\">\n<li class=\"has-text-color has-link-color has-medium-font-size wp-elements-cc02c71e0d908aeb9fbf03e7bed84358\" style=\"color:#7a1737\"><a href=\"https:\/\/www.ssaver.gob.mx\/seic\/wp-content\/uploads\/sites\/22\/2024\/12\/Formato-de-registro-de-educacion-continua-2025.docx\" data-type=\"link\" data-id=\"https:\/\/www.ssaver.gob.mx\/seic\/wp-content\/uploads\/sites\/22\/2024\/12\/Formato-de-registro-de-educacion-continua-2025.docx\" target=\"_blank\" rel=\"noreferrer noopener\">Revisa detenidamente la<\/a><strong><a href=\"https:\/\/www.ssaver.gob.mx\/seic\/wp-content\/uploads\/sites\/22\/2024\/12\/Formato-de-registro-de-educacion-continua-2025.docx\" data-type=\"link\" data-id=\"https:\/\/www.ssaver.gob.mx\/seic\/wp-content\/uploads\/sites\/22\/2024\/12\/Formato-de-registro-de-educacion-continua-2025.docx\" target=\"_blank\" rel=\"noreferrer noopener\"> Circular No. SESVER\/DAM\/SEIC\/DCEC\/1874\/2024<\/a><\/strong><\/li>\n\n\n\n<li class=\"has-text-color has-link-color has-medium-font-size wp-elements-1edd3c2a1d32dfa7df001195627d140f\" style=\"color:#7a1737\">Descarga el formato de<a href=\"https:\/\/www.ssaver.gob.mx\/seic\/wp-content\/uploads\/sites\/22\/2024\/12\/Lista-de-asistencia-2025.docx\" target=\"_blank\" rel=\"noreferrer noopener\"><strong> <\/strong><\/a><strong><a href=\"https:\/\/www.ssaver.gob.mx\/seic\/wp-content\/uploads\/sites\/22\/2024\/12\/Requerimientos-para-la-firma-autografa-digitalizada-2024.docx\" data-type=\"link\" data-id=\"https:\/\/www.ssaver.gob.mx\/seic\/wp-content\/uploads\/sites\/22\/2024\/12\/Requerimientos-para-la-firma-autografa-digitalizada-2024.docx\" target=\"_blank\" rel=\"noreferrer noopener\">\u00abRequerimientos para la firma aut\u00f3grafa digitalizada\u00bb<\/a><\/strong><\/li>\n\n\n\n<li class=\"has-text-color has-link-color has-medium-font-size wp-elements-93a2a197c4855e7d96b037f9f0b407a0\" style=\"color:#7a1737\"><strong>Env\u00eda el oficio junto con el formato de requerimientos, debidamente firmado<\/strong>, por valija a la Subdirecci\u00f3n de Ense\u00f1anza, Investigaci\u00f3n y Capacitaci\u00f3n<\/li>\n\n\n\n<li class=\"has-text-color has-link-color has-medium-font-size wp-elements-103d38eaabd8a6de9cc2409f73d0bb2f\" style=\"color:#7a1737\"><strong>Para agilizar el proceso de agregar la firma al sistema<\/strong>, por favor env\u00eda el o<strong>ficio y el formato de requerimientos al correo electr\u00f3nico <a>programa.capacitacion.sesver@gmail.com<\/a><\/strong><\/li>\n<\/ul>\n<\/div>\n\n\n\n<div style=\"height:100px\" aria-hidden=\"true\" class=\"wp-block-spacer\"><\/div>\n\n\n\n<hr class=\"wp-block-separator has-text-color has-alpha-channel-opacity has-background is-style-wide\" style=\"background-color:#b28854;color:#b28854\" \/>\n\n\n\n<p class=\"has-text-align-center has-large-font-size\"><strong><strong><strong><strong>Validaci\u00f3n de la sesi\u00f3n de Educaci\u00f3n Continua<\/strong><\/strong><\/strong><\/strong><\/p>\n\n\n\n<hr class=\"wp-block-separator has-text-color has-alpha-channel-opacity has-background is-style-wide\" style=\"background-color:#b28854;color:#b28854\" \/>\n\n\n\n<div class=\"wp-block-group is-layout-grid wp-container-core-group-is-layout-478b6e6b wp-block-group-is-layout-grid\">\n<figure class=\"wp-block-image size-full\"><img loading=\"lazy\" decoding=\"async\" width=\"512\" height=\"512\" src=\"https:\/\/www.ssaver.gob.mx\/seic\/wp-content\/uploads\/sites\/22\/2024\/12\/validacion-1.png\" alt=\"\" class=\"wp-image-2744\" srcset=\"https:\/\/www.ssaver.gob.mx\/seic\/wp-content\/uploads\/sites\/22\/2024\/12\/validacion-1.png 512w, https:\/\/www.ssaver.gob.mx\/seic\/wp-content\/uploads\/sites\/22\/2024\/12\/validacion-1-300x300.png 300w, https:\/\/www.ssaver.gob.mx\/seic\/wp-content\/uploads\/sites\/22\/2024\/12\/validacion-1-150x150.png 150w, https:\/\/www.ssaver.gob.mx\/seic\/wp-content\/uploads\/sites\/22\/2024\/12\/validacion-1-215x215.png 215w\" sizes=\"auto, (max-width: 512px) 100vw, 512px\" \/><\/figure>\n\n\n\n<figure class=\"wp-block-image size-full wp-container-content-69bc4bdf\"><img loading=\"lazy\" decoding=\"async\" width=\"1016\" height=\"1016\" src=\"https:\/\/www.ssaver.gob.mx\/seic\/wp-content\/uploads\/sites\/22\/2024\/11\/blanco-2-edited.png\" alt=\"\" class=\"wp-image-2511\" srcset=\"https:\/\/www.ssaver.gob.mx\/seic\/wp-content\/uploads\/sites\/22\/2024\/11\/blanco-2-edited.png 1016w, https:\/\/www.ssaver.gob.mx\/seic\/wp-content\/uploads\/sites\/22\/2024\/11\/blanco-2-edited-300x300.png 300w, https:\/\/www.ssaver.gob.mx\/seic\/wp-content\/uploads\/sites\/22\/2024\/11\/blanco-2-edited-150x150.png 150w, https:\/\/www.ssaver.gob.mx\/seic\/wp-content\/uploads\/sites\/22\/2024\/11\/blanco-2-edited-768x768.png 768w, https:\/\/www.ssaver.gob.mx\/seic\/wp-content\/uploads\/sites\/22\/2024\/11\/blanco-2-edited-215x215.png 215w\" sizes=\"auto, (max-width: 1016px) 100vw, 1016px\" \/><\/figure>\n\n\n\n<ul class=\"wp-block-list wp-container-content-516f2167\">\n<li class=\"has-text-color has-link-color has-medium-font-size wp-elements-da202155d96a9b0a077e3e052ef6b97a\" style=\"color:#7a1737\">La validaci\u00f3n de la sesi\u00f3n debe realizarse <strong>dentro de un plazo m\u00e1ximo de 5 d\u00edas h\u00e1biles posteriores a su realizaci\u00f3n<\/strong>.<\/li>\n\n\n\n<li class=\"has-text-color has-link-color has-medium-font-size wp-elements-dc62167219954c412883c4b5ece364db\" style=\"color:#7a1737\">Para llevar a cabo este proceso, <strong>es necesario proporcionar la siguiente informaci\u00f3n: el n\u00famero de participantes que asistieron a la capacitaci\u00f3n, las fechas en las que se llev\u00f3 a cabo y la sede donde se realiz\u00f3.<\/strong> Estos datos son indispensables para completar el registro en las plataformas correspondientes.<\/li>\n<\/ul>\n<\/div>\n\n\n\n<div style=\"height:100px\" aria-hidden=\"true\" class=\"wp-block-spacer\"><\/div>\n\n\n\n<hr class=\"wp-block-separator has-text-color has-alpha-channel-opacity has-background is-style-wide\" style=\"background-color:#b28854;color:#b28854\" \/>\n\n\n\n<p class=\"has-text-align-center has-large-font-size\"><strong><strong><strong><strong><strong>Generaci\u00f3n de Reconocimientos<\/strong><\/strong><\/strong><\/strong><\/strong><\/p>\n\n\n\n<hr class=\"wp-block-separator has-text-color has-alpha-channel-opacity has-background is-style-wide\" style=\"background-color:#b28854;color:#b28854\" \/>\n\n\n\n<div class=\"wp-block-group is-layout-grid wp-container-core-group-is-layout-478b6e6b wp-block-group-is-layout-grid\">\n<figure class=\"wp-block-image size-full\"><img loading=\"lazy\" decoding=\"async\" width=\"512\" height=\"512\" src=\"https:\/\/www.ssaver.gob.mx\/seic\/wp-content\/uploads\/sites\/22\/2024\/12\/merito.png\" alt=\"\" class=\"wp-image-2745\" srcset=\"https:\/\/www.ssaver.gob.mx\/seic\/wp-content\/uploads\/sites\/22\/2024\/12\/merito.png 512w, https:\/\/www.ssaver.gob.mx\/seic\/wp-content\/uploads\/sites\/22\/2024\/12\/merito-300x300.png 300w, https:\/\/www.ssaver.gob.mx\/seic\/wp-content\/uploads\/sites\/22\/2024\/12\/merito-150x150.png 150w, https:\/\/www.ssaver.gob.mx\/seic\/wp-content\/uploads\/sites\/22\/2024\/12\/merito-215x215.png 215w\" sizes=\"auto, (max-width: 512px) 100vw, 512px\" \/><\/figure>\n\n\n\n<figure class=\"wp-block-image size-full wp-container-content-69bc4bdf\"><img loading=\"lazy\" decoding=\"async\" width=\"1016\" height=\"1016\" src=\"https:\/\/www.ssaver.gob.mx\/seic\/wp-content\/uploads\/sites\/22\/2024\/11\/blanco-2-edited.png\" alt=\"\" class=\"wp-image-2511\" srcset=\"https:\/\/www.ssaver.gob.mx\/seic\/wp-content\/uploads\/sites\/22\/2024\/11\/blanco-2-edited.png 1016w, https:\/\/www.ssaver.gob.mx\/seic\/wp-content\/uploads\/sites\/22\/2024\/11\/blanco-2-edited-300x300.png 300w, https:\/\/www.ssaver.gob.mx\/seic\/wp-content\/uploads\/sites\/22\/2024\/11\/blanco-2-edited-150x150.png 150w, https:\/\/www.ssaver.gob.mx\/seic\/wp-content\/uploads\/sites\/22\/2024\/11\/blanco-2-edited-768x768.png 768w, https:\/\/www.ssaver.gob.mx\/seic\/wp-content\/uploads\/sites\/22\/2024\/11\/blanco-2-edited-215x215.png 215w\" sizes=\"auto, (max-width: 1016px) 100vw, 1016px\" \/><\/figure>\n\n\n\n<ul class=\"wp-block-list wp-container-content-516f2167\">\n<li class=\"has-text-color has-link-color has-medium-font-size wp-elements-f5cdf0250f17d2f9e98c7215af819fe0\" style=\"color:#7a1737\">Para la elaboraci\u00f3n de los reconocimientos, es importante que el <strong>coordinador del sesi\u00f3n o jefe de programa proporcione al \u00e1rea de Ense\u00f1anza la siguiente informaci\u00f3n:<\/strong><\/li>\n\n\n\n<li class=\"has-text-color has-link-color has-medium-font-size wp-elements-6d10420dcb97e2b2cbd88074a395edec\" style=\"color:#7a1737\"><strong>Orden del d\u00eda<\/strong><\/li>\n\n\n\n<li class=\"has-text-color has-link-color has-medium-font-size wp-elements-a674c243f273c6707c3c0f6fdc543985\" style=\"color:#7a1737\"><strong>Lista de asistencia<\/strong><\/li>\n\n\n\n<li class=\"has-text-color has-link-color has-medium-font-size wp-elements-e2ea1d8eec476fde71a8be0d0a4e33cb\" style=\"color:#7a1737\">El plazo para generar los reconocimientos es de <strong>45 d\u00edas h\u00e1biles a partir de la fecha de realizaci\u00f3n del evento<\/strong>.<\/li>\n<\/ul>\n<\/div>\n\n\n\n<p><\/p>\n","protected":false},"excerpt":{"rendered":"<p>Es una actividad formativa dise\u00f1ada para actualizar, reforzar y perfeccionar los conocimientos, habilidades y actitudes del personal de salud, con<\/p>\n","protected":false},"author":31,"featured_media":0,"parent":0,"menu_order":0,"comment_status":"closed","ping_status":"closed","template":"","meta":{"colormag_page_container_layout":"default_layout","colormag_page_sidebar_layout":"default_layout","footnotes":""},"class_list":["post-927","page","type-page","status-publish","hentry"],"_links":{"self":[{"href":"https:\/\/www.ssaver.gob.mx\/seic\/wp-json\/wp\/v2\/pages\/927","targetHints":{"allow":["GET"]}}],"collection":[{"href":"https:\/\/www.ssaver.gob.mx\/seic\/wp-json\/wp\/v2\/pages"}],"about":[{"href":"https:\/\/www.ssaver.gob.mx\/seic\/wp-json\/wp\/v2\/types\/page"}],"author":[{"embeddable":true,"href":"https:\/\/www.ssaver.gob.mx\/seic\/wp-json\/wp\/v2\/users\/31"}],"replies":[{"embeddable":true,"href":"https:\/\/www.ssaver.gob.mx\/seic\/wp-json\/wp\/v2\/comments?post=927"}],"version-history":[{"count":101,"href":"https:\/\/www.ssaver.gob.mx\/seic\/wp-json\/wp\/v2\/pages\/927\/revisions"}],"predecessor-version":[{"id":3258,"href":"https:\/\/www.ssaver.gob.mx\/seic\/wp-json\/wp\/v2\/pages\/927\/revisions\/3258"}],"wp:attachment":[{"href":"https:\/\/www.ssaver.gob.mx\/seic\/wp-json\/wp\/v2\/media?parent=927"}],"curies":[{"name":"wp","href":"https:\/\/api.w.org\/{rel}","templated":true}]}}