{"id":506,"date":"2022-07-06T18:08:37","date_gmt":"2022-07-06T23:08:37","guid":{"rendered":"https:\/\/www.ssaver.gob.mx\/tecnologias\/?page_id=506"},"modified":"2026-03-20T10:46:07","modified_gmt":"2026-03-20T16:46:07","slug":"politica-informatica","status":"publish","type":"page","link":"https:\/\/www.ssaver.gob.mx\/tecnologias\/soporte-a-usuarios\/mesa-de-ayuda\/politica-informatica\/","title":{"rendered":"Pol\u00edtica Inform\u00e1tica"},"content":{"rendered":"\n<div class=\"wp-block-group is-layout-constrained wp-container-core-group-is-layout-9517baca wp-block-group-is-layout-constrained\">\n<div class=\"wp-block-columns is-layout-flex wp-container-core-columns-is-layout-9c22b1e3 wp-block-columns-is-layout-flex\">\n<div class=\"wp-block-column is-vertically-aligned-stretch is-layout-flow wp-container-core-column-is-layout-c43c6636 wp-block-column-is-layout-flow\" style=\"padding-right:0;padding-left:0;flex-basis:100%\">\n<div class=\"wp-block-cover wp-elements-0793b320862af5647a8d66682c8722a2 has-aspect-ratio\" style=\"margin-top:0;margin-bottom:0;padding-top:0;padding-right:0;padding-bottom:0;padding-left:0;aspect-ratio:auto;min-height:unset;\"><img loading=\"lazy\" decoding=\"async\" width=\"2560\" height=\"389\" class=\"wp-block-cover__image-background wp-image-5220 size-full\" alt=\"\" src=\"https:\/\/www.ssaver.gob.mx\/tecnologias\/wp-content\/uploads\/sites\/14\/2025\/09\/textura_areas_TI-scaled.png\" style=\"object-position:15% 27%\" data-object-fit=\"cover\" data-object-position=\"15% 27%\" srcset=\"https:\/\/www.ssaver.gob.mx\/tecnologias\/wp-content\/uploads\/sites\/14\/2025\/09\/textura_areas_TI-scaled.png 2560w, https:\/\/www.ssaver.gob.mx\/tecnologias\/wp-content\/uploads\/sites\/14\/2025\/09\/textura_areas_TI-300x46.png 300w, https:\/\/www.ssaver.gob.mx\/tecnologias\/wp-content\/uploads\/sites\/14\/2025\/09\/textura_areas_TI-1024x156.png 1024w, https:\/\/www.ssaver.gob.mx\/tecnologias\/wp-content\/uploads\/sites\/14\/2025\/09\/textura_areas_TI-768x117.png 768w, https:\/\/www.ssaver.gob.mx\/tecnologias\/wp-content\/uploads\/sites\/14\/2025\/09\/textura_areas_TI-1536x234.png 1536w, https:\/\/www.ssaver.gob.mx\/tecnologias\/wp-content\/uploads\/sites\/14\/2025\/09\/textura_areas_TI-2048x312.png 2048w\" sizes=\"auto, (max-width: 2560px) 100vw, 2560px\" \/><span aria-hidden=\"true\" class=\"wp-block-cover__background has-background-dim-100 has-background-dim\" style=\"background-color:#720f37\"><\/span><div class=\"wp-block-cover__inner-container is-layout-constrained wp-container-core-cover-is-layout-72190d31 wp-block-cover-is-layout-constrained\">\n<p class=\"has-text-align-center\" style=\"font-size:28px\"><strong>Normatividad<\/strong><\/p>\n<\/div><\/div>\n<\/div>\n<\/div>\n\n\n\n<div class=\"wp-block-columns is-layout-flex wp-container-core-columns-is-layout-b2864ded wp-block-columns-is-layout-flex\" style=\"margin-top:0;margin-bottom:0;padding-top:0;padding-bottom:0\">\n<div class=\"wp-block-column is-vertically-aligned-center has-background is-layout-flow wp-block-column-is-layout-flow\" style=\"background:linear-gradient(180deg,rgb(233,231,225) 32%,rgba(232,230,225,0) 100%);padding-top:var(--wp--preset--spacing--40);padding-right:var(--wp--preset--spacing--40);padding-bottom:var(--wp--preset--spacing--40);padding-left:var(--wp--preset--spacing--70);flex-basis:100%\">\n<hr class=\"wp-block-separator aligncenter has-text-color has-alpha-channel-opacity has-background is-style-wide\" style=\"margin-top:var(--wp--preset--spacing--20);margin-bottom:var(--wp--preset--spacing--20);background-color:#d6af4d;color:#d6af4d\" \/>\n\n\n\n<ul style=\"border-style:none;border-width:0px;border-radius:26px;margin-top:var(--wp--preset--spacing--30);margin-right:0;margin-bottom:var(--wp--preset--spacing--30);margin-left:0\" class=\"wp-block-list has-medium-font-size\">\n<li class=\"has-text-color has-link-color wp-elements-a86d88dcd15eb55793696c5aa5159f96\" style=\"color:#7a1737;padding-top:0;padding-right:0;padding-bottom:0;padding-left:0;font-size:20px\"><strong><a href=\"https:\/\/www.ssaver.gob.mx\/tecnologias\/soporte-a-usuarios\/mesa-de-ayuda\/politica-informatica\/politicas-para-la-seguridad-de-la-informacion-seguridad-informatica-y-desarrollo-de-software\/\" target=\"_blank\" rel=\"noreferrer noopener\">Pol\u00edticas para la Seguridad de la Informaci\u00f3n, Seguridad Inform\u00e1tica y Desarrollo de Software en la Administraci\u00f3n P\u00fablica del Estado de Veracruz<\/a><\/strong><\/li>\n\n\n\n<li class=\"has-text-color has-link-color has-medium-font-size wp-elements-05fac564790d9b7a3557151f56020974\" style=\"color:#7a1737;padding-right:0;padding-left:0\"><strong><a href=\"https:\/\/www.ssaver.gob.mx\/tecnologias\/wp-content\/uploads\/sites\/14\/2025\/09\/Plataforma-Tecnologica-Base-para-Gobierno-Electronico.pdf\">Plataforma-Tecnol\u00f3gica-Base-para-Gobierno-Electr\u00f3nico.pdf (veracruz.gob.mx)<\/a><\/strong><\/li>\n\n\n\n<li class=\"has-text-color has-link-color has-medium-font-size wp-elements-19b873f4ffdaca99e9e1ed4c42a9f30e\" style=\"color:#7a1737;padding-right:0;padding-left:0\"><strong><a href=\"https:\/\/www.ssaver.gob.mx\/tecnologias\/soporte-a-usuarios\/mesa-de-ayuda\/politica-informatica\/estandares-de-software\/\" target=\"_blank\" rel=\"noreferrer noopener\">Est\u00e1ndares de Software | Gobierno del Estado de Veracruz<\/a><\/strong><\/li>\n\n\n\n<li class=\"has-text-color has-link-color has-medium-font-size wp-elements-de4a8656cb3a25f31e43df875e408211\" style=\"color:#7a1737;padding-right:0;padding-left:0\"><strong><a rel=\"noreferrer noopener\" href=\"https:\/\/www.ssaver.gob.mx\/tecnologias\/wp-content\/uploads\/sites\/14\/2022\/06\/Lineamientos-para-el-uso-de-la-internet-institucional3.pdf\" target=\"_blank\">Lineamientos para el uso de la Internet Institucional en la Administraci\u00f3n P\u00fablica del Estado de Veracruz de Ignacio de la Llave<\/a><\/strong><\/li>\n\n\n\n<li class=\"has-text-color has-link-color has-medium-font-size wp-elements-bc055abf09122f50c944986ea63c1ccf\" style=\"color:#7a1737;padding-right:0;padding-left:0\"><strong><a rel=\"noreferrer noopener\" href=\"https:\/\/www.ssaver.gob.mx\/tecnologias\/wp-content\/uploads\/sites\/14\/2022\/06\/Lineamientos_uso_del_correo_electronico_institucional.pdf\" target=\"_blank\">Lineamientos para el uso del correo electr\u00f3nico institucional de la administraci\u00f3n p\u00fablica del Estado de Veracruz de Ignacio de la Llave<\/a><\/strong><\/li>\n\n\n\n<li class=\"has-text-color has-link-color has-medium-font-size wp-elements-9679c1a234c419d2580fba865e8514ac\" style=\"color:#7a1737;padding-right:0;padding-left:0\"><strong>Criterios de operaci\u00f3n de correo electr\u00f3nico de SESVER<\/strong><\/li>\n\n\n\n<li class=\"has-text-color has-link-color has-medium-font-size wp-elements-656e04bc11b3bba92122493741aa5b09\" style=\"color:#7a1737;padding-right:0;padding-left:0\"><strong><a rel=\"noreferrer noopener\" href=\"https:\/\/www.ssaver.gob.mx\/tecnologias\/wp-content\/uploads\/sites\/14\/2022\/06\/13-Lineamientos-Estandarizacion-Sitios-WEB.pdf\" target=\"_blank\">Lineamientos para la Estandarizaci\u00f3n, Publicaci\u00f3n y Administraci\u00f3n de Sitios de Internet de la Administraci\u00f3n P\u00fablica del Estado de Veracruz de Ignacio de la Llave<\/a><\/strong><\/li>\n\n\n\n<li class=\"has-text-color has-link-color has-medium-font-size wp-elements-95bd2341cce9334e487f09b75c12bc2a\" style=\"color:#7a1737;padding-right:0;padding-left:0\"><strong><a rel=\"noreferrer noopener\" href=\"https:\/\/www.ssaver.gob.mx\/tecnologias\/wp-content\/uploads\/sites\/14\/2022\/06\/REGLAS-de-operacion-uso-REDVER.pdf\" target=\"_blank\">Reglas de Operaci\u00f3n para el uso de la Red Institucional de Conectividad; de Asignaci\u00f3n, Control y uso Telef\u00f3nico a trav\u00e9s de la REDVER; de la Seguridad Inform\u00e1tica y de la Adquisici\u00f3n de Equipo de C\u00f3mputo, Licenciamiento y Servicios Inform\u00e1ticos para la Administraci\u00f3n P\u00fablica Estatal.<\/a><\/strong><\/li>\n\n\n\n<li class=\"has-text-color has-link-color has-medium-font-size wp-elements-178708957d8aabee1372dfe151d473d3\" style=\"color:#7a1737;padding-right:0;padding-left:0\"><strong><a rel=\"noreferrer noopener\" href=\"https:\/\/www.ssaver.gob.mx\/tecnologias\/wp-content\/uploads\/sites\/14\/2022\/06\/LINEAMIENTOS-ADQ-EQUIPOS-PROG-SIST-INFCOM.pdf\" target=\"_blank\">Lineamientos Generales para la Adquisici\u00f3n de Equipos, Programas y Sistemas Inform\u00e1ticos y de Comunicaciones, as\u00ed como de la Contrataci\u00f3n de Servicios de Telefon\u00eda e Internet en la Administraci\u00f3n P\u00fablica Estatal.<\/a><\/strong><\/li>\n\n\n\n<li class=\"has-text-color has-link-color has-medium-font-size wp-elements-ad981b744caaa85d46d5c73e931fadb1\" style=\"color:#7a1737;padding-right:0;padding-left:0\"><a href=\"https:\/\/www.ssaver.gob.mx\/tecnologias\/wp-content\/uploads\/sites\/14\/2023\/03\/CTIC_Lineamientos.pdf\" target=\"_blank\" rel=\"noreferrer noopener\"><strong>Acuerdo que establece los lineamientos para la creaci\u00f3n y funcionamiento del Comit\u00e9 de Tecnolog\u00edas de la Informaci\u00f3n y<\/strong> <strong>las Comunicaciones del Poder Ejecutivo del Estado de&nbsp;Veracruz.<\/strong><\/a><\/li>\n\n\n\n<li class=\"has-text-color has-link-color has-medium-font-size wp-elements-2f5df48c5910ae92bdc27c1dd73cd9d6\" style=\"color:#7a1737;padding-right:0;padding-left:0\"><strong><a href=\"https:\/\/www.ssaver.gob.mx\/tecnologias\/wp-content\/uploads\/sites\/14\/2022\/06\/SESVER-DA-DTI-081-2020CircularPoliticasTICS.pdf\" target=\"_blank\" rel=\"noreferrer noopener\">Circular: Difusi\u00f3n de Pol\u00edticas en materia de T.I.<\/a><\/strong><\/li>\n\n\n\n<li class=\"has-text-color has-link-color has-medium-font-size wp-elements-91269e264c352027c8e3240b597a354c\" style=\"color:#7a1737;padding-right:0;padding-left:0\"><strong><a href=\"https:\/\/www.ssaver.gob.mx\/tecnologias\/wp-content\/uploads\/sites\/14\/2023\/12\/CIRCULAR-SESVER-DA-2351-2023-OFICIO-SESVER-DA-10252-2023.pdf\" target=\"_blank\" rel=\"noreferrer noopener\">Circular: Pol\u00edticas para el Desarrollo y Adquisici\u00f3n de Software<\/a><\/strong><\/li>\n<\/ul>\n\n\n\n<p><\/p>\n<\/div>\n<\/div>\n<\/div>\n","protected":false},"excerpt":{"rendered":"","protected":false},"author":4,"featured_media":0,"parent":2734,"menu_order":4,"comment_status":"closed","ping_status":"closed","template":"","meta":{"colormag_page_container_layout":"default_layout","colormag_page_sidebar_layout":"default_layout","footnotes":""},"class_list":["post-506","page","type-page","status-publish","hentry"],"_links":{"self":[{"href":"https:\/\/www.ssaver.gob.mx\/tecnologias\/wp-json\/wp\/v2\/pages\/506","targetHints":{"allow":["GET"]}}],"collection":[{"href":"https:\/\/www.ssaver.gob.mx\/tecnologias\/wp-json\/wp\/v2\/pages"}],"about":[{"href":"https:\/\/www.ssaver.gob.mx\/tecnologias\/wp-json\/wp\/v2\/types\/page"}],"author":[{"embeddable":true,"href":"https:\/\/www.ssaver.gob.mx\/tecnologias\/wp-json\/wp\/v2\/users\/4"}],"replies":[{"embeddable":true,"href":"https:\/\/www.ssaver.gob.mx\/tecnologias\/wp-json\/wp\/v2\/comments?post=506"}],"version-history":[{"count":119,"href":"https:\/\/www.ssaver.gob.mx\/tecnologias\/wp-json\/wp\/v2\/pages\/506\/revisions"}],"predecessor-version":[{"id":6404,"href":"https:\/\/www.ssaver.gob.mx\/tecnologias\/wp-json\/wp\/v2\/pages\/506\/revisions\/6404"}],"up":[{"embeddable":true,"href":"https:\/\/www.ssaver.gob.mx\/tecnologias\/wp-json\/wp\/v2\/pages\/2734"}],"wp:attachment":[{"href":"https:\/\/www.ssaver.gob.mx\/tecnologias\/wp-json\/wp\/v2\/media?parent=506"}],"curies":[{"name":"wp","href":"https:\/\/api.w.org\/{rel}","templated":true}]}}