{"id":514,"date":"2022-07-07T10:21:26","date_gmt":"2022-07-07T15:21:26","guid":{"rendered":"https:\/\/www.ssaver.gob.mx\/tecnologias\/?page_id=514"},"modified":"2026-01-16T14:59:00","modified_gmt":"2026-01-16T20:59:00","slug":"sistemas","status":"publish","type":"page","link":"https:\/\/www.ssaver.gob.mx\/tecnologias\/sistemas\/","title":{"rendered":"Sistemas"},"content":{"rendered":"\n<div class=\"wp-block-columns is-layout-flex wp-container-core-columns-is-layout-28f84493 wp-block-columns-is-layout-flex\">\n<div class=\"wp-block-column is-layout-flow wp-block-column-is-layout-flow\" style=\"flex-basis:350px\"><\/div>\n\n\n\n<div class=\"wp-block-column is-layout-flow wp-block-column-is-layout-flow\" style=\"flex-basis:1220px\">\n<div class=\"wp-block-columns is-layout-flex wp-container-core-columns-is-layout-28f84493 wp-block-columns-is-layout-flex\">\n<div class=\"wp-block-column is-layout-flow wp-block-column-is-layout-flow\" style=\"flex-basis:100%\">\n<div class=\"wp-block-columns is-layout-flex wp-container-core-columns-is-layout-9c22b1e3 wp-block-columns-is-layout-flex\">\n<div class=\"wp-block-column is-vertically-aligned-stretch is-layout-flow wp-container-core-column-is-layout-c43c6636 wp-block-column-is-layout-flow\" style=\"padding-right:0;padding-left:0;flex-basis:100%\">\n<figure class=\"wp-block-image size-full\"><img loading=\"lazy\" decoding=\"async\" width=\"2560\" height=\"389\" src=\"https:\/\/www.ssaver.gob.mx\/tecnologias\/wp-content\/uploads\/sites\/14\/2025\/08\/P_informatica_2-scaled.png\" alt=\"\" class=\"wp-image-4767\" srcset=\"https:\/\/www.ssaver.gob.mx\/tecnologias\/wp-content\/uploads\/sites\/14\/2025\/08\/P_informatica_2-scaled.png 2560w, https:\/\/www.ssaver.gob.mx\/tecnologias\/wp-content\/uploads\/sites\/14\/2025\/08\/P_informatica_2-300x46.png 300w, https:\/\/www.ssaver.gob.mx\/tecnologias\/wp-content\/uploads\/sites\/14\/2025\/08\/P_informatica_2-1024x156.png 1024w, https:\/\/www.ssaver.gob.mx\/tecnologias\/wp-content\/uploads\/sites\/14\/2025\/08\/P_informatica_2-768x117.png 768w, https:\/\/www.ssaver.gob.mx\/tecnologias\/wp-content\/uploads\/sites\/14\/2025\/08\/P_informatica_2-1536x234.png 1536w, https:\/\/www.ssaver.gob.mx\/tecnologias\/wp-content\/uploads\/sites\/14\/2025\/08\/P_informatica_2-2048x312.png 2048w\" sizes=\"auto, (max-width: 2560px) 100vw, 2560px\" \/><\/figure>\n\n\n\n<div class=\"wp-block-cover has-aspect-ratio\" style=\"margin-top:0;margin-bottom:0;padding-top:0;padding-right:0;padding-bottom:0;padding-left:0;aspect-ratio:auto;min-height:unset;\"><img loading=\"lazy\" decoding=\"async\" width=\"2550\" height=\"1650\" class=\"wp-block-cover__image-background wp-image-4624 size-full\" alt=\"\" src=\"https:\/\/www.ssaver.gob.mx\/tecnologias\/wp-content\/uploads\/sites\/14\/2025\/08\/Textura-varias_page-0001.jpg\" style=\"object-position:6% 52%\" data-object-fit=\"cover\" data-object-position=\"6% 52%\" srcset=\"https:\/\/www.ssaver.gob.mx\/tecnologias\/wp-content\/uploads\/sites\/14\/2025\/08\/Textura-varias_page-0001.jpg 2550w, https:\/\/www.ssaver.gob.mx\/tecnologias\/wp-content\/uploads\/sites\/14\/2025\/08\/Textura-varias_page-0001-300x194.jpg 300w, https:\/\/www.ssaver.gob.mx\/tecnologias\/wp-content\/uploads\/sites\/14\/2025\/08\/Textura-varias_page-0001-1024x663.jpg 1024w, https:\/\/www.ssaver.gob.mx\/tecnologias\/wp-content\/uploads\/sites\/14\/2025\/08\/Textura-varias_page-0001-768x497.jpg 768w, https:\/\/www.ssaver.gob.mx\/tecnologias\/wp-content\/uploads\/sites\/14\/2025\/08\/Textura-varias_page-0001-1536x994.jpg 1536w, https:\/\/www.ssaver.gob.mx\/tecnologias\/wp-content\/uploads\/sites\/14\/2025\/08\/Textura-varias_page-0001-2048x1325.jpg 2048w\" sizes=\"auto, (max-width: 2550px) 100vw, 2550px\" \/><span aria-hidden=\"true\" class=\"wp-block-cover__background has-background-dim-0 has-background-dim\" style=\"background-color:#9f0035\"><\/span><div class=\"wp-block-cover__inner-container is-layout-constrained wp-container-core-cover-is-layout-72190d31 wp-block-cover-is-layout-constrained\">\n<p class=\"has-text-align-center\" style=\"font-size:28px\"><strong><strong>Desarrollo de sistemas en ambiente WEB a medida<\/strong><\/strong><\/p>\n<\/div><\/div>\n<\/div>\n<\/div>\n\n\n\n<div class=\"wp-block-columns is-layout-flex wp-container-core-columns-is-layout-b2864ded wp-block-columns-is-layout-flex\" style=\"margin-top:0;margin-bottom:0;padding-top:0;padding-bottom:0\">\n<div class=\"wp-block-column is-vertically-aligned-center has-background is-layout-flow wp-block-column-is-layout-flow\" style=\"background:linear-gradient(180deg,rgb(233,231,225) 32%,rgba(232,230,225,0) 100%);padding-top:var(--wp--preset--spacing--40);padding-right:var(--wp--preset--spacing--40);padding-bottom:var(--wp--preset--spacing--40);padding-left:var(--wp--preset--spacing--70);flex-basis:100%\">\n<hr class=\"wp-block-separator aligncenter has-text-color has-alpha-channel-opacity has-background is-style-wide\" style=\"margin-top:var(--wp--preset--spacing--20);margin-bottom:var(--wp--preset--spacing--20);background-color:#d6af4d;color:#d6af4d\"\/>\n\n\n\n<div class=\"wp-block-columns is-layout-flex wp-container-core-columns-is-layout-28f84493 wp-block-columns-is-layout-flex\">\n<div class=\"wp-block-column is-vertically-aligned-center is-layout-flow wp-block-column-is-layout-flow\" style=\"flex-basis:20%\">\n<div class=\"wp-block-cover has-aspect-ratio\" style=\"border-radius:22px;margin-top:0;margin-bottom:0;min-height:424px;aspect-ratio:1;min-height:unset;\"><img loading=\"lazy\" decoding=\"async\" width=\"1309\" height=\"1510\" class=\"wp-block-cover__image-background wp-image-4479 size-full\" alt=\"\" src=\"https:\/\/www.ssaver.gob.mx\/tecnologias\/wp-content\/uploads\/sites\/14\/2025\/07\/ICON_TI_Areasdeservicio1.jpg\" style=\"object-position:50% 50%\" data-object-fit=\"cover\" data-object-position=\"50% 50%\" srcset=\"https:\/\/www.ssaver.gob.mx\/tecnologias\/wp-content\/uploads\/sites\/14\/2025\/07\/ICON_TI_Areasdeservicio1.jpg 1309w, https:\/\/www.ssaver.gob.mx\/tecnologias\/wp-content\/uploads\/sites\/14\/2025\/07\/ICON_TI_Areasdeservicio1-260x300.jpg 260w, https:\/\/www.ssaver.gob.mx\/tecnologias\/wp-content\/uploads\/sites\/14\/2025\/07\/ICON_TI_Areasdeservicio1-888x1024.jpg 888w, https:\/\/www.ssaver.gob.mx\/tecnologias\/wp-content\/uploads\/sites\/14\/2025\/07\/ICON_TI_Areasdeservicio1-768x886.jpg 768w\" sizes=\"auto, (max-width: 1309px) 100vw, 1309px\" \/><span aria-hidden=\"true\" class=\"wp-block-cover__background has-background-dim-90 has-background-dim wp-block-cover__gradient-background has-background-gradient\" style=\"background:linear-gradient(0deg,rgb(72,0,15) 46%,rgb(163,77,87) 100%)\"><\/span><div class=\"wp-block-cover__inner-container is-layout-constrained wp-container-core-cover-is-layout-be04af43 wp-block-cover-is-layout-constrained\">\n<hr class=\"wp-block-separator aligncenter has-text-color has-alpha-channel-opacity has-background is-style-wide\" style=\"margin-top:var(--wp--preset--spacing--20);margin-bottom:var(--wp--preset--spacing--20);background-color:#d6af4d;color:#d6af4d\"\/>\n\n\n\n<p class=\"has-text-align-center has-white-color has-text-color has-link-color has-medium-font-size wp-elements-64012786f45af9fd1468a7ad61757482\"><strong><strong><strong>COMO USUARIOS DE LOS SISTEMAS DE INFORMACI\u00d3N DE SERVICIOS DE SALUD DE VERACRUZ DEBEN RECORDAR QUE:<\/strong><\/strong><\/strong><\/p>\n\n\n\n<hr class=\"wp-block-separator aligncenter has-text-color has-alpha-channel-opacity has-background is-style-wide\" style=\"margin-top:var(--wp--preset--spacing--20);margin-bottom:var(--wp--preset--spacing--20);background-color:#d6af4d;color:#d6af4d\"\/>\n<\/div><\/div>\n<\/div>\n\n\n\n<div class=\"wp-block-column is-vertically-aligned-center is-layout-flow wp-block-column-is-layout-flow\" style=\"flex-basis:80%\">\n<ul style=\"border-style:none;border-width:0px;border-radius:26px;margin-top:var(--wp--preset--spacing--30);margin-right:0;margin-bottom:var(--wp--preset--spacing--30);margin-left:0\" class=\"wp-block-list has-medium-font-size\">\n<li class=\"has-text-color has-link-color wp-elements-0828755310ce7e4ad52e85e8336d9290\" style=\"color:#7a1737;padding-top:0;padding-right:0;padding-bottom:0;padding-left:0;font-size:20px\"><strong>La clave es para uso personal y no es transferible bajo ninguna justificaci\u00f3n.<\/strong><\/li>\n\n\n\n<li class=\"has-text-color has-link-color has-medium-font-size wp-elements-680a266b732557d18865ab85f931c29d\" style=\"color:#7a1737\"><strong>Cuando reciben la responsiva de la cuenta de usuario deben de cambiar la contrase\u00f1a otorgada en dicho formato.<\/strong><\/li>\n\n\n\n<li class=\"has-text-color has-link-color has-medium-font-size wp-elements-62af2090c10479819e48695c356c10b5\" style=\"color:#7a1737\"><strong>En caso de que el usuario cause baja de la instituci\u00f3n, cambie de funciones o se reubique en otra \u00e1rea administrativa, deber\u00e1 notificarlo por los medios oficiales al Departamento de Tecnolog\u00edas para realizar las acciones correspondientes en cuanto a claves de acceso.<\/strong><\/li>\n\n\n\n<li class=\"has-text-color has-link-color wp-elements-e28e255669685968e7a3dafb27c275ee\" style=\"color:#7a1737;padding-top:0;padding-right:0;padding-bottom:0;padding-left:0;font-size:20px\"><strong>La informaci\u00f3n contenida en los sistemas es propiedad de Servicios de Salud de Veracruz y es responsabilidad del usuario aplicar la confidencialidad de la misma, en caso contrario se proceder\u00e1 jur\u00eddicamente seg\u00fan sea el caso.<\/strong><\/li>\n<\/ul>\n<\/div>\n<\/div>\n\n\n\n<p><\/p>\n<\/div>\n<\/div>\n<\/div>\n<\/div>\n<\/div>\n\n\n\n<div class=\"wp-block-column is-layout-flow wp-block-column-is-layout-flow\" style=\"flex-basis:350px\"><\/div>\n<\/div>\n","protected":false},"excerpt":{"rendered":"","protected":false},"author":4,"featured_media":0,"parent":0,"menu_order":0,"comment_status":"closed","ping_status":"closed","template":"","meta":{"colormag_page_container_layout":"default_layout","colormag_page_sidebar_layout":"default_layout","footnotes":""},"class_list":["post-514","page","type-page","status-publish","hentry"],"_links":{"self":[{"href":"https:\/\/www.ssaver.gob.mx\/tecnologias\/wp-json\/wp\/v2\/pages\/514","targetHints":{"allow":["GET"]}}],"collection":[{"href":"https:\/\/www.ssaver.gob.mx\/tecnologias\/wp-json\/wp\/v2\/pages"}],"about":[{"href":"https:\/\/www.ssaver.gob.mx\/tecnologias\/wp-json\/wp\/v2\/types\/page"}],"author":[{"embeddable":true,"href":"https:\/\/www.ssaver.gob.mx\/tecnologias\/wp-json\/wp\/v2\/users\/4"}],"replies":[{"embeddable":true,"href":"https:\/\/www.ssaver.gob.mx\/tecnologias\/wp-json\/wp\/v2\/comments?post=514"}],"version-history":[{"count":17,"href":"https:\/\/www.ssaver.gob.mx\/tecnologias\/wp-json\/wp\/v2\/pages\/514\/revisions"}],"predecessor-version":[{"id":6238,"href":"https:\/\/www.ssaver.gob.mx\/tecnologias\/wp-json\/wp\/v2\/pages\/514\/revisions\/6238"}],"wp:attachment":[{"href":"https:\/\/www.ssaver.gob.mx\/tecnologias\/wp-json\/wp\/v2\/media?parent=514"}],"curies":[{"name":"wp","href":"https:\/\/api.w.org\/{rel}","templated":true}]}}