{"id":5930,"date":"2025-11-27T11:15:37","date_gmt":"2025-11-27T17:15:37","guid":{"rendered":"https:\/\/www.ssaver.gob.mx\/tecnologias\/?page_id=5930"},"modified":"2025-12-01T09:42:17","modified_gmt":"2025-12-01T15:42:17","slug":"procedimiento-para-generar-una-solicitud-de-peticion-de-wi-fi","status":"publish","type":"page","link":"https:\/\/www.ssaver.gob.mx\/tecnologias\/procedimiento-para-generar-una-solicitud-de-peticion-de-wi-fi\/","title":{"rendered":"Procedimiento para generar una solicitud de petici\u00f3n de Wi-Fi"},"content":{"rendered":"\n<div class=\"wp-block-columns is-layout-flex wp-container-core-columns-is-layout-9c22b1e3 wp-block-columns-is-layout-flex\">\n<div class=\"wp-block-column is-layout-flow wp-block-column-is-layout-flow\" style=\"padding-right:0;padding-left:0;flex-basis:15%\"><\/div>\n\n\n\n<div class=\"wp-block-column is-vertically-aligned-stretch is-layout-constrained wp-container-core-column-is-layout-affacae6 wp-block-column-is-layout-constrained\" style=\"padding-right:0;padding-left:0;flex-basis:70%\">\n<div class=\"wp-block-cover wp-elements-b681dbc7a47ce337b0d040ffb7628cc0 has-aspect-ratio\" style=\"margin-top:0;margin-bottom:0;padding-top:0;padding-right:0;padding-bottom:0;padding-left:0;aspect-ratio:auto;min-height:unset;\"><img loading=\"lazy\" decoding=\"async\" width=\"2560\" height=\"389\" class=\"wp-block-cover__image-background wp-image-5220 size-full\" alt=\"\" src=\"https:\/\/www.ssaver.gob.mx\/tecnologias\/wp-content\/uploads\/sites\/14\/2025\/09\/textura_areas_TI-scaled.png\" style=\"object-position:15% 27%\" data-object-fit=\"cover\" data-object-position=\"15% 27%\" srcset=\"https:\/\/www.ssaver.gob.mx\/tecnologias\/wp-content\/uploads\/sites\/14\/2025\/09\/textura_areas_TI-scaled.png 2560w, https:\/\/www.ssaver.gob.mx\/tecnologias\/wp-content\/uploads\/sites\/14\/2025\/09\/textura_areas_TI-300x46.png 300w, https:\/\/www.ssaver.gob.mx\/tecnologias\/wp-content\/uploads\/sites\/14\/2025\/09\/textura_areas_TI-1024x156.png 1024w, https:\/\/www.ssaver.gob.mx\/tecnologias\/wp-content\/uploads\/sites\/14\/2025\/09\/textura_areas_TI-768x117.png 768w, https:\/\/www.ssaver.gob.mx\/tecnologias\/wp-content\/uploads\/sites\/14\/2025\/09\/textura_areas_TI-1536x234.png 1536w, https:\/\/www.ssaver.gob.mx\/tecnologias\/wp-content\/uploads\/sites\/14\/2025\/09\/textura_areas_TI-2048x312.png 2048w\" sizes=\"auto, (max-width: 2560px) 100vw, 2560px\" \/><span aria-hidden=\"true\" class=\"wp-block-cover__background has-background-dim-100 has-background-dim\" style=\"background-color:#720f37\"><\/span><div class=\"wp-block-cover__inner-container is-layout-constrained wp-container-core-cover-is-layout-72190d31 wp-block-cover-is-layout-constrained\">\n<p class=\"has-text-align-center\" style=\"font-size:28px\"><strong>Procedimiento para generar una solicitud de petici\u00f3n de Wi-Fi<\/strong><\/p>\n<\/div><\/div>\n<\/div>\n\n\n\n<div class=\"wp-block-column is-layout-flow wp-block-column-is-layout-flow\" style=\"padding-right:0;padding-left:0;flex-basis:15%\"><\/div>\n<\/div>\n\n\n\n<div class=\"wp-block-columns is-layout-flex wp-container-core-columns-is-layout-b2864ded wp-block-columns-is-layout-flex\" style=\"margin-top:0;margin-bottom:0;padding-top:0;padding-bottom:0\">\n<div class=\"wp-block-column is-layout-flow wp-block-column-is-layout-flow\" style=\"flex-basis:15%\"><\/div>\n\n\n\n<div class=\"wp-block-column is-vertically-aligned-center has-background is-layout-flow wp-container-core-column-is-layout-93ff0851 wp-block-column-is-layout-flow\" style=\"background:linear-gradient(180deg,rgb(233,231,225) 57%,rgba(232,230,225,0) 100%);padding-top:var(--wp--preset--spacing--40);padding-right:var(--wp--preset--spacing--50);padding-bottom:var(--wp--preset--spacing--40);padding-left:var(--wp--preset--spacing--50);flex-basis:70%\">\n<div class=\"wp-block-columns has-background is-layout-flex wp-container-core-columns-is-layout-235117ee wp-block-columns-is-layout-flex\" style=\"border-radius:16px;background-color:#f9f7ec;margin-top:var(--wp--preset--spacing--30);margin-bottom:var(--wp--preset--spacing--30);padding-top:var(--wp--preset--spacing--60);padding-right:var(--wp--preset--spacing--80);padding-bottom:var(--wp--preset--spacing--60);padding-left:var(--wp--preset--spacing--80)\">\n<div class=\"wp-block-column is-vertically-aligned-center is-layout-flow wp-block-column-is-layout-flow\" style=\"flex-basis:10%\">\n<figure class=\"wp-block-image aligncenter size-full\"><img loading=\"lazy\" decoding=\"async\" width=\"182\" height=\"168\" src=\"https:\/\/www.ssaver.gob.mx\/tecnologias\/wp-content\/uploads\/sites\/14\/2025\/11\/icon_wifi1.png\" alt=\"\" class=\"wp-image-5945\"\/><\/figure>\n<\/div>\n\n\n\n<div class=\"wp-block-column is-vertically-aligned-center is-layout-flow wp-block-column-is-layout-flow\" style=\"flex-basis:20%\">\n<p class=\"has-text-align-left has-text-color\" style=\"color:#5b4c0d;margin-top:var(--wp--preset--spacing--30);margin-bottom:var(--wp--preset--spacing--30);font-size:20px\"><strong>1. Objetivo<\/strong><\/p>\n<\/div>\n\n\n\n<div class=\"wp-block-column is-layout-flow wp-block-column-is-layout-flow\" style=\"flex-basis:70%\">\n<p class=\"has-text-align-left has-text-color\" style=\"color:#5b4c0d;margin-top:var(--wp--preset--spacing--30);margin-bottom:var(--wp--preset--spacing--30);font-size:18px\"><strong>Establecer un procedimiento est\u00e1ndar<\/strong> para solicitar <strong>acceso a la red Wi-Fi institucional<\/strong>, garantizando control, trazabilidad y seguridad de los dispositivos conectados.<\/p>\n<\/div>\n<\/div>\n\n\n\n<div class=\"wp-block-columns has-background is-layout-flex wp-container-core-columns-is-layout-a4404a46 wp-block-columns-is-layout-flex\" style=\"border-radius:16px;background-color:#f9f7ec;margin-top:var(--wp--preset--spacing--30);margin-bottom:var(--wp--preset--spacing--30);padding-top:var(--wp--preset--spacing--60);padding-right:var(--wp--preset--spacing--80);padding-bottom:var(--wp--preset--spacing--60);padding-left:var(--wp--preset--spacing--80)\">\n<div class=\"wp-block-column is-vertically-aligned-center is-layout-flow wp-block-column-is-layout-flow\" style=\"flex-basis:10%\">\n<figure class=\"wp-block-image size-full\"><img loading=\"lazy\" decoding=\"async\" width=\"182\" height=\"168\" src=\"https:\/\/www.ssaver.gob.mx\/tecnologias\/wp-content\/uploads\/sites\/14\/2025\/11\/icon_wifi2.png\" alt=\"\" class=\"wp-image-5946\"\/><\/figure>\n<\/div>\n\n\n\n<div class=\"wp-block-column is-vertically-aligned-center is-layout-flow wp-block-column-is-layout-flow\" style=\"flex-basis:20%\">\n<p class=\"has-text-align-left has-text-color\" style=\"color:#5b4c0d;margin-top:var(--wp--preset--spacing--30);margin-bottom:var(--wp--preset--spacing--30);font-size:20px\"><strong>2. Alcance<\/strong><\/p>\n<\/div>\n\n\n\n<div class=\"wp-block-column is-layout-flow wp-block-column-is-layout-flow\" style=\"flex-basis:70%\">\n<p class=\"has-text-align-left has-text-color\" style=\"color:#5b4c0d;margin-top:var(--wp--preset--spacing--30);margin-bottom:var(--wp--preset--spacing--30);font-size:18px\"><strong>Aplica a todos los colaboradores<\/strong>, <strong>o personal autorizado<\/strong> que requiera conexi\u00f3n a la <strong>red inal\u00e1mbrica institucional o de invitados<\/strong>, desde un <strong>dispositivo m\u00f3vil <\/strong>(Android, iPhone\/iPad, tablet o laptop).<\/p>\n<\/div>\n<\/div>\n\n\n\n<div class=\"wp-block-columns has-background is-layout-flex wp-container-core-columns-is-layout-a4404a46 wp-block-columns-is-layout-flex\" style=\"border-radius:16px;background-color:#f9f7ec;margin-top:var(--wp--preset--spacing--30);margin-bottom:var(--wp--preset--spacing--30);padding-top:var(--wp--preset--spacing--60);padding-right:var(--wp--preset--spacing--80);padding-bottom:var(--wp--preset--spacing--60);padding-left:var(--wp--preset--spacing--80)\">\n<div class=\"wp-block-column is-vertically-aligned-center is-layout-flow wp-block-column-is-layout-flow\" style=\"flex-basis:10%\">\n<figure class=\"wp-block-image size-full\"><img loading=\"lazy\" decoding=\"async\" width=\"182\" height=\"168\" src=\"https:\/\/www.ssaver.gob.mx\/tecnologias\/wp-content\/uploads\/sites\/14\/2025\/11\/icon_wifi3.png\" alt=\"\" class=\"wp-image-5947\"\/><\/figure>\n<\/div>\n\n\n\n<div class=\"wp-block-column is-vertically-aligned-center is-layout-flow wp-block-column-is-layout-flow\" style=\"flex-basis:20%\">\n<p class=\"has-text-align-left has-text-color\" style=\"color:#5b4c0d;margin-top:var(--wp--preset--spacing--30);margin-bottom:var(--wp--preset--spacing--30);font-size:20px\"><strong>3. Documentos requeridos<\/strong><\/p>\n<\/div>\n\n\n\n<div class=\"wp-block-column is-vertically-aligned-center is-layout-flow wp-block-column-is-layout-flow\" style=\"flex-basis:70%\">\n<ul style=\"color:#5b4c0d;font-size:18px\" class=\"wp-block-list has-text-color has-link-color wp-elements-bc590cc4eeccad0b6f5d763107adaab1\">\n<li style=\"font-size:18px\">Formato \u201c<strong>Solicitud de acceso a red Wi-Fi (dispositivo m\u00f3vil)<\/strong>\u201d debidamente llenado y firmado.<\/li>\n\n\n\n<li style=\"font-size:18px\"><strong>Direcci\u00f3n MAC real del dispositivo m\u00f3vil<\/strong> (no aleatoria).<\/li>\n<\/ul>\n<\/div>\n<\/div>\n\n\n\n<div class=\"wp-block-columns has-background is-layout-flex wp-container-core-columns-is-layout-fa160763 wp-block-columns-is-layout-flex\" style=\"border-radius:16px;background-color:#f9f7ec;padding-top:var(--wp--preset--spacing--60);padding-right:var(--wp--preset--spacing--80);padding-bottom:var(--wp--preset--spacing--60);padding-left:var(--wp--preset--spacing--80)\">\n<div class=\"wp-block-column is-layout-flow wp-block-column-is-layout-flow\">\n<div class=\"wp-block-columns is-layout-flex wp-container-core-columns-is-layout-28f84493 wp-block-columns-is-layout-flex\">\n<div class=\"wp-block-column is-vertically-aligned-center is-layout-flow wp-block-column-is-layout-flow\" style=\"flex-basis:10%\">\n<figure class=\"wp-block-image size-full\"><img loading=\"lazy\" decoding=\"async\" width=\"182\" height=\"168\" src=\"https:\/\/www.ssaver.gob.mx\/tecnologias\/wp-content\/uploads\/sites\/14\/2025\/11\/icon_wifi4.png\" alt=\"\" class=\"wp-image-5948\"\/><\/figure>\n<\/div>\n\n\n\n<div class=\"wp-block-column is-vertically-aligned-center is-layout-flow wp-block-column-is-layout-flow\" style=\"flex-basis:20%\">\n<p class=\"has-text-align-left has-text-color\" style=\"color:#5b4c0d;margin-top:var(--wp--preset--spacing--30);margin-bottom:var(--wp--preset--spacing--30);font-size:20px\"><strong>4. Instrucciones paso a paso para el llenado de solicitud<\/strong><\/p>\n<\/div>\n\n\n\n<div class=\"wp-block-column is-vertically-aligned-center is-layout-flow wp-block-column-is-layout-flow\" style=\"flex-basis:70%\">\n<p class=\"has-text-align-left has-text-color\" style=\"color:#5b4c0d;margin-top:var(--wp--preset--spacing--30);margin-bottom:var(--wp--preset--spacing--30);font-size:18px\"><strong>Aplica a todos los colaboradores<\/strong>, <strong>o personal autorizado<\/strong> que requiera conexi\u00f3n a la <strong>red inal\u00e1mbrica institucional o de invitados<\/strong>, desde un <strong>dispositivo m\u00f3vil <\/strong>(Android, iPhone\/iPad, tablet o laptop).<\/p>\n<\/div>\n<\/div>\n\n\n\n<div class=\"wp-block-columns has-background is-layout-flex wp-container-core-columns-is-layout-6c1241aa wp-block-columns-is-layout-flex\" style=\"border-radius:16px;background-color:#fefcf8;padding-right:var(--wp--preset--spacing--50);padding-left:var(--wp--preset--spacing--50)\">\n<div class=\"wp-block-column is-vertically-aligned-center is-layout-flow wp-block-column-is-layout-flow\" style=\"flex-basis:15%\">\n<figure class=\"wp-block-image size-full\"><img loading=\"lazy\" decoding=\"async\" width=\"182\" height=\"168\" src=\"https:\/\/www.ssaver.gob.mx\/tecnologias\/wp-content\/uploads\/sites\/14\/2025\/11\/icon_wifi5.png\" alt=\"\" class=\"wp-image-5949\"\/><\/figure>\n<\/div>\n\n\n\n<div class=\"wp-block-column is-vertically-aligned-center is-layout-flow wp-block-column-is-layout-flow\" style=\"flex-basis:20%\">\n<p class=\"has-text-align-left has-text-color\" style=\"color:#5b4c0d;margin-top:var(--wp--preset--spacing--30);margin-bottom:var(--wp--preset--spacing--30);font-size:16px\"><strong>Paso 1 <br>Obtener la direcci\u00f3n MAC del dispositivo<\/strong><\/p>\n<\/div>\n\n\n\n<div class=\"wp-block-column is-vertically-aligned-center is-layout-flow wp-block-column-is-layout-flow\" style=\"flex-basis:70%\">\n<ul style=\"color:#5b4c0d\" class=\"wp-block-list has-text-color has-link-color wp-elements-8ae4f535ca7e1f4a99a2bed59a197c9f\">\n<li style=\"font-size:15px\"><strong>Android (gen\u00e9rico): <\/strong>Ajustes \u2192 Acerca del tel\u00e9fono \u2192 Estado \u2192 Direcci\u00f3n MAC de Wi-Fi.<\/li>\n\n\n\n<li style=\"font-size:15px\"><strong>iPhone \/ iPad<\/strong> Ajustes \u2192 General \u2192 Informaci\u00f3n \u2192 Direcci\u00f3n Wi-Fi.<\/li>\n<\/ul>\n<\/div>\n<\/div>\n\n\n\n<div class=\"wp-block-columns has-background is-layout-flex wp-container-core-columns-is-layout-0111f410 wp-block-columns-is-layout-flex\" style=\"border-radius:16px;background-color:#fefcf8;padding-right:var(--wp--preset--spacing--50);padding-left:var(--wp--preset--spacing--50)\">\n<div class=\"wp-block-column is-vertically-aligned-center is-layout-flow wp-block-column-is-layout-flow\" style=\"flex-basis:15%\">\n<figure class=\"wp-block-image size-full\"><img loading=\"lazy\" decoding=\"async\" width=\"182\" height=\"168\" src=\"https:\/\/www.ssaver.gob.mx\/tecnologias\/wp-content\/uploads\/sites\/14\/2025\/11\/icon_wifi6.png\" alt=\"\" class=\"wp-image-5950\"\/><\/figure>\n<\/div>\n\n\n\n<div class=\"wp-block-column is-vertically-aligned-center is-layout-flow wp-block-column-is-layout-flow\" style=\"flex-basis:20%\">\n<p class=\"has-text-align-left has-text-color\" style=\"color:#5b4c0d;margin-top:var(--wp--preset--spacing--30);margin-bottom:var(--wp--preset--spacing--30);font-size:16px\"><strong><strong>Paso 2 <br>Llenar el formato de solicitud<\/strong><\/strong><\/p>\n<\/div>\n\n\n\n<div class=\"wp-block-column is-vertically-aligned-center is-layout-flow wp-container-core-column-is-layout-b9598678 wp-block-column-is-layout-flow\" style=\"padding-top:0;padding-bottom:0;flex-basis:70%\">\n<p class=\"has-text-align-left has-text-color\" style=\"color:#5b4c0d;margin-top:0;margin-bottom:0;font-size:15px\">Llenar los campos del formato.<\/p>\n\n\n\n<div class=\"wp-block-buttons is-content-justification-left is-layout-flex wp-container-core-buttons-is-layout-51c3bbf5 wp-block-buttons-is-layout-flex\">\n<div class=\"wp-block-button\"><a class=\"wp-block-button__link has-colormag-color-6-background-color has-background has-text-align-center wp-element-button\" href=\"https:\/\/www.ssaver.gob.mx\/tecnologias\/wp-content\/uploads\/sites\/14\/2025\/12\/Procedimiento_para_generar_una_solicitud_de_peticion_de_wifi_.docx\" style=\"border-radius:16px\"><strong>Solicitud de acceso Wi-Fi<\/strong><\/a><\/div>\n<\/div>\n<\/div>\n<\/div>\n\n\n\n<div class=\"wp-block-columns has-background is-layout-flex wp-container-core-columns-is-layout-0111f410 wp-block-columns-is-layout-flex\" style=\"border-radius:16px;background-color:#fefcf8;padding-right:var(--wp--preset--spacing--50);padding-left:var(--wp--preset--spacing--50)\">\n<div class=\"wp-block-column is-vertically-aligned-center is-layout-flow wp-block-column-is-layout-flow\" style=\"flex-basis:15%\">\n<figure class=\"wp-block-image size-full\"><img loading=\"lazy\" decoding=\"async\" width=\"182\" height=\"168\" src=\"https:\/\/www.ssaver.gob.mx\/tecnologias\/wp-content\/uploads\/sites\/14\/2025\/11\/icon_wifi7.png\" alt=\"\" class=\"wp-image-5951\"\/><\/figure>\n<\/div>\n\n\n\n<div class=\"wp-block-column is-vertically-aligned-center is-layout-flow wp-block-column-is-layout-flow\" style=\"flex-basis:20%\">\n<p class=\"has-text-align-left has-text-color\" style=\"color:#5b4c0d;margin-top:var(--wp--preset--spacing--30);margin-bottom:var(--wp--preset--spacing--30);font-size:16px\"><strong><strong>Paso 3 <br>Obtener la autorizaci\u00f3n del jefe inmediato<\/strong><\/strong><\/p>\n<\/div>\n\n\n\n<div class=\"wp-block-column is-vertically-aligned-center is-layout-flow wp-block-column-is-layout-flow\" style=\"flex-basis:70%\">\n<ul style=\"color:#5b4c0d\" class=\"wp-block-list has-text-color has-link-color wp-elements-a6fe5175c081389239af5c83cec46a58\">\n<li>Entregar el formato al <strong>jefe directo o responsable del \u00e1rea<\/strong>.<\/li>\n\n\n\n<li>El jefe debe:\n<ul class=\"wp-block-list\">\n<li>Revisar la informaci\u00f3n.<\/li>\n\n\n\n<li>Validar la necesidad de acceso.<\/li>\n\n\n\n<li>Firmar el formato, colocar su nombre y agregar fecha.<\/li>\n<\/ul>\n<\/li>\n<\/ul>\n<\/div>\n<\/div>\n\n\n\n<div class=\"wp-block-columns has-background is-layout-flex wp-container-core-columns-is-layout-0111f410 wp-block-columns-is-layout-flex\" style=\"border-radius:16px;background-color:#fefcf8;padding-right:var(--wp--preset--spacing--50);padding-left:var(--wp--preset--spacing--50)\">\n<div class=\"wp-block-column is-vertically-aligned-center is-layout-flow wp-block-column-is-layout-flow\" style=\"flex-basis:15%\">\n<figure class=\"wp-block-image size-full\"><img loading=\"lazy\" decoding=\"async\" width=\"182\" height=\"168\" src=\"https:\/\/www.ssaver.gob.mx\/tecnologias\/wp-content\/uploads\/sites\/14\/2025\/11\/icon_wifi8.png\" alt=\"\" class=\"wp-image-5952\"\/><\/figure>\n<\/div>\n\n\n\n<div class=\"wp-block-column is-vertically-aligned-center is-layout-flow wp-block-column-is-layout-flow\" style=\"flex-basis:20%\">\n<p class=\"has-text-align-left has-text-color\" style=\"color:#5b4c0d;margin-top:var(--wp--preset--spacing--30);margin-bottom:var(--wp--preset--spacing--30);font-size:16px\"><strong><strong>Paso 4<br>Enviar la solicitud al \u00e1rea de TI<\/strong><\/strong><\/p>\n<\/div>\n\n\n\n<div class=\"wp-block-column is-vertically-aligned-center is-layout-flow wp-block-column-is-layout-flow\" style=\"flex-basis:70%\">\n<ul class=\"wp-block-list\">\n<li class=\"has-text-color has-link-color wp-elements-e9a0bc2f192d0b28dbe6ba3f0c577778\" style=\"color:#5b4c0d\">Enviar el documento firmado por correo a: <strong>mesadeayuda@ssaver.gob.mx<\/strong><\/li>\n\n\n\n<li class=\"has-text-color has-link-color wp-elements-df10ae032239cb31ed88df910547af61\" style=\"color:#5b4c0d\">Si es en f\u00edsico, entregarlo en la mesa de soporte en el <strong>Departamento de Tecnolog\u00edas de la Informaci\u00f3n<\/strong>.<\/li>\n<\/ul>\n<\/div>\n<\/div>\n<\/div>\n<\/div>\n<\/div>\n\n\n\n<div class=\"wp-block-column is-layout-flow wp-block-column-is-layout-flow\" style=\"flex-basis:15%\"><\/div>\n<\/div>\n\n\n\n<p><\/p>\n","protected":false},"excerpt":{"rendered":"<p>1. Objetivo Establecer un procedimiento est\u00e1ndar para solicitar acceso a la red Wi-Fi institucional, garantizando control, trazabilidad y seguridad de<\/p>\n","protected":false},"author":2,"featured_media":0,"parent":0,"menu_order":0,"comment_status":"closed","ping_status":"closed","template":"","meta":{"colormag_page_container_layout":"default_layout","colormag_page_sidebar_layout":"default_layout","footnotes":""},"class_list":["post-5930","page","type-page","status-publish","hentry"],"_links":{"self":[{"href":"https:\/\/www.ssaver.gob.mx\/tecnologias\/wp-json\/wp\/v2\/pages\/5930","targetHints":{"allow":["GET"]}}],"collection":[{"href":"https:\/\/www.ssaver.gob.mx\/tecnologias\/wp-json\/wp\/v2\/pages"}],"about":[{"href":"https:\/\/www.ssaver.gob.mx\/tecnologias\/wp-json\/wp\/v2\/types\/page"}],"author":[{"embeddable":true,"href":"https:\/\/www.ssaver.gob.mx\/tecnologias\/wp-json\/wp\/v2\/users\/2"}],"replies":[{"embeddable":true,"href":"https:\/\/www.ssaver.gob.mx\/tecnologias\/wp-json\/wp\/v2\/comments?post=5930"}],"version-history":[{"count":18,"href":"https:\/\/www.ssaver.gob.mx\/tecnologias\/wp-json\/wp\/v2\/pages\/5930\/revisions"}],"predecessor-version":[{"id":5969,"href":"https:\/\/www.ssaver.gob.mx\/tecnologias\/wp-json\/wp\/v2\/pages\/5930\/revisions\/5969"}],"wp:attachment":[{"href":"https:\/\/www.ssaver.gob.mx\/tecnologias\/wp-json\/wp\/v2\/media?parent=5930"}],"curies":[{"name":"wp","href":"https:\/\/api.w.org\/{rel}","templated":true}]}}