{"id":710,"date":"2022-07-07T12:19:43","date_gmt":"2022-07-07T17:19:43","guid":{"rendered":"https:\/\/www.ssaver.gob.mx\/tecnologias\/?page_id=710"},"modified":"2026-03-18T11:29:34","modified_gmt":"2026-03-18T17:29:34","slug":"como-borrar-datos-de-navegacion-web","status":"publish","type":"page","link":"https:\/\/www.ssaver.gob.mx\/tecnologias\/buenas-practicas-tecnologias\/como-borrar-datos-de-navegacion-web\/","title":{"rendered":"C\u00f3mo borrar el cache en un navegador web"},"content":{"rendered":"\n<div class=\"wp-block-group is-layout-constrained wp-container-core-group-is-layout-9517baca wp-block-group-is-layout-constrained\">\n<div class=\"wp-block-columns is-layout-flex wp-container-core-columns-is-layout-9c22b1e3 wp-block-columns-is-layout-flex\">\n<div class=\"wp-block-column is-vertically-aligned-stretch is-layout-flow wp-container-core-column-is-layout-c43c6636 wp-block-column-is-layout-flow\" style=\"padding-right:0;padding-left:0;flex-basis:100%\">\n<figure class=\"wp-block-image size-full\"><img loading=\"lazy\" decoding=\"async\" width=\"2560\" height=\"389\" src=\"https:\/\/www.ssaver.gob.mx\/tecnologias\/wp-content\/uploads\/sites\/14\/2025\/08\/P_informatica_2-scaled.png\" alt=\"\" class=\"wp-image-4767\" srcset=\"https:\/\/www.ssaver.gob.mx\/tecnologias\/wp-content\/uploads\/sites\/14\/2025\/08\/P_informatica_2-scaled.png 2560w, https:\/\/www.ssaver.gob.mx\/tecnologias\/wp-content\/uploads\/sites\/14\/2025\/08\/P_informatica_2-300x46.png 300w, https:\/\/www.ssaver.gob.mx\/tecnologias\/wp-content\/uploads\/sites\/14\/2025\/08\/P_informatica_2-1024x156.png 1024w, https:\/\/www.ssaver.gob.mx\/tecnologias\/wp-content\/uploads\/sites\/14\/2025\/08\/P_informatica_2-768x117.png 768w, https:\/\/www.ssaver.gob.mx\/tecnologias\/wp-content\/uploads\/sites\/14\/2025\/08\/P_informatica_2-1536x234.png 1536w, https:\/\/www.ssaver.gob.mx\/tecnologias\/wp-content\/uploads\/sites\/14\/2025\/08\/P_informatica_2-2048x312.png 2048w\" sizes=\"auto, (max-width: 2560px) 100vw, 2560px\" \/><\/figure>\n<\/div>\n<\/div>\n\n\n\n<div class=\"wp-block-columns is-layout-flex wp-container-core-columns-is-layout-b2864ded wp-block-columns-is-layout-flex\" style=\"margin-top:0;margin-bottom:0;padding-top:0;padding-bottom:0\">\n<div class=\"wp-block-column is-vertically-aligned-center has-background is-layout-flow wp-block-column-is-layout-flow\" style=\"background:linear-gradient(180deg,rgb(233,231,225) 32%,rgba(232,230,225,0) 100%);padding-top:var(--wp--preset--spacing--40);padding-right:var(--wp--preset--spacing--80);padding-bottom:var(--wp--preset--spacing--40);padding-left:var(--wp--preset--spacing--80);flex-basis:100%\">\n<hr class=\"wp-block-separator aligncenter has-text-color has-alpha-channel-opacity has-background is-style-wide\" style=\"margin-top:var(--wp--preset--spacing--20);margin-bottom:var(--wp--preset--spacing--20);background-color:#d6af4d;color:#d6af4d\" \/>\n\n\n\n<figure class=\"wp-block-image aligncenter size-full has-custom-border\"><img loading=\"lazy\" decoding=\"async\" width=\"1828\" height=\"2534\" src=\"https:\/\/www.ssaver.gob.mx\/tecnologias\/wp-content\/uploads\/sites\/14\/2025\/02\/DATOS_NAVEGACION.png\" alt=\"\" class=\"wp-image-3068\" style=\"border-radius:26px\" srcset=\"https:\/\/www.ssaver.gob.mx\/tecnologias\/wp-content\/uploads\/sites\/14\/2025\/02\/DATOS_NAVEGACION.png 1828w, https:\/\/www.ssaver.gob.mx\/tecnologias\/wp-content\/uploads\/sites\/14\/2025\/02\/DATOS_NAVEGACION-216x300.png 216w, https:\/\/www.ssaver.gob.mx\/tecnologias\/wp-content\/uploads\/sites\/14\/2025\/02\/DATOS_NAVEGACION-739x1024.png 739w, https:\/\/www.ssaver.gob.mx\/tecnologias\/wp-content\/uploads\/sites\/14\/2025\/02\/DATOS_NAVEGACION-768x1065.png 768w, https:\/\/www.ssaver.gob.mx\/tecnologias\/wp-content\/uploads\/sites\/14\/2025\/02\/DATOS_NAVEGACION-1108x1536.png 1108w, https:\/\/www.ssaver.gob.mx\/tecnologias\/wp-content\/uploads\/sites\/14\/2025\/02\/DATOS_NAVEGACION-1477x2048.png 1477w\" sizes=\"auto, (max-width: 1828px) 100vw, 1828px\" \/><\/figure>\n\n\n\n<p class=\"has-text-color has-link-color wp-elements-deafc71e440b223b75e16fe81f266d93\" style=\"color:#5b4c0d;margin-top:var(--wp--preset--spacing--60);margin-right:var(--wp--preset--spacing--40);margin-bottom:0;margin-left:var(--wp--preset--spacing--40);font-size:24px\"><strong><strong>Pros y contras al borrar el cache en un navegador<\/strong><\/strong><\/p>\n\n\n\n<hr class=\"wp-block-separator aligncenter has-text-color has-alpha-channel-opacity has-background is-style-wide\" style=\"margin-top:var(--wp--preset--spacing--20);margin-bottom:var(--wp--preset--spacing--20);background-color:#d6af4d;color:#d6af4d\" \/>\n\n\n\n<p class=\"has-text-color has-link-color has-medium-font-size wp-elements-ebb8b6536a023cbf7aaac7c2fb711413\" style=\"color:#7a1737\"><strong>Pros<\/strong><br>Borrar la cach\u00e9 en un navegador web puede traer varios beneficios, entre ellos:<\/p>\n\n\n\n<ol start=\"1\" class=\"wp-block-list\">\n<li class=\"has-text-color has-link-color wp-elements-96a2633724e25292aa9e32bb9684a903\" style=\"color:#7a1737;font-size:18px\"><strong>Mejora del rendimiento<\/strong>: Al eliminar archivos innecesarios almacenados en la cach\u00e9, el navegador puede funcionar m\u00e1s r\u00e1pido y eficientemente.<\/li>\n\n\n\n<li class=\"has-text-color has-link-color wp-elements-3265ae6f4ab7633b1e06f402ecf1354e\" style=\"color:#7a1737;font-size:18px\"><strong>Soluci\u00f3n de problemas<\/strong>: Puede ayudar a resolver problemas de visualizaci\u00f3n de sitios web, como im\u00e1genes que no se cargan correctamente o contenido desactualizado.<\/li>\n\n\n\n<li class=\"has-text-color has-link-color wp-elements-63da77f82425a0775d83ff5a172c0b66\" style=\"color:#7a1737;font-size:18px\"><strong>Mayor privacidad<\/strong>: Al eliminar cookies y datos almacenados, se reduce la cantidad de informaci\u00f3n personal que se comparte con los sitios web.<\/li>\n\n\n\n<li class=\"has-text-color has-link-color wp-elements-e7a9923c6524db8fac81a0720025c0e9\" style=\"color:#7a1737;font-size:18px\"><strong>Liberaci\u00f3n de espacio<\/strong>: Se libera espacio en el disco duro al eliminar archivos temporales que ya no son necesarios.<\/li>\n<\/ol>\n\n\n\n<p class=\"has-text-color has-link-color wp-elements-2126b4737f3c5e4130e466c83a22c558\" style=\"color:#7a1737;font-size:18px\"><strong>Contras<\/strong><br>Borrar la cach\u00e9 de un navegador puede tener algunas precauciones que vale la pena tener en cuenta:<\/p>\n\n\n\n<p class=\"has-text-color has-link-color has-medium-font-size wp-elements-913aeff0b32467d20fc6679e0123187e\" style=\"color:#7a1737\"><strong>Configuraciones de sitios restablecidas<\/strong>: Las preferencias y configuraciones de algunos sitios web pueden restablecerse, lo que podr\u00eda requerir que vuelvas a configurarlas seg\u00fan tus necesidades.<\/p>\n\n\n\n<p class=\"has-text-color has-link-color wp-elements-8d8ef439e8c9fac5859c2ae6de7ed5b2\" style=\"color:#7a1737;font-size:18px\"><strong>P\u00e9rdida de datos de sesi\u00f3n<\/strong>: Al eliminar cookies y datos de sitio, podr\u00edas cerrar sesi\u00f3n en sitios web que visitas frecuentemente, lo que significa que tendr\u00e1s que iniciar sesi\u00f3n nuevamente.<\/p>\n\n\n\n<p class=\"has-text-color has-link-color wp-elements-824777ec7d194c2277d531c55a8b9821\" style=\"color:#7a1737;font-size:18px\"><strong>Carga m\u00e1s lenta de sitios visitados frecuentemente<\/strong>: La cach\u00e9 almacena elementos como im\u00e1genes y scripts para que los sitios web carguen m\u00e1s r\u00e1pido en visitas posteriores. Borrar la cach\u00e9 puede hacer que estos sitios tarden un poco m\u00e1s en cargar la pr\u00f3xima vez que los visites.<\/p>\n\n\n\n<p class=\"has-text-align-center has-text-color has-link-color wp-elements-a725ec390871ea1d7941029c5d8a7275\" style=\"color:#7a1737\">&#8212;&#8212;&#8212;&#8212;&#8212;&#8212;&#8212;&#8211;<\/p>\n\n\n\n<p class=\"has-text-align-center has-text-color has-link-color has-medium-font-size wp-elements-40a28501ab995cc6b0d02ed12f285db9\" style=\"color:#7a1737\">En resumen, aunque borrar la cach\u00e9 puede solucionar ciertos problemas y mejorar el rendimiento, es importante estar preparado para volver a iniciar sesi\u00f3n en sitios web y experimentar cargas iniciales ligeramente m\u00e1s lentas.<\/p>\n\n\n\n<p class=\"has-text-align-center has-text-color has-link-color wp-elements-a725ec390871ea1d7941029c5d8a7275\" style=\"color:#7a1737\">&#8212;&#8212;&#8212;&#8212;&#8212;&#8212;&#8212;&#8211;<\/p>\n<\/div>\n<\/div>\n<\/div>\n","protected":false},"excerpt":{"rendered":"<p>Pros y contras al borrar el cache en un navegador ProsBorrar la cach\u00e9 en un navegador web puede traer varios<\/p>\n","protected":false},"author":3,"featured_media":0,"parent":682,"menu_order":4,"comment_status":"closed","ping_status":"closed","template":"","meta":{"colormag_page_container_layout":"default_layout","colormag_page_sidebar_layout":"default_layout","footnotes":""},"class_list":["post-710","page","type-page","status-publish","hentry"],"_links":{"self":[{"href":"https:\/\/www.ssaver.gob.mx\/tecnologias\/wp-json\/wp\/v2\/pages\/710","targetHints":{"allow":["GET"]}}],"collection":[{"href":"https:\/\/www.ssaver.gob.mx\/tecnologias\/wp-json\/wp\/v2\/pages"}],"about":[{"href":"https:\/\/www.ssaver.gob.mx\/tecnologias\/wp-json\/wp\/v2\/types\/page"}],"author":[{"embeddable":true,"href":"https:\/\/www.ssaver.gob.mx\/tecnologias\/wp-json\/wp\/v2\/users\/3"}],"replies":[{"embeddable":true,"href":"https:\/\/www.ssaver.gob.mx\/tecnologias\/wp-json\/wp\/v2\/comments?post=710"}],"version-history":[{"count":20,"href":"https:\/\/www.ssaver.gob.mx\/tecnologias\/wp-json\/wp\/v2\/pages\/710\/revisions"}],"predecessor-version":[{"id":6367,"href":"https:\/\/www.ssaver.gob.mx\/tecnologias\/wp-json\/wp\/v2\/pages\/710\/revisions\/6367"}],"up":[{"embeddable":true,"href":"https:\/\/www.ssaver.gob.mx\/tecnologias\/wp-json\/wp\/v2\/pages\/682"}],"wp:attachment":[{"href":"https:\/\/www.ssaver.gob.mx\/tecnologias\/wp-json\/wp\/v2\/media?parent=710"}],"curies":[{"name":"wp","href":"https:\/\/api.w.org\/{rel}","templated":true}]}}