{"id":741,"date":"2022-07-26T10:03:31","date_gmt":"2022-07-26T15:03:31","guid":{"rendered":"https:\/\/www.ssaver.gob.mx\/transparencia\/?page_id=741"},"modified":"2026-03-24T09:53:47","modified_gmt":"2026-03-24T15:53:47","slug":"fracc16","status":"publish","type":"page","link":"https:\/\/www.ssaver.gob.mx\/transparencia\/1260-2\/ley875\/fracc16\/","title":{"rendered":"XVI.- Condiciones Generales de Trabajo y Sindicatos"},"content":{"rendered":"\n<hr class=\"wp-block-separator aligncenter has-text-color has-alpha-channel-opacity has-background is-style-wide\" style=\"background-color:#d8bf31;color:#d8bf31\" \/>\n\n\n\n<div class=\"wp-block-group is-layout-constrained wp-container-core-group-is-layout-9517baca wp-block-group-is-layout-constrained\">\n<div class=\"wp-block-columns is-layout-flex wp-container-core-columns-is-layout-9c22b1e3 wp-block-columns-is-layout-flex\">\n<div class=\"wp-block-column is-vertically-aligned-stretch is-layout-flow wp-container-core-column-is-layout-c43c6636 wp-block-column-is-layout-flow\" style=\"padding-right:0;padding-left:0;flex-basis:100%\">\n<div class=\"wp-block-cover wp-elements-76ff233681d9618e90a274ef76e69865 has-aspect-ratio\" style=\"margin-top:0;margin-bottom:0;padding-top:0;padding-right:0;padding-bottom:0;padding-left:0;aspect-ratio:auto;min-height:unset;\"><img decoding=\"async\" class=\"wp-block-cover__image-background wp-image-5220 size-full\" alt=\"\" src=\"https:\/\/www.ssaver.gob.mx\/tecnologias\/wp-content\/uploads\/sites\/14\/2025\/09\/textura_areas_TI-scaled.png\" style=\"object-position:15% 27%\" data-object-fit=\"cover\" data-object-position=\"15% 27%\" \/><span aria-hidden=\"true\" class=\"wp-block-cover__background has-background-dim-100 has-background-dim\" style=\"background-color:#720f37\"><\/span><div class=\"wp-block-cover__inner-container is-layout-constrained wp-container-core-cover-is-layout-72190d31 wp-block-cover-is-layout-constrained\">\n<p class=\"has-text-align-center\" style=\"font-size:28px\"><strong>XVI.- Condiciones Generales de Trabajo y Sindicatos<\/strong><\/p>\n<\/div><\/div>\n<\/div>\n<\/div>\n\n\n\n<div class=\"wp-block-columns is-layout-flex wp-container-core-columns-is-layout-b2864ded wp-block-columns-is-layout-flex\" style=\"margin-top:0;margin-bottom:0;padding-top:0;padding-bottom:0\">\n<div class=\"wp-block-column is-vertically-aligned-center has-background is-layout-flow wp-block-column-is-layout-flow\" style=\"background:linear-gradient(180deg,rgb(233,231,225) 32%,rgba(232,230,225,0) 100%);padding-top:var(--wp--preset--spacing--40);padding-right:var(--wp--preset--spacing--40);padding-bottom:var(--wp--preset--spacing--40);padding-left:var(--wp--preset--spacing--70);flex-basis:100%\">\n<hr class=\"wp-block-separator aligncenter has-text-color has-alpha-channel-opacity has-background is-style-wide\" style=\"margin-top:var(--wp--preset--spacing--20);margin-bottom:var(--wp--preset--spacing--20);background-color:#d6af4d;color:#d6af4d\" \/>\n\n\n\n<p class=\"has-text-align-center has-background\" style=\"background-color:#ffde66;font-size:16px\">Las condiciones generales de trabajo, contratos o convenios que regulen las relaciones laborales del personal de base o de confianza, as\u00ed como los recursos p\u00fablicos econ\u00f3micos, en especie o donativos, que sean entregados a los sindicatos y ejerzan como recursos p\u00fablicos;<\/p>\n\n\n\n<figure class=\"wp-block-table\"><table><tbody><tr><td class=\"has-text-align-center\" data-align=\"center\"><strong>Art. 15 LTAIPEV<\/strong><\/td><td class=\"has-text-align-center\" data-align=\"center\"><strong>Art. 70 LGTAIP<\/strong><\/td><td class=\"has-text-align-center\" data-align=\"center\"><strong>Frecuencia de actualizaci\u00f3n<\/strong><\/td><td class=\"has-text-align-center\" data-align=\"center\"><strong>Permanencia<\/strong><\/td><\/tr><tr><td class=\"has-text-align-center\" data-align=\"center\">XVI<\/td><td class=\"has-text-align-center\" data-align=\"center\">XVI<\/td><td class=\"has-text-align-center\" data-align=\"center\">Trimestral<\/td><td class=\"has-text-align-center\" data-align=\"center\">Trimestre concluido del a\u00f1o en curso y dos anteriores<\/td><\/tr><\/tbody><\/table><\/figure>\n\n\n\n<p class=\"has-medium-font-size\"><strong>2025<\/strong><\/p>\n\n\n\n<p class=\"has-medium-font-size\">a)Normatividad laboral<\/p>\n\n\n\n<ul class=\"wp-block-list has-medium-font-size\">\n<li class=\"has-medium-font-size\"><a href=\"https:\/\/www.ssaver.gob.mx\/transparencia\/wp-content\/uploads\/sites\/7\/2026\/01\/Fracc_16a_25_4.xls\">Cuarto trimestre<\/a><\/li>\n\n\n\n<li class=\"has-medium-font-size\"><a href=\"https:\/\/www.ssaver.gob.mx\/transparencia\/wp-content\/uploads\/sites\/7\/2025\/10\/Fracc_16a_25_3.xls\">Tercer trimestre<\/a><\/li>\n\n\n\n<li class=\"has-medium-font-size\"><a href=\"https:\/\/www.ssaver.gob.mx\/transparencia\/wp-content\/uploads\/sites\/7\/2025\/08\/Fracc_16a_25_2.xls\">Segundo trimestre<\/a><\/li>\n\n\n\n<li class=\"has-medium-font-size\"><a href=\"https:\/\/www.ssaver.gob.mx\/transparencia\/wp-content\/uploads\/sites\/7\/2025\/05\/Fracc_16a_25_1.xls\">Primer trimestre<\/a><\/li>\n<\/ul>\n\n\n\n<p class=\"has-medium-font-size\">b)Recursos p\u00fablicos entregados a sindicatos<\/p>\n\n\n\n<ul class=\"wp-block-list has-medium-font-size\">\n<li class=\"has-medium-font-size\"><a href=\"https:\/\/www.ssaver.gob.mx\/transparencia\/wp-content\/uploads\/sites\/7\/2026\/01\/Fracc_16b_25_4.xls\">Cuarto trimestre<\/a><\/li>\n\n\n\n<li class=\"has-medium-font-size\"><a href=\"https:\/\/www.ssaver.gob.mx\/transparencia\/wp-content\/uploads\/sites\/7\/2025\/10\/Fracc_16b_25_3.xls\">Tercer trimestre<\/a><\/li>\n\n\n\n<li class=\"has-medium-font-size\"><a href=\"https:\/\/www.ssaver.gob.mx\/transparencia\/wp-content\/uploads\/sites\/7\/2025\/08\/Fracc_16b_25_2.xls\">Segundo trimestre<\/a><\/li>\n\n\n\n<li class=\"has-medium-font-size\"><a href=\"https:\/\/www.ssaver.gob.mx\/transparencia\/wp-content\/uploads\/sites\/7\/2025\/05\/Fracc_16b_25_1.xls\">Primer trimestre<\/a><\/li>\n<\/ul>\n\n\n\n<p class=\"has-medium-font-size\"><strong>2024<\/strong><\/p>\n\n\n\n<p class=\"has-medium-font-size\">a)Normatividad laboral<\/p>\n\n\n\n<ul class=\"wp-block-list has-medium-font-size\">\n<li class=\"has-medium-font-size\"><a href=\"https:\/\/www.ssaver.gob.mx\/transparencia\/wp-content\/uploads\/sites\/7\/2025\/02\/Fracc16a_4_2024.xls\">Cuarto trimestre<\/a><\/li>\n\n\n\n<li class=\"has-medium-font-size\"><a href=\"https:\/\/docs.google.com\/spreadsheets\/d\/1I1S4MHOJiu2f_YUcf3CK09j-1xPD5Du5\/edit?usp=sharing&amp;ouid=106642724892189701556&amp;rtpof=true&amp;sd=true\">Tercer trimestre<\/a><\/li>\n\n\n\n<li class=\"has-medium-font-size\"><a href=\"https:\/\/docs.google.com\/spreadsheets\/d\/1CymcNt3SFioA4Kd-n2tN7GH2v-ofXLfw\/edit?usp=sharing&amp;ouid=106642724892189701556&amp;rtpof=true&amp;sd=true\">Segundo trimestre<\/a><\/li>\n\n\n\n<li class=\"has-medium-font-size\"><a href=\"https:\/\/docs.google.com\/spreadsheets\/d\/113Xe3K87g-fYkfeW9mLvo2zF9JJyvegO\/edit?usp=sharing&amp;ouid=106642724892189701556&amp;rtpof=true&amp;sd=true\">Primer trimestre<\/a><\/li>\n<\/ul>\n\n\n\n<p class=\"has-medium-font-size\">b)Recursos p\u00fablicos entregados a sindicatos<\/p>\n\n\n\n<ul class=\"wp-block-list has-medium-font-size\">\n<li class=\"has-medium-font-size\"><a href=\"https:\/\/www.ssaver.gob.mx\/transparencia\/wp-content\/uploads\/sites\/7\/2025\/02\/Fracc16b_4_2024.xls\">Cuarto trimestre<\/a><\/li>\n\n\n\n<li class=\"has-medium-font-size\"><a href=\"https:\/\/docs.google.com\/spreadsheets\/d\/1rF19OAhp89WGju4M8Di-q6CDn_E8P90l\/edit?usp=sharing&amp;ouid=106642724892189701556&amp;rtpof=true&amp;sd=true\">Tercer trimestre<\/a><\/li>\n\n\n\n<li class=\"has-medium-font-size\"><a href=\"https:\/\/docs.google.com\/spreadsheets\/d\/1Gsy2QmD04k9bDNuuAWYfvEH50ro2HQ6t\/edit?usp=sharing&amp;ouid=106642724892189701556&amp;rtpof=true&amp;sd=true\">Segundo trimestre<\/a><\/li>\n\n\n\n<li class=\"has-medium-font-size\"><a href=\"https:\/\/docs.google.com\/spreadsheets\/d\/1JcSwzJB77RSDrJtxAG6yWROJzI_EIjDb\/edit?usp=sharing&amp;ouid=106642724892189701556&amp;rtpof=true&amp;sd=true\">Primer trimestre<\/a><\/li>\n<\/ul>\n\n\n\n<p class=\"has-medium-font-size\"><strong>2023<\/strong><\/p>\n\n\n\n<p class=\"has-medium-font-size\">a)Normatividad laboral<\/p>\n\n\n\n<ul class=\"wp-block-list\">\n<li class=\"has-medium-font-size\"><a href=\"https:\/\/docs.google.com\/spreadsheets\/d\/1N5bfG5Rtb2N2Q8IQsuOpANAstMf5SbzG\/edit?usp=sharing&amp;ouid=106642724892189701556&amp;rtpof=true&amp;sd=true\">Cuarto trimestre<\/a><\/li>\n\n\n\n<li class=\"has-medium-font-size\"><a href=\"https:\/\/docs.google.com\/spreadsheets\/d\/1rtUY4TVu6BHI33k6FPKXf6W6svXZpwGc\/edit?usp=sharing&amp;ouid=106642724892189701556&amp;rtpof=true&amp;sd=true\">Tercer trimestre<\/a><\/li>\n\n\n\n<li class=\"has-medium-font-size\"><a href=\"https:\/\/docs.google.com\/spreadsheets\/d\/19noUAblqpArwhOFM9aiZDGc_eZnfQvuO\/edit?usp=sharing&amp;ouid=106642724892189701556&amp;rtpof=true&amp;sd=true\" target=\"_blank\" rel=\"noreferrer noopener\">Primer trimestre<\/a><\/li>\n\n\n\n<li class=\"has-medium-font-size\"><a href=\"https:\/\/docs.google.com\/spreadsheets\/d\/1CIoDjdaCeonRy-mOF-9UfUAuweHAwVQj\/edit?usp=sharing&amp;ouid=106642724892189701556&amp;rtpof=true&amp;sd=true\">Segundo trimestre<\/a><\/li>\n<\/ul>\n\n\n\n<p class=\"has-medium-font-size\">b)Recursos p\u00fablicos entregados a sindicatos<\/p>\n\n\n\n<ul class=\"wp-block-list has-medium-font-size\">\n<li><a href=\"https:\/\/docs.google.com\/spreadsheets\/d\/1rqwxrMxCA_xuNtdcMezDzQddccBS9PjD\/edit?usp=sharing&amp;ouid=106642724892189701556&amp;rtpof=true&amp;sd=true\">Cuarto trimestre<\/a><\/li>\n\n\n\n<li><a href=\"https:\/\/docs.google.com\/spreadsheets\/d\/15xyWOBWKQ32Ppqdvn9y6vyaZXSfqcdhQ\/edit?usp=sharing&amp;ouid=106642724892189701556&amp;rtpof=true&amp;sd=true\">Tercer trimestre<\/a><\/li>\n\n\n\n<li><a href=\"https:\/\/docs.google.com\/spreadsheets\/d\/15jh7rVZOjB00gxeVDA6An0Zz79pOilh3\/edit?usp=sharing&amp;ouid=106642724892189701556&amp;rtpof=true&amp;sd=true\" target=\"_blank\" rel=\"noreferrer noopener\">Segundo trimestre<\/a><\/li>\n\n\n\n<li><a rel=\"noreferrer noopener\" href=\"https:\/\/docs.google.com\/spreadsheets\/d\/1ETT9zBbf1xalPtdtOzxWxYTMiJKYC5rc\/edit?usp=sharing&amp;ouid=106642724892189701556&amp;rtpof=true&amp;sd=true\" target=\"_blank\">Primer trimestre<\/a><\/li>\n<\/ul>\n\n\n\n<h4 class=\"wp-block-heading has-medium-font-size\">2022<\/h4>\n\n\n\n<p class=\"has-medium-font-size\">a)Normatividad laboral<\/p>\n\n\n\n<ul class=\"wp-block-list has-medium-font-size\">\n<li><a href=\"https:\/\/docs.google.com\/spreadsheets\/d\/13FROn2b0Z1lSAp8ZAi4g7Ms92cGM4lj8\/edit?usp=sharing&amp;ouid=106642724892189701556&amp;rtpof=true&amp;sd=true\" target=\"_blank\" rel=\"noreferrer noopener\">Cuarto trimestre<\/a><\/li>\n\n\n\n<li>Tercer trimestre<\/li>\n\n\n\n<li><a rel=\"noreferrer noopener\" href=\"https:\/\/docs.google.com\/spreadsheets\/d\/1gUJE6PTCrwgHeS_rX7EXxIRBll9fi8hx\/edit?usp=sharing&amp;ouid=106642724892189701556&amp;rtpof=true&amp;sd=true\" target=\"_blank\">Segundo trimestre<\/a><\/li>\n\n\n\n<li><a rel=\"noreferrer noopener\" href=\"https:\/\/docs.google.com\/spreadsheets\/d\/1XQmF6S8z1wt4u6hvmRjjZkza3CpOB_LO\/edit?usp=sharing&amp;ouid=106642724892189701556&amp;rtpof=true&amp;sd=true\" target=\"_blank\">Primer trimestre<\/a><\/li>\n<\/ul>\n\n\n\n<p class=\"has-medium-font-size\">b)Recursos p\u00fablicos entregados a sindicatos<\/p>\n\n\n\n<ul class=\"wp-block-list has-medium-font-size\">\n<li><a href=\"https:\/\/docs.google.com\/spreadsheets\/d\/1OdCwpC5dDdosrQEYhMmaUhlbuT7-ntg2\/edit?usp=sharing&amp;ouid=106642724892189701556&amp;rtpof=true&amp;sd=true\" target=\"_blank\" rel=\"noreferrer noopener\">Cuarto trimestre<\/a><\/li>\n\n\n\n<li><a rel=\"noreferrer noopener\" href=\"https:\/\/docs.google.com\/spreadsheets\/d\/1x6s5YSITq0ypyHJYHkQ3CRZBAYVNb0VL\/edit?usp=sharing&amp;ouid=106642724892189701556&amp;rtpof=true&amp;sd=true\" target=\"_blank\">Tercer trimestre<\/a><\/li>\n\n\n\n<li><a rel=\"noreferrer noopener\" href=\"https:\/\/docs.google.com\/spreadsheets\/d\/1lluJRarpUvn92E7qj-C6_oVI1rFN44B1\/edit?usp=sharing&amp;ouid=106642724892189701556&amp;rtpof=true&amp;sd=true\" target=\"_blank\">Segundo trimestre<\/a><\/li>\n\n\n\n<li><a rel=\"noreferrer noopener\" href=\"https:\/\/docs.google.com\/spreadsheets\/d\/1TORbc64SV4t9IdemjAE0kBLOXFqg7Nw9\/edit?usp=sharing&amp;ouid=106642724892189701556&amp;rtpof=true&amp;sd=true\" target=\"_blank\">Primer trimestre<\/a><\/li>\n<\/ul>\n\n\n\n<h4 class=\"wp-block-heading has-medium-font-size\">2021<\/h4>\n\n\n\n<p class=\"has-medium-font-size\">a)Normatividad laboral<\/p>\n\n\n\n<ul class=\"wp-block-list has-medium-font-size\">\n<li><a rel=\"noreferrer noopener\" href=\"https:\/\/docs.google.com\/spreadsheets\/d\/1G1qxv-3bue1YplctPmxXRcHG1wpWhsXR\/edit?usp=sharing&amp;ouid=106642724892189701556&amp;rtpof=true&amp;sd=true\" target=\"_blank\">Cuarto trimestre<\/a><\/li>\n\n\n\n<li><a rel=\"noreferrer noopener\" href=\"https:\/\/docs.google.com\/spreadsheets\/d\/121BQm2v-jdJmCbCwD47xRUK1_nEEMigS\/edit?usp=sharing&amp;ouid=106642724892189701556&amp;rtpof=true&amp;sd=true\" target=\"_blank\">Tercer trimestre<\/a><\/li>\n\n\n\n<li><a rel=\"noreferrer noopener\" href=\"https:\/\/docs.google.com\/spreadsheets\/d\/1-9aMjOXyYyr7pCbfclIzQNq75iyfipic\/edit?usp=sharing&amp;ouid=106642724892189701556&amp;rtpof=true&amp;sd=true\" target=\"_blank\">Segundo trimestre<\/a><\/li>\n\n\n\n<li><a rel=\"noreferrer noopener\" href=\"https:\/\/docs.google.com\/spreadsheets\/d\/1gb9bMCuSARLWTOVqwsgOMTtSiDKA5w2U\/edit?usp=sharing&amp;ouid=106642724892189701556&amp;rtpof=true&amp;sd=true\" target=\"_blank\">Primer trimestre<\/a><\/li>\n<\/ul>\n\n\n\n<p class=\"has-medium-font-size\">b)Recursos p\u00fablicos entregados a sindicatos<\/p>\n\n\n\n<ul class=\"wp-block-list has-medium-font-size\">\n<li><a rel=\"noreferrer noopener\" href=\"https:\/\/docs.google.com\/spreadsheets\/d\/1uz5k-pBSv5QyWrTPTdhNpLtLi2yyzQ-_\/edit?usp=sharing&amp;ouid=106642724892189701556&amp;rtpof=true&amp;sd=true\" target=\"_blank\">Cuarto trimestre<\/a><\/li>\n\n\n\n<li><a rel=\"noreferrer noopener\" href=\"https:\/\/docs.google.com\/spreadsheets\/d\/1iZ58w2-joboxnnQ9mOO7ZRHLPltHSsB0\/edit?usp=sharing&amp;ouid=106642724892189701556&amp;rtpof=true&amp;sd=true\" target=\"_blank\">Tercer trimestre<\/a><\/li>\n\n\n\n<li><a href=\"https:\/\/docs.google.com\/spreadsheets\/d\/1GkdB6am8z_FO3sLTEw6kKzMlEOG8JP-F\/edit?usp=sharing&amp;ouid=106642724892189701556&amp;rtpof=true&amp;sd=true\">Segundo trimestre<\/a><\/li>\n\n\n\n<li><a href=\"https:\/\/docs.google.com\/spreadsheets\/d\/14xlPL7NA4yEhXLwuF219yKH7Ha1Clfog\/edit?usp=sharing&amp;ouid=106642724892189701556&amp;rtpof=true&amp;sd=true\">Primer trimestre<\/a><\/li>\n<\/ul>\n<\/div>\n<\/div>\n<\/div>\n","protected":false},"excerpt":{"rendered":"<p>Las condiciones generales de trabajo, contratos o convenios que regulen las relaciones laborales del personal de base o de confianza,<\/p>\n","protected":false},"author":18,"featured_media":0,"parent":591,"menu_order":16,"comment_status":"closed","ping_status":"closed","template":"","meta":{"colormag_page_container_layout":"default_layout","colormag_page_sidebar_layout":"default_layout","footnotes":""},"class_list":["post-741","page","type-page","status-publish","hentry"],"_links":{"self":[{"href":"https:\/\/www.ssaver.gob.mx\/transparencia\/wp-json\/wp\/v2\/pages\/741","targetHints":{"allow":["GET"]}}],"collection":[{"href":"https:\/\/www.ssaver.gob.mx\/transparencia\/wp-json\/wp\/v2\/pages"}],"about":[{"href":"https:\/\/www.ssaver.gob.mx\/transparencia\/wp-json\/wp\/v2\/types\/page"}],"author":[{"embeddable":true,"href":"https:\/\/www.ssaver.gob.mx\/transparencia\/wp-json\/wp\/v2\/users\/18"}],"replies":[{"embeddable":true,"href":"https:\/\/www.ssaver.gob.mx\/transparencia\/wp-json\/wp\/v2\/comments?post=741"}],"version-history":[{"count":35,"href":"https:\/\/www.ssaver.gob.mx\/transparencia\/wp-json\/wp\/v2\/pages\/741\/revisions"}],"predecessor-version":[{"id":4232,"href":"https:\/\/www.ssaver.gob.mx\/transparencia\/wp-json\/wp\/v2\/pages\/741\/revisions\/4232"}],"up":[{"embeddable":true,"href":"https:\/\/www.ssaver.gob.mx\/transparencia\/wp-json\/wp\/v2\/pages\/591"}],"wp:attachment":[{"href":"https:\/\/www.ssaver.gob.mx\/transparencia\/wp-json\/wp\/v2\/media?parent=741"}],"curies":[{"name":"wp","href":"https:\/\/api.w.org\/{rel}","templated":true}]}}