{"id":759,"date":"2022-07-27T11:57:14","date_gmt":"2022-07-27T16:57:14","guid":{"rendered":"https:\/\/www.ssaver.gob.mx\/transparencia\/?page_id=759"},"modified":"2026-03-24T09:57:53","modified_gmt":"2026-03-24T15:57:53","slug":"fracc21","status":"publish","type":"page","link":"https:\/\/www.ssaver.gob.mx\/transparencia\/1260-2\/ley875\/fracc21\/","title":{"rendered":"XXI.-Presupuesto del Gasto P\u00fablico"},"content":{"rendered":"\n<hr class=\"wp-block-separator aligncenter has-text-color has-alpha-channel-opacity has-background is-style-wide\" style=\"background-color:#d8bf31;color:#d8bf31\" \/>\n\n\n\n<div class=\"wp-block-group is-layout-constrained wp-container-core-group-is-layout-9517baca wp-block-group-is-layout-constrained\">\n<div class=\"wp-block-columns is-layout-flex wp-container-core-columns-is-layout-9c22b1e3 wp-block-columns-is-layout-flex\">\n<div class=\"wp-block-column is-vertically-aligned-stretch is-layout-flow wp-container-core-column-is-layout-c43c6636 wp-block-column-is-layout-flow\" style=\"padding-right:0;padding-left:0;flex-basis:99.9%\">\n<div class=\"wp-block-cover wp-elements-d04d0c1a176ca6a19f72d0566eebfb3e has-aspect-ratio\" style=\"margin-top:0;margin-bottom:0;padding-top:0;padding-right:0;padding-bottom:0;padding-left:0;aspect-ratio:auto;min-height:unset;\"><img decoding=\"async\" class=\"wp-block-cover__image-background wp-image-5220 size-full\" alt=\"\" src=\"https:\/\/www.ssaver.gob.mx\/tecnologias\/wp-content\/uploads\/sites\/14\/2025\/09\/textura_areas_TI-scaled.png\" style=\"object-position:15% 27%\" data-object-fit=\"cover\" data-object-position=\"15% 27%\" \/><span aria-hidden=\"true\" class=\"wp-block-cover__background has-background-dim-100 has-background-dim\" style=\"background-color:#720f37\"><\/span><div class=\"wp-block-cover__inner-container is-layout-constrained wp-container-core-cover-is-layout-72190d31 wp-block-cover-is-layout-constrained\">\n<p class=\"has-text-align-center\" style=\"font-size:28px\"><strong>XXI.- Presupuesto del Gasto P\u00fablico<\/strong><\/p>\n<\/div><\/div>\n<\/div>\n<\/div>\n\n\n\n<div class=\"wp-block-columns is-layout-flex wp-container-core-columns-is-layout-b2864ded wp-block-columns-is-layout-flex\" style=\"margin-top:0;margin-bottom:0;padding-top:0;padding-bottom:0\">\n<div class=\"wp-block-column is-vertically-aligned-center has-background is-layout-flow wp-block-column-is-layout-flow\" style=\"background:linear-gradient(180deg,rgb(233,231,225) 32%,rgba(232,230,225,0) 100%);padding-top:var(--wp--preset--spacing--40);padding-right:var(--wp--preset--spacing--40);padding-bottom:var(--wp--preset--spacing--40);padding-left:var(--wp--preset--spacing--70);flex-basis:100%\">\n<hr class=\"wp-block-separator aligncenter has-text-color has-alpha-channel-opacity has-background is-style-wide\" style=\"margin-top:var(--wp--preset--spacing--20);margin-bottom:var(--wp--preset--spacing--20);background-color:#d6af4d;color:#d6af4d\" \/>\n\n\n\n<p class=\"has-text-align-center has-background\" style=\"background-color:#ffde66;font-size:16px\">La informaci\u00f3n financiera sobre el presupuesto asignado, as\u00ed como los informes del ejercicio trimestral del gasto, en t\u00e9rminos de la Ley General de Contabilidad Gubernamental y dem\u00e1s normatividad aplicable;<\/p>\n\n\n\n<figure class=\"wp-block-table\"><table><tbody><tr><td class=\"has-text-align-center\" data-align=\"center\"><strong>Art. 15 LTAIPEV<\/strong><\/td><td class=\"has-text-align-center\" data-align=\"center\"><strong>Art. 70 LGTAIP<\/strong><\/td><td class=\"has-text-align-center\" data-align=\"center\"><strong>Frecuencia de actualizaci\u00f3n<\/strong><\/td><td class=\"has-text-align-center\" data-align=\"center\"><strong>Permanencia<\/strong><\/td><\/tr><tr><td class=\"has-text-align-center\" data-align=\"center\">XXI<\/td><td class=\"has-text-align-center\" data-align=\"center\">XXI<\/td><td class=\"has-text-align-center\" data-align=\"center\">Anual<\/td><td class=\"has-text-align-center\" data-align=\"center\">A\u00f1o en curso y seis anteriores<\/td><\/tr><\/tbody><\/table><\/figure>\n\n\n\n<p class=\"has-medium-font-size\"><strong>2025<\/strong><\/p>\n\n\n\n<p class=\"has-medium-font-size\">a)Presupuesto asignado anual<\/p>\n\n\n\n<ul class=\"wp-block-list has-medium-font-size\">\n<li class=\"has-medium-font-size\"><a href=\"https:\/\/www.ssaver.gob.mx\/transparencia\/wp-content\/uploads\/sites\/7\/2026\/01\/Fracc_21a_25_4.xls\">Cuarto trimestre<\/a><\/li>\n\n\n\n<li class=\"has-medium-font-size\"><a href=\"https:\/\/www.ssaver.gob.mx\/transparencia\/wp-content\/uploads\/sites\/7\/2025\/10\/Fracc_21a_25_3.xls\">Tercer trimestre<\/a><\/li>\n\n\n\n<li class=\"has-medium-font-size\"><a href=\"https:\/\/www.ssaver.gob.mx\/transparencia\/wp-content\/uploads\/sites\/7\/2025\/08\/Fracc_21a_25_2.xls\">Segundo trimestre<\/a><\/li>\n\n\n\n<li class=\"has-medium-font-size\"><a href=\"https:\/\/www.ssaver.gob.mx\/transparencia\/wp-content\/uploads\/sites\/7\/2025\/05\/Fracc_21a_25_1.xls\">Primer trimestre<\/a><\/li>\n<\/ul>\n\n\n\n<p class=\"has-medium-font-size\">b)Ejercicio de los egresos presupuestarios<\/p>\n\n\n\n<ul class=\"wp-block-list has-medium-font-size\">\n<li class=\"has-medium-font-size\"><a href=\"https:\/\/www.ssaver.gob.mx\/transparencia\/wp-content\/uploads\/sites\/7\/2026\/01\/Fracc_21b_25_4.xls\">Cuarto trimestre<\/a><\/li>\n\n\n\n<li class=\"has-medium-font-size\"><a href=\"https:\/\/www.ssaver.gob.mx\/transparencia\/wp-content\/uploads\/sites\/7\/2025\/10\/Fracc_21b_25_3.xls\">Tercer trimestre<\/a><\/li>\n\n\n\n<li class=\"has-medium-font-size\"><a href=\"https:\/\/www.ssaver.gob.mx\/transparencia\/wp-content\/uploads\/sites\/7\/2025\/08\/Fracc_21b_25_2.xls\">Segundo trimestre<\/a><\/li>\n\n\n\n<li class=\"has-medium-font-size\"><a href=\"https:\/\/www.ssaver.gob.mx\/transparencia\/wp-content\/uploads\/sites\/7\/2025\/05\/Fracc_21b_25_1.xls\">Primer trimestre<\/a><\/li>\n<\/ul>\n\n\n\n<p class=\"has-medium-font-size\">c)Cuenta p\u00fablica<\/p>\n\n\n\n<ul class=\"wp-block-list has-medium-font-size\">\n<li class=\"has-medium-font-size\"><a href=\"https:\/\/www.ssaver.gob.mx\/transparencia\/wp-content\/uploads\/sites\/7\/2026\/01\/Fracc_21c_25_4.xls\">Cuarto trimestre<\/a><\/li>\n\n\n\n<li class=\"has-medium-font-size\"><a href=\"https:\/\/www.ssaver.gob.mx\/transparencia\/wp-content\/uploads\/sites\/7\/2025\/10\/Fracc_21c_25_3.xls\">Tercer trimestre<\/a><\/li>\n\n\n\n<li class=\"has-medium-font-size\"><a href=\"https:\/\/www.ssaver.gob.mx\/transparencia\/wp-content\/uploads\/sites\/7\/2025\/08\/Fracc_21c_25_2.xls\">Segundo trimestre<\/a><\/li>\n\n\n\n<li class=\"has-medium-font-size\"><a href=\"https:\/\/www.ssaver.gob.mx\/transparencia\/wp-content\/uploads\/sites\/7\/2025\/05\/Fracc_21c_25_1.xls\">Primer trimestre<\/a><\/li>\n<\/ul>\n\n\n\n<p><\/p>\n\n\n\n<p class=\"has-medium-font-size\"><strong>2024<\/strong><\/p>\n\n\n\n<p class=\"has-medium-font-size\">a)Presupuesto asignado anual<\/p>\n\n\n\n<ul class=\"wp-block-list has-medium-font-size\">\n<li><a href=\"https:\/\/www.ssaver.gob.mx\/transparencia\/wp-content\/uploads\/sites\/7\/2025\/02\/Fracc21a_4_2024.xls\">Cuarto trimestre<\/a><\/li>\n\n\n\n<li class=\"has-medium-font-size\"><a href=\"https:\/\/docs.google.com\/spreadsheets\/d\/1-WGSbbgLMhRUeLz7sGfWlPCKEiIorMSj\/edit?usp=sharing&amp;ouid=106642724892189701556&amp;rtpof=true&amp;sd=true\">Tercer trimestre<\/a><\/li>\n\n\n\n<li class=\"has-medium-font-size\"><a href=\"https:\/\/docs.google.com\/spreadsheets\/d\/1u1khlo1aCXPit3gJfP8KXsdCGIwtM-ZA\/edit?usp=sharing&amp;ouid=106642724892189701556&amp;rtpof=true&amp;sd=true\">Segundo trimestre<\/a><\/li>\n\n\n\n<li><a href=\"https:\/\/docs.google.com\/spreadsheets\/d\/100ZwuWjvgWJAg5nGTcP8tQ7LLKFm-N0W\/edit?usp=sharing&amp;ouid=106642724892189701556&amp;rtpof=true&amp;sd=true\">Primer trimestre<\/a><\/li>\n<\/ul>\n\n\n\n<p class=\"has-medium-font-size\">b)Ejercicio de los egresos presupuestarios<\/p>\n\n\n\n<ul class=\"wp-block-list has-medium-font-size\">\n<li><a href=\"https:\/\/www.ssaver.gob.mx\/transparencia\/wp-content\/uploads\/sites\/7\/2025\/02\/Fracc21b_4_2024.xls\">Cuarto trimestre<\/a><\/li>\n\n\n\n<li class=\"has-medium-font-size\"><a href=\"https:\/\/docs.google.com\/spreadsheets\/d\/1FvSbAOzu5MdVw6jaR_7q7Qw3wGA4lmvm\/edit?usp=sharing&amp;ouid=106642724892189701556&amp;rtpof=true&amp;sd=true\">Tercer trimestre<\/a><\/li>\n\n\n\n<li class=\"has-medium-font-size\"><a href=\"https:\/\/docs.google.com\/spreadsheets\/d\/1o-4scqXrbClf2iX2TggLZeHj1BWwnO2g\/edit?usp=sharing&amp;ouid=106642724892189701556&amp;rtpof=true&amp;sd=true\">Segundo trimestre<\/a><\/li>\n\n\n\n<li class=\"has-medium-font-size\"><a href=\"https:\/\/docs.google.com\/spreadsheets\/d\/1uR4Fgg_Y0AsyLH3xG-7wPlXOMK16sg57\/edit?usp=sharing&amp;ouid=106642724892189701556&amp;rtpof=true&amp;sd=true\">Primer trimestre<\/a><\/li>\n<\/ul>\n\n\n\n<p class=\"has-medium-font-size\">c)Cuenta p\u00fablica<\/p>\n\n\n\n<ul class=\"wp-block-list has-medium-font-size\">\n<li><a href=\"https:\/\/www.ssaver.gob.mx\/transparencia\/wp-content\/uploads\/sites\/7\/2025\/02\/Fracc21c_4_2024.xls\">Cuarto trimestre<\/a><\/li>\n\n\n\n<li class=\"has-medium-font-size\"><a href=\"https:\/\/docs.google.com\/spreadsheets\/d\/1vEqQZ2WCmdTc1keSJ_qi7-FEPvIAQnEG\/edit?usp=sharing&amp;ouid=106642724892189701556&amp;rtpof=true&amp;sd=true\">Tercer trimestre<\/a><\/li>\n\n\n\n<li class=\"has-medium-font-size\"><a href=\"https:\/\/docs.google.com\/spreadsheets\/d\/1UO0COrBsN-_-8rGse2uQ6HstpE5S-ZFq\/edit?usp=sharing&amp;ouid=106642724892189701556&amp;rtpof=true&amp;sd=true\">Segundo trimestre<\/a><\/li>\n\n\n\n<li><a href=\"https:\/\/docs.google.com\/spreadsheets\/d\/1yEiLhsjEAeb48uyj6mU2j0tqTuzGa_Ys\/edit?usp=sharing&amp;ouid=106642724892189701556&amp;rtpof=true&amp;sd=true\">Primer trimestre<\/a><\/li>\n<\/ul>\n\n\n\n<p class=\"has-medium-font-size\"><strong>2023<\/strong><\/p>\n\n\n\n<p class=\"has-medium-font-size\">a)Presupuesto asignado anual<\/p>\n\n\n\n<ul class=\"wp-block-list\">\n<li class=\"has-medium-font-size\"><a href=\"https:\/\/docs.google.com\/spreadsheets\/d\/1wHG4uTizo1aIrT9ofjjWq-f2O7YJeS8C\/edit?usp=sharing&amp;ouid=106642724892189701556&amp;rtpof=true&amp;sd=true\">Cuarto trimestre<\/a><\/li>\n\n\n\n<li class=\"has-medium-font-size\"><a href=\"https:\/\/docs.google.com\/spreadsheets\/d\/1WowkfsacBbYzL6oOzanwweRQif_wPq0-\/edit?usp=sharing&amp;ouid=106642724892189701556&amp;rtpof=true&amp;sd=true\">Tercer trimestre<\/a><\/li>\n\n\n\n<li class=\"has-medium-font-size\"><a href=\"https:\/\/docs.google.com\/spreadsheets\/d\/1bBsVKUdzpaSWm32wgJ-TKB20ekxAGzKx\/edit?usp=sharing&amp;ouid=106642724892189701556&amp;rtpof=true&amp;sd=true\" target=\"_blank\" rel=\"noreferrer noopener\">Segundo trimestre<\/a><\/li>\n\n\n\n<li class=\"has-medium-font-size\"><a rel=\"noreferrer noopener\" href=\"https:\/\/docs.google.com\/spreadsheets\/d\/1zOTn46BN6MKuN-FoRKhTfErHpjQ2oMnP\/edit?usp=sharing&amp;ouid=106642724892189701556&amp;rtpof=true&amp;sd=true\" target=\"_blank\">Primer trimestre<\/a><\/li>\n<\/ul>\n\n\n\n<p class=\"has-medium-font-size\">b)Ejercicio de los egresos presupuestarios<\/p>\n\n\n\n<ul class=\"wp-block-list\">\n<li class=\"has-medium-font-size\"><a href=\"https:\/\/docs.google.com\/spreadsheets\/d\/1GthSOC_pA9Qzrhz_OvHhkeR2aN6Y9pB6\/edit?usp=sharing&amp;ouid=106642724892189701556&amp;rtpof=true&amp;sd=true\">Cuarto trimestre<\/a><\/li>\n\n\n\n<li class=\"has-medium-font-size\"><a href=\"https:\/\/docs.google.com\/spreadsheets\/d\/1KOzlkkLoQA2kxUGxxQ-0PZ2PhHFDgzht\/edit?usp=sharing&amp;ouid=106642724892189701556&amp;rtpof=true&amp;sd=true\">Tercer trimestre<\/a><\/li>\n\n\n\n<li class=\"has-medium-font-size\"><a href=\"https:\/\/docs.google.com\/spreadsheets\/d\/13BPgEc3P6cUeGwShCGHRLNt2hZydSE2m\/edit?usp=sharing&amp;ouid=106642724892189701556&amp;rtpof=true&amp;sd=true\" target=\"_blank\" rel=\"noreferrer noopener\">Segundo trimestre<\/a><\/li>\n\n\n\n<li class=\"has-medium-font-size\"><a rel=\"noreferrer noopener\" href=\"https:\/\/docs.google.com\/spreadsheets\/d\/1OrRChI0GGoGTtZwxJ7nvR4FIzWzVlFjL\/edit?usp=sharing&amp;ouid=106642724892189701556&amp;rtpof=true&amp;sd=true\" target=\"_blank\">Primer trimestre<\/a><\/li>\n<\/ul>\n\n\n\n<p class=\"has-medium-font-size\">c)Cuenta p\u00fablica<\/p>\n\n\n\n<ul class=\"wp-block-list\">\n<li class=\"has-medium-font-size\"><a href=\"https:\/\/docs.google.com\/spreadsheets\/d\/1aflqb2JrVrYFPSefebEtfuYVUfh5RG5y\/edit?usp=sharing&amp;ouid=106642724892189701556&amp;rtpof=true&amp;sd=true\">Cuarto trimestre<\/a><\/li>\n\n\n\n<li class=\"has-medium-font-size\"><a href=\"https:\/\/docs.google.com\/spreadsheets\/d\/1YeyPF0Oiowa8LDHW3GjridIHOIpkPV7e\/edit?usp=sharing&amp;ouid=106642724892189701556&amp;rtpof=true&amp;sd=true\">Tercer trimestre<\/a><\/li>\n\n\n\n<li class=\"has-medium-font-size\"><a href=\"https:\/\/docs.google.com\/spreadsheets\/d\/18SEi6HNT2shgxDZ0OulA6iJw0aFrAi0J\/edit?usp=sharing&amp;ouid=106642724892189701556&amp;rtpof=true&amp;sd=true\" target=\"_blank\" rel=\"noreferrer noopener\">Segundo trimestre<\/a><\/li>\n\n\n\n<li class=\"has-medium-font-size\"><a rel=\"noreferrer noopener\" href=\"https:\/\/docs.google.com\/spreadsheets\/d\/1ShXsQY6sdmI3l6L5mCwgFQUI3jEXLuHk\/edit?usp=sharing&amp;ouid=106642724892189701556&amp;rtpof=true&amp;sd=true\" target=\"_blank\">Primer trimestre<\/a><\/li>\n<\/ul>\n\n\n\n<h4 class=\"wp-block-heading has-medium-font-size\"><strong>2022<\/strong><\/h4>\n\n\n\n<p class=\"has-medium-font-size\">a)Presupuesto asignado anual<\/p>\n\n\n\n<ul class=\"wp-block-list has-medium-font-size\">\n<li><a href=\"https:\/\/docs.google.com\/spreadsheets\/d\/1UazDl-dKn7Hk992ZV6BYXRFTkh3bCjnT\/edit?usp=sharing&amp;ouid=106642724892189701556&amp;rtpof=true&amp;sd=true\" target=\"_blank\" rel=\"noreferrer noopener\">Cuarto trimestre<\/a><\/li>\n\n\n\n<li><a rel=\"noreferrer noopener\" href=\"https:\/\/docs.google.com\/spreadsheets\/d\/1XflE_VAU42f4UwnqYg61nHRaIkpgL6m9\/edit?usp=sharing&amp;ouid=106642724892189701556&amp;rtpof=true&amp;sd=true\" target=\"_blank\">Tercer trimestre<\/a><\/li>\n\n\n\n<li><a rel=\"noreferrer noopener\" href=\"https:\/\/docs.google.com\/spreadsheets\/d\/16clGnwIp0C1X8gIrdOhUXhpmV9slhjH8\/edit?usp=sharing&amp;ouid=106642724892189701556&amp;rtpof=true&amp;sd=true\" target=\"_blank\">Segundo trimestre<\/a><\/li>\n\n\n\n<li><a rel=\"noreferrer noopener\" href=\"https:\/\/docs.google.com\/spreadsheets\/d\/1zOhNvKMcwVwR676eZssTxULrYvu6zxep\/edit?usp=sharing&amp;ouid=106642724892189701556&amp;rtpof=true&amp;sd=true\" target=\"_blank\">Primer trimestre<\/a><\/li>\n<\/ul>\n\n\n\n<p class=\"has-medium-font-size\">b)Ejercicio de los egresos presupuestarios<\/p>\n\n\n\n<ul class=\"wp-block-list has-medium-font-size\">\n<li><a href=\"https:\/\/docs.google.com\/spreadsheets\/d\/1LXpn4ZSEJpNK0mxAuc1KBeFnd7U4ZsfK\/edit?usp=sharing&amp;ouid=106642724892189701556&amp;rtpof=true&amp;sd=true\" target=\"_blank\" rel=\"noreferrer noopener\">Cuarto trimestre<\/a><\/li>\n\n\n\n<li><a rel=\"noreferrer noopener\" href=\"https:\/\/docs.google.com\/spreadsheets\/d\/1vRlHRAS4WgZc4hv2fZ9ZoOyRJMqpfXwv\/edit?usp=sharing&amp;ouid=106642724892189701556&amp;rtpof=true&amp;sd=true\" target=\"_blank\">Tercer trimestre<\/a><\/li>\n\n\n\n<li><a rel=\"noreferrer noopener\" href=\"https:\/\/docs.google.com\/spreadsheets\/d\/1n3boBd2bCRYSJsF81kYWlQJ0dPlZzC5C\/edit?usp=sharing&amp;ouid=106642724892189701556&amp;rtpof=true&amp;sd=true\" target=\"_blank\">Segundo trimestre<\/a><\/li>\n\n\n\n<li><a rel=\"noreferrer noopener\" href=\"https:\/\/docs.google.com\/spreadsheets\/d\/1ObU1uHcFwLKD0SCppXWgm8CHCqs5lqRa\/edit?usp=sharing&amp;ouid=106642724892189701556&amp;rtpof=true&amp;sd=true\" target=\"_blank\">Primer trimestre<\/a><\/li>\n<\/ul>\n\n\n\n<p class=\"has-medium-font-size\">c)Cuenta p\u00fablica<\/p>\n\n\n\n<ul class=\"wp-block-list has-medium-font-size\">\n<li><a href=\"https:\/\/docs.google.com\/spreadsheets\/d\/1SpZYPzH46N0wmWcKDvVATvYTOjnJvJzy\/edit?usp=sharing&amp;ouid=106642724892189701556&amp;rtpof=true&amp;sd=true\" target=\"_blank\" rel=\"noreferrer noopener\">Cuarto trimestre<\/a><\/li>\n\n\n\n<li><a rel=\"noreferrer noopener\" href=\"https:\/\/docs.google.com\/spreadsheets\/d\/1vHda0BgaadKvJR9MiMdv78Qo9bnaEbI_\/edit?usp=sharing&amp;ouid=106642724892189701556&amp;rtpof=true&amp;sd=true\" target=\"_blank\">Tercer trimestre<\/a><\/li>\n\n\n\n<li><a rel=\"noreferrer noopener\" href=\"https:\/\/docs.google.com\/spreadsheets\/d\/1SFjUmkAWfmKN9QV3grXExPnOk9LZe0IJ\/edit?usp=sharing&amp;ouid=106642724892189701556&amp;rtpof=true&amp;sd=true\" target=\"_blank\">Segundo trimestre<\/a><\/li>\n\n\n\n<li><a rel=\"noreferrer noopener\" href=\"https:\/\/docs.google.com\/spreadsheets\/d\/1I-OEHNEplT1BDak1h2gF1EJ58Y1vk5gH\/edit?usp=sharing&amp;ouid=106642724892189701556&amp;rtpof=true&amp;sd=true\" target=\"_blank\">Primer trimestre<\/a><\/li>\n<\/ul>\n<\/div>\n<\/div>\n<\/div>\n","protected":false},"excerpt":{"rendered":"<p>La informaci\u00f3n financiera sobre el presupuesto asignado, as\u00ed como los informes del ejercicio trimestral del gasto, en t\u00e9rminos de la<\/p>\n","protected":false},"author":18,"featured_media":0,"parent":591,"menu_order":21,"comment_status":"closed","ping_status":"closed","template":"","meta":{"colormag_page_container_layout":"default_layout","colormag_page_sidebar_layout":"default_layout","footnotes":""},"class_list":["post-759","page","type-page","status-publish","hentry"],"_links":{"self":[{"href":"https:\/\/www.ssaver.gob.mx\/transparencia\/wp-json\/wp\/v2\/pages\/759","targetHints":{"allow":["GET"]}}],"collection":[{"href":"https:\/\/www.ssaver.gob.mx\/transparencia\/wp-json\/wp\/v2\/pages"}],"about":[{"href":"https:\/\/www.ssaver.gob.mx\/transparencia\/wp-json\/wp\/v2\/types\/page"}],"author":[{"embeddable":true,"href":"https:\/\/www.ssaver.gob.mx\/transparencia\/wp-json\/wp\/v2\/users\/18"}],"replies":[{"embeddable":true,"href":"https:\/\/www.ssaver.gob.mx\/transparencia\/wp-json\/wp\/v2\/comments?post=759"}],"version-history":[{"count":25,"href":"https:\/\/www.ssaver.gob.mx\/transparencia\/wp-json\/wp\/v2\/pages\/759\/revisions"}],"predecessor-version":[{"id":4237,"href":"https:\/\/www.ssaver.gob.mx\/transparencia\/wp-json\/wp\/v2\/pages\/759\/revisions\/4237"}],"up":[{"embeddable":true,"href":"https:\/\/www.ssaver.gob.mx\/transparencia\/wp-json\/wp\/v2\/pages\/591"}],"wp:attachment":[{"href":"https:\/\/www.ssaver.gob.mx\/transparencia\/wp-json\/wp\/v2\/media?parent=759"}],"curies":[{"name":"wp","href":"https:\/\/api.w.org\/{rel}","templated":true}]}}