{"id":842,"date":"2022-08-02T14:16:40","date_gmt":"2022-08-02T19:16:40","guid":{"rendered":"https:\/\/www.ssaver.gob.mx\/transparencia\/?page_id=842"},"modified":"2026-03-24T10:21:32","modified_gmt":"2026-03-24T16:21:32","slug":"fracc48","status":"publish","type":"page","link":"https:\/\/www.ssaver.gob.mx\/transparencia\/1260-2\/ley875\/fracc48\/","title":{"rendered":"XLVIII.- Enajenaciones y Actos Relacionados con Bienes P\u00fablicos"},"content":{"rendered":"\n<hr class=\"wp-block-separator aligncenter has-text-color has-alpha-channel-opacity has-background is-style-wide\" style=\"background-color:#d8bf31;color:#d8bf31\" \/>\n\n\n\n<div class=\"wp-block-group is-layout-constrained wp-container-core-group-is-layout-9517baca wp-block-group-is-layout-constrained\">\n<div class=\"wp-block-columns is-layout-flex wp-container-core-columns-is-layout-9c22b1e3 wp-block-columns-is-layout-flex\">\n<div class=\"wp-block-column is-vertically-aligned-stretch is-layout-flow wp-container-core-column-is-layout-c43c6636 wp-block-column-is-layout-flow\" style=\"padding-right:0;padding-left:0;flex-basis:100%\">\n<div class=\"wp-block-cover wp-elements-8173cdc6ae6be59053d07cde4d01ac21 has-aspect-ratio\" style=\"margin-top:0;margin-bottom:0;padding-top:0;padding-right:0;padding-bottom:0;padding-left:0;aspect-ratio:auto;min-height:unset;\"><img decoding=\"async\" class=\"wp-block-cover__image-background wp-image-5220 size-full\" alt=\"\" src=\"https:\/\/www.ssaver.gob.mx\/tecnologias\/wp-content\/uploads\/sites\/14\/2025\/09\/textura_areas_TI-scaled.png\" style=\"object-position:15% 27%\" data-object-fit=\"cover\" data-object-position=\"15% 27%\" \/><span aria-hidden=\"true\" class=\"wp-block-cover__background has-background-dim-100 has-background-dim\" style=\"background-color:#720f37\"><\/span><div class=\"wp-block-cover__inner-container is-layout-constrained wp-container-core-cover-is-layout-72190d31 wp-block-cover-is-layout-constrained\">\n<p class=\"has-text-align-center\" style=\"font-size:28px\"><strong>XLVIII.- Enajenaciones y Actos Relacionados con Bienes P\u00fablicos<\/strong><\/p>\n<\/div><\/div>\n<\/div>\n<\/div>\n\n\n\n<div class=\"wp-block-columns is-layout-flex wp-container-core-columns-is-layout-b2864ded wp-block-columns-is-layout-flex\" style=\"margin-top:0;margin-bottom:0;padding-top:0;padding-bottom:0\">\n<div class=\"wp-block-column is-vertically-aligned-center has-background is-layout-flow wp-block-column-is-layout-flow\" style=\"background:linear-gradient(180deg,rgb(233,231,225) 32%,rgba(232,230,225,0) 100%);padding-top:var(--wp--preset--spacing--40);padding-right:var(--wp--preset--spacing--40);padding-bottom:var(--wp--preset--spacing--40);padding-left:var(--wp--preset--spacing--70);flex-basis:100%\">\n<hr class=\"wp-block-separator aligncenter has-text-color has-alpha-channel-opacity has-background is-style-wide\" style=\"margin-top:var(--wp--preset--spacing--20);margin-bottom:var(--wp--preset--spacing--20);background-color:#d6af4d;color:#d6af4d\" \/>\n\n\n\n<p class=\"has-text-align-center has-background\" style=\"background-color:#ffde66;font-size:16px\">Las enajenaciones y otros actos jur\u00eddicos relacionados con bienes p\u00fablicos, indicando los motivos, beneficiarios o adquirientes, as\u00ed como los montos de las operaciones;<\/p>\n\n\n\n<figure class=\"wp-block-table\"><table><tbody><tr><td class=\"has-text-align-center\" data-align=\"center\"><strong>Art. 15 LTAIPEV<\/strong><\/td><td class=\"has-text-align-center\" data-align=\"center\"><strong>Art. 70 LGTAIP<\/strong><\/td><td class=\"has-text-align-center\" data-align=\"center\"><strong>Frecuencia de actualizaci\u00f3n<\/strong><\/td><td class=\"has-text-align-center\" data-align=\"center\"><strong>Permanencia<\/strong><\/td><\/tr><tr><td class=\"has-text-align-center\" data-align=\"center\">XLVIII<\/td><td class=\"has-text-align-center\" data-align=\"center\">XLVIII<\/td><td class=\"has-text-align-center\" data-align=\"center\">Trimestral<\/td><td class=\"has-text-align-center\" data-align=\"center\">Trimestre concluido del a\u00f1o en curso y del pasado<br><\/td><\/tr><\/tbody><\/table><\/figure>\n\n\n\n<p class=\"has-medium-font-size\"><strong>2025<\/strong><\/p>\n\n\n\n<ul class=\"wp-block-list has-medium-font-size\">\n<li class=\"has-medium-font-size\"><a href=\"https:\/\/www.ssaver.gob.mx\/transparencia\/wp-content\/uploads\/sites\/7\/2026\/01\/Fracc_48_25_4.xls\">Cuarto trimestre<\/a><\/li>\n\n\n\n<li class=\"has-medium-font-size\"><a href=\"https:\/\/www.ssaver.gob.mx\/transparencia\/wp-content\/uploads\/sites\/7\/2025\/10\/Fracc_48_25_3.xls\">Tercer trimestre<\/a><\/li>\n\n\n\n<li class=\"has-medium-font-size\"><a href=\"https:\/\/www.ssaver.gob.mx\/transparencia\/wp-content\/uploads\/sites\/7\/2025\/08\/Fracc_48_25_2.xls\">Segundo trimestre<\/a><\/li>\n\n\n\n<li class=\"has-medium-font-size\"><a href=\"https:\/\/www.ssaver.gob.mx\/transparencia\/wp-content\/uploads\/sites\/7\/2025\/05\/Fracc_48_25_1.xls\">Primer trimestre<\/a><\/li>\n<\/ul>\n\n\n\n<p class=\"has-medium-font-size\"><strong>2024<\/strong><\/p>\n\n\n\n<ul class=\"wp-block-list has-medium-font-size\">\n<li class=\"has-medium-font-size\"><a href=\"https:\/\/www.ssaver.gob.mx\/transparencia\/wp-content\/uploads\/sites\/7\/2025\/02\/Fracc48_4_2024.xls\">Cuarto trimestre<\/a><\/li>\n\n\n\n<li class=\"has-medium-font-size\"><a href=\"https:\/\/docs.google.com\/spreadsheets\/d\/1coXxtdnmOAHIS7Kh9kUTFBDNFDGlxSVo\/edit?usp=sharing&amp;ouid=106642724892189701556&amp;rtpof=true&amp;sd=true\">Tercer trimestre<\/a><\/li>\n\n\n\n<li class=\"has-medium-font-size\"><a href=\"https:\/\/docs.google.com\/spreadsheets\/d\/1h-T1tr1LqeJ81LBhMGgcly0LobNZAbHk\/edit?usp=sharing&amp;ouid=106642724892189701556&amp;rtpof=true&amp;sd=true\">Segundo trimestre<\/a><\/li>\n\n\n\n<li><a href=\"https:\/\/docs.google.com\/spreadsheets\/d\/1NxgCvMm-iyFwSh1SLujvVz94mrohvOT7\/edit?usp=sharing&amp;ouid=106642724892189701556&amp;rtpof=true&amp;sd=true\">Primer trimestre<\/a><\/li>\n<\/ul>\n\n\n\n<h4 class=\"wp-block-heading has-medium-font-size\">2023<\/h4>\n\n\n\n<ul class=\"wp-block-list has-medium-font-size\">\n<li><a href=\"https:\/\/docs.google.com\/spreadsheets\/d\/1Jwrr1r4BkLxUX-abT8Vr50RI1gSv3-4N\/edit?usp=sharing&amp;ouid=106642724892189701556&amp;rtpof=true&amp;sd=true\">Cuarto trimestre<\/a><\/li>\n\n\n\n<li><a href=\"https:\/\/docs.google.com\/spreadsheets\/d\/1JBqm1kensA1pirGxqRTRifMA9QSIwHJY\/edit?usp=sharing&amp;ouid=106642724892189701556&amp;rtpof=true&amp;sd=true\">Tercer trimestre<\/a><\/li>\n\n\n\n<li><a href=\"https:\/\/docs.google.com\/spreadsheets\/d\/1dOCp_XB37dsGNUy2f5Re90CSpzv0y8_R\/edit?usp=sharing&amp;ouid=106642724892189701556&amp;rtpof=true&amp;sd=true\" target=\"_blank\" rel=\"noreferrer noopener\">Segundo trimestre<\/a><\/li>\n\n\n\n<li><a href=\"https:\/\/docs.google.com\/spreadsheets\/d\/1IaXYSFLQVvsfwn_474ix7dt1hA5myiZj\/edit?usp=share_link&amp;ouid=106642724892189701556&amp;rtpof=true&amp;sd=true\" target=\"_blank\" rel=\"noreferrer noopener\">Primer trimestre<\/a><\/li>\n<\/ul>\n\n\n\n<h4 class=\"wp-block-heading has-medium-font-size\">2022<\/h4>\n\n\n\n<ul class=\"wp-block-list has-medium-font-size\">\n<li><a href=\"https:\/\/docs.google.com\/spreadsheets\/d\/1T6fAH9s4KKCrdhE-CFPshhSEJHETmFDk\/edit?usp=sharing&amp;ouid=106642724892189701556&amp;rtpof=true&amp;sd=true\" target=\"_blank\" rel=\"noreferrer noopener\">Cuarto trimestre<\/a><\/li>\n\n\n\n<li><a href=\"https:\/\/docs.google.com\/spreadsheets\/d\/1Mq0jRtGprQzp1DCt0jMum-VPruOM0c0s\/edit?usp=sharing&amp;ouid=106642724892189701556&amp;rtpof=true&amp;sd=true\" target=\"_blank\" rel=\"noreferrer noopener\">Tercer trimestre<\/a><\/li>\n\n\n\n<li><a rel=\"noreferrer noopener\" href=\"https:\/\/docs.google.com\/spreadsheets\/d\/1V4stX4Qf10nIt3HQ8LKOhfihqYrm6LAw\/edit?usp=sharing&amp;ouid=106642724892189701556&amp;rtpof=true&amp;sd=true\" target=\"_blank\">Segundo trimestre<\/a><\/li>\n\n\n\n<li><a rel=\"noreferrer noopener\" href=\"https:\/\/docs.google.com\/spreadsheets\/d\/1HmPb8-2hhRuDcBCynOB21PuerrjgsPdq\/edit?usp=sharing&amp;ouid=106642724892189701556&amp;rtpof=true&amp;sd=true\" target=\"_blank\">Primer trimestre<\/a><\/li>\n<\/ul>\n\n\n\n<p><\/p>\n<\/div>\n<\/div>\n<\/div>\n","protected":false},"excerpt":{"rendered":"<p>Las enajenaciones y otros actos jur\u00eddicos relacionados con bienes p\u00fablicos, indicando los motivos, beneficiarios o adquirientes, as\u00ed como los montos<\/p>\n","protected":false},"author":18,"featured_media":0,"parent":591,"menu_order":48,"comment_status":"closed","ping_status":"closed","template":"","meta":{"colormag_page_container_layout":"default_layout","colormag_page_sidebar_layout":"default_layout","footnotes":""},"class_list":["post-842","page","type-page","status-publish","hentry"],"_links":{"self":[{"href":"https:\/\/www.ssaver.gob.mx\/transparencia\/wp-json\/wp\/v2\/pages\/842","targetHints":{"allow":["GET"]}}],"collection":[{"href":"https:\/\/www.ssaver.gob.mx\/transparencia\/wp-json\/wp\/v2\/pages"}],"about":[{"href":"https:\/\/www.ssaver.gob.mx\/transparencia\/wp-json\/wp\/v2\/types\/page"}],"author":[{"embeddable":true,"href":"https:\/\/www.ssaver.gob.mx\/transparencia\/wp-json\/wp\/v2\/users\/18"}],"replies":[{"embeddable":true,"href":"https:\/\/www.ssaver.gob.mx\/transparencia\/wp-json\/wp\/v2\/comments?post=842"}],"version-history":[{"count":21,"href":"https:\/\/www.ssaver.gob.mx\/transparencia\/wp-json\/wp\/v2\/pages\/842\/revisions"}],"predecessor-version":[{"id":4261,"href":"https:\/\/www.ssaver.gob.mx\/transparencia\/wp-json\/wp\/v2\/pages\/842\/revisions\/4261"}],"up":[{"embeddable":true,"href":"https:\/\/www.ssaver.gob.mx\/transparencia\/wp-json\/wp\/v2\/pages\/591"}],"wp:attachment":[{"href":"https:\/\/www.ssaver.gob.mx\/transparencia\/wp-json\/wp\/v2\/media?parent=842"}],"curies":[{"name":"wp","href":"https:\/\/api.w.org\/{rel}","templated":true}]}}