{"id":861,"date":"2022-08-05T11:22:53","date_gmt":"2022-08-05T16:22:53","guid":{"rendered":"https:\/\/www.ssaver.gob.mx\/transparencia\/?page_id=861"},"modified":"2026-03-24T10:27:04","modified_gmt":"2026-03-24T16:27:04","slug":"fraccultimo","status":"publish","type":"page","link":"https:\/\/www.ssaver.gob.mx\/transparencia\/1260-2\/ley875\/fraccultimo\/","title":{"rendered":"Tabla de Aplicabilidad"},"content":{"rendered":"\n<hr class=\"wp-block-separator aligncenter has-text-color has-alpha-channel-opacity has-background is-style-wide\" style=\"background-color:#d8bf31;color:#d8bf31\" \/>\n\n\n\n<div class=\"wp-block-group is-layout-constrained wp-container-core-group-is-layout-b89d6e85 wp-block-group-is-layout-constrained\">\n<div class=\"wp-block-columns is-layout-flex wp-container-core-columns-is-layout-9c22b1e3 wp-block-columns-is-layout-flex\">\n<div class=\"wp-block-column is-vertically-aligned-stretch is-layout-flow wp-container-core-column-is-layout-c43c6636 wp-block-column-is-layout-flow\" style=\"padding-right:0;padding-left:0;flex-basis:100%\">\n<div class=\"wp-block-cover wp-elements-49aae22ce9d3d6b647d3462952c32a1d has-aspect-ratio\" style=\"margin-top:0;margin-bottom:0;padding-top:0;padding-right:0;padding-bottom:0;padding-left:0;aspect-ratio:auto;min-height:unset;\"><img decoding=\"async\" class=\"wp-block-cover__image-background wp-image-5220 size-full\" alt=\"\" src=\"https:\/\/www.ssaver.gob.mx\/tecnologias\/wp-content\/uploads\/sites\/14\/2025\/09\/textura_areas_TI-scaled.png\" style=\"object-position:15% 27%\" data-object-fit=\"cover\" data-object-position=\"15% 27%\" \/><span aria-hidden=\"true\" class=\"wp-block-cover__background has-background-dim-100 has-background-dim\" style=\"background-color:#720f37\"><\/span><div class=\"wp-block-cover__inner-container is-layout-constrained wp-container-core-cover-is-layout-72190d31 wp-block-cover-is-layout-constrained\">\n<p class=\"has-text-align-center\" style=\"font-size:28px\"><strong>Tabla de Aplicabilidad<\/strong><\/p>\n<\/div><\/div>\n<\/div>\n<\/div>\n\n\n\n<div class=\"wp-block-columns is-layout-flex wp-container-core-columns-is-layout-b2864ded wp-block-columns-is-layout-flex\" style=\"margin-top:0;margin-bottom:0;padding-top:0;padding-bottom:0\">\n<div class=\"wp-block-column is-vertically-aligned-center has-background is-layout-flow wp-block-column-is-layout-flow\" style=\"background:linear-gradient(180deg,rgb(233,231,225) 32%,rgba(232,230,225,0) 100%);padding-top:var(--wp--preset--spacing--40);padding-right:var(--wp--preset--spacing--40);padding-bottom:var(--wp--preset--spacing--40);padding-left:var(--wp--preset--spacing--70);flex-basis:100%\">\n<hr class=\"wp-block-separator aligncenter has-text-color has-alpha-channel-opacity has-background is-style-wide\" style=\"margin-top:var(--wp--preset--spacing--20);margin-bottom:var(--wp--preset--spacing--20);background-color:#d6af4d;color:#d6af4d\" \/>\n\n\n\n<p class=\"has-text-align-center has-background\" style=\"background-color:#ffde66;font-size:16px\">Los sujetos obligados deber\u00e1n informar al Instituto y verificar que se publiquen en la Plataforma Nacional cu\u00e1les son los rubros que son aplicables a sus p\u00e1ginas de internet, con el objeto de que \u00e9ste verifique y apruebe, de forma fundada y motivada, la relaci\u00f3n de las fracciones aplicables a cada sujeto obligado.<\/p>\n\n\n\n<figure class=\"wp-block-table\"><table><tbody><tr><td class=\"has-text-align-center\" data-align=\"center\"><strong>Art. 15 LTAIPEV<\/strong><\/td><td class=\"has-text-align-center\" data-align=\"center\"><strong>Art. 70 LGTAIP<\/strong><\/td><td class=\"has-text-align-center\" data-align=\"center\"><strong>Frecuencia de actualizaci\u00f3n<\/strong><\/td><td class=\"has-text-align-center\" data-align=\"center\"><strong>Permanencia<\/strong><\/td><\/tr><tr><td class=\"has-text-align-center\" data-align=\"center\">\u00daltimo P\u00e1rrafo<\/td><td class=\"has-text-align-center\" data-align=\"center\">\u00daltimo P\u00e1rrafo<\/td><td class=\"has-text-align-center\" data-align=\"center\">Anual<\/td><td class=\"has-text-align-center\" data-align=\"center\">S\u00f3lo la informaci\u00f3n vigente<br><\/td><\/tr><\/tbody><\/table><\/figure>\n\n\n\n<p class=\"has-medium-font-size\"><strong>2025<\/strong><\/p>\n\n\n\n<ul class=\"wp-block-list has-medium-font-size\">\n<li class=\"has-medium-font-size\"><a href=\"https:\/\/www.ssaver.gob.mx\/transparencia\/wp-content\/uploads\/sites\/7\/2026\/01\/Fracc_UT_25_4.xls\">Cuarto trimestre<\/a><\/li>\n\n\n\n<li class=\"has-medium-font-size\"><a href=\"https:\/\/www.ssaver.gob.mx\/transparencia\/wp-content\/uploads\/sites\/7\/2025\/10\/Fracc_UT_25_3.xls\">Tercer trimestre<\/a><\/li>\n\n\n\n<li class=\"has-medium-font-size\"><a href=\"https:\/\/www.ssaver.gob.mx\/transparencia\/wp-content\/uploads\/sites\/7\/2025\/08\/Fracc_UP.xls\">Segundo trimestre<\/a><\/li>\n\n\n\n<li class=\"has-medium-font-size\"><a href=\"https:\/\/www.ssaver.gob.mx\/transparencia\/wp-content\/uploads\/sites\/7\/2025\/05\/Fracc_UP_25_1.xls\">Primer trimestre<\/a><\/li>\n<\/ul>\n\n\n\n<p class=\"has-medium-font-size\"><strong>2024<\/strong><\/p>\n\n\n\n<ul class=\"wp-block-list\">\n<li class=\"has-medium-font-size\"><a href=\"https:\/\/www.ssaver.gob.mx\/transparencia\/wp-content\/uploads\/sites\/7\/2025\/02\/FraccUP_4_2024.xls\">Cuarto trimestre<\/a><\/li>\n\n\n\n<li class=\"has-medium-font-size\"><a href=\"https:\/\/docs.google.com\/spreadsheets\/d\/1bvm7YlZppJgSXFBIPOesSZ1Ag1ZQwIUJ\/edit?usp=sharing&amp;ouid=106642724892189701556&amp;rtpof=true&amp;sd=true\">Tercer trimestre<\/a><\/li>\n\n\n\n<li class=\"has-medium-font-size\"><a href=\"https:\/\/docs.google.com\/spreadsheets\/d\/1kzvpB5vQ07TXyAeKiPqtUSggymenmd9k\/edit?usp=sharing&amp;ouid=106642724892189701556&amp;rtpof=true&amp;sd=true\">Segundo trimestre<\/a><\/li>\n\n\n\n<li class=\"has-medium-font-size\"><a href=\"https:\/\/docs.google.com\/spreadsheets\/d\/120284hyF2N69UuRtO0-g1-3ULw7Vvinb\/edit?usp=sharing&amp;ouid=106642724892189701556&amp;rtpof=true&amp;sd=true\">Primer trimestre<\/a><\/li>\n<\/ul>\n\n\n\n<p class=\"has-medium-font-size\"><strong>2023<\/strong><\/p>\n\n\n\n<ul class=\"wp-block-list has-medium-font-size\">\n<li><a href=\"https:\/\/docs.google.com\/spreadsheets\/d\/1lpXimYxTE_URfXYo-IhAfco2CXJ_6Xvb\/edit?usp=sharing&amp;ouid=106642724892189701556&amp;rtpof=true&amp;sd=true\">Cuarto trimestre<\/a><\/li>\n\n\n\n<li>Tercer trimestre<\/li>\n\n\n\n<li><a href=\"https:\/\/docs.google.com\/spreadsheets\/d\/1cMiKsTaxhAfimqD5uhndB2fm9G35ztqs\/edit?usp=sharing&amp;ouid=106642724892189701556&amp;rtpof=true&amp;sd=true\" target=\"_blank\" rel=\"noreferrer noopener\">Segundo trimestre<\/a><\/li>\n\n\n\n<li><a rel=\"noreferrer noopener\" href=\"https:\/\/docs.google.com\/spreadsheets\/d\/1KnIo7Rl8U9aflcNrXPAMchKcRTa_jylk\/edit?usp=sharing&amp;ouid=106642724892189701556&amp;rtpof=true&amp;sd=true\" target=\"_blank\">Primer trimestre<\/a><\/li>\n<\/ul>\n\n\n\n<h4 class=\"wp-block-heading has-medium-font-size\"><strong>2022<\/strong><\/h4>\n\n\n\n<ul class=\"wp-block-list has-medium-font-size\">\n<li><a href=\"https:\/\/docs.google.com\/spreadsheets\/d\/1Eu52UBxFDUa0HW3lmZcFAjzHPSJoYhA9\/edit?usp=sharing&amp;ouid=106642724892189701556&amp;rtpof=true&amp;sd=true\" target=\"_blank\" rel=\"noreferrer noopener\">Cuarto trimestre<\/a><\/li>\n\n\n\n<li><a rel=\"noreferrer noopener\" href=\"https:\/\/docs.google.com\/spreadsheets\/d\/1y71mKkeUXklxY1v2jcorPf8IxSbtFuYp\/edit?usp=sharing&amp;ouid=106642724892189701556&amp;rtpof=true&amp;sd=true\" target=\"_blank\">Tercer trimestre<\/a><\/li>\n\n\n\n<li><a rel=\"noreferrer noopener\" href=\"https:\/\/docs.google.com\/spreadsheets\/d\/1gA3otkFZH2WPpFGAMTqCVPYfU_nVN-US\/edit?usp=sharing&amp;ouid=106642724892189701556&amp;rtpof=true&amp;sd=true\" target=\"_blank\">Segundo trimestre<\/a><\/li>\n\n\n\n<li>Primer trimestre<\/li>\n<\/ul>\n\n\n\n<p><\/p>\n<\/div>\n<\/div>\n<\/div>\n","protected":false},"excerpt":{"rendered":"<p>Los sujetos obligados deber\u00e1n informar al Instituto y verificar que se publiquen en la Plataforma Nacional cu\u00e1les son los rubros<\/p>\n","protected":false},"author":18,"featured_media":0,"parent":591,"menu_order":55,"comment_status":"closed","ping_status":"closed","template":"","meta":{"colormag_page_container_layout":"default_layout","colormag_page_sidebar_layout":"default_layout","footnotes":""},"class_list":["post-861","page","type-page","status-publish","hentry"],"_links":{"self":[{"href":"https:\/\/www.ssaver.gob.mx\/transparencia\/wp-json\/wp\/v2\/pages\/861","targetHints":{"allow":["GET"]}}],"collection":[{"href":"https:\/\/www.ssaver.gob.mx\/transparencia\/wp-json\/wp\/v2\/pages"}],"about":[{"href":"https:\/\/www.ssaver.gob.mx\/transparencia\/wp-json\/wp\/v2\/types\/page"}],"author":[{"embeddable":true,"href":"https:\/\/www.ssaver.gob.mx\/transparencia\/wp-json\/wp\/v2\/users\/18"}],"replies":[{"embeddable":true,"href":"https:\/\/www.ssaver.gob.mx\/transparencia\/wp-json\/wp\/v2\/comments?post=861"}],"version-history":[{"count":23,"href":"https:\/\/www.ssaver.gob.mx\/transparencia\/wp-json\/wp\/v2\/pages\/861\/revisions"}],"predecessor-version":[{"id":4267,"href":"https:\/\/www.ssaver.gob.mx\/transparencia\/wp-json\/wp\/v2\/pages\/861\/revisions\/4267"}],"up":[{"embeddable":true,"href":"https:\/\/www.ssaver.gob.mx\/transparencia\/wp-json\/wp\/v2\/pages\/591"}],"wp:attachment":[{"href":"https:\/\/www.ssaver.gob.mx\/transparencia\/wp-json\/wp\/v2\/media?parent=861"}],"curies":[{"name":"wp","href":"https:\/\/api.w.org\/{rel}","templated":true}]}}