{"id":899,"date":"2022-08-08T12:55:26","date_gmt":"2022-08-08T17:55:26","guid":{"rendered":"https:\/\/www.ssaver.gob.mx\/transparencia\/?page_id=899"},"modified":"2026-03-24T10:47:40","modified_gmt":"2026-03-24T16:47:40","slug":"cocodi","status":"publish","type":"page","link":"https:\/\/www.ssaver.gob.mx\/transparencia\/1260-2\/tproactiva\/cocodi\/","title":{"rendered":"COCODI"},"content":{"rendered":"\n<hr class=\"wp-block-separator aligncenter has-text-color has-alpha-channel-opacity has-background is-style-wide\" style=\"background-color:#d8bf31;color:#d8bf31\" \/>\n\n\n\n<div class=\"wp-block-group is-layout-constrained wp-container-core-group-is-layout-9517baca wp-block-group-is-layout-constrained\">\n<div class=\"wp-block-columns is-layout-flex wp-container-core-columns-is-layout-9c22b1e3 wp-block-columns-is-layout-flex\">\n<div class=\"wp-block-column is-vertically-aligned-stretch is-layout-flow wp-container-core-column-is-layout-c43c6636 wp-block-column-is-layout-flow\" style=\"padding-right:0;padding-left:0;flex-basis:100%\">\n<div class=\"wp-block-cover wp-elements-3ef1a9d91232a2f00edf0822bb1148f2 has-aspect-ratio\" style=\"margin-top:0;margin-bottom:0;padding-top:0;padding-right:0;padding-bottom:0;padding-left:0;aspect-ratio:auto;min-height:unset;\"><img decoding=\"async\" class=\"wp-block-cover__image-background wp-image-5220 size-full\" alt=\"\" src=\"https:\/\/www.ssaver.gob.mx\/tecnologias\/wp-content\/uploads\/sites\/14\/2025\/09\/textura_areas_TI-scaled.png\" style=\"object-position:15% 27%\" data-object-fit=\"cover\" data-object-position=\"15% 27%\" \/><span aria-hidden=\"true\" class=\"wp-block-cover__background has-background-dim-100 has-background-dim\" style=\"background-color:#720f37\"><\/span><div class=\"wp-block-cover__inner-container is-layout-constrained wp-container-core-cover-is-layout-72190d31 wp-block-cover-is-layout-constrained\">\n<p class=\"has-text-align-center\" style=\"font-size:28px\"><strong>COCODI<\/strong><\/p>\n<\/div><\/div>\n<\/div>\n<\/div>\n\n\n\n<div class=\"wp-block-columns is-layout-flex wp-container-core-columns-is-layout-b2864ded wp-block-columns-is-layout-flex\" style=\"margin-top:0;margin-bottom:0;padding-top:0;padding-bottom:0\">\n<div class=\"wp-block-column is-vertically-aligned-center has-background is-layout-flow wp-block-column-is-layout-flow\" style=\"background:linear-gradient(180deg,rgb(233,231,225) 32%,rgba(232,230,225,0) 100%);padding-top:var(--wp--preset--spacing--40);padding-right:var(--wp--preset--spacing--40);padding-bottom:var(--wp--preset--spacing--40);padding-left:var(--wp--preset--spacing--70);flex-basis:100%\">\n<hr class=\"wp-block-separator aligncenter has-text-color has-alpha-channel-opacity has-background is-style-wide\" style=\"margin-top:var(--wp--preset--spacing--20);margin-bottom:var(--wp--preset--spacing--20);background-color:#d6af4d;color:#d6af4d\" \/>\n\n\n\n<p class=\"has-text-align-center has-background\" style=\"background-color:#ffde66;font-size:16px\">El Comit\u00e9 de control de Desempe\u00f1o Institucional (COCODI) es un \u00f3rgano colegiado que operar\u00e1 el Sistema de Control Interno (SICI) y contribuir\u00e1 con el cumplimiento de los objetivos institucionales de la Secretar\u00eda.<\/p>\n\n\n\n<p class=\"has-medium-font-size\"><strong>2024<\/strong><\/p>\n\n\n\n<p class=\"has-medium-font-size\">ACTA DE SESI\u00d3N ORDINARIA<\/p>\n\n\n\n<ul class=\"wp-block-list\">\n<li class=\"has-medium-font-size\"><a href=\"https:\/\/www.ssaver.gob.mx\/transparencia\/wp-content\/uploads\/sites\/7\/2024\/09\/Acta-2SO-COCODI-2024r.pdf\">Segunda sesi\u00f3n<\/a><\/li>\n\n\n\n<li class=\"has-medium-font-size\"><a href=\"https:\/\/drive.google.com\/file\/d\/1_AR0kf5NvLELeTrjzG6aUF9U688ngJhG\/view?usp=sharing\">Primera sesi\u00f3n<\/a><\/li>\n<\/ul>\n\n\n\n<p class=\"has-medium-font-size\"><strong>2023<\/strong><\/p>\n\n\n\n<h4 class=\"wp-block-heading\"><a href=\"https:\/\/drive.google.com\/file\/d\/13YN5BRtCpFVIs7jT6V-BWxpv4HR9kS_g\/view?usp=sharing\">PROGRAMA DE TRABAJO DE CONTROL INTERNO (PTCI)<\/a><\/h4>\n\n\n\n<p class=\"has-medium-font-size\">ACTA DE SESI\u00d3N ORDINARIA<\/p>\n\n\n\n<ul class=\"wp-block-list has-medium-font-size\">\n<li><a href=\"https:\/\/drive.google.com\/file\/d\/1H-gKTmIXp8_dk7qUeK5LxA53P2QzTGOo\/view?usp=sharing\">Cuarta sesi\u00f3n<\/a><\/li>\n\n\n\n<li><a href=\"https:\/\/drive.google.com\/file\/d\/1al4mSIcJD1kraPbgU0vOPQy2Xq6VBAYO\/view?usp=sharing\">Tercera sesi\u00f3n<\/a><\/li>\n\n\n\n<li><a href=\"https:\/\/drive.google.com\/file\/d\/1_FqZ7xSyA1-gngYIJLWFR25Qw7HLSr1K\/view?usp=sharing\">Segunda sesi\u00f3n<\/a><\/li>\n\n\n\n<li><a rel=\"noreferrer noopener\" href=\"https:\/\/drive.google.com\/file\/d\/1FIK003FrTwfwoxCyZNu4KoPi3ypIoVvQ\/view?usp=sharing\" target=\"_blank\">Primera sesi\u00f3n<\/a><\/li>\n<\/ul>\n\n\n\n<h4 class=\"wp-block-heading has-medium-font-size\"><strong>2022<\/strong><\/h4>\n\n\n\n<h4 class=\"wp-block-heading\"><a href=\"https:\/\/drive.google.com\/file\/d\/1-szOUG6moko9Ao1y-JXKKxDBldtduhit\/view?usp=sharing\">INFORME ANUAL DEL SICI<\/a><\/h4>\n\n\n\n<h4 class=\"wp-block-heading\"><a href=\"https:\/\/drive.google.com\/file\/d\/1ZMXr5QMg8W1DYqyrmm0gwqr91lUYrBa0\/view?usp=sharing\">PROGRAMA DE TRABAJO DE CONTROL INTERNO (PTCI)<\/a><\/h4>\n\n\n\n<p class=\"has-medium-font-size\">ACTA DE SESI\u00d3N ORDINARIA<\/p>\n\n\n\n<ul class=\"wp-block-list has-medium-font-size\">\n<li><a href=\"https:\/\/drive.google.com\/file\/d\/1OPdHdPM45pGgNZP6_jbLlf2lNThxgtgz\/view?usp=sharing\" target=\"_blank\" rel=\"noreferrer noopener\">Cuarta sesi\u00f3n<\/a><\/li>\n\n\n\n<li><a rel=\"noreferrer noopener\" href=\"https:\/\/drive.google.com\/file\/d\/1BNerUSgApwaZAtU9vsKt0rEeG3axyJE6\/view?usp=sharing\" target=\"_blank\">Tercera sesi\u00f3n<\/a><\/li>\n\n\n\n<li><a rel=\"noreferrer noopener\" href=\"https:\/\/drive.google.com\/file\/d\/1W98JO8_DjEfz3ZwYuhLN67fDmLv90n4y\/view?usp=sharing\" target=\"_blank\">Segunda sesi\u00f3n<\/a><\/li>\n\n\n\n<li><a rel=\"noreferrer noopener\" href=\"https:\/\/drive.google.com\/file\/d\/1XTYwTKi8Ea-6EOV20we6iZE0SDwz099G\/view?usp=sharing\" target=\"_blank\">Primera sesi\u00f3n<\/a><\/li>\n<\/ul>\n\n\n\n<h4 class=\"wp-block-heading has-medium-font-size\"><strong>2021<\/strong><\/h4>\n\n\n\n<h4 class=\"wp-block-heading\"><a href=\"https:\/\/drive.google.com\/file\/d\/14h81wAhnuJiU2sTfhkoeXX3aOzX25HVT\/view?usp=sharing\">INFORME ANUAL DEL SICI<\/a><\/h4>\n\n\n\n<h4 class=\"wp-block-heading\"><a href=\"https:\/\/drive.google.com\/file\/d\/1gLXIeJgd9Odbl9iujoJeszsAMmQtt5TD\/view?usp=sharing\">PROGRAMA DE TRABAJO DE CONTROL INTERNO (PTCI)<\/a><\/h4>\n\n\n\n<p class=\"has-medium-font-size\">ACTA DE SESI\u00d3N ORDINARIA<\/p>\n\n\n\n<ul class=\"wp-block-list has-medium-font-size\">\n<li><a href=\"https:\/\/drive.google.com\/file\/d\/1OVwg6Mx6_wYY5rNofcJGyPS8ErrvrJAN\/view?usp=sharing\" target=\"_blank\" rel=\"noreferrer noopener\">Cuarta sesi\u00f3n<\/a><\/li>\n\n\n\n<li><a href=\"https:\/\/drive.google.com\/file\/d\/1YHGNzFxj7dqs1Anjy_gPbaswc7_Jh3xo\/view?usp=sharing\" target=\"_blank\" rel=\"noreferrer noopener\">Tercera sesi\u00f3n<\/a><\/li>\n\n\n\n<li><a href=\"https:\/\/drive.google.com\/file\/d\/1IS5bqAMzjVEj2vqgxmk49OHLtlf1WEkH\/view?usp=sharing\" target=\"_blank\" rel=\"noreferrer noopener\">Segunda sesi\u00f3n<\/a><\/li>\n\n\n\n<li><a href=\"https:\/\/drive.google.com\/file\/d\/1RffXFwfvX48EX2-3-y5EQm4m-Z6pWBIn\/view?usp=sharing\" target=\"_blank\" rel=\"noreferrer noopener\">Primera sesi\u00f3n<\/a><\/li>\n<\/ul>\n\n\n\n<p class=\"has-medium-font-size\">ACTA DE SESI\u00d3N EXTRAORDINARIA<\/p>\n\n\n\n<ul class=\"wp-block-list has-medium-font-size\">\n<li><a href=\"https:\/\/drive.google.com\/file\/d\/1zE1y7OFD76HeyOSgB2cEu5nrHusLwZbk\/view?usp=sharing\" target=\"_blank\" rel=\"noreferrer noopener\">Primera sesi\u00f3n<\/a><\/li>\n<\/ul>\n\n\n\n<h4 class=\"wp-block-heading has-medium-font-size\"><strong>2020<\/strong><\/h4>\n\n\n\n<h4 class=\"wp-block-heading\"><a href=\"https:\/\/drive.google.com\/file\/d\/1m-8h-Owfq7tCYNnYw7lTRXXMn8v7B0-h\/view?usp=sharing\">INFORME ANUAL DEL SICI<\/a><\/h4>\n\n\n\n<h4 class=\"wp-block-heading\"><a href=\"https:\/\/drive.google.com\/file\/d\/1oFGjPTPHiIAwP6WuKMWZv1lY-fXywoQO\/view?usp=sharing\">PROGRAMA DE TRABAJO DE CONTROL INTERNO (PTCI)<\/a><\/h4>\n\n\n\n<p class=\"has-medium-font-size\">ACTA DE SESI\u00d3N ORDINARIA<\/p>\n\n\n\n<ul class=\"wp-block-list has-medium-font-size\">\n<li><a href=\"https:\/\/drive.google.com\/file\/d\/1cI-0LkyiBSQLmZ2xd79uj8ZLlDOKoqlz\/view?usp=sharing\" target=\"_blank\" rel=\"noreferrer noopener\">Cuarta sesi\u00f3n<\/a><\/li>\n\n\n\n<li><a href=\"https:\/\/drive.google.com\/file\/d\/1Z4fmeBE-gw4WgkRBFeV2JiVmYSXaLsRD\/view?usp=sharing\" target=\"_blank\" rel=\"noreferrer noopener\">Tercera sesi\u00f3n<\/a><\/li>\n\n\n\n<li><a href=\"https:\/\/drive.google.com\/file\/d\/1sPHz2rBA9aD0N3nhRSdLBnTe7JyUOul1\/view?usp=sharing\" target=\"_blank\" rel=\"noreferrer noopener\">Segunda sesi\u00f3n<\/a><\/li>\n\n\n\n<li><a href=\"https:\/\/drive.google.com\/file\/d\/1Ohifsy1E2vsc3gIICCDNEJ_7zBUJV08a\/view?usp=sharing\" target=\"_blank\" rel=\"noreferrer noopener\">Primera sesi\u00f3n<\/a><\/li>\n<\/ul>\n\n\n\n<p class=\"has-medium-font-size\"><a href=\"https:\/\/drive.google.com\/file\/d\/1n8rwCEjHy_2S0yfmcPHNOnPmICuRrxas\/view?usp=sharing\" target=\"_blank\" rel=\"noreferrer noopener\">Instalaci\u00f3n del COCODI<\/a><\/p>\n\n\n\n<div data-wp-interactive=\"core\/file\" class=\"wp-block-file\"><object data-wp-bind--hidden=\"!state.hasPdfPreview\" hidden class=\"wp-block-file__embed\" data=\"https:\/\/www.ssaver.gob.mx\/transparencia\/wp-content\/uploads\/sites\/7\/2024\/09\/Acta-2SO-COCODI-2024r.pdf\" type=\"application\/pdf\" style=\"width:100%;height:600px\" aria-label=\"Incrustado de Acta 2SO-COCODI 2024r.\"><\/object><a id=\"wp-block-file--media-8e5d5da8-33b5-41ad-aa7a-e8ceb985779a\" href=\"https:\/\/www.ssaver.gob.mx\/transparencia\/wp-content\/uploads\/sites\/7\/2024\/09\/Acta-2SO-COCODI-2024r.pdf\">Acta 2SO-COCODI 2024r<\/a><a href=\"https:\/\/www.ssaver.gob.mx\/transparencia\/wp-content\/uploads\/sites\/7\/2024\/09\/Acta-2SO-COCODI-2024r.pdf\" class=\"wp-block-file__button wp-element-button\" download aria-describedby=\"wp-block-file--media-8e5d5da8-33b5-41ad-aa7a-e8ceb985779a\">Descarga<\/a><\/div>\n<\/div>\n<\/div>\n<\/div>\n","protected":false},"excerpt":{"rendered":"<p>El Comit\u00e9 de control de Desempe\u00f1o Institucional (COCODI) es un \u00f3rgano colegiado que operar\u00e1 el Sistema de Control Interno (SICI)<\/p>\n","protected":false},"author":18,"featured_media":0,"parent":905,"menu_order":1,"comment_status":"closed","ping_status":"closed","template":"","meta":{"colormag_page_container_layout":"default_layout","colormag_page_sidebar_layout":"default_layout","footnotes":""},"class_list":["post-899","page","type-page","status-publish","hentry"],"_links":{"self":[{"href":"https:\/\/www.ssaver.gob.mx\/transparencia\/wp-json\/wp\/v2\/pages\/899","targetHints":{"allow":["GET"]}}],"collection":[{"href":"https:\/\/www.ssaver.gob.mx\/transparencia\/wp-json\/wp\/v2\/pages"}],"about":[{"href":"https:\/\/www.ssaver.gob.mx\/transparencia\/wp-json\/wp\/v2\/types\/page"}],"author":[{"embeddable":true,"href":"https:\/\/www.ssaver.gob.mx\/transparencia\/wp-json\/wp\/v2\/users\/18"}],"replies":[{"embeddable":true,"href":"https:\/\/www.ssaver.gob.mx\/transparencia\/wp-json\/wp\/v2\/comments?post=899"}],"version-history":[{"count":26,"href":"https:\/\/www.ssaver.gob.mx\/transparencia\/wp-json\/wp\/v2\/pages\/899\/revisions"}],"predecessor-version":[{"id":4284,"href":"https:\/\/www.ssaver.gob.mx\/transparencia\/wp-json\/wp\/v2\/pages\/899\/revisions\/4284"}],"up":[{"embeddable":true,"href":"https:\/\/www.ssaver.gob.mx\/transparencia\/wp-json\/wp\/v2\/pages\/905"}],"wp:attachment":[{"href":"https:\/\/www.ssaver.gob.mx\/transparencia\/wp-json\/wp\/v2\/media?parent=899"}],"curies":[{"name":"wp","href":"https:\/\/api.w.org\/{rel}","templated":true}]}}