{"id":137,"date":"2025-07-17T14:14:41","date_gmt":"2025-07-17T20:14:41","guid":{"rendered":"https:\/\/www.ssaver.gob.mx\/trasplantes\/?page_id=137"},"modified":"2026-03-19T11:16:10","modified_gmt":"2026-03-19T17:16:10","slug":"material_grafico","status":"publish","type":"page","link":"https:\/\/www.ssaver.gob.mx\/trasplantes\/material_grafico\/","title":{"rendered":"Material Grafico"},"content":{"rendered":"\n<div class=\"wp-block-group is-layout-constrained wp-container-core-group-is-layout-9517baca wp-block-group-is-layout-constrained\">\n<div class=\"wp-block-columns is-layout-flex wp-container-core-columns-is-layout-28f84493 wp-block-columns-is-layout-flex\">\n<div class=\"wp-block-column is-layout-flow wp-block-column-is-layout-flow\" style=\"flex-basis:100%\">\n<figure class=\"wp-block-image size-full has-custom-border\" style=\"margin-right:0;margin-left:0\"><img loading=\"lazy\" decoding=\"async\" width=\"2560\" height=\"389\" src=\"https:\/\/www.ssaver.gob.mx\/trasplantes\/wp-content\/uploads\/sites\/49\/2025\/07\/CENATRA_encabezado-scaled.png\" alt=\"\" class=\"wp-image-85\" style=\"border-radius:20px\" srcset=\"https:\/\/www.ssaver.gob.mx\/trasplantes\/wp-content\/uploads\/sites\/49\/2025\/07\/CENATRA_encabezado-scaled.png 2560w, https:\/\/www.ssaver.gob.mx\/trasplantes\/wp-content\/uploads\/sites\/49\/2025\/07\/CENATRA_encabezado-300x46.png 300w, https:\/\/www.ssaver.gob.mx\/trasplantes\/wp-content\/uploads\/sites\/49\/2025\/07\/CENATRA_encabezado-1024x156.png 1024w, https:\/\/www.ssaver.gob.mx\/trasplantes\/wp-content\/uploads\/sites\/49\/2025\/07\/CENATRA_encabezado-768x117.png 768w, https:\/\/www.ssaver.gob.mx\/trasplantes\/wp-content\/uploads\/sites\/49\/2025\/07\/CENATRA_encabezado-1536x234.png 1536w, https:\/\/www.ssaver.gob.mx\/trasplantes\/wp-content\/uploads\/sites\/49\/2025\/07\/CENATRA_encabezado-2048x312.png 2048w\" sizes=\"auto, (max-width: 2560px) 100vw, 2560px\" \/><\/figure>\n\n\n\n<div class=\"wp-block-columns has-background is-layout-flex wp-container-core-columns-is-layout-6bc20b2e wp-block-columns-is-layout-flex\" style=\"border-radius:26px;background-color:#f4f4ef;padding-top:var(--wp--preset--spacing--30);padding-right:var(--wp--preset--spacing--80);padding-bottom:var(--wp--preset--spacing--50);padding-left:var(--wp--preset--spacing--80)\">\n<div class=\"wp-block-column is-layout-flow wp-container-core-column-is-layout-a77db08e wp-block-column-is-layout-flow\" style=\"flex-basis:100%\">\n<p class=\"has-text-align-center has-text-color\" style=\"color:#5b4c0d;margin-top:var(--wp--preset--spacing--20);margin-bottom:var(--wp--preset--spacing--20);font-size:22px\"><strong>\u00bfQU\u00c9 ES LA DONACI\u00d3N DE \u00d3RGANOS? (MATERIAL GR\u00c1FICO)<\/strong><\/p>\n\n\n\n<hr class=\"wp-block-separator has-text-color has-alpha-channel-opacity has-background is-style-wide\" style=\"margin-top:var(--wp--preset--spacing--20);margin-bottom:var(--wp--preset--spacing--20);background-color:#d8bf31;color:#d8bf31\" \/>\n\n\n\n<div class=\"wp-block-columns is-layout-flex wp-container-core-columns-is-layout-33233fb6 wp-block-columns-is-layout-flex\" style=\"margin-top:var(--wp--preset--spacing--20);margin-bottom:var(--wp--preset--spacing--20)\">\n<div class=\"wp-block-column is-layout-flow wp-container-core-column-is-layout-1396dd20 wp-block-column-is-layout-flow\" style=\"padding-top:0;padding-right:0;padding-bottom:0;padding-left:0;flex-basis:40%\">\n<ul class=\"wp-block-list has-medium-font-size\">\n<li style=\"font-size:20px\"><strong><a href=\"https:\/\/www.ssaver.gob.mx\/trasplantes\/wp-content\/uploads\/sites\/49\/2025\/07\/3.0_Triptico_Donacion_Organos_.pdf\" target=\"_blank\" rel=\"noreferrer noopener\">Tr\u00edptico Donaci\u00f3n de organos<\/a><\/strong><\/li>\n<\/ul>\n<\/div>\n\n\n\n<div class=\"wp-block-column is-layout-flow wp-container-core-column-is-layout-1396dd20 wp-block-column-is-layout-flow\" style=\"padding-top:0;padding-right:0;padding-bottom:0;padding-left:0;flex-basis:40%\">\n<ul class=\"wp-block-list has-medium-font-size\">\n<li style=\"font-size:20px\"><strong><a href=\"https:\/\/www.ssaver.gob.mx\/trasplantes\/wp-content\/uploads\/sites\/49\/2025\/07\/2.0_Triptico_Donacion_Organos_Grises.pdf\" target=\"_blank\" rel=\"noreferrer noopener\">Tr\u00edptico Donaci\u00f3n de organos (Grises)<\/a><\/strong><\/li>\n<\/ul>\n<\/div>\n\n\n\n<div class=\"wp-block-column is-layout-flow wp-container-core-column-is-layout-1396dd20 wp-block-column-is-layout-flow\" style=\"padding-top:0;padding-right:0;padding-bottom:0;padding-left:0;flex-basis:40%\">\n<ul class=\"wp-block-list has-medium-font-size\">\n<li style=\"font-size:20px\"><strong><a href=\"https:\/\/www.ssaver.gob.mx\/trasplantes\/wp-content\/uploads\/sites\/49\/2025\/07\/Diptico_Doble.pdf\" target=\"_blank\" rel=\"noreferrer noopener\">D\u00edptico Donaci\u00f3n de organos<\/a><\/strong><\/li>\n<\/ul>\n<\/div>\n<\/div>\n\n\n\n<div class=\"wp-block-columns is-layout-flex wp-container-core-columns-is-layout-33233fb6 wp-block-columns-is-layout-flex\" style=\"margin-top:var(--wp--preset--spacing--20);margin-bottom:var(--wp--preset--spacing--20)\">\n<div class=\"wp-block-column is-layout-flow wp-block-column-is-layout-flow\" style=\"flex-basis:10%\"><\/div>\n\n\n\n<div class=\"wp-block-column is-layout-flow wp-container-core-column-is-layout-1396dd20 wp-block-column-is-layout-flow\" style=\"padding-top:0;padding-right:0;padding-bottom:0;padding-left:0;flex-basis:40%\">\n<ul class=\"wp-block-list has-medium-font-size\">\n<li style=\"font-size:20px\"><a href=\"https:\/\/www.ssaver.gob.mx\/trasplantes\/wp-content\/uploads\/sites\/49\/2025\/08\/Arana_Donacion_de_organos_Hosp.pdf\" target=\"_blank\" rel=\"noreferrer noopener\"><strong>Ara\u00f1a \u00abDonaci\u00f3n de organos\u00bb<\/strong><\/a><\/li>\n<\/ul>\n<\/div>\n\n\n\n<div class=\"wp-block-column is-layout-flow wp-container-core-column-is-layout-1396dd20 wp-block-column-is-layout-flow\" style=\"padding-top:0;padding-right:0;padding-bottom:0;padding-left:0;flex-basis:40%\">\n<ul class=\"wp-block-list has-medium-font-size\">\n<li style=\"font-size:20px\"><strong><strong><a href=\"https:\/\/www.ssaver.gob.mx\/trasplantes\/wp-content\/uploads\/sites\/49\/2025\/08\/Tabloide_Donacion_de_organos_Hosp.pdf\" target=\"_blank\" rel=\"noreferrer noopener\">Tabloide \u00abDonaci\u00f3n de organos\u00bb<\/a><\/strong><\/strong><\/li>\n<\/ul>\n<\/div>\n\n\n\n<div class=\"wp-block-column is-layout-flow wp-block-column-is-layout-flow\" style=\"flex-basis:10%\"><\/div>\n<\/div>\n\n\n\n<div class=\"wp-block-columns is-layout-flex wp-container-core-columns-is-layout-33233fb6 wp-block-columns-is-layout-flex\" style=\"margin-top:var(--wp--preset--spacing--20);margin-bottom:var(--wp--preset--spacing--20)\">\n<div class=\"wp-block-column is-layout-flow wp-block-column-is-layout-flow\" style=\"flex-basis:10%\"><\/div>\n\n\n\n<div class=\"wp-block-column is-layout-flow wp-container-core-column-is-layout-1396dd20 wp-block-column-is-layout-flow\" style=\"padding-top:0;padding-right:0;padding-bottom:0;padding-left:0;flex-basis:40%\">\n<ul class=\"wp-block-list has-medium-font-size\">\n<li style=\"font-size:20px\"><strong><strong><a href=\"https:\/\/www.ssaver.gob.mx\/trasplantes\/wp-content\/uploads\/sites\/49\/2025\/08\/Banner_CEETRAVER.pdf\" target=\"_blank\" rel=\"noreferrer noopener\">Banner PDF \u00ab\u00a1Dale m\u00e1s vida a la vida!\u00bb<\/a><\/strong><\/strong><\/li>\n<\/ul>\n<\/div>\n\n\n\n<div class=\"wp-block-column is-layout-flow wp-container-core-column-is-layout-1396dd20 wp-block-column-is-layout-flow\" style=\"padding-top:0;padding-right:0;padding-bottom:0;padding-left:0;flex-basis:40%\">\n<ul class=\"wp-block-list has-medium-font-size\">\n<li style=\"font-size:20px\"><strong><a href=\"https:\/\/www.ssaver.gob.mx\/trasplantes\/wp-content\/uploads\/sites\/49\/2025\/08\/BANNER_regala_vida.jpg\">Banner JPG \u00ab\u00a1Dale m\u00e1s vida a la vida!\u00bb<\/a><\/strong><\/li>\n<\/ul>\n<\/div>\n\n\n\n<div class=\"wp-block-column is-layout-flow wp-block-column-is-layout-flow\" style=\"flex-basis:10%\"><\/div>\n<\/div>\n<\/div>\n<\/div>\n<\/div>\n<\/div>\n<\/div>\n","protected":false},"excerpt":{"rendered":"<p>\u00bfQU\u00c9 ES LA DONACI\u00d3N DE \u00d3RGANOS? (MATERIAL GR\u00c1FICO)<\/p>\n","protected":false},"author":2,"featured_media":0,"parent":0,"menu_order":0,"comment_status":"closed","ping_status":"closed","template":"","meta":{"colormag_page_container_layout":"default_layout","colormag_page_sidebar_layout":"default_layout","footnotes":""},"class_list":["post-137","page","type-page","status-publish","hentry"],"_links":{"self":[{"href":"https:\/\/www.ssaver.gob.mx\/trasplantes\/wp-json\/wp\/v2\/pages\/137","targetHints":{"allow":["GET"]}}],"collection":[{"href":"https:\/\/www.ssaver.gob.mx\/trasplantes\/wp-json\/wp\/v2\/pages"}],"about":[{"href":"https:\/\/www.ssaver.gob.mx\/trasplantes\/wp-json\/wp\/v2\/types\/page"}],"author":[{"embeddable":true,"href":"https:\/\/www.ssaver.gob.mx\/trasplantes\/wp-json\/wp\/v2\/users\/2"}],"replies":[{"embeddable":true,"href":"https:\/\/www.ssaver.gob.mx\/trasplantes\/wp-json\/wp\/v2\/comments?post=137"}],"version-history":[{"count":13,"href":"https:\/\/www.ssaver.gob.mx\/trasplantes\/wp-json\/wp\/v2\/pages\/137\/revisions"}],"predecessor-version":[{"id":300,"href":"https:\/\/www.ssaver.gob.mx\/trasplantes\/wp-json\/wp\/v2\/pages\/137\/revisions\/300"}],"wp:attachment":[{"href":"https:\/\/www.ssaver.gob.mx\/trasplantes\/wp-json\/wp\/v2\/media?parent=137"}],"curies":[{"name":"wp","href":"https:\/\/api.w.org\/{rel}","templated":true}]}}