{"id":879,"date":"2024-04-25T18:07:32","date_gmt":"2024-04-25T18:07:32","guid":{"rendered":"https:\/\/www.ssaver.gob.mx\/unidaddegenero\/?page_id=879"},"modified":"2024-04-25T18:11:27","modified_gmt":"2024-04-25T18:11:27","slug":"protocolo-para-el-acceso-sin-discriminacion-a-la-prestacion-de-servicios-de-atencion-medica-de-las-personas-lgbttti-y-guias-de-atencion-especificas","status":"publish","type":"page","link":"https:\/\/www.ssaver.gob.mx\/unidaddegenero\/protocolo-para-el-acceso-sin-discriminacion-a-la-prestacion-de-servicios-de-atencion-medica-de-las-personas-lgbttti-y-guias-de-atencion-especificas\/","title":{"rendered":"Protocolo para el acceso sin discriminaci\u00f3n a la prestaci\u00f3n de servicios de atenci\u00f3n m\u00e9dica de las personas LGBTTTI y Gu\u00edas de Atenci\u00f3n Espec\u00edficas"},"content":{"rendered":"\n<p><embed src=\"https:\/\/www.ssaver.gob.mx\/unidaddegenero\/wp-content\/uploads\/sites\/21\/2024\/04\/Protocolo-Salud.pdf\" type=\"application\/pdf\" width=\"100%\" height=\"1000px&quot;\"><\/p>\n","protected":false},"excerpt":{"rendered":"","protected":false},"author":2,"featured_media":0,"parent":0,"menu_order":0,"comment_status":"closed","ping_status":"closed","template":"","meta":{"colormag_page_container_layout":"default_layout","colormag_page_sidebar_layout":"default_layout","footnotes":""},"class_list":["post-879","page","type-page","status-publish","hentry"],"_links":{"self":[{"href":"https:\/\/www.ssaver.gob.mx\/unidaddegenero\/wp-json\/wp\/v2\/pages\/879","targetHints":{"allow":["GET"]}}],"collection":[{"href":"https:\/\/www.ssaver.gob.mx\/unidaddegenero\/wp-json\/wp\/v2\/pages"}],"about":[{"href":"https:\/\/www.ssaver.gob.mx\/unidaddegenero\/wp-json\/wp\/v2\/types\/page"}],"author":[{"embeddable":true,"href":"https:\/\/www.ssaver.gob.mx\/unidaddegenero\/wp-json\/wp\/v2\/users\/2"}],"replies":[{"embeddable":true,"href":"https:\/\/www.ssaver.gob.mx\/unidaddegenero\/wp-json\/wp\/v2\/comments?post=879"}],"version-history":[{"count":4,"href":"https:\/\/www.ssaver.gob.mx\/unidaddegenero\/wp-json\/wp\/v2\/pages\/879\/revisions"}],"predecessor-version":[{"id":887,"href":"https:\/\/www.ssaver.gob.mx\/unidaddegenero\/wp-json\/wp\/v2\/pages\/879\/revisions\/887"}],"wp:attachment":[{"href":"https:\/\/www.ssaver.gob.mx\/unidaddegenero\/wp-json\/wp\/v2\/media?parent=879"}],"curies":[{"name":"wp","href":"https:\/\/api.w.org\/{rel}","templated":true}]}}